{"id":17570,"date":"2025-11-18T08:14:58","date_gmt":"2025-11-18T08:14:58","guid":{"rendered":"https:\/\/comfast-20250731.com\/?post_type=product&#038;p=17570"},"modified":"2025-12-15T02:17:15","modified_gmt":"2025-12-15T02:17:15","slug":"%e8%af%a6%e6%83%85%e9%a1%b5%e5%ba%95%e9%83%a8%e6%96%87%e5%ad%97","status":"publish","type":"product","link":"https:\/\/www.encomfast.com\/cs\/produkt\/%e8%af%a6%e6%83%85%e9%a1%b5%e5%ba%95%e9%83%a8%e6%96%87%e5%ad%97\/","title":{"rendered":"\u8be6\u60c5\u9875\u5e95\u90e8\u6587\u5b57"},"content":{"rendered":"<div data-elementor-type=\"product-post\" data-elementor-id=\"17570\" class=\"elementor elementor-17570\" data-elementor-post-type=\"product\">\n\t\t\t\t<div class=\"elementor-element elementor-element-25489e5d e-flex e-con-boxed lakit-col-width-auto-no e-container e-root-container elementor-top-section e-con e-parent\" data-id=\"25489e5d\" data-element_type=\"container\" data-e-type=\"container\">\n\t\t\t\t\t<div class=\"e-con-inner\">\n\t\t\t\t<div class=\"elementor-element elementor-element-9fbfa90 elementor-widget elementor-widget-text-editor\" data-id=\"9fbfa90\" data-element_type=\"widget\" data-e-type=\"widget\" data-widget_type=\"text-editor.default\">\n\t\t\t\t<div class=\"elementor-widget-container\">\n\t\t\t\t\t\t\t\t\t<p><span style=\"font-family: helvetica, arial, sans-serif; font-size: 12px; color: #999999;\">*Obr\u00e1zky produktu a uk\u00e1zkov\u00e9 sc\u00e9n\u00e1\u0159e na t\u00e9to str\u00e1nce slou\u017e\u00ed pouze pro ilustra\u010dn\u00ed \u00fa\u010dely a mohou se od skute\u010dn\u00e9ho produktu m\u00edrn\u011b li\u0161it. Pro p\u0159esnost se pros\u00edm pod\u00edvejte na fyzick\u00fd produkt.<\/span><br \/><span style=\"font-family: helvetica, arial, sans-serif; font-size: 12px; color: #999999;\">*\u00dadaje na t\u00e9to str\u00e1nce jsou teoretick\u00e9 hodnoty z\u00edskan\u00e9 v intern\u00ed laborato\u0159i spole\u010dnosti COMFAST za specifick\u00fdch zku\u0161ebn\u00edch podm\u00ednek. Skute\u010dn\u00e9 vyu\u017eit\u00ed se m\u016f\u017ee li\u0161it v d\u016fsledku individu\u00e1ln\u00edch rozd\u00edl\u016f mezi jednotliv\u00fdmi produkty, verzemi softwaru, podm\u00ednkami pou\u017eit\u00ed a faktory prost\u0159ed\u00ed. Pro p\u0159esnou reprezentaci se pros\u00edm pod\u00edvejte na re\u00e1ln\u00e9 pou\u017eit\u00ed.<\/span><br \/><span style=\"font-family: helvetica, arial, sans-serif; font-size: 12px; color: #999999;\">*S c\u00edlem poskytnout co nejp\u0159esn\u011bj\u0161\u00ed informace o v\u00fdrobku, jeho specifikac\u00edch a vlastnostech m\u016f\u017ee spole\u010dnost COMFAST pravideln\u011b upravovat a revidovat textov\u00e9 popisy, obrazov\u00e9 efekty a dal\u0161\u00ed obsah na t\u00e9to str\u00e1nce, aby zajistila soulad se skute\u010dn\u00fdm v\u00fdkonem, specifikacemi, balen\u00edm a p\u0159\u00edslu\u0161enstv\u00edm v\u00fdrobku. Pokud budou takov\u00e9 \u00fapravy nebo revize nezbytn\u00e9, nebudou p\u0159edem ozn\u00e1meny.<\/span><\/p>\t\t\t\t\t\t\t\t<\/div>\n\t\t\t\t<\/div>\n\t\t\t\t\t<\/div>\n\t\t\t\t<\/div>\n\t\t\t\t<\/div>\n\t\t\n    <div class=\"xs_social_share_widget xs_share_url after_content \t\tmain_content  wslu-style-1 wslu-share-box-shaped wslu-fill-colored wslu-none wslu-share-horizontal wslu-theme-font-no wslu-main_content\">\n\n\t\t\n        <ul>\n\t\t\t        <\/ul>\n    <\/div>","protected":false},"excerpt":{"rendered":"<p>*The product images and demonstration scenarios on this page are for illustrative purposes only and may have slight differences from the actual product. Please refer to the physical product for accuracy.*The data on this page are theoretical values obtained from COMFAST&#8217;s internal laboratory under specific testing conditions. Actual usage may vary due to individual product [&hellip;]<\/p>","protected":false},"featured_media":0,"template":"","meta":{"_acf_changed":false,"postBodyCss":"","postBodyMargin":[],"postBodyPadding":[],"postBodyBackground":{"backgroundType":"classic","gradient":""},"_links_to":"","_links_to_target":""},"product_brand":[],"product_cat":[213],"product_tag":[],"class_list":{"0":"post-17570","1":"product","2":"type-product","3":"status-publish","5":"product_cat-pwr-repeater","7":"first","8":"instock","9":"shipping-taxable","10":"product-type-simple"},"acf":[],"_links":{"self":[{"href":"https:\/\/www.encomfast.com\/cs\/wp-json\/wp\/v2\/product\/17570","targetHints":{"allow":["GET"]}}],"collection":[{"href":"https:\/\/www.encomfast.com\/cs\/wp-json\/wp\/v2\/product"}],"about":[{"href":"https:\/\/www.encomfast.com\/cs\/wp-json\/wp\/v2\/types\/product"}],"version-history":[{"count":0,"href":"https:\/\/www.encomfast.com\/cs\/wp-json\/wp\/v2\/product\/17570\/revisions"}],"wp:attachment":[{"href":"https:\/\/www.encomfast.com\/cs\/wp-json\/wp\/v2\/media?parent=17570"}],"wp:term":[{"taxonomy":"product_brand","embeddable":true,"href":"https:\/\/www.encomfast.com\/cs\/wp-json\/wp\/v2\/product_brand?post=17570"},{"taxonomy":"product_cat","embeddable":true,"href":"https:\/\/www.encomfast.com\/cs\/wp-json\/wp\/v2\/product_cat?post=17570"},{"taxonomy":"product_tag","embeddable":true,"href":"https:\/\/www.encomfast.com\/cs\/wp-json\/wp\/v2\/product_tag?post=17570"}],"curies":[{"name":"wp","href":"https:\/\/api.w.org\/{rel}","templated":true}]}}