{"id":5137,"date":"2025-10-13T02:48:13","date_gmt":"2025-10-13T02:48:13","guid":{"rendered":"https:\/\/comfast-20250731.com\/?page_id=5137"},"modified":"2025-12-25T02:41:56","modified_gmt":"2025-12-25T02:41:56","slug":"warranty-terms","status":"publish","type":"page","link":"https:\/\/www.encomfast.com\/da\/warranty-terms\/","title":{"rendered":"Garantibetingelser"},"content":{"rendered":"<div data-elementor-type=\"wp-page\" data-elementor-id=\"5137\" class=\"elementor elementor-5137\" data-elementor-post-type=\"page\">\n\t\t\t\t<div class=\"elementor-element elementor-element-663c465 e-con-full e-flex lakit-col-width-auto-no e-container e-root-container elementor-top-section e-con e-parent\" data-id=\"663c465\" data-element_type=\"container\" data-e-type=\"container\" data-settings=\"{&quot;background_background&quot;:&quot;classic&quot;}\">\n\t\t<div class=\"elementor-element elementor-element-35be5b3 e-con-full e-flex lakit-col-width-auto-no e-container e-con e-child\" data-id=\"35be5b3\" data-element_type=\"container\" data-e-type=\"container\" data-settings=\"{&quot;background_background&quot;:&quot;classic&quot;}\">\n\t\t<div class=\"elementor-element elementor-element-ee4ffab e-con-full e-flex lakit-col-width-auto-no e-container e-con e-child\" data-id=\"ee4ffab\" data-element_type=\"container\" data-e-type=\"container\">\n\t\t\t\t<div class=\"elementor-element elementor-element-d6af96d elementor-widget elementor-widget-heading\" data-id=\"d6af96d\" data-element_type=\"widget\" data-e-type=\"widget\" data-widget_type=\"heading.default\">\n\t\t\t\t<div class=\"elementor-widget-container\">\n\t\t\t\t\t<h3 class=\"elementor-heading-title elementor-size-default\">Garantibetingelser<\/h3>\t\t\t\t<\/div>\n\t\t\t\t<\/div>\n\t\t\t\t<\/div>\n\t\t\t\t<\/div>\n\t\t\t\t<\/div>\n\t\t<div class=\"elementor-element elementor-element-7b9d1ea0 e-con-full e-flex lakit-col-width-auto-no e-container e-con e-child\" data-id=\"7b9d1ea0\" data-element_type=\"container\" data-e-type=\"container\">\n\t\t\t\t<div class=\"elementor-element elementor-element-5ac5ff14 elementor-widget elementor-widget-html\" data-id=\"5ac5ff14\" data-element_type=\"widget\" data-e-type=\"widget\" data-widget_type=\"html.default\">\n\t\t\t\t<div class=\"elementor-widget-container\">\n\t\t\t\t\t<style>\r\n.nav-example {\r\n  padding: 15px 0;\r\n  font-size: 18px;\r\n  overflow: hidden; \/* \u9690\u85cf\u5bb9\u5668\u5916\u5185\u5bb9 *\/\r\n}\r\n\r\n\/* \u5bfc\u822a\u5bb9\u5668 - \u7528\u4e8e\u5b9e\u73b0\u6eda\u52a8 *\/\r\n.nav-container {\r\n  white-space: nowrap; \/* \u9632\u6b62\u5bfc\u822a\u9879\u6362\u884c *\/\r\n  overflow-x: auto; \/* \u5141\u8bb8\u6a2a\u5411\u6eda\u52a8 *\/\r\n  padding: 0 15px; \/* \u5de6\u53f3\u5185\u8fb9\u8ddd\uff0c\u907f\u514d\u8fb9\u7f18\u7d27\u8d34\u5c4f\u5e55 *\/\r\n  -webkit-overflow-scrolling: touch; \/* \u79fb\u52a8\u7aef\u5e73\u6ed1\u6eda\u52a8 *\/\r\n}\r\n\r\n\/* \u9690\u85cf\u6eda\u52a8\u6761\u4f46\u4fdd\u7559\u6eda\u52a8\u529f\u80fd *\/\r\n.nav-container::-webkit-scrollbar {\r\n  display: none;\r\n}\r\n.nav-container {\r\n  -ms-overflow-style: none; \/* IE\u548cEdge *\/\r\n  scrollbar-width: none; \/* Firefox *\/\r\n}\r\n\r\n\/* \u5bfc\u822a\u9879\u57fa\u7840\u6837\u5f0f *\/\r\n.nav-example a {\r\n  text-decoration: none;\r\n  color: #7F7F7F;\r\n  padding: 6px 0;\r\n  margin: 0 8px;\r\n  border-bottom: 2px solid transparent;\r\n  transition: all 0.3s ease;\r\n  display: inline-block; \/* \u786e\u4fdd\u70b9\u51fb\u533a\u57df\u5b8c\u6574 *\/\r\n}\r\n\r\n\/* \u6fc0\u6d3b\u72b6\u6001\u6837\u5f0f *\/\r\n.nav-example a.nav-active {\r\n  color: #ed6c00;\r\n  \/*border-bottom: 2px solid #ed6c00; *\/\r\n  \/* \u6fc0\u6d3b\u72b6\u6001\u4e5f\u663e\u793a\u4e0b\u5212\u7ebf\uff0c\u4fdd\u6301\u4e00\u81f4\u6027 *\/\r\n}\r\n\r\n\/* \u672a\u6fc0\u6d3b\u9879\u4ea4\u4e92\u6837\u5f0f *\/\r\n.nav-example a:not(.nav-active):hover {\r\n  color: #ed6c00;\r\n  \/*border-bottom: 2px solid #ed6c00;*\/\r\n}\r\n\r\n.nav-example a:not(.nav-active):active {\r\n  color: #ed6c00;\r\n  \/*border-bottom: 2px solid #ed6c00;*\/\r\n}\r\n\r\n\/* \u5206\u9694\u7ebf\u6837\u5f0f *\/\r\n.nav-example span {\r\n  color: #000;\r\n  margin: 0 12px;\r\n}\r\n\r\n\/* \u54cd\u5e94\u5f0f\u8c03\u6574 *\/\r\n@media (max-width: 768px) {\r\n  .nav-example {\r\n    font-size: 16px; \/* \u624b\u673a\u7aef\u7f29\u5c0f\u5b57\u4f53 *\/\r\n  }\r\n  \r\n  .nav-example a {\r\n    margin: 0 6px; \/* \u51cf\u5c0f\u624b\u673a\u7aef\u95f4\u8ddd *\/\r\n  }\r\n  \r\n  .nav-example span {\r\n    margin: 0 8px; \/* \u51cf\u5c0f\u5206\u9694\u7ebf\u95f4\u8ddd *\/\r\n  }\r\n}\r\n<\/style>\r\n\r\n<nav class=\"nav-example\">\r\n  <div class=\"nav-container\"> <!-- \u65b0\u589e\u6eda\u52a8\u5bb9\u5668 -->\r\n  <a href=\"\/da\/warranty-terms\/\" class=\"nav-active\">Garantibetingelser<\/a>\r\n  <span>|<\/span>\r\n  <a href=\"\/da\/terms-of-use\/\">Vilk\u00e5r for brug<\/a>\r\n  <span>|<\/span>\r\n  <a href=\"\/da\/announcement\/\" >Meddelelse<\/a>\r\n <span>|<\/span>\r\n  <a href=\"\/da\/repair-outlets\/\">Reparation af stikkontakt<\/a>\r\n    <!-- \u53ef\u4ee5\u7ee7\u7eed\u6dfb\u52a0\u66f4\u591a\u5bfc\u822a\u9879\uff0c\u624b\u673a\u7aef\u4f1a\u81ea\u52a8\u652f\u6301\u6eda\u52a8 -->\r\n  <\/div>\r\n<\/nav>\r\n\r\n<script>\r\nconst navItems = document.querySelectorAll('.nav-example a');\r\n\r\nnavItems.forEach(item => {\r\n  item.addEventListener('click', function(e) {\r\n    \/\/ \u5982\u9700\u9875\u9762\u8df3\u8f6c\u53ef\u4fdd\u7559\u9ed8\u8ba4\u884c\u4e3a\uff0c\u5220\u9664\u4e0b\u9762\u8fd9\u884c\r\n    \/\/ e.preventDefault();\r\n\r\n    navItems.forEach(link => {\r\n      link.classList.remove('nav-active');\r\n    });\r\n    this.classList.add('nav-active');\r\n  });\r\n});\r\n<\/script>\t\t\t\t<\/div>\n\t\t\t\t<\/div>\n\t\t\t\t<\/div>\n\t\t<div class=\"elementor-element elementor-element-85dce77 e-flex e-con-boxed lakit-col-width-auto-no e-container e-root-container elementor-top-section e-con e-parent\" data-id=\"85dce77\" data-element_type=\"container\" data-e-type=\"container\" data-settings=\"{&quot;background_background&quot;:&quot;classic&quot;}\">\n\t\t\t\t\t<div class=\"e-con-inner\">\n\t\t\t\t<div class=\"elementor-element elementor-element-c85cc2d elementor-widget elementor-widget-text-editor\" data-id=\"c85cc2d\" data-element_type=\"widget\" data-e-type=\"widget\" data-widget_type=\"text-editor.default\">\n\t\t\t\t<div class=\"elementor-widget-container\">\n\t\t\t\t\t\t\t\t\t<p><span style=\"font-size: 16px;\">Sidst opdateret: 11. september 2025<\/span><\/p>\n<p>Vi driver denne butik og dette websted, herunder alle relaterede oplysninger, indhold, funktioner, v\u00e6rkt\u00f8jer, produkter og tjenester, for at give dig, vores kunder, en kurateret shoppingoplevelse (\u201ctjenesten\u201d).<br \/>Drevet af Shopify g\u00f8r vi det muligt for dig at levere tjenesten. Denne fortrolighedspolitik beskriver, hvordan vi indsamler, bruger og videregiver dine personlige oplysninger, n\u00e5r du bes\u00f8ger, bruger eller foretager k\u00f8b eller andre transaktioner via tjenesten eller p\u00e5 anden m\u00e5de kommunikerer med os. Hvis der er nogen konflikt mellem vores servicevilk\u00e5r og denne fortrolighedspolitik, vil denne fortrolighedspolitik g\u00e6lde med hensyn til indsamling, behandling og videregivelse af dine personlige oplysninger.<\/p>\n<p><br \/>L\u00e6s venligst denne fortrolighedspolitik omhyggeligt. Ved at bruge og f\u00e5 adgang til tjenesten anerkender du, at du har l\u00e6st denne fortrolighedspolitik og forst\u00e5r, hvordan dine oplysninger vil blive indsamlet, brugt og videregivet som beskrevet i denne fortrolighedspolitik.<\/p>\t\t\t\t\t\t\t\t<\/div>\n\t\t\t\t<\/div>\n\t\t\t\t<div class=\"elementor-element elementor-element-f4f9f0b elementor-widget elementor-widget-heading\" data-id=\"f4f9f0b\" data-element_type=\"widget\" data-e-type=\"widget\" data-widget_type=\"heading.default\">\n\t\t\t\t<div class=\"elementor-widget-container\">\n\t\t\t\t\t<h2 class=\"elementor-heading-title elementor-size-default\">Personlige oplysninger, vi indsamler eller behandler<\/h2>\t\t\t\t<\/div>\n\t\t\t\t<\/div>\n\t\t\t\t<div class=\"elementor-element elementor-element-d31502d elementor-widget elementor-widget-text-editor\" data-id=\"d31502d\" data-element_type=\"widget\" data-e-type=\"widget\" data-widget_type=\"text-editor.default\">\n\t\t\t\t<div class=\"elementor-widget-container\">\n\t\t\t\t\t\t\t\t\t<p>N\u00e5r vi bruger udtrykket \u201cpersonlige oplysninger\u201d, mener vi oplysninger, der kan identificere dig eller andre, eller som med rimelighed kan forbindes med dig eller andre. Personlige oplysninger omfatter ikke anonymt indsamlede eller afidentificerede oplysninger, hvilket betyder oplysninger, der ikke kan identificere dig eller med rimelighed kan forbindes med dig. Vi kan indsamle eller behandle f\u00f8lgende kategorier af personlige oplysninger, herunder udledninger fra disse oplysninger, baseret p\u00e5, hvordan du bruger tjenesten, det land eller den region, du befinder dig i, og som tilladt eller p\u00e5kr\u00e6vet i henhold til g\u00e6ldende lovgivning:<\/p>\n<ul>\n<li data-start=\"0\" data-end=\"120\">\n<p data-start=\"2\" data-end=\"120\">Kontaktoplysninger omfatter dit navn, adresse, faktureringsadresse, leveringsadresse, telefonnummer og e-mailadresse.<\/p>\n<\/li>\n<li data-start=\"121\" data-end=\"350\">\n<p data-start=\"123\" data-end=\"350\">Finansielle oplysninger omfatter kreditkort-, betalingskort- og bankkontonumre, betalingskortoplysninger, finansielle kontooplysninger, transaktionsoplysninger, betalingsmetoder, betalingsbekr\u00e6ftelse og andre betalingsoplysninger.<\/p>\n<\/li>\n<li data-start=\"351\" data-end=\"461\" data-is-last-node=\"\">\n<p data-start=\"353\" data-end=\"461\" data-is-last-node=\"\">Kontooplysninger omfatter dit brugernavn, din adgangskode, sikkerhedssp\u00f8rgsm\u00e5l, pr\u00e6ferencer og generelle indstillinger.<\/p>\n<\/li>\n<\/ul>\t\t\t\t\t\t\t\t<\/div>\n\t\t\t\t<\/div>\n\t\t\t\t\t<\/div>\n\t\t\t\t<\/div>\n\t\t\t\t<\/div>\n\t\t\n    <div class=\"xs_social_share_widget xs_share_url after_content \t\tmain_content  wslu-style-1 wslu-share-box-shaped wslu-fill-colored wslu-none wslu-share-horizontal wslu-theme-font-no wslu-main_content\">\n\n\t\t\n        <ul>\n\t\t\t        <\/ul>\n    <\/div>","protected":false},"excerpt":{"rendered":"<p>Warranty Terms Warranty Terms | Terms of Use | Announcement | Repair Outlet Last updated: September 11, 2025 We operate this store and website, including all related information, content, features, tools, products, and services, to provide you, our customers, with a curated shopping experience (the &#8220;Service&#8221;).Powered by Shopify, we enable you to provide the Service. [&hellip;]<\/p>","protected":false},"author":3,"featured_media":0,"parent":0,"menu_order":0,"comment_status":"closed","ping_status":"closed","template":"","meta":{"_acf_changed":false,"postBodyCss":"","postBodyMargin":[],"postBodyPadding":[],"postBodyBackground":{"backgroundType":"classic","gradient":""},"footnotes":"","_links_to":"","_links_to_target":""},"class_list":["post-5137","page","type-page","status-publish","hentry"],"acf":[],"_links":{"self":[{"href":"https:\/\/www.encomfast.com\/da\/wp-json\/wp\/v2\/pages\/5137","targetHints":{"allow":["GET"]}}],"collection":[{"href":"https:\/\/www.encomfast.com\/da\/wp-json\/wp\/v2\/pages"}],"about":[{"href":"https:\/\/www.encomfast.com\/da\/wp-json\/wp\/v2\/types\/page"}],"author":[{"embeddable":true,"href":"https:\/\/www.encomfast.com\/da\/wp-json\/wp\/v2\/users\/3"}],"replies":[{"embeddable":true,"href":"https:\/\/www.encomfast.com\/da\/wp-json\/wp\/v2\/comments?post=5137"}],"version-history":[{"count":0,"href":"https:\/\/www.encomfast.com\/da\/wp-json\/wp\/v2\/pages\/5137\/revisions"}],"wp:attachment":[{"href":"https:\/\/www.encomfast.com\/da\/wp-json\/wp\/v2\/media?parent=5137"}],"curies":[{"name":"wp","href":"https:\/\/api.w.org\/{rel}","templated":true}]}}