{"id":17570,"date":"2025-11-18T08:14:58","date_gmt":"2025-11-18T08:14:58","guid":{"rendered":"https:\/\/comfast-20250731.com\/?post_type=product&#038;p=17570"},"modified":"2025-12-15T02:17:15","modified_gmt":"2025-12-15T02:17:15","slug":"%e8%af%a6%e6%83%85%e9%a1%b5%e5%ba%95%e9%83%a8%e6%96%87%e5%ad%97","status":"publish","type":"product","link":"https:\/\/www.encomfast.com\/da\/vare\/%e8%af%a6%e6%83%85%e9%a1%b5%e5%ba%95%e9%83%a8%e6%96%87%e5%ad%97\/","title":{"rendered":"\u8be6\u60c5\u9875\u5e95\u90e8\u6587\u5b57"},"content":{"rendered":"<div data-elementor-type=\"product-post\" data-elementor-id=\"17570\" class=\"elementor elementor-17570\" data-elementor-post-type=\"product\">\n\t\t\t\t<div class=\"elementor-element elementor-element-25489e5d e-flex e-con-boxed lakit-col-width-auto-no e-container e-root-container elementor-top-section e-con e-parent\" data-id=\"25489e5d\" data-element_type=\"container\" data-e-type=\"container\">\n\t\t\t\t\t<div class=\"e-con-inner\">\n\t\t\t\t<div class=\"elementor-element elementor-element-9fbfa90 elementor-widget elementor-widget-text-editor\" data-id=\"9fbfa90\" data-element_type=\"widget\" data-e-type=\"widget\" data-widget_type=\"text-editor.default\">\n\t\t\t\t<div class=\"elementor-widget-container\">\n\t\t\t\t\t\t\t\t\t<p><span style=\"font-family: helvetica, arial, sans-serif; font-size: 12px; color: #999999;\">*Produktbillederne og demonstrationsscenarierne p\u00e5 denne side er kun til illustrative form\u00e5l og kan afvige lidt fra det faktiske produkt. Se venligst det fysiske produkt for n\u00f8jagtighed.<\/span><br \/><span style=\"font-family: helvetica, arial, sans-serif; font-size: 12px; color: #999999;\">*Dataene p\u00e5 denne side er teoretiske v\u00e6rdier opn\u00e5et fra COMFASTs interne laboratorium under specifikke testforhold. Den faktiske brug kan variere p\u00e5 grund af individuelle produktforskelle, softwareversioner, brugsforhold og milj\u00f8faktorer. Der henvises til brug i den virkelige verden for n\u00f8jagtig repr\u00e6sentation.<\/span><br \/><span style=\"font-family: helvetica, arial, sans-serif; font-size: 12px; color: #999999;\">*For at give s\u00e5 n\u00f8jagtige produktoplysninger, specifikationer og funktioner som muligt kan COMFAST med j\u00e6vne mellemrum justere og revidere tekstbeskrivelser, billedeffekter og andet indhold p\u00e5 denne side for at sikre overensstemmelse med den faktiske produktydelse, specifikationer, emballage og tilbeh\u00f8r. Hvis s\u00e5danne justeringer eller revisioner bliver n\u00f8dvendige, vil der ikke blive givet noget forudg\u00e5ende varsel.<\/span><\/p>\t\t\t\t\t\t\t\t<\/div>\n\t\t\t\t<\/div>\n\t\t\t\t\t<\/div>\n\t\t\t\t<\/div>\n\t\t\t\t<\/div>\n\t\t\n    <div class=\"xs_social_share_widget xs_share_url after_content \t\tmain_content  wslu-style-1 wslu-share-box-shaped wslu-fill-colored wslu-none wslu-share-horizontal wslu-theme-font-no wslu-main_content\">\n\n\t\t\n        <ul>\n\t\t\t        <\/ul>\n    <\/div>","protected":false},"excerpt":{"rendered":"<p>*The product images and demonstration scenarios on this page are for illustrative purposes only and may have slight differences from the actual product. Please refer to the physical product for accuracy.*The data on this page are theoretical values obtained from COMFAST&#8217;s internal laboratory under specific testing conditions. Actual usage may vary due to individual product [&hellip;]<\/p>","protected":false},"featured_media":0,"template":"","meta":{"_acf_changed":false,"postBodyCss":"","postBodyMargin":[],"postBodyPadding":[],"postBodyBackground":{"backgroundType":"classic","gradient":""},"_links_to":"","_links_to_target":""},"product_brand":[],"product_cat":[213],"product_tag":[],"class_list":{"0":"post-17570","1":"product","2":"type-product","3":"status-publish","5":"product_cat-pwr-repeater","7":"first","8":"instock","9":"shipping-taxable","10":"product-type-simple"},"acf":[],"_links":{"self":[{"href":"https:\/\/www.encomfast.com\/da\/wp-json\/wp\/v2\/product\/17570","targetHints":{"allow":["GET"]}}],"collection":[{"href":"https:\/\/www.encomfast.com\/da\/wp-json\/wp\/v2\/product"}],"about":[{"href":"https:\/\/www.encomfast.com\/da\/wp-json\/wp\/v2\/types\/product"}],"version-history":[{"count":0,"href":"https:\/\/www.encomfast.com\/da\/wp-json\/wp\/v2\/product\/17570\/revisions"}],"wp:attachment":[{"href":"https:\/\/www.encomfast.com\/da\/wp-json\/wp\/v2\/media?parent=17570"}],"wp:term":[{"taxonomy":"product_brand","embeddable":true,"href":"https:\/\/www.encomfast.com\/da\/wp-json\/wp\/v2\/product_brand?post=17570"},{"taxonomy":"product_cat","embeddable":true,"href":"https:\/\/www.encomfast.com\/da\/wp-json\/wp\/v2\/product_cat?post=17570"},{"taxonomy":"product_tag","embeddable":true,"href":"https:\/\/www.encomfast.com\/da\/wp-json\/wp\/v2\/product_tag?post=17570"}],"curies":[{"name":"wp","href":"https:\/\/api.w.org\/{rel}","templated":true}]}}