{"id":21219,"date":"2025-11-30T06:34:11","date_gmt":"2025-11-30T06:34:11","guid":{"rendered":"https:\/\/www.encomfast.com\/?post_type=product&#038;p=21219"},"modified":"2025-12-16T09:48:37","modified_gmt":"2025-12-16T09:48:37","slug":"wifi6-2700mbps-wireless-repeater","status":"publish","type":"product","link":"https:\/\/www.encomfast.com\/de_ch\/produkt\/wifi6-2700mbps-wireless-repeater\/","title":{"rendered":"WiFi6 2700Mbps Wireless Repeater"},"content":{"rendered":"<div data-elementor-type=\"product-post\" data-elementor-id=\"21219\" class=\"elementor elementor-21219\" data-elementor-post-type=\"product\">\n\t\t\t\t<div class=\"elementor-element elementor-element-f59f230 e-flex e-con-boxed lakit-col-width-auto-no e-container e-root-container elementor-top-section e-con e-parent\" data-id=\"f59f230\" data-element_type=\"container\" data-e-type=\"container\">\n\t\t\t\t\t<div class=\"e-con-inner\">\n\t\t\t\t\t<\/div>\n\t\t\t\t<\/div>\n\t\t<div class=\"elementor-element elementor-element-41a95612 e-con-full elementor-hidden-mobile e-flex lakit-col-width-auto-no e-container e-root-container elementor-top-section e-con e-parent\" data-id=\"41a95612\" data-element_type=\"container\" data-e-type=\"container\">\n\t\t<div class=\"elementor-element elementor-element-5bac89c7 e-con-full e-flex lakit-col-width-auto-no e-container e-con e-child\" data-id=\"5bac89c7\" data-element_type=\"container\" data-e-type=\"container\" data-settings=\"{&quot;background_background&quot;:&quot;classic&quot;}\">\n\t\t\t\t<\/div>\n\t\t<div class=\"elementor-element elementor-element-7949a311 e-con-full e-flex lakit-col-width-auto-no e-container e-con e-child\" data-id=\"7949a311\" data-element_type=\"container\" data-e-type=\"container\" data-settings=\"{&quot;background_background&quot;:&quot;classic&quot;}\">\n\t\t\t\t<div class=\"elementor-element elementor-element-3f6555b0 elementor-widget elementor-widget-heading\" data-id=\"3f6555b0\" data-element_type=\"widget\" data-e-type=\"widget\" data-widget_type=\"heading.default\">\n\t\t\t\t<div class=\"elementor-widget-container\">\n\t\t\t\t\t<h1 class=\"elementor-heading-title elementor-size-default\">Speziell f\u00fcr den Ausbau konzipiert<br>\nEntwickelt f\u00fcr drahtlose Abdeckung<\/h1>\t\t\t\t<\/div>\n\t\t\t\t<\/div>\n\t\t\t\t<div class=\"elementor-element elementor-element-ca7616d elementor-widget elementor-widget-text-editor\" data-id=\"ca7616d\" data-element_type=\"widget\" data-e-type=\"widget\" data-widget_type=\"text-editor.default\">\n\t\t\t\t<div class=\"elementor-widget-container\">\n\t\t\t\t\t\t\t\t\t<p>F\u00fcllen Sie die L\u00fccke in der Routerabdeckung und f\u00fcllen Sie einfach das gesamte Haus Signal<\/p>\t\t\t\t\t\t\t\t<\/div>\n\t\t\t\t<\/div>\n\t\t\t\t<\/div>\n\t\t<div class=\"elementor-element elementor-element-1ac8092a e-con-full e-flex lakit-col-width-auto-no e-container e-con e-child\" data-id=\"1ac8092a\" data-element_type=\"container\" data-e-type=\"container\" data-settings=\"{&quot;background_background&quot;:&quot;classic&quot;}\">\n\t\t\t\t<div class=\"elementor-element elementor-element-15c9e2c2 elementor-widget elementor-widget-heading\" data-id=\"15c9e2c2\" data-element_type=\"widget\" data-e-type=\"widget\" data-widget_type=\"heading.default\">\n\t\t\t\t<div class=\"elementor-widget-container\">\n\t\t\t\t\t<h1 class=\"elementor-heading-title elementor-size-default\">Starke Expansionskraft<br>\nGenie\u00dfen Sie den vollen \u00dcberblick \u00fcber den gesamten Veranstaltungsort<\/h1>\t\t\t\t<\/div>\n\t\t\t\t<\/div>\n\t\t\t\t<div class=\"elementor-element elementor-element-9e3b898 elementor-widget elementor-widget-text-editor\" data-id=\"9e3b898\" data-element_type=\"widget\" data-e-type=\"widget\" data-widget_type=\"text-editor.default\">\n\t\t\t\t<div class=\"elementor-widget-container\">\n\t\t\t\t\t\t\t\t\t<p>CF-XR187 arbeitet mit einem WiFi 6-Router zusammen, um schnell zu expandieren\u00a0<\/p>\n<p>drahtlose Signale, \u00fcberwinden leicht den Schmerzpunkt, wo eine einzelne\u00a0<\/p>\n<p>Router ist schwierig, eine vollst\u00e4ndige Abdeckung des Hauses zu erreichen<\/p>\t\t\t\t\t\t\t\t<\/div>\n\t\t\t\t<\/div>\n\t\t\t\t<\/div>\n\t\t<div class=\"elementor-element elementor-element-7de2e53d e-con-full e-flex lakit-col-width-auto-no e-container e-con e-child\" data-id=\"7de2e53d\" data-element_type=\"container\" data-e-type=\"container\" data-settings=\"{&quot;background_background&quot;:&quot;classic&quot;}\">\n\t\t\t\t<div class=\"elementor-element elementor-element-7b03a0be elementor-widget elementor-widget-heading\" data-id=\"7b03a0be\" data-element_type=\"widget\" data-e-type=\"widget\" data-widget_type=\"heading.default\">\n\t\t\t\t<div class=\"elementor-widget-container\">\n\t\t\t\t\t<h1 class=\"elementor-heading-title elementor-size-default\">F\u00fchrend in Sachen WiFi 6 <br>\ndie Leistung wird voll ausgesch\u00f6pft<\/h1>\t\t\t\t<\/div>\n\t\t\t\t<\/div>\n\t\t\t\t<div class=\"elementor-element elementor-element-23109ca elementor-widget elementor-widget-text-editor\" data-id=\"23109ca\" data-element_type=\"widget\" data-e-type=\"widget\" data-widget_type=\"text-editor.default\">\n\t\t\t\t<div class=\"elementor-widget-container\">\n\t\t\t\t\t\t\t\t\t<p>Ausgestattet mit dem hochmodernen WiFi6-Protokoll und hochkompatibel mit WiFi6-Routern,\u00a0<\/p>\n<p>Die Verbesserung der zugrunde liegenden Technologie setzt eine starke Expansionsdynamik frei.\u00a0<\/p>\n<p>Es erreicht nicht nur die F\u00e4higkeit zur Signalpenetration, sondern auch eine Verbesserung des Leapfrog,\u00a0<\/p>\n<p>Die geringe Latenzzeit und die st\u00f6rungsfreien \u00dcbertragungseigenschaften sorgen daf\u00fcr, dass jedes Mal<\/p>\n<p>Die Verbindungen sind stabil wie ein Felsen, und die toten Winkel der Signale sind vollst\u00e4ndig verschwunden.<\/p>\t\t\t\t\t\t\t\t<\/div>\n\t\t\t\t<\/div>\n\t\t\t\t<\/div>\n\t\t<div class=\"elementor-element elementor-element-2bb20c82 e-con-full e-flex lakit-col-width-auto-no e-container e-con e-child\" data-id=\"2bb20c82\" data-element_type=\"container\" data-e-type=\"container\" data-settings=\"{&quot;background_background&quot;:&quot;classic&quot;}\">\n\t\t\t\t<div class=\"elementor-element elementor-element-53f79654 elementor-widget elementor-widget-heading\" data-id=\"53f79654\" data-element_type=\"widget\" data-e-type=\"widget\" data-widget_type=\"heading.default\">\n\t\t\t\t<div class=\"elementor-widget-container\">\n\t\t\t\t\t<h1 class=\"elementor-heading-title elementor-size-default\">Dualband-Synchronisation 2700Mbps<br>\nEndloser Hochgeschwindigkeitsausbau<\/h1>\t\t\t\t<\/div>\n\t\t\t\t<\/div>\n\t\t\t\t<div class=\"elementor-element elementor-element-76b5af42 elementor-widget elementor-widget-text-editor\" data-id=\"76b5af42\" data-element_type=\"widget\" data-e-type=\"widget\" data-widget_type=\"text-editor.default\">\n\t\t\t\t<div class=\"elementor-widget-container\">\n\t\t\t\t\t\t\t\t\t<p>Ausgestattet mit dem hochmodernen WiFi6-Protokoll, das mit WiFi6-Routern kompatibel ist.\u00a0<\/p>\n<p>Die Verbesserung der zugrunde liegenden Technologie setzt eine starke Expansionsdynamik frei.\u00a0<\/p>\n<p>Es erreicht nicht nur die F\u00e4higkeit, Signale zu durchdringen.<\/p>\n<p>Leapfrog Verbesserung unter Berufung auf niedrige Latenz und Anti-Interferenz-\u00dcbertragung Eigenschaften zu machen, jedes Mal, wenn<\/p>\n<p>Die Verbindungen sind stabil wie ein Felsen, so dass es keine toten Winkel mehr gibt.<\/p>\t\t\t\t\t\t\t\t<\/div>\n\t\t\t\t<\/div>\n\t\t\t\t<\/div>\n\t\t<div class=\"elementor-element elementor-element-33c9aa5b e-con-full e-flex lakit-col-width-auto-no e-container e-con e-child\" data-id=\"33c9aa5b\" data-element_type=\"container\" data-e-type=\"container\" data-settings=\"{&quot;background_background&quot;:&quot;classic&quot;}\">\n\t\t\t\t<div class=\"elementor-element elementor-element-b68db42 elementor-widget elementor-widget-heading\" data-id=\"b68db42\" data-element_type=\"widget\" data-e-type=\"widget\" data-widget_type=\"heading.default\">\n\t\t\t\t<div class=\"elementor-widget-container\">\n\t\t\t\t\t<h1 class=\"elementor-heading-title elementor-size-default\">160MHz hohe Bandbreite<br>\nUpgrade-Erfahrung<\/h1>\t\t\t\t<\/div>\n\t\t\t\t<\/div>\n\t\t\t\t<div class=\"elementor-element elementor-element-d141b9d elementor-widget elementor-widget-text-editor\" data-id=\"d141b9d\" data-element_type=\"widget\" data-e-type=\"widget\" data-widget_type=\"text-editor.default\">\n\t\t\t\t<div class=\"elementor-widget-container\">\n\t\t\t\t\t\t\t\t\t<p>Unterst\u00fctzt eine gro\u00dfe Bandbreite von 160 MHz und verdoppelt damit direkt die 80-MHz-Bandbreite von WiFi5,<\/p>\n<p>Ein breiterer Signalkanal leitet effizient weiter und setzt Breitbandleistung frei<\/p>\n<p>Verst\u00e4rkung des Signalausbaus und Verbesserung des Netzes<\/p>\t\t\t\t\t\t\t\t<\/div>\n\t\t\t\t<\/div>\n\t\t\t\t<\/div>\n\t\t<div class=\"elementor-element elementor-element-1830ce98 e-con-full e-flex lakit-col-width-auto-no e-container e-con e-child\" data-id=\"1830ce98\" data-element_type=\"container\" data-e-type=\"container\" data-settings=\"{&quot;background_background&quot;:&quot;classic&quot;}\">\n\t\t\t\t<div class=\"elementor-element elementor-element-cef837a elementor-widget elementor-widget-heading\" data-id=\"cef837a\" data-element_type=\"widget\" data-e-type=\"widget\" data-widget_type=\"heading.default\">\n\t\t\t\t<div class=\"elementor-widget-container\">\n\t\t\t\t\t<h1 class=\"elementor-heading-title elementor-size-default\">Drei RTL-Hochleistungschips<br>\nStabiler Betrieb ohne Unterbrechung<\/h1>\t\t\t\t<\/div>\n\t\t\t\t<\/div>\n\t\t\t\t<div class=\"elementor-element elementor-element-14efdf40 elementor-widget elementor-widget-text-editor\" data-id=\"14efdf40\" data-element_type=\"widget\" data-e-type=\"widget\" data-widget_type=\"text-editor.default\">\n\t\t\t\t<div class=\"elementor-widget-container\">\n\t\t\t\t\t\t\t\t\t<p>Die leistungsstarke RTL-Drei-Kern-L\u00f6sung verbessert die Datenverarbeitungsf\u00e4higkeit und \u00dcbertragungseffizienz erheblich.<\/p>\n<p>Das Ger\u00e4t l\u00e4uft stabiler und verbraucht weniger Strom, was die Leistungsf\u00e4higkeit des Chips unterstreicht, Escort signal expansion<\/p>\t\t\t\t\t\t\t\t<\/div>\n\t\t\t\t<\/div>\n\t\t\t\t<\/div>\n\t\t<div class=\"elementor-element elementor-element-2bde2b98 e-con-full e-flex lakit-col-width-auto-no e-container e-con e-child\" data-id=\"2bde2b98\" data-element_type=\"container\" data-e-type=\"container\" data-settings=\"{&quot;background_background&quot;:&quot;classic&quot;}\">\n\t\t\t\t<div class=\"elementor-element elementor-element-35a815f3 elementor-widget elementor-widget-heading\" data-id=\"35a815f3\" data-element_type=\"widget\" data-e-type=\"widget\" data-widget_type=\"heading.default\">\n\t\t\t\t<div class=\"elementor-widget-container\">\n\t\t\t\t\t<h1 class=\"elementor-heading-title elementor-size-default\">Hardcore-Quad-Antenne<br>\nSignalabdeckung ohne tote Winkel<\/h1>\t\t\t\t<\/div>\n\t\t\t\t<\/div>\n\t\t\t\t<div class=\"elementor-element elementor-element-24b86813 elementor-widget elementor-widget-text-editor\" data-id=\"24b86813\" data-element_type=\"widget\" data-e-type=\"widget\" data-widget_type=\"text-editor.default\">\n\t\t\t\t<div class=\"elementor-widget-container\">\n\t\t\t\t\t\t\t\t\t<p>Ausgestattet mit vier 5dBi High-Gain-Antennen und hergestellt aus innovativem, hochwertigem PCB-Material.<\/p>\n<p>Die wissenschaftliche Antennenanordnung und der einstellbare Winkel verbessern die Signal\u00fcbertragung und die Empfangsempfindlichkeit,\u00a0<\/p>\n<p>Erm\u00f6glicht klaren Empfang und stabile \u00dcbertragung auch in Gebieten mit schwachem Signal<\/p>\t\t\t\t\t\t\t\t<\/div>\n\t\t\t\t<\/div>\n\t\t\t\t<\/div>\n\t\t<div class=\"elementor-element elementor-element-7474e43b e-con-full e-flex lakit-col-width-auto-no e-container e-con e-child\" data-id=\"7474e43b\" data-element_type=\"container\" data-e-type=\"container\" data-settings=\"{&quot;background_background&quot;:&quot;classic&quot;}\">\n\t\t\t\t<div class=\"elementor-element elementor-element-7e9d0aa2 elementor-widget elementor-widget-heading\" data-id=\"7e9d0aa2\" data-element_type=\"widget\" data-e-type=\"widget\" data-widget_type=\"heading.default\">\n\t\t\t\t<div class=\"elementor-widget-container\">\n\t\t\t\t\t<h1 class=\"elementor-heading-title elementor-size-default\">MU-MIMO+OFDMA<br>\nGleichzeitige \u00dcbertragung \u00fcber mehrere Ger\u00e4te<br>\nUnterhaltung und B\u00fcro sollten sich nicht gegenseitig behindern<\/h1>\t\t\t\t<\/div>\n\t\t\t\t<\/div>\n\t\t\t\t<div class=\"elementor-element elementor-element-32d3a96b elementor-widget elementor-widget-text-editor\" data-id=\"32d3a96b\" data-element_type=\"widget\" data-e-type=\"widget\" data-widget_type=\"text-editor.default\">\n\t\t\t\t<div class=\"elementor-widget-container\">\n\t\t\t\t\t\t\t\t\t<p>Die starke Kombination aus MU-MIMO- und OFDMA-Technologie kann in einer einzigen \u00dcbertragung realisiert werden.<\/p>\n<p>Das Senden von Daten von mehreren Ger\u00e4ten aus verbessert die \u00dcbertragungseffizienz erheblich und reduziert effektiv die Netz\u00fcberlastung.<\/p>\n<p>Die Netzwerklatenz erm\u00f6glicht eine parallele Nutzung durch mehrere Nutzer ohne Interferenzen, so dass jedes Ger\u00e4t unabh\u00e4ngig arbeiten kann.<\/p>\n<p>Jeder kann eine reibungslose und nahtlose Internetverbindung genie\u00dfen<\/p>\t\t\t\t\t\t\t\t<\/div>\n\t\t\t\t<\/div>\n\t\t\t\t<\/div>\n\t\t<div class=\"elementor-element elementor-element-6ef3f8f6 e-con-full e-flex lakit-col-width-auto-no e-container e-con e-child\" data-id=\"6ef3f8f6\" data-element_type=\"container\" data-e-type=\"container\" data-settings=\"{&quot;background_background&quot;:&quot;classic&quot;}\">\n\t\t\t\t<div class=\"elementor-element elementor-element-21750056 elementor-widget elementor-widget-heading\" data-id=\"21750056\" data-element_type=\"widget\" data-e-type=\"widget\" data-widget_type=\"heading.default\">\n\t\t\t\t<div class=\"elementor-widget-container\">\n\t\t\t\t\t<h1 class=\"elementor-heading-title elementor-size-default\">Unterst\u00fctzung von Gigabit-Ports<br>\nGenie\u00dfen Sie ein Hochgeschwindigkeitsnetz<\/h1>\t\t\t\t<\/div>\n\t\t\t\t<\/div>\n\t\t\t\t<div class=\"elementor-element elementor-element-5fc5c7af elementor-widget elementor-widget-text-editor\" data-id=\"5fc5c7af\" data-element_type=\"widget\" data-e-type=\"widget\" data-widget_type=\"text-editor.default\">\n\t\t\t\t<div class=\"elementor-widget-container\">\n\t\t\t\t\t\t\t\t\t<p>Ausgestattet mit Gigabit-Ports, die die Hochgeschwindigkeitsanforderungen von Breitband-Upgrades problemlos erf\u00fcllen.<\/p>\n<p>Unterst\u00fctzt sowohl kabellose als auch kabelgebundene Verbindungsmethoden, was die WiFi-Erweiterung noch bequemer macht<\/p>\t\t\t\t\t\t\t\t<\/div>\n\t\t\t\t<\/div>\n\t\t\t\t<\/div>\n\t\t<div class=\"elementor-element elementor-element-2807bd31 e-con-full e-flex lakit-col-width-auto-no e-container e-con e-child\" data-id=\"2807bd31\" data-element_type=\"container\" data-e-type=\"container\" data-settings=\"{&quot;background_background&quot;:&quot;classic&quot;}\">\n\t\t\t\t<div class=\"elementor-element elementor-element-18cbc6f4 elementor-widget elementor-widget-heading\" data-id=\"18cbc6f4\" data-element_type=\"widget\" data-e-type=\"widget\" data-widget_type=\"heading.default\">\n\t\t\t\t<div class=\"elementor-widget-container\">\n\t\t\t\t\t<h1 class=\"elementor-heading-title elementor-size-default\">Plug-and-Play-Speicher\u00fcbertragung<\/h1>\t\t\t\t<\/div>\n\t\t\t\t<\/div>\n\t\t\t\t<div class=\"elementor-element elementor-element-39fe072b elementor-widget elementor-widget-text-editor\" data-id=\"39fe072b\" data-element_type=\"widget\" data-e-type=\"widget\" data-widget_type=\"text-editor.default\">\n\t\t\t\t<div class=\"elementor-widget-container\">\n\t\t\t\t\t\t\t\t\t<p>Es wird kein zus\u00e4tzlicher Stromadapter ben\u00f6tigt. Solange eine Steckdose vorhanden ist, kann es einfach aktiviert werden,\u00a0<\/p>\n<p>Eingebaute leistungsstarke Speicherfunktion, speichert automatisch die Netzwerkkonfiguration, wenn der Einsatzort gewechselt wird,\u00a0<\/p>\n<p>Plug-and-Play-Verbindung erfordert keine wiederholten Einstellungen<\/p>\t\t\t\t\t\t\t\t<\/div>\n\t\t\t\t<\/div>\n\t\t\t\t<\/div>\n\t\t<div class=\"elementor-element elementor-element-c0c9bf9 e-con-full e-flex lakit-col-width-auto-no e-container e-con e-child\" data-id=\"c0c9bf9\" data-element_type=\"container\" data-e-type=\"container\" data-settings=\"{&quot;background_background&quot;:&quot;classic&quot;}\">\n\t\t\t\t<div class=\"elementor-element elementor-element-7ed8e3e elementor-widget elementor-widget-heading\" data-id=\"7ed8e3e\" data-element_type=\"widget\" data-e-type=\"widget\" data-widget_type=\"heading.default\">\n\t\t\t\t<div class=\"elementor-widget-container\">\n\t\t\t\t\t<h1 class=\"elementor-heading-title elementor-size-default\">Es gelten mehrere Modi <br>\nf\u00fcr viele Szenen<\/h1>\t\t\t\t<\/div>\n\t\t\t\t<\/div>\n\t\t\t\t<\/div>\n\t\t<div class=\"elementor-element elementor-element-d9ee11f e-con-full e-flex lakit-col-width-auto-no e-container e-con e-child\" data-id=\"d9ee11f\" data-element_type=\"container\" data-e-type=\"container\" data-settings=\"{&quot;background_background&quot;:&quot;classic&quot;}\">\n\t\t\t\t<\/div>\n\t\t<div class=\"elementor-element elementor-element-c25614b e-con-full e-flex lakit-col-width-auto-no e-container e-con e-child\" data-id=\"c25614b\" data-element_type=\"container\" data-e-type=\"container\" data-settings=\"{&quot;background_background&quot;:&quot;classic&quot;}\">\n\t\t\t\t<div class=\"elementor-element elementor-element-db5def9 elementor-widget elementor-widget-heading\" data-id=\"db5def9\" data-element_type=\"widget\" data-e-type=\"widget\" data-widget_type=\"heading.default\">\n\t\t\t\t<div class=\"elementor-widget-container\">\n\t\t\t\t\t<h1 class=\"elementor-heading-title elementor-size-default\">Effizientes Design zur W\u00e4rmeableitung<br>\nDer Netzausbau ist stabiler<\/h1>\t\t\t\t<\/div>\n\t\t\t\t<\/div>\n\t\t\t\t<div class=\"elementor-element elementor-element-7499dad elementor-widget elementor-widget-text-editor\" data-id=\"7499dad\" data-element_type=\"widget\" data-e-type=\"widget\" data-widget_type=\"text-editor.default\">\n\t\t\t\t<div class=\"elementor-widget-container\">\n\t\t\t\t\t\t\t\t\t<p>Die pr\u00e4zise Anordnung der W\u00e4rmeableitungsl\u00f6cher auf dem Geh\u00e4use schafft eine wissenschaftlich effiziente\u00a0<\/p>\n<p>Luftstromzirkulationskanal, der eine Verz\u00f6gerung des Ger\u00e4ts durch schlechte W\u00e4rmeableitung wirksam verhindert,\u00a0<\/p>\n<p>Der Netzausbau bleibt jederzeit stabil und reibungslos<\/p>\t\t\t\t\t\t\t\t<\/div>\n\t\t\t\t<\/div>\n\t\t\t\t<\/div>\n\t\t<div class=\"elementor-element elementor-element-66dc2cd e-con-full e-flex lakit-col-width-auto-no e-container e-con e-child\" data-id=\"66dc2cd\" data-element_type=\"container\" data-e-type=\"container\" data-settings=\"{&quot;background_background&quot;:&quot;classic&quot;}\">\n\t\t\t\t<div class=\"elementor-element elementor-element-b0e46aa elementor-widget elementor-widget-heading\" data-id=\"b0e46aa\" data-element_type=\"widget\" data-e-type=\"widget\" data-widget_type=\"heading.default\">\n\t\t\t\t<div class=\"elementor-widget-container\">\n\t\t\t\t\t<h1 class=\"elementor-heading-title elementor-size-default\">Sichere Verschl\u00fcsselung mit Sorge <br>\nkostenlose Internetnutzung<\/h1>\t\t\t\t<\/div>\n\t\t\t\t<\/div>\n\t\t\t\t<div class=\"elementor-element elementor-element-fb8be85 elementor-widget elementor-widget-text-editor\" data-id=\"fb8be85\" data-element_type=\"widget\" data-e-type=\"widget\" data-widget_type=\"text-editor.default\">\n\t\t\t\t<div class=\"elementor-widget-container\">\n\t\t\t\t\t\t\t\t\t<p>Ausgestattet mit dem fortschrittlichen WPA3-Verschl\u00fcsselungsprotokoll, bauen Sie mehrere Sicherheitsbarrieren auf,\u00a0<\/p>\n<p>Layer-by-Layer-Verschl\u00fcsselung von der Daten\u00fcbertragung bis zum Ger\u00e4tezugriff, effektiver Schutz vor Netzwerkangriffen Intrusion\u00a0<\/p>\n<p>und Informationsleck-Risiken<\/p>\t\t\t\t\t\t\t\t<\/div>\n\t\t\t\t<\/div>\n\t\t\t\t<\/div>\n\t\t\t\t<\/div>\n\t\t\t\t<\/div>\n\t\t\n    <div class=\"xs_social_share_widget xs_share_url after_content \t\tmain_content  wslu-style-1 wslu-share-box-shaped wslu-fill-colored wslu-none wslu-share-horizontal wslu-theme-font-no wslu-main_content\">\n\n\t\t\n        <ul>\n\t\t\t        <\/ul>\n    <\/div>","protected":false},"excerpt":{"rendered":"<p style=\"text-align: justify;\">Der CF-XR187 ist ein WiFi6 Wireless Extender, der nahtlos mit Ihrem Router zusammenarbeitet und erweiterte Geschwindigkeiten von bis zu 2700 Mbit\/s bietet. Seine vier drehbaren Antennen mit hoher Verst\u00e4rkung und der Gigabit-Ethernet-Port verbessern die Wanddurchdringung und die Verbindungsflexibilit\u00e4t, wodurch tote Zonen in gro\u00dfen H\u00e4usern wie Villen effektiv beseitigt werden. Die einfache Einrichtung und mehrere intelligente Betriebsmodi machen ihn zu einer zuverl\u00e4ssigen Wahl f\u00fcr eine nahtlose Hochgeschwindigkeitsabdeckung im ganzen Haus.<\/p>\n<ul>\n<li style=\"text-align: left;\">\n<p>Der reinwei\u00dfe, quadratische Korpus f\u00fcgt sich in jedes Wohnambiente ein<\/p>\n<\/li>\n<li style=\"text-align: left;\">\n<p>Gigabit-Ethernet-Anschluss an der Unterseite f\u00fcr flexible Erweiterungen<\/p>\n<\/li>\n<li style=\"text-align: left;\">\n<p>Vier drehbare Antennen mit hoher Verst\u00e4rkung f\u00fcr ein optimales Signal<\/p>\n<\/li>\n<li style=\"text-align: left;\">\n<p>Hochwertiges importiertes ABS-Material, robust und hitzebest\u00e4ndig<\/p>\n<\/li>\n<li style=\"text-align: left;\">\n<p>Effiziente K\u00fchlung gew\u00e4hrleistet stabilen, dauerhaften Betrieb<\/p>\n<\/li>\n<li style=\"text-align: left;\">\n<p>Klare Statusanzeigen f\u00fcr eine einfache Echtzeit\u00fcberwachung<\/p>\n<\/li>\n<li style=\"text-align: left;\">\n<p>WiFi6 Dual-Band-Technologie der n\u00e4chsten Generation f\u00fcr stabile Verbindungen<\/p>\n<\/li>\n<li style=\"text-align: left;\">\n<p>Bietet erweiterte drahtlose Geschwindigkeiten von bis zu 2700Mbps<\/p>\n<\/li>\n<li style=\"text-align: left;\">\n<p>Unterst\u00fctzt drei intelligente Modi: Repeater, Router und AP<\/p>\n<\/li>\n<\/ul>","protected":false},"featured_media":21270,"template":"","meta":{"_acf_changed":false,"postBodyCss":"","postBodyMargin":[],"postBodyPadding":[],"postBodyBackground":{"backgroundType":"classic","gradient":""},"_links_to":"","_links_to_target":""},"product_brand":[],"product_cat":[172,213],"product_tag":[702],"class_list":{"0":"post-21219","1":"product","2":"type-product","3":"status-publish","4":"has-post-thumbnail","6":"product_cat-wireless-repeater","7":"product_cat-pwr-repeater","8":"product_tag-cf-xr187","10":"first","11":"instock","12":"shipping-taxable","13":"product-type-simple"},"acf":[],"_links":{"self":[{"href":"https:\/\/www.encomfast.com\/de_ch\/wp-json\/wp\/v2\/product\/21219","targetHints":{"allow":["GET"]}}],"collection":[{"href":"https:\/\/www.encomfast.com\/de_ch\/wp-json\/wp\/v2\/product"}],"about":[{"href":"https:\/\/www.encomfast.com\/de_ch\/wp-json\/wp\/v2\/types\/product"}],"version-history":[{"count":0,"href":"https:\/\/www.encomfast.com\/de_ch\/wp-json\/wp\/v2\/product\/21219\/revisions"}],"wp:featuredmedia":[{"embeddable":true,"href":"https:\/\/www.encomfast.com\/de_ch\/wp-json\/wp\/v2\/media\/21270"}],"wp:attachment":[{"href":"https:\/\/www.encomfast.com\/de_ch\/wp-json\/wp\/v2\/media?parent=21219"}],"wp:term":[{"taxonomy":"product_brand","embeddable":true,"href":"https:\/\/www.encomfast.com\/de_ch\/wp-json\/wp\/v2\/product_brand?post=21219"},{"taxonomy":"product_cat","embeddable":true,"href":"https:\/\/www.encomfast.com\/de_ch\/wp-json\/wp\/v2\/product_cat?post=21219"},{"taxonomy":"product_tag","embeddable":true,"href":"https:\/\/www.encomfast.com\/de_ch\/wp-json\/wp\/v2\/product_tag?post=21219"}],"curies":[{"name":"wp","href":"https:\/\/api.w.org\/{rel}","templated":true}]}}