{"id":7101,"date":"2025-10-28T05:48:22","date_gmt":"2025-10-28T05:48:22","guid":{"rendered":"https:\/\/comfast-20250731.com\/?page_id=7101"},"modified":"2025-12-25T02:43:54","modified_gmt":"2025-12-25T02:43:54","slug":"terms-of-use","status":"publish","type":"page","link":"https:\/\/www.encomfast.com\/es\/terms-of-use\/","title":{"rendered":"Condiciones de uso"},"content":{"rendered":"<div data-elementor-type=\"wp-page\" data-elementor-id=\"7101\" class=\"elementor elementor-7101\" data-elementor-post-type=\"page\">\n\t\t\t\t<div class=\"elementor-element elementor-element-2888591 e-con-full e-flex lakit-col-width-auto-no e-container e-root-container elementor-top-section e-con e-parent\" data-id=\"2888591\" data-element_type=\"container\" data-e-type=\"container\" data-settings=\"{&quot;background_background&quot;:&quot;classic&quot;}\">\n\t\t<div class=\"elementor-element elementor-element-f7d9e58 e-con-full e-flex lakit-col-width-auto-no e-container e-con e-child\" data-id=\"f7d9e58\" data-element_type=\"container\" data-e-type=\"container\" data-settings=\"{&quot;background_background&quot;:&quot;classic&quot;}\">\n\t\t<div class=\"elementor-element elementor-element-688c463 e-con-full e-flex lakit-col-width-auto-no e-container e-con e-child\" data-id=\"688c463\" data-element_type=\"container\" data-e-type=\"container\">\n\t\t\t\t<div class=\"elementor-element elementor-element-676c0b9 elementor-widget elementor-widget-heading\" data-id=\"676c0b9\" data-element_type=\"widget\" data-e-type=\"widget\" data-widget_type=\"heading.default\">\n\t\t\t\t<div class=\"elementor-widget-container\">\n\t\t\t\t\t<h3 class=\"elementor-heading-title elementor-size-default\">Condiciones de uso<\/h3>\t\t\t\t<\/div>\n\t\t\t\t<\/div>\n\t\t\t\t<\/div>\n\t\t\t\t<\/div>\n\t\t\t\t<\/div>\n\t\t<div class=\"elementor-element elementor-element-597fa211 e-con-full e-flex lakit-col-width-auto-no e-container e-con e-child\" data-id=\"597fa211\" data-element_type=\"container\" data-e-type=\"container\">\n\t\t\t\t<div class=\"elementor-element elementor-element-3d9f664f elementor-widget elementor-widget-html\" data-id=\"3d9f664f\" data-element_type=\"widget\" data-e-type=\"widget\" data-widget_type=\"html.default\">\n\t\t\t\t<div class=\"elementor-widget-container\">\n\t\t\t\t\t<style>\r\n.nav-example {\r\n  padding: 15px 0;\r\n  font-size: 18px;\r\n  overflow: hidden; \/* \u9690\u85cf\u5bb9\u5668\u5916\u5185\u5bb9 *\/\r\n}\r\n\r\n\/* \u5bfc\u822a\u5bb9\u5668 - \u7528\u4e8e\u5b9e\u73b0\u6eda\u52a8 *\/\r\n.nav-container {\r\n  white-space: nowrap; \/* \u9632\u6b62\u5bfc\u822a\u9879\u6362\u884c *\/\r\n  overflow-x: auto; \/* \u5141\u8bb8\u6a2a\u5411\u6eda\u52a8 *\/\r\n  padding: 0 15px; \/* \u5de6\u53f3\u5185\u8fb9\u8ddd\uff0c\u907f\u514d\u8fb9\u7f18\u7d27\u8d34\u5c4f\u5e55 *\/\r\n  -webkit-overflow-scrolling: touch; \/* \u79fb\u52a8\u7aef\u5e73\u6ed1\u6eda\u52a8 *\/\r\n}\r\n\r\n\/* \u9690\u85cf\u6eda\u52a8\u6761\u4f46\u4fdd\u7559\u6eda\u52a8\u529f\u80fd *\/\r\n.nav-container::-webkit-scrollbar {\r\n  display: none;\r\n}\r\n.nav-container {\r\n  -ms-overflow-style: none; \/* IE\u548cEdge *\/\r\n  scrollbar-width: none; \/* Firefox *\/\r\n}\r\n\r\n\/* \u5bfc\u822a\u9879\u57fa\u7840\u6837\u5f0f *\/\r\n.nav-example a {\r\n  text-decoration: none;\r\n  color: #7F7F7F;\r\n  padding: 6px 0;\r\n  margin: 0 8px;\r\n  border-bottom: 2px solid transparent;\r\n  transition: all 0.3s ease;\r\n  display: inline-block; \/* \u786e\u4fdd\u70b9\u51fb\u533a\u57df\u5b8c\u6574 *\/\r\n}\r\n\r\n\/* \u6fc0\u6d3b\u72b6\u6001\u6837\u5f0f *\/\r\n.nav-example a.nav-active {\r\n  color: #ed6c00;\r\n  \/*border-bottom: 2px solid #ed6c00; *\/\r\n  \/* \u6fc0\u6d3b\u72b6\u6001\u4e5f\u663e\u793a\u4e0b\u5212\u7ebf\uff0c\u4fdd\u6301\u4e00\u81f4\u6027 *\/\r\n}\r\n\r\n\/* \u672a\u6fc0\u6d3b\u9879\u4ea4\u4e92\u6837\u5f0f *\/\r\n.nav-example a:not(.nav-active):hover {\r\n  color: #ed6c00;\r\n  \/*border-bottom: 2px solid #ed6c00;*\/\r\n}\r\n\r\n.nav-example a:not(.nav-active):active {\r\n  color: #ed6c00;\r\n  \/*border-bottom: 2px solid #ed6c00;*\/\r\n}\r\n\r\n\/* \u5206\u9694\u7ebf\u6837\u5f0f *\/\r\n.nav-example span {\r\n  color: #000;\r\n  margin: 0 12px;\r\n}\r\n\r\n\/* \u54cd\u5e94\u5f0f\u8c03\u6574 *\/\r\n@media (max-width: 768px) {\r\n  .nav-example {\r\n    font-size: 16px; \/* \u624b\u673a\u7aef\u7f29\u5c0f\u5b57\u4f53 *\/\r\n  }\r\n  \r\n  .nav-example a {\r\n    margin: 0 6px; \/* \u51cf\u5c0f\u624b\u673a\u7aef\u95f4\u8ddd *\/\r\n  }\r\n  \r\n  .nav-example span {\r\n    margin: 0 8px; \/* \u51cf\u5c0f\u5206\u9694\u7ebf\u95f4\u8ddd *\/\r\n  }\r\n}\r\n<\/style>\r\n\r\n<nav class=\"nav-example\">\r\n  <div class=\"nav-container\"> <!-- \u65b0\u589e\u6eda\u52a8\u5bb9\u5668 -->\r\n  <a href=\"\/es\/warranty-terms\/\">Condiciones de la garant\u00eda<\/a>\r\n  <span>|<\/span>\r\n  <a href=\"\/es\/terms-of-use\/\" class=\"nav-active\">Condiciones de uso<\/a>\r\n  <span>|<\/span>\r\n  <a href=\"\/es\/announcement\/\" >Anuncio<\/a>\r\n <span>|<\/span>\r\n  <a href=\"\/es\/repair-outlets\/\">Reparaci\u00f3n<\/a>\r\n    <!-- \u53ef\u4ee5\u7ee7\u7eed\u6dfb\u52a0\u66f4\u591a\u5bfc\u822a\u9879\uff0c\u624b\u673a\u7aef\u4f1a\u81ea\u52a8\u652f\u6301\u6eda\u52a8 -->\r\n  <\/div>\r\n<\/nav>\r\n\r\n<script>\r\nconst navItems = document.querySelectorAll('.nav-example a');\r\n\r\nnavItems.forEach(item => {\r\n  item.addEventListener('click', function(e) {\r\n    \/\/ \u5982\u9700\u9875\u9762\u8df3\u8f6c\u53ef\u4fdd\u7559\u9ed8\u8ba4\u884c\u4e3a\uff0c\u5220\u9664\u4e0b\u9762\u8fd9\u884c\r\n    \/\/ e.preventDefault();\r\n\r\n    navItems.forEach(link => {\r\n      link.classList.remove('nav-active');\r\n    });\r\n    this.classList.add('nav-active');\r\n  });\r\n});\r\n<\/script>\t\t\t\t<\/div>\n\t\t\t\t<\/div>\n\t\t\t\t<\/div>\n\t\t<div class=\"elementor-element elementor-element-85dce77 e-flex e-con-boxed lakit-col-width-auto-no e-container e-root-container elementor-top-section e-con e-parent\" data-id=\"85dce77\" data-element_type=\"container\" data-e-type=\"container\" data-settings=\"{&quot;background_background&quot;:&quot;classic&quot;}\">\n\t\t\t\t\t<div class=\"e-con-inner\">\n\t\t\t\t<div class=\"elementor-element elementor-element-c85cc2d elementor-widget elementor-widget-text-editor\" data-id=\"c85cc2d\" data-element_type=\"widget\" data-e-type=\"widget\" data-widget_type=\"text-editor.default\">\n\t\t\t\t<div class=\"elementor-widget-container\">\n\t\t\t\t\t\t\t\t\t<p>Bienvenido al sitio web oficial de Sihai Zhonglian. Al acceder y utilizar nuestro sitio web, usted acepta los siguientes t\u00e9rminos y condiciones. Lea atentamente estas condiciones antes de utilizar nuestros servicios.<\/p>\t\t\t\t\t\t\t\t<\/div>\n\t\t\t\t<\/div>\n\t\t\t\t<div class=\"elementor-element elementor-element-f4f9f0b elementor-widget elementor-widget-heading\" data-id=\"f4f9f0b\" data-element_type=\"widget\" data-e-type=\"widget\" data-widget_type=\"heading.default\">\n\t\t\t\t<div class=\"elementor-widget-container\">\n\t\t\t\t\t<h1 class=\"elementor-heading-title elementor-size-default\">1. Introducci\u00f3n<\/h1>\t\t\t\t<\/div>\n\t\t\t\t<\/div>\n\t\t\t\t<div class=\"elementor-element elementor-element-d31502d elementor-widget elementor-widget-text-editor\" data-id=\"d31502d\" data-element_type=\"widget\" data-e-type=\"widget\" data-widget_type=\"text-editor.default\">\n\t\t\t\t<div class=\"elementor-widget-container\">\n\t\t\t\t\t\t\t\t\t<p>Sihai Zhonglian, fundada en julio de 2009, es un proveedor de equipos de comunicaci\u00f3n de red reconocido en todo el mundo que integra investigaci\u00f3n y desarrollo independientes, producci\u00f3n, ventas y servicios OEM\/ODM. Nuestra l\u00ednea de productos cubre varios equipos de red inal\u00e1mbrica, incluyendo tarjetas de red inal\u00e1mbrica, routers, puntos de acceso, conmutadores, y m\u00e1s. Al utilizar nuestro sitio web, reconoce nuestra misi\u00f3n de ofrecer productos de vanguardia y alto rendimiento.<\/p>\t\t\t\t\t\t\t\t<\/div>\n\t\t\t\t<\/div>\n\t\t\t\t<div class=\"elementor-element elementor-element-2463ec9 elementor-widget elementor-widget-heading\" data-id=\"2463ec9\" data-element_type=\"widget\" data-e-type=\"widget\" data-widget_type=\"heading.default\">\n\t\t\t\t<div class=\"elementor-widget-container\">\n\t\t\t\t\t<h2 class=\"elementor-heading-title elementor-size-default\">2. Uso del sitio web<\/h2>\t\t\t\t<\/div>\n\t\t\t\t<\/div>\n\t\t\t\t<div class=\"elementor-element elementor-element-b0d088c elementor-widget elementor-widget-text-editor\" data-id=\"b0d088c\" data-element_type=\"widget\" data-e-type=\"widget\" data-widget_type=\"text-editor.default\">\n\t\t\t\t<div class=\"elementor-widget-container\">\n\t\t\t\t\t\t\t\t\t<p data-start=\"811\" data-end=\"888\">Al acceder a este sitio web, usted acepta cumplir las siguientes condiciones:<\/p>\n<ul data-start=\"890\" data-end=\"1372\">\n<li data-start=\"890\" data-end=\"1017\">\n<p data-start=\"892\" data-end=\"1017\">Usted es responsable de mantener la confidencialidad de su cuenta y de todas las actividades que se realicen con ella.<\/p>\n<\/li>\n<li data-start=\"1018\" data-end=\"1260\">\n<p data-start=\"1020\" data-end=\"1260\">Usted se compromete a no utilizar el sitio web para ninguna actividad ilegal o prohibida, incluidos, entre otros, el acceso no autorizado, el rastreo de datos o actividades malintencionadas que puedan perturbar la funcionalidad del sitio web o da\u00f1ar su reputaci\u00f3n.<\/p>\n<\/li>\n<li data-start=\"1261\" data-end=\"1372\">\n<p data-start=\"1263\" data-end=\"1372\">Debe proporcionar informaci\u00f3n precisa, completa y actualizada al crear una cuenta o realizar compras.<\/p>\n<\/li>\n<\/ul>\t\t\t\t\t\t\t\t<\/div>\n\t\t\t\t<\/div>\n\t\t\t\t<div class=\"elementor-element elementor-element-166d390 elementor-widget elementor-widget-heading\" data-id=\"166d390\" data-element_type=\"widget\" data-e-type=\"widget\" data-widget_type=\"heading.default\">\n\t\t\t\t<div class=\"elementor-widget-container\">\n\t\t\t\t\t<h2 class=\"elementor-heading-title elementor-size-default\">3. Informaci\u00f3n y disponibilidad del producto<\/h2>\t\t\t\t<\/div>\n\t\t\t\t<\/div>\n\t\t\t\t<div class=\"elementor-element elementor-element-613ae6d elementor-widget elementor-widget-text-editor\" data-id=\"613ae6d\" data-element_type=\"widget\" data-e-type=\"widget\" data-widget_type=\"text-editor.default\">\n\t\t\t\t<div class=\"elementor-widget-container\">\n\t\t\t\t\t\t\t\t\t<ul>\n<li data-start=\"1423\" data-end=\"1708\">\n<p data-start=\"1425\" data-end=\"1708\">Sihai Zhonglian proporciona informaci\u00f3n detallada sobre las caracter\u00edsticas, especificaciones y precios de nuestros productos. Aunque nos esforzamos por garantizar la exactitud de toda la informaci\u00f3n, puede haber errores tipogr\u00e1ficos o t\u00e9cnicos, y la disponibilidad de los productos est\u00e1 sujeta a cambios sin previo aviso.<\/p>\n<\/li>\n<li data-start=\"1709\" data-end=\"1907\">\n<p data-start=\"1711\" data-end=\"1907\">La l\u00ednea de productos COMFRST, una marca de Sihai Zhonglian, se vende en todo el mundo e incluye tarjetas de red inal\u00e1mbricas, repetidores inal\u00e1mbricos, routers, etc., distribuidos en m\u00e1s de 100 pa\u00edses y regiones.<\/p>\n<\/li>\n<\/ul>\t\t\t\t\t\t\t\t<\/div>\n\t\t\t\t<\/div>\n\t\t\t\t<div class=\"elementor-element elementor-element-f477ecd elementor-widget elementor-widget-heading\" data-id=\"f477ecd\" data-element_type=\"widget\" data-e-type=\"widget\" data-widget_type=\"heading.default\">\n\t\t\t\t<div class=\"elementor-widget-container\">\n\t\t\t\t\t<h2 class=\"elementor-heading-title elementor-size-default\">4. 4. Propiedad intelectual<\/h2>\t\t\t\t<\/div>\n\t\t\t\t<\/div>\n\t\t\t\t<div class=\"elementor-element elementor-element-20e1871 elementor-widget elementor-widget-text-editor\" data-id=\"20e1871\" data-element_type=\"widget\" data-e-type=\"widget\" data-widget_type=\"text-editor.default\">\n\t\t\t\t<div class=\"elementor-widget-container\">\n\t\t\t\t\t\t\t\t\t<ul>\n<li data-start=\"1943\" data-end=\"2177\">\n<p data-start=\"1945\" data-end=\"2177\">Todo el contenido de este sitio web, incluidos textos, im\u00e1genes, logotipos, marcas comerciales, software y dise\u00f1o, es propiedad de Sihai Zhonglian o de sus socios y est\u00e1 protegido por las leyes internacionales sobre derechos de autor, marcas comerciales y propiedad intelectual.<\/p>\n<\/li>\n<li data-start=\"2178\" data-end=\"2310\">\n<p data-start=\"2180\" data-end=\"2310\">Queda prohibido copiar, modificar, distribuir o utilizar cualquier parte del contenido del sitio web sin el consentimiento previo por escrito de Sihai Zhonglian.<\/p>\n<\/li>\n<\/ul>\t\t\t\t\t\t\t\t<\/div>\n\t\t\t\t<\/div>\n\t\t\t\t<div class=\"elementor-element elementor-element-8a8ffc2 elementor-widget elementor-widget-heading\" data-id=\"8a8ffc2\" data-element_type=\"widget\" data-e-type=\"widget\" data-widget_type=\"heading.default\">\n\t\t\t\t<div class=\"elementor-widget-container\">\n\t\t\t\t\t<h2 class=\"elementor-heading-title elementor-size-default\">5. Certificaciones y patentes de productos<\/h2>\t\t\t\t<\/div>\n\t\t\t\t<\/div>\n\t\t\t\t<div class=\"elementor-element elementor-element-ef4f4af elementor-widget elementor-widget-text-editor\" data-id=\"ef4f4af\" data-element_type=\"widget\" data-e-type=\"widget\" data-widget_type=\"text-editor.default\">\n\t\t\t\t<div class=\"elementor-widget-container\">\n\t\t\t\t\t\t\t\t\t<ul data-start=\"2359\" data-end=\"2596\">\n<li data-start=\"2359\" data-end=\"2499\">\n<p data-start=\"2361\" data-end=\"2499\">Sihai Zhonglian cuenta con certificaciones como ISO 9001:2015, CCC, SRRC, CE de la UE, ROHS, FCC, KC, TELEC, PSE e IC de varios pa\u00edses.<\/p>\n<\/li>\n<li data-start=\"2500\" data-end=\"2596\">\n<p data-start=\"2502\" data-end=\"2596\">Tambi\u00e9n somos titulares de m\u00e1s de 900 derechos de propiedad intelectual, incluidas patentes y derechos de autor de programas inform\u00e1ticos.<\/p>\n<\/li>\n<\/ul>\t\t\t\t\t\t\t\t<\/div>\n\t\t\t\t<\/div>\n\t\t\t\t<div class=\"elementor-element elementor-element-1ad9ec9 elementor-widget elementor-widget-heading\" data-id=\"1ad9ec9\" data-element_type=\"widget\" data-e-type=\"widget\" data-widget_type=\"heading.default\">\n\t\t\t\t<div class=\"elementor-widget-container\">\n\t\t\t\t\t<h2 class=\"elementor-heading-title elementor-size-default\">6. Limitaci\u00f3n de responsabilidad<\/h2>\t\t\t\t<\/div>\n\t\t\t\t<\/div>\n\t\t\t\t<div class=\"elementor-element elementor-element-c2fb97d elementor-widget elementor-widget-text-editor\" data-id=\"c2fb97d\" data-element_type=\"widget\" data-e-type=\"widget\" data-widget_type=\"text-editor.default\">\n\t\t\t\t<div class=\"elementor-widget-container\">\n\t\t\t\t\t\t\t\t\t<ul>\n<li data-start=\"2634\" data-end=\"2852\">\n<p data-start=\"2636\" data-end=\"2852\">Sihai Zhonglian se esfuerza por garantizar que los productos y servicios que ofrecemos cumplan las normas de calidad m\u00e1s exigentes. Sin embargo, no garantizamos que nuestro sitio web sea ininterrumpido, est\u00e9 libre de errores o sea seguro en todo momento.<\/p>\n<\/li>\n<li data-start=\"2853\" data-end=\"3021\">\n<p data-start=\"2855\" data-end=\"3021\">No nos hacemos responsables de ninguna p\u00e9rdida, da\u00f1o o interrupci\u00f3n en el uso de nuestro sitio web, productos o servicios, incluidos los da\u00f1os indirectos, incidentales o consecuentes.<\/p>\n<\/li>\n<\/ul>\t\t\t\t\t\t\t\t<\/div>\n\t\t\t\t<\/div>\n\t\t\t\t<div class=\"elementor-element elementor-element-9c824e8 elementor-widget elementor-widget-heading\" data-id=\"9c824e8\" data-element_type=\"widget\" data-e-type=\"widget\" data-widget_type=\"heading.default\">\n\t\t\t\t<div class=\"elementor-widget-container\">\n\t\t\t\t\t<h2 class=\"elementor-heading-title elementor-size-default\">7. 7. Pol\u00edtica de privacidad<\/h2>\t\t\t\t<\/div>\n\t\t\t\t<\/div>\n\t\t\t\t<div class=\"elementor-element elementor-element-70b555a elementor-widget elementor-widget-text-editor\" data-id=\"70b555a\" data-element_type=\"widget\" data-e-type=\"widget\" data-widget_type=\"text-editor.default\">\n\t\t\t\t<div class=\"elementor-widget-container\">\n\t\t\t\t\t\t\t\t\t<p>Sihai Zhonglian se compromete a proteger su privacidad. Cualquier informaci\u00f3n personal que proporcione en nuestro sitio web se utilizar\u00e1 de acuerdo con nuestra Pol\u00edtica de Privacidad. Le animamos a que lea nuestra Pol\u00edtica de privacidad para comprender c\u00f3mo recopilamos, utilizamos y protegemos sus datos.<\/p>\t\t\t\t\t\t\t\t<\/div>\n\t\t\t\t<\/div>\n\t\t\t\t<div class=\"elementor-element elementor-element-0ebb274 elementor-widget elementor-widget-heading\" data-id=\"0ebb274\" data-element_type=\"widget\" data-e-type=\"widget\" data-widget_type=\"heading.default\">\n\t\t\t\t<div class=\"elementor-widget-container\">\n\t\t\t\t\t<h2 class=\"elementor-heading-title elementor-size-default\">8. Modificaciones de las condiciones<\/h2>\t\t\t\t<\/div>\n\t\t\t\t<\/div>\n\t\t\t\t<div class=\"elementor-element elementor-element-1b44b5d elementor-widget elementor-widget-text-editor\" data-id=\"1b44b5d\" data-element_type=\"widget\" data-e-type=\"widget\" data-widget_type=\"text-editor.default\">\n\t\t\t\t<div class=\"elementor-widget-container\">\n\t\t\t\t\t\t\t\t\t<p>Sihai Zhonglian se reserva el derecho a modificar estas Condiciones de uso en cualquier momento. Cualquier cambio ser\u00e1 publicado en esta p\u00e1gina, y al continuar utilizando nuestro sitio web despu\u00e9s de tales modificaciones, usted acepta los t\u00e9rminos revisados.<\/p>\t\t\t\t\t\t\t\t<\/div>\n\t\t\t\t<\/div>\n\t\t\t\t<div class=\"elementor-element elementor-element-dc492e8 elementor-widget elementor-widget-heading\" data-id=\"dc492e8\" data-element_type=\"widget\" data-e-type=\"widget\" data-widget_type=\"heading.default\">\n\t\t\t\t<div class=\"elementor-widget-container\">\n\t\t\t\t\t<h2 class=\"elementor-heading-title elementor-size-default\">9. Derecho aplicable<\/h2>\t\t\t\t<\/div>\n\t\t\t\t<\/div>\n\t\t\t\t<div class=\"elementor-element elementor-element-693a311 elementor-widget elementor-widget-text-editor\" data-id=\"693a311\" data-element_type=\"widget\" data-e-type=\"widget\" data-widget_type=\"text-editor.default\">\n\t\t\t\t<div class=\"elementor-widget-container\">\n\t\t\t\t\t\t\t\t\t<p>Estas Condiciones de uso se rigen e interpretan de acuerdo con la legislaci\u00f3n de la Rep\u00fablica Popular China. Cualquier disputa derivada de estos t\u00e9rminos se resolver\u00e1 en los tribunales competentes de Shenzhen, Guangdong, China.<\/p>\t\t\t\t\t\t\t\t<\/div>\n\t\t\t\t<\/div>\n\t\t\t\t<div class=\"elementor-element elementor-element-a09a558 elementor-widget elementor-widget-heading\" data-id=\"a09a558\" data-element_type=\"widget\" data-e-type=\"widget\" data-widget_type=\"heading.default\">\n\t\t\t\t<div class=\"elementor-widget-container\">\n\t\t\t\t\t<h2 class=\"elementor-heading-title elementor-size-default\">10. Contacto<\/h2>\t\t\t\t<\/div>\n\t\t\t\t<\/div>\n\t\t\t\t<div class=\"elementor-element elementor-element-4679cc0 elementor-widget elementor-widget-text-editor\" data-id=\"4679cc0\" data-element_type=\"widget\" data-e-type=\"widget\" data-widget_type=\"text-editor.default\">\n\t\t\t\t<div class=\"elementor-widget-container\">\n\t\t\t\t\t\t\t\t\t<p>Si tiene alguna pregunta o duda en relaci\u00f3n con estas Condiciones de uso o cualquier otra consulta, no dude en ponerse en contacto con nosotros a trav\u00e9s de la informaci\u00f3n de contacto proporcionada en nuestro sitio web.<\/p>\t\t\t\t\t\t\t\t<\/div>\n\t\t\t\t<\/div>\n\t\t\t\t\t<\/div>\n\t\t\t\t<\/div>\n\t\t\t\t<\/div>\n\t\t\n    <div class=\"xs_social_share_widget xs_share_url after_content \t\tmain_content  wslu-style-1 wslu-share-box-shaped wslu-fill-colored wslu-none wslu-share-horizontal wslu-theme-font-no wslu-main_content\">\n\n\t\t\n        <ul>\n\t\t\t        <\/ul>\n    <\/div>","protected":false},"excerpt":{"rendered":"<p>Terms Of Use Warranty Terms | Terms of Use | Announcement | Repair Outlet Welcome to the official website of Sihai Zhonglian! By accessing and using our website, you agree to the following terms and conditions. Please read these terms carefully before using our services. 1. Introduction Sihai Zhonglian, established in July 2009, is a [&hellip;]<\/p>","protected":false},"author":3,"featured_media":0,"parent":0,"menu_order":0,"comment_status":"closed","ping_status":"closed","template":"","meta":{"_acf_changed":false,"postBodyCss":"","postBodyMargin":[],"postBodyPadding":[],"postBodyBackground":{"backgroundType":"classic","gradient":""},"footnotes":"","_links_to":"","_links_to_target":""},"class_list":["post-7101","page","type-page","status-publish","hentry"],"acf":[],"_links":{"self":[{"href":"https:\/\/www.encomfast.com\/es\/wp-json\/wp\/v2\/pages\/7101","targetHints":{"allow":["GET"]}}],"collection":[{"href":"https:\/\/www.encomfast.com\/es\/wp-json\/wp\/v2\/pages"}],"about":[{"href":"https:\/\/www.encomfast.com\/es\/wp-json\/wp\/v2\/types\/page"}],"author":[{"embeddable":true,"href":"https:\/\/www.encomfast.com\/es\/wp-json\/wp\/v2\/users\/3"}],"replies":[{"embeddable":true,"href":"https:\/\/www.encomfast.com\/es\/wp-json\/wp\/v2\/comments?post=7101"}],"version-history":[{"count":0,"href":"https:\/\/www.encomfast.com\/es\/wp-json\/wp\/v2\/pages\/7101\/revisions"}],"wp:attachment":[{"href":"https:\/\/www.encomfast.com\/es\/wp-json\/wp\/v2\/media?parent=7101"}],"curies":[{"name":"wp","href":"https:\/\/api.w.org\/{rel}","templated":true}]}}