{"id":21219,"date":"2025-11-30T06:34:11","date_gmt":"2025-11-30T06:34:11","guid":{"rendered":"https:\/\/www.encomfast.com\/?post_type=product&#038;p=21219"},"modified":"2025-12-16T09:48:37","modified_gmt":"2025-12-16T09:48:37","slug":"wifi6-2700mbps-wireless-repeater","status":"publish","type":"product","link":"https:\/\/www.encomfast.com\/es\/producto\/wifi6-2700mbps-wireless-repeater\/","title":{"rendered":"Repetidor inal\u00e1mbrico WiFi6 2700Mbps"},"content":{"rendered":"<div data-elementor-type=\"product-post\" data-elementor-id=\"21219\" class=\"elementor elementor-21219\" data-elementor-post-type=\"product\">\n\t\t\t\t<div class=\"elementor-element elementor-element-f59f230 e-flex e-con-boxed lakit-col-width-auto-no e-container e-root-container elementor-top-section e-con e-parent\" data-id=\"f59f230\" data-element_type=\"container\" data-e-type=\"container\">\n\t\t\t\t\t<div class=\"e-con-inner\">\n\t\t\t\t\t<\/div>\n\t\t\t\t<\/div>\n\t\t<div class=\"elementor-element elementor-element-41a95612 e-con-full elementor-hidden-mobile e-flex lakit-col-width-auto-no e-container e-root-container elementor-top-section e-con e-parent\" data-id=\"41a95612\" data-element_type=\"container\" data-e-type=\"container\">\n\t\t<div class=\"elementor-element elementor-element-5bac89c7 e-con-full e-flex lakit-col-width-auto-no e-container e-con e-child\" data-id=\"5bac89c7\" data-element_type=\"container\" data-e-type=\"container\" data-settings=\"{&quot;background_background&quot;:&quot;classic&quot;}\">\n\t\t\t\t<\/div>\n\t\t<div class=\"elementor-element elementor-element-7949a311 e-con-full e-flex lakit-col-width-auto-no e-container e-con e-child\" data-id=\"7949a311\" data-element_type=\"container\" data-e-type=\"container\" data-settings=\"{&quot;background_background&quot;:&quot;classic&quot;}\">\n\t\t\t\t<div class=\"elementor-element elementor-element-3f6555b0 elementor-widget elementor-widget-heading\" data-id=\"3f6555b0\" data-element_type=\"widget\" data-e-type=\"widget\" data-widget_type=\"heading.default\">\n\t\t\t\t<div class=\"elementor-widget-container\">\n\t\t\t\t\t<h1 class=\"elementor-heading-title elementor-size-default\">Especialmente dise\u00f1ado para la expansi\u00f3n<br>\nDise\u00f1ado para la cobertura inal\u00e1mbrica<\/h1>\t\t\t\t<\/div>\n\t\t\t\t<\/div>\n\t\t\t\t<div class=\"elementor-element elementor-element-ca7616d elementor-widget elementor-widget-text-editor\" data-id=\"ca7616d\" data-element_type=\"widget\" data-e-type=\"widget\" data-widget_type=\"text-editor.default\">\n\t\t\t\t<div class=\"elementor-widget-container\">\n\t\t\t\t\t\t\t\t\t<p>Llene el vac\u00edo en la cobertura del router y cubra f\u00e1cilmente la se\u00f1al de toda la casa<\/p>\t\t\t\t\t\t\t\t<\/div>\n\t\t\t\t<\/div>\n\t\t\t\t<\/div>\n\t\t<div class=\"elementor-element elementor-element-1ac8092a e-con-full e-flex lakit-col-width-auto-no e-container e-con e-child\" data-id=\"1ac8092a\" data-element_type=\"container\" data-e-type=\"container\" data-settings=\"{&quot;background_background&quot;:&quot;classic&quot;}\">\n\t\t\t\t<div class=\"elementor-element elementor-element-15c9e2c2 elementor-widget elementor-widget-heading\" data-id=\"15c9e2c2\" data-element_type=\"widget\" data-e-type=\"widget\" data-widget_type=\"heading.default\">\n\t\t\t\t<div class=\"elementor-widget-container\">\n\t\t\t\t\t<h1 class=\"elementor-heading-title elementor-size-default\">Gran resistencia a la expansi\u00f3n<br>\nDisfrute de la vista de todo el recinto<\/h1>\t\t\t\t<\/div>\n\t\t\t\t<\/div>\n\t\t\t\t<div class=\"elementor-element elementor-element-9e3b898 elementor-widget elementor-widget-text-editor\" data-id=\"9e3b898\" data-element_type=\"widget\" data-e-type=\"widget\" data-widget_type=\"text-editor.default\">\n\t\t\t\t<div class=\"elementor-widget-container\">\n\t\t\t\t\t\t\t\t\t<p>CF-XR187 colabora con el router WiFi 6 dom\u00e9stico para expandirse r\u00e1pidamente\u00a0<\/p>\n<p>se\u00f1ales inal\u00e1mbricas\uff0cSuperar f\u00e1cilmente el punto de dolor donde un solo\u00a0<\/p>\n<p>es dif\u00edcil conseguir una cobertura total de la vivienda<\/p>\t\t\t\t\t\t\t\t<\/div>\n\t\t\t\t<\/div>\n\t\t\t\t<\/div>\n\t\t<div class=\"elementor-element elementor-element-7de2e53d e-con-full e-flex lakit-col-width-auto-no e-container e-con e-child\" data-id=\"7de2e53d\" data-element_type=\"container\" data-e-type=\"container\" data-settings=\"{&quot;background_background&quot;:&quot;classic&quot;}\">\n\t\t\t\t<div class=\"elementor-element elementor-element-7b03a0be elementor-widget elementor-widget-heading\" data-id=\"7b03a0be\" data-element_type=\"widget\" data-e-type=\"widget\" data-widget_type=\"heading.default\">\n\t\t\t\t<div class=\"elementor-widget-container\">\n\t\t\t\t\t<h1 class=\"elementor-heading-title elementor-size-default\">WiFi de vanguardia 6 <br>\nel rendimiento se aprovecha al m\u00e1ximo<\/h1>\t\t\t\t<\/div>\n\t\t\t\t<\/div>\n\t\t\t\t<div class=\"elementor-element elementor-element-23109ca elementor-widget elementor-widget-text-editor\" data-id=\"23109ca\" data-element_type=\"widget\" data-e-type=\"widget\" data-widget_type=\"text-editor.default\">\n\t\t\t\t<div class=\"elementor-widget-container\">\n\t\t\t\t\t\t\t\t\t<p>Equipado con protocolo WiFi6 de \u00faltima generaci\u00f3n y profundamente compatible con routers WiFi6,\u00a0<\/p>\n<p>La mejora de la tecnolog\u00eda subyacente libera un fuerte impulso expansivo.\u00a0<\/p>\n<p>No s\u00f3lo logra la capacidad de penetraci\u00f3n de la se\u00f1al\uff0cLeapfrog mejora,\u00a0<\/p>\n<p>confiando en las caracter\u00edsticas de transmisi\u00f3n de baja latencia y anti-interferencia para hacer cada vez\uff0c<\/p>\n<p>Las conexiones son tan estables como una roca, despidi\u00e9ndose por completo de los puntos ciegos de se\u00f1alizaci\u00f3n<\/p>\t\t\t\t\t\t\t\t<\/div>\n\t\t\t\t<\/div>\n\t\t\t\t<\/div>\n\t\t<div class=\"elementor-element elementor-element-2bb20c82 e-con-full e-flex lakit-col-width-auto-no e-container e-con e-child\" data-id=\"2bb20c82\" data-element_type=\"container\" data-e-type=\"container\" data-settings=\"{&quot;background_background&quot;:&quot;classic&quot;}\">\n\t\t\t\t<div class=\"elementor-element elementor-element-53f79654 elementor-widget elementor-widget-heading\" data-id=\"53f79654\" data-element_type=\"widget\" data-e-type=\"widget\" data-widget_type=\"heading.default\">\n\t\t\t\t<div class=\"elementor-widget-container\">\n\t\t\t\t\t<h1 class=\"elementor-heading-title elementor-size-default\">Sincronizaci\u00f3n de doble banda 2700Mbps<br>\nExpansi\u00f3n de alta velocidad sin fin<\/h1>\t\t\t\t<\/div>\n\t\t\t\t<\/div>\n\t\t\t\t<div class=\"elementor-element elementor-element-76b5af42 elementor-widget elementor-widget-text-editor\" data-id=\"76b5af42\" data-element_type=\"widget\" data-e-type=\"widget\" data-widget_type=\"text-editor.default\">\n\t\t\t\t<div class=\"elementor-widget-container\">\n\t\t\t\t\t\t\t\t\t<p>Equipado con protocolo WiFi6 de \u00faltima generaci\u00f3n, profundamente compatible con routers WiFi6\uff0c\u00a0<\/p>\n<p>La mejora de la tecnolog\u00eda subyacente libera un fuerte impulso expansivo.\u00a0<\/p>\n<p>No s\u00f3lo consigue capacidad de penetraci\u00f3n de la se\u00f1al\uff0c<\/p>\n<p>Leapfrog mejora confiando en la baja latencia y las caracter\u00edsticas de transmisi\u00f3n anti-interferencia para hacer cada vez\uff0c<\/p>\n<p>Las conexiones son tan estables como una roca, despidi\u00e9ndose por completo de los puntos ciegos de se\u00f1alizaci\u00f3n.<\/p>\t\t\t\t\t\t\t\t<\/div>\n\t\t\t\t<\/div>\n\t\t\t\t<\/div>\n\t\t<div class=\"elementor-element elementor-element-33c9aa5b e-con-full e-flex lakit-col-width-auto-no e-container e-con e-child\" data-id=\"33c9aa5b\" data-element_type=\"container\" data-e-type=\"container\" data-settings=\"{&quot;background_background&quot;:&quot;classic&quot;}\">\n\t\t\t\t<div class=\"elementor-element elementor-element-b68db42 elementor-widget elementor-widget-heading\" data-id=\"b68db42\" data-element_type=\"widget\" data-e-type=\"widget\" data-widget_type=\"heading.default\">\n\t\t\t\t<div class=\"elementor-widget-container\">\n\t\t\t\t\t<h1 class=\"elementor-heading-title elementor-size-default\">Gran ancho de banda de 160 MHz<br>\nExperiencia de actualizaci\u00f3n<\/h1>\t\t\t\t<\/div>\n\t\t\t\t<\/div>\n\t\t\t\t<div class=\"elementor-element elementor-element-d141b9d elementor-widget elementor-widget-text-editor\" data-id=\"d141b9d\" data-element_type=\"widget\" data-e-type=\"widget\" data-widget_type=\"text-editor.default\">\n\t\t\t\t<div class=\"elementor-widget-container\">\n\t\t\t\t\t\t\t\t\t<p>Admite un gran ancho de banda de 160 MHz, duplicando directamente el ancho de banda de 80 MHz de WiFi5,<\/p>\n<p>Un canal de se\u00f1al m\u00e1s amplio retransmite y libera eficazmente el rendimiento de banda ancha<\/p>\n<p>Haz que la expansi\u00f3n de la se\u00f1al sea m\u00e1s potente y la red m\u00e1s impresionante<\/p>\t\t\t\t\t\t\t\t<\/div>\n\t\t\t\t<\/div>\n\t\t\t\t<\/div>\n\t\t<div class=\"elementor-element elementor-element-1830ce98 e-con-full e-flex lakit-col-width-auto-no e-container e-con e-child\" data-id=\"1830ce98\" data-element_type=\"container\" data-e-type=\"container\" data-settings=\"{&quot;background_background&quot;:&quot;classic&quot;}\">\n\t\t\t\t<div class=\"elementor-element elementor-element-cef837a elementor-widget elementor-widget-heading\" data-id=\"cef837a\" data-element_type=\"widget\" data-e-type=\"widget\" data-widget_type=\"heading.default\">\n\t\t\t\t<div class=\"elementor-widget-container\">\n\t\t\t\t\t<h1 class=\"elementor-heading-title elementor-size-default\">Tres chips RTL de alto rendimiento<br>\nFuncionamiento estable sin desconexi\u00f3n<\/h1>\t\t\t\t<\/div>\n\t\t\t\t<\/div>\n\t\t\t\t<div class=\"elementor-element elementor-element-14efdf40 elementor-widget elementor-widget-text-editor\" data-id=\"14efdf40\" data-element_type=\"widget\" data-e-type=\"widget\" data-widget_type=\"text-editor.default\">\n\t\t\t\t<div class=\"elementor-widget-container\">\n\t\t\t\t\t\t\t\t\t<p>La soluci\u00f3n RTL de tres n\u00facleos de alto rendimiento mejora significativamente la capacidad de procesamiento de datos y la eficiencia de transmisi\u00f3n\uff0c<\/p>\n<p>El dispositivo funciona de forma m\u00e1s estable con un menor consumo de energ\u00eda, mostrando las potentes capacidades del chip,Ampliaci\u00f3n de la se\u00f1al Escort<\/p>\t\t\t\t\t\t\t\t<\/div>\n\t\t\t\t<\/div>\n\t\t\t\t<\/div>\n\t\t<div class=\"elementor-element elementor-element-2bde2b98 e-con-full e-flex lakit-col-width-auto-no e-container e-con e-child\" data-id=\"2bde2b98\" data-element_type=\"container\" data-e-type=\"container\" data-settings=\"{&quot;background_background&quot;:&quot;classic&quot;}\">\n\t\t\t\t<div class=\"elementor-element elementor-element-35a815f3 elementor-widget elementor-widget-heading\" data-id=\"35a815f3\" data-element_type=\"widget\" data-e-type=\"widget\" data-widget_type=\"heading.default\">\n\t\t\t\t<div class=\"elementor-widget-container\">\n\t\t\t\t\t<h1 class=\"elementor-heading-title elementor-size-default\">Antena Quad Hardcore<br>\nCobertura de la se\u00f1al sin \u00e1ngulos muertos<\/h1>\t\t\t\t<\/div>\n\t\t\t\t<\/div>\n\t\t\t\t<div class=\"elementor-element elementor-element-24b86813 elementor-widget elementor-widget-text-editor\" data-id=\"24b86813\" data-element_type=\"widget\" data-e-type=\"widget\" data-widget_type=\"text-editor.default\">\n\t\t\t\t<div class=\"elementor-widget-container\">\n\t\t\t\t\t\t\t\t\t<p>Equipado con cuatro antenas de alta ganancia de 5dBi y fabricado con material PCB innovador de alta calidad\uff0c<\/p>\n<p>La disposici\u00f3n cient\u00edfica de la antena y su \u00e1ngulo ajustable mejoran la sensibilidad de transmisi\u00f3n y recepci\u00f3n de la se\u00f1al,\u00a0<\/p>\n<p>Permite una recepci\u00f3n clara y una transmisi\u00f3n estable incluso en zonas de se\u00f1al d\u00e9bil<\/p>\t\t\t\t\t\t\t\t<\/div>\n\t\t\t\t<\/div>\n\t\t\t\t<\/div>\n\t\t<div class=\"elementor-element elementor-element-7474e43b e-con-full e-flex lakit-col-width-auto-no e-container e-con e-child\" data-id=\"7474e43b\" data-element_type=\"container\" data-e-type=\"container\" data-settings=\"{&quot;background_background&quot;:&quot;classic&quot;}\">\n\t\t\t\t<div class=\"elementor-element elementor-element-7e9d0aa2 elementor-widget elementor-widget-heading\" data-id=\"7e9d0aa2\" data-element_type=\"widget\" data-e-type=\"widget\" data-widget_type=\"heading.default\">\n\t\t\t\t<div class=\"elementor-widget-container\">\n\t\t\t\t\t<h1 class=\"elementor-heading-title elementor-size-default\">MU-MIMO+OFDMA<br>\nTransmisi\u00f3n simult\u00e1nea a trav\u00e9s de varios dispositivos<br>\nEl ocio y la oficina no deben interferir entre s\u00ed<\/h1>\t\t\t\t<\/div>\n\t\t\t\t<\/div>\n\t\t\t\t<div class=\"elementor-element elementor-element-32d3a96b elementor-widget elementor-widget-text-editor\" data-id=\"32d3a96b\" data-element_type=\"widget\" data-e-type=\"widget\" data-widget_type=\"text-editor.default\">\n\t\t\t\t<div class=\"elementor-widget-container\">\n\t\t\t\t\t\t\t\t\t<p>La potente combinaci\u00f3n de tecnolog\u00eda MU-MIMO y OFDMA puede completarse en una sola transmisi\u00f3n\uff0c.<\/p>\n<p>El env\u00edo de datos desde m\u00faltiples dispositivos mejora significativamente la eficiencia de la transmisi\u00f3n y reduce eficazmente la congesti\u00f3n de la red\uff0c<\/p>\n<p>La latencia de la red permite realmente el uso paralelo multiusuario sin interferencias, permitiendo que cada dispositivo funcione de forma independiente\uff0c<\/p>\n<p>Todo el mundo puede disfrutar de una conectividad a Internet fluida y sin problemas<\/p>\t\t\t\t\t\t\t\t<\/div>\n\t\t\t\t<\/div>\n\t\t\t\t<\/div>\n\t\t<div class=\"elementor-element elementor-element-6ef3f8f6 e-con-full e-flex lakit-col-width-auto-no e-container e-con e-child\" data-id=\"6ef3f8f6\" data-element_type=\"container\" data-e-type=\"container\" data-settings=\"{&quot;background_background&quot;:&quot;classic&quot;}\">\n\t\t\t\t<div class=\"elementor-element elementor-element-21750056 elementor-widget elementor-widget-heading\" data-id=\"21750056\" data-element_type=\"widget\" data-e-type=\"widget\" data-widget_type=\"heading.default\">\n\t\t\t\t<div class=\"elementor-widget-container\">\n\t\t\t\t\t<h1 class=\"elementor-heading-title elementor-size-default\">Compatible con puertos Gigabit<br>\nDisfruta de una red de alta velocidad<\/h1>\t\t\t\t<\/div>\n\t\t\t\t<\/div>\n\t\t\t\t<div class=\"elementor-element elementor-element-5fc5c7af elementor-widget elementor-widget-text-editor\" data-id=\"5fc5c7af\" data-element_type=\"widget\" data-e-type=\"widget\" data-widget_type=\"text-editor.default\">\n\t\t\t\t<div class=\"elementor-widget-container\">\n\t\t\t\t\t\t\t\t\t<p>Equipado con puertos gigabit, se adapta f\u00e1cilmente a las necesidades de alta velocidad de las actualizaciones de banda ancha\uff0c<\/p>\n<p>Admite m\u00e9todos de conexi\u00f3n tanto inal\u00e1mbricos como por cable, lo que hace m\u00e1s c\u00f3moda la expansi\u00f3n WiFi<\/p>\t\t\t\t\t\t\t\t<\/div>\n\t\t\t\t<\/div>\n\t\t\t\t<\/div>\n\t\t<div class=\"elementor-element elementor-element-2807bd31 e-con-full e-flex lakit-col-width-auto-no e-container e-con e-child\" data-id=\"2807bd31\" data-element_type=\"container\" data-e-type=\"container\" data-settings=\"{&quot;background_background&quot;:&quot;classic&quot;}\">\n\t\t\t\t<div class=\"elementor-element elementor-element-18cbc6f4 elementor-widget elementor-widget-heading\" data-id=\"18cbc6f4\" data-element_type=\"widget\" data-e-type=\"widget\" data-widget_type=\"heading.default\">\n\t\t\t\t<div class=\"elementor-widget-container\">\n\t\t\t\t\t<h1 class=\"elementor-heading-title elementor-size-default\">Transferencia de memoria Plug and Play<\/h1>\t\t\t\t<\/div>\n\t\t\t\t<\/div>\n\t\t\t\t<div class=\"elementor-element elementor-element-39fe072b elementor-widget elementor-widget-text-editor\" data-id=\"39fe072b\" data-element_type=\"widget\" data-e-type=\"widget\" data-widget_type=\"text-editor.default\">\n\t\t\t\t<div class=\"elementor-widget-container\">\n\t\t\t\t\t\t\t\t\t<p>No requiere adaptador de corriente adicional, siempre que haya una toma de corriente, se puede activar f\u00e1cilmente,\u00a0<\/p>\n<p>Construido en funci\u00f3n de memoria de gran alcance, guarda autom\u00e1ticamente la configuraci\u00f3n de red, Al cambiar el sitio de uso,\u00a0<\/p>\n<p>la conexi\u00f3n plug and play no requiere ajustes repetidos<\/p>\t\t\t\t\t\t\t\t<\/div>\n\t\t\t\t<\/div>\n\t\t\t\t<\/div>\n\t\t<div class=\"elementor-element elementor-element-c0c9bf9 e-con-full e-flex lakit-col-width-auto-no e-container e-con e-child\" data-id=\"c0c9bf9\" data-element_type=\"container\" data-e-type=\"container\" data-settings=\"{&quot;background_background&quot;:&quot;classic&quot;}\">\n\t\t\t\t<div class=\"elementor-element elementor-element-7ed8e3e elementor-widget elementor-widget-heading\" data-id=\"7ed8e3e\" data-element_type=\"widget\" data-e-type=\"widget\" data-widget_type=\"heading.default\">\n\t\t\t\t<div class=\"elementor-widget-container\">\n\t\t\t\t\t<h1 class=\"elementor-heading-title elementor-size-default\">Se aplican varios modos <br>\npara muchas escenas<\/h1>\t\t\t\t<\/div>\n\t\t\t\t<\/div>\n\t\t\t\t<\/div>\n\t\t<div class=\"elementor-element elementor-element-d9ee11f e-con-full e-flex lakit-col-width-auto-no e-container e-con e-child\" data-id=\"d9ee11f\" data-element_type=\"container\" data-e-type=\"container\" data-settings=\"{&quot;background_background&quot;:&quot;classic&quot;}\">\n\t\t\t\t<\/div>\n\t\t<div class=\"elementor-element elementor-element-c25614b e-con-full e-flex lakit-col-width-auto-no e-container e-con e-child\" data-id=\"c25614b\" data-element_type=\"container\" data-e-type=\"container\" data-settings=\"{&quot;background_background&quot;:&quot;classic&quot;}\">\n\t\t\t\t<div class=\"elementor-element elementor-element-db5def9 elementor-widget elementor-widget-heading\" data-id=\"db5def9\" data-element_type=\"widget\" data-e-type=\"widget\" data-widget_type=\"heading.default\">\n\t\t\t\t<div class=\"elementor-widget-container\">\n\t\t\t\t\t<h1 class=\"elementor-heading-title elementor-size-default\">Dise\u00f1o eficiente de disipaci\u00f3n del calor<br>\nLa expansi\u00f3n de la red es m\u00e1s estable<\/h1>\t\t\t\t<\/div>\n\t\t\t\t<\/div>\n\t\t\t\t<div class=\"elementor-element elementor-element-7499dad elementor-widget elementor-widget-text-editor\" data-id=\"7499dad\" data-element_type=\"widget\" data-e-type=\"widget\" data-widget_type=\"text-editor.default\">\n\t\t\t\t<div class=\"elementor-widget-container\">\n\t\t\t\t\t\t\t\t\t<p>La disposici\u00f3n precisa de los orificios de disipaci\u00f3n del calor en el cuerpo crea un sistema cient\u00edficamente eficiente.\u00a0<\/p>\n<p>Canal de circulaci\u00f3n de aire,Evita eficazmente el retardo del dispositivo causado por una mala disipaci\u00f3n del calor,\u00a0<\/p>\n<p>La expansi\u00f3n de la red se mantiene estable y sin problemas en todo momento<\/p>\t\t\t\t\t\t\t\t<\/div>\n\t\t\t\t<\/div>\n\t\t\t\t<\/div>\n\t\t<div class=\"elementor-element elementor-element-66dc2cd e-con-full e-flex lakit-col-width-auto-no e-container e-con e-child\" data-id=\"66dc2cd\" data-element_type=\"container\" data-e-type=\"container\" data-settings=\"{&quot;background_background&quot;:&quot;classic&quot;}\">\n\t\t\t\t<div class=\"elementor-element elementor-element-b0e46aa elementor-widget elementor-widget-heading\" data-id=\"b0e46aa\" data-element_type=\"widget\" data-e-type=\"widget\" data-widget_type=\"heading.default\">\n\t\t\t\t<div class=\"elementor-widget-container\">\n\t\t\t\t\t<h1 class=\"elementor-heading-title elementor-size-default\">Cifrado seguro sin preocupaciones <br>\nuso gratuito de internet<\/h1>\t\t\t\t<\/div>\n\t\t\t\t<\/div>\n\t\t\t\t<div class=\"elementor-element elementor-element-fb8be85 elementor-widget elementor-widget-text-editor\" data-id=\"fb8be85\" data-element_type=\"widget\" data-e-type=\"widget\" data-widget_type=\"text-editor.default\">\n\t\t\t\t<div class=\"elementor-widget-container\">\n\t\t\t\t\t\t\t\t\t<p>Equipado con el avanzado protocolo de encriptaci\u00f3n WPA3, construye m\u00faltiples barreras de protecci\u00f3n de seguridad,\u00a0<\/p>\n<p>Cifrado capa por capa, desde la transmisi\u00f3n de datos hasta el acceso al dispositivo, para resistir eficazmente los ataques a la red Intrusi\u00f3n\u00a0<\/p>\n<p>y riesgos de fuga de informaci\u00f3n<\/p>\t\t\t\t\t\t\t\t<\/div>\n\t\t\t\t<\/div>\n\t\t\t\t<\/div>\n\t\t\t\t<\/div>\n\t\t\t\t<\/div>\n\t\t\n    <div class=\"xs_social_share_widget xs_share_url after_content \t\tmain_content  wslu-style-1 wslu-share-box-shaped wslu-fill-colored wslu-none wslu-share-horizontal wslu-theme-font-no wslu-main_content\">\n\n\t\t\n        <ul>\n\t\t\t        <\/ul>\n    <\/div>","protected":false},"excerpt":{"rendered":"<p style=\"text-align: justify;\">El CF-XR187 es un extensor inal\u00e1mbrico WiFi6 dise\u00f1ado para emparejarse a la perfecci\u00f3n con su router y ofrecer velocidades ampliadas de hasta 2700 Mbps. Sus cuatro antenas giratorias de alta ganancia y el puerto Gigabit Ethernet mejoran la penetraci\u00f3n en la pared y la flexibilidad de conexi\u00f3n, eliminando eficazmente las zonas muertas en casas grandes como chal\u00e9s. Con una configuraci\u00f3n sencilla y varios modos de funcionamiento inteligentes, es una opci\u00f3n fiable para lograr una cobertura de alta velocidad sin interrupciones en toda la casa.<\/p>\n<ul>\n<li style=\"text-align: left;\">\n<p>El cuerpo cuadrado de color blanco puro se integra en cualquier ambiente dom\u00e9stico<\/p>\n<\/li>\n<li style=\"text-align: left;\">\n<p>Puerto Gigabit Ethernet inferior para una ampliaci\u00f3n flexible<\/p>\n<\/li>\n<li style=\"text-align: left;\">\n<p>Cuatro antenas giratorias de alta ganancia para una se\u00f1al \u00f3ptima<\/p>\n<\/li>\n<li style=\"text-align: left;\">\n<p>Material ABS importado de calidad, robusto y resistente al calor<\/p>\n<\/li>\n<li style=\"text-align: left;\">\n<p>El eficiente dise\u00f1o de refrigeraci\u00f3n garantiza un funcionamiento estable y duradero<\/p>\n<\/li>\n<li style=\"text-align: left;\">\n<p>Indicadores luminosos de estado que facilitan la supervisi\u00f3n en tiempo real<\/p>\n<\/li>\n<li style=\"text-align: left;\">\n<p>Tecnolog\u00eda WiFi6 de doble banda de \u00faltima generaci\u00f3n para una conectividad estable<\/p>\n<\/li>\n<li style=\"text-align: left;\">\n<p>Ofrece velocidades inal\u00e1mbricas ampliadas de hasta 2700 Mbps<\/p>\n<\/li>\n<li style=\"text-align: left;\">\n<p>Admite tres modos inteligentes: Repetidor, Router y AP<\/p>\n<\/li>\n<\/ul>","protected":false},"featured_media":21270,"template":"","meta":{"_acf_changed":false,"postBodyCss":"","postBodyMargin":[],"postBodyPadding":[],"postBodyBackground":{"backgroundType":"classic","gradient":""},"_links_to":"","_links_to_target":""},"product_brand":[],"product_cat":[172,213],"product_tag":[702],"class_list":{"0":"post-21219","1":"product","2":"type-product","3":"status-publish","4":"has-post-thumbnail","6":"product_cat-wireless-repeater","7":"product_cat-pwr-repeater","8":"product_tag-cf-xr187","10":"first","11":"instock","12":"shipping-taxable","13":"product-type-simple"},"acf":[],"_links":{"self":[{"href":"https:\/\/www.encomfast.com\/es\/wp-json\/wp\/v2\/product\/21219","targetHints":{"allow":["GET"]}}],"collection":[{"href":"https:\/\/www.encomfast.com\/es\/wp-json\/wp\/v2\/product"}],"about":[{"href":"https:\/\/www.encomfast.com\/es\/wp-json\/wp\/v2\/types\/product"}],"version-history":[{"count":0,"href":"https:\/\/www.encomfast.com\/es\/wp-json\/wp\/v2\/product\/21219\/revisions"}],"wp:featuredmedia":[{"embeddable":true,"href":"https:\/\/www.encomfast.com\/es\/wp-json\/wp\/v2\/media\/21270"}],"wp:attachment":[{"href":"https:\/\/www.encomfast.com\/es\/wp-json\/wp\/v2\/media?parent=21219"}],"wp:term":[{"taxonomy":"product_brand","embeddable":true,"href":"https:\/\/www.encomfast.com\/es\/wp-json\/wp\/v2\/product_brand?post=21219"},{"taxonomy":"product_cat","embeddable":true,"href":"https:\/\/www.encomfast.com\/es\/wp-json\/wp\/v2\/product_cat?post=21219"},{"taxonomy":"product_tag","embeddable":true,"href":"https:\/\/www.encomfast.com\/es\/wp-json\/wp\/v2\/product_tag?post=21219"}],"curies":[{"name":"wp","href":"https:\/\/api.w.org\/{rel}","templated":true}]}}