{"id":7101,"date":"2025-10-28T05:48:22","date_gmt":"2025-10-28T05:48:22","guid":{"rendered":"https:\/\/comfast-20250731.com\/?page_id=7101"},"modified":"2025-12-25T02:43:54","modified_gmt":"2025-12-25T02:43:54","slug":"terms-of-use","status":"publish","type":"page","link":"https:\/\/www.encomfast.com\/fr\/terms-of-use\/","title":{"rendered":"Conditions d'utilisation"},"content":{"rendered":"<div data-elementor-type=\"wp-page\" data-elementor-id=\"7101\" class=\"elementor elementor-7101\" data-elementor-post-type=\"page\">\n\t\t\t\t<div class=\"elementor-element elementor-element-2888591 e-con-full e-flex lakit-col-width-auto-no e-container e-root-container elementor-top-section e-con e-parent\" data-id=\"2888591\" data-element_type=\"container\" data-e-type=\"container\" data-settings=\"{&quot;background_background&quot;:&quot;classic&quot;}\">\n\t\t<div class=\"elementor-element elementor-element-f7d9e58 e-con-full e-flex lakit-col-width-auto-no e-container e-con e-child\" data-id=\"f7d9e58\" data-element_type=\"container\" data-e-type=\"container\" data-settings=\"{&quot;background_background&quot;:&quot;classic&quot;}\">\n\t\t<div class=\"elementor-element elementor-element-688c463 e-con-full e-flex lakit-col-width-auto-no e-container e-con e-child\" data-id=\"688c463\" data-element_type=\"container\" data-e-type=\"container\">\n\t\t\t\t<div class=\"elementor-element elementor-element-676c0b9 elementor-widget elementor-widget-heading\" data-id=\"676c0b9\" data-element_type=\"widget\" data-e-type=\"widget\" data-widget_type=\"heading.default\">\n\t\t\t\t<div class=\"elementor-widget-container\">\n\t\t\t\t\t<h3 class=\"elementor-heading-title elementor-size-default\">Conditions d'utilisation<\/h3>\t\t\t\t<\/div>\n\t\t\t\t<\/div>\n\t\t\t\t<\/div>\n\t\t\t\t<\/div>\n\t\t\t\t<\/div>\n\t\t<div class=\"elementor-element elementor-element-597fa211 e-con-full e-flex lakit-col-width-auto-no e-container e-con e-child\" data-id=\"597fa211\" data-element_type=\"container\" data-e-type=\"container\">\n\t\t\t\t<div class=\"elementor-element elementor-element-3d9f664f elementor-widget elementor-widget-html\" data-id=\"3d9f664f\" data-element_type=\"widget\" data-e-type=\"widget\" data-widget_type=\"html.default\">\n\t\t\t\t<div class=\"elementor-widget-container\">\n\t\t\t\t\t<style>\r\n.nav-example {\r\n  padding: 15px 0;\r\n  font-size: 18px;\r\n  overflow: hidden; \/* \u9690\u85cf\u5bb9\u5668\u5916\u5185\u5bb9 *\/\r\n}\r\n\r\n\/* \u5bfc\u822a\u5bb9\u5668 - \u7528\u4e8e\u5b9e\u73b0\u6eda\u52a8 *\/\r\n.nav-container {\r\n  white-space: nowrap; \/* \u9632\u6b62\u5bfc\u822a\u9879\u6362\u884c *\/\r\n  overflow-x: auto; \/* \u5141\u8bb8\u6a2a\u5411\u6eda\u52a8 *\/\r\n  padding: 0 15px; \/* \u5de6\u53f3\u5185\u8fb9\u8ddd\uff0c\u907f\u514d\u8fb9\u7f18\u7d27\u8d34\u5c4f\u5e55 *\/\r\n  -webkit-overflow-scrolling: touch; \/* \u79fb\u52a8\u7aef\u5e73\u6ed1\u6eda\u52a8 *\/\r\n}\r\n\r\n\/* \u9690\u85cf\u6eda\u52a8\u6761\u4f46\u4fdd\u7559\u6eda\u52a8\u529f\u80fd *\/\r\n.nav-container::-webkit-scrollbar {\r\n  display: none;\r\n}\r\n.nav-container {\r\n  -ms-overflow-style: none; \/* IE\u548cEdge *\/\r\n  scrollbar-width: none; \/* Firefox *\/\r\n}\r\n\r\n\/* \u5bfc\u822a\u9879\u57fa\u7840\u6837\u5f0f *\/\r\n.nav-example a {\r\n  text-decoration: none;\r\n  color: #7F7F7F;\r\n  padding: 6px 0;\r\n  margin: 0 8px;\r\n  border-bottom: 2px solid transparent;\r\n  transition: all 0.3s ease;\r\n  display: inline-block; \/* \u786e\u4fdd\u70b9\u51fb\u533a\u57df\u5b8c\u6574 *\/\r\n}\r\n\r\n\/* \u6fc0\u6d3b\u72b6\u6001\u6837\u5f0f *\/\r\n.nav-example a.nav-active {\r\n  color: #ed6c00;\r\n  \/*border-bottom: 2px solid #ed6c00; *\/\r\n  \/* \u6fc0\u6d3b\u72b6\u6001\u4e5f\u663e\u793a\u4e0b\u5212\u7ebf\uff0c\u4fdd\u6301\u4e00\u81f4\u6027 *\/\r\n}\r\n\r\n\/* \u672a\u6fc0\u6d3b\u9879\u4ea4\u4e92\u6837\u5f0f *\/\r\n.nav-example a:not(.nav-active):hover {\r\n  color: #ed6c00;\r\n  \/*border-bottom: 2px solid #ed6c00;*\/\r\n}\r\n\r\n.nav-example a:not(.nav-active):active {\r\n  color: #ed6c00;\r\n  \/*border-bottom: 2px solid #ed6c00;*\/\r\n}\r\n\r\n\/* \u5206\u9694\u7ebf\u6837\u5f0f *\/\r\n.nav-example span {\r\n  color: #000;\r\n  margin: 0 12px;\r\n}\r\n\r\n\/* \u54cd\u5e94\u5f0f\u8c03\u6574 *\/\r\n@media (max-width: 768px) {\r\n  .nav-example {\r\n    font-size: 16px; \/* \u624b\u673a\u7aef\u7f29\u5c0f\u5b57\u4f53 *\/\r\n  }\r\n  \r\n  .nav-example a {\r\n    margin: 0 6px; \/* \u51cf\u5c0f\u624b\u673a\u7aef\u95f4\u8ddd *\/\r\n  }\r\n  \r\n  .nav-example span {\r\n    margin: 0 8px; \/* \u51cf\u5c0f\u5206\u9694\u7ebf\u95f4\u8ddd *\/\r\n  }\r\n}\r\n<\/style>\r\n\r\n<nav class=\"nav-example\">\r\n  <div class=\"nav-container\"> <!-- \u65b0\u589e\u6eda\u52a8\u5bb9\u5668 -->\r\n  <a href=\"\/fr\/warranty-terms\/\">Conditions de garantie<\/a>\r\n  <span>|<\/span>\r\n  <a href=\"\/fr\/terms-of-use\/\" class=\"nav-active\">Conditions d'utilisation<\/a>\r\n  <span>|<\/span>\r\n  <a href=\"\/fr\/announcement\/\" >Annonce<\/a>\r\n <span>|<\/span>\r\n  <a href=\"\/fr\/repair-outlets\/\">Magasin de r\u00e9paration<\/a>\r\n    <!-- \u53ef\u4ee5\u7ee7\u7eed\u6dfb\u52a0\u66f4\u591a\u5bfc\u822a\u9879\uff0c\u624b\u673a\u7aef\u4f1a\u81ea\u52a8\u652f\u6301\u6eda\u52a8 -->\r\n  <\/div>\r\n<\/nav>\r\n\r\n<script>\r\nconst navItems = document.querySelectorAll('.nav-example a');\r\n\r\nnavItems.forEach(item => {\r\n  item.addEventListener('click', function(e) {\r\n    \/\/ \u5982\u9700\u9875\u9762\u8df3\u8f6c\u53ef\u4fdd\u7559\u9ed8\u8ba4\u884c\u4e3a\uff0c\u5220\u9664\u4e0b\u9762\u8fd9\u884c\r\n    \/\/ e.preventDefault();\r\n\r\n    navItems.forEach(link => {\r\n      link.classList.remove('nav-active');\r\n    });\r\n    this.classList.add('nav-active');\r\n  });\r\n});\r\n<\/script>\t\t\t\t<\/div>\n\t\t\t\t<\/div>\n\t\t\t\t<\/div>\n\t\t<div class=\"elementor-element elementor-element-85dce77 e-flex e-con-boxed lakit-col-width-auto-no e-container e-root-container elementor-top-section e-con e-parent\" data-id=\"85dce77\" data-element_type=\"container\" data-e-type=\"container\" data-settings=\"{&quot;background_background&quot;:&quot;classic&quot;}\">\n\t\t\t\t\t<div class=\"e-con-inner\">\n\t\t\t\t<div class=\"elementor-element elementor-element-c85cc2d elementor-widget elementor-widget-text-editor\" data-id=\"c85cc2d\" data-element_type=\"widget\" data-e-type=\"widget\" data-widget_type=\"text-editor.default\">\n\t\t\t\t<div class=\"elementor-widget-container\">\n\t\t\t\t\t\t\t\t\t<p>Bienvenue sur le site officiel de Sihai Zhonglian ! En acc\u00e9dant \u00e0 notre site web et en l'utilisant, vous acceptez les conditions g\u00e9n\u00e9rales suivantes. Veuillez les lire attentivement avant d'utiliser nos services.<\/p>\t\t\t\t\t\t\t\t<\/div>\n\t\t\t\t<\/div>\n\t\t\t\t<div class=\"elementor-element elementor-element-f4f9f0b elementor-widget elementor-widget-heading\" data-id=\"f4f9f0b\" data-element_type=\"widget\" data-e-type=\"widget\" data-widget_type=\"heading.default\">\n\t\t\t\t<div class=\"elementor-widget-container\">\n\t\t\t\t\t<h1 class=\"elementor-heading-title elementor-size-default\">1. Introduction<\/h1>\t\t\t\t<\/div>\n\t\t\t\t<\/div>\n\t\t\t\t<div class=\"elementor-element elementor-element-d31502d elementor-widget elementor-widget-text-editor\" data-id=\"d31502d\" data-element_type=\"widget\" data-e-type=\"widget\" data-widget_type=\"text-editor.default\">\n\t\t\t\t<div class=\"elementor-widget-container\">\n\t\t\t\t\t\t\t\t\t<p>Sihai Zhonglian, cr\u00e9\u00e9 en juillet 2009, est un fournisseur d'\u00e9quipements de communication en r\u00e9seau de renomm\u00e9e mondiale qui int\u00e8gre des services ind\u00e9pendants de recherche et de d\u00e9veloppement, de production, de vente et d'OEM\/ODM. Notre gamme de produits couvre divers \u00e9quipements de r\u00e9seau sans fil, y compris les cartes de r\u00e9seau sans fil, les routeurs, les points d'acc\u00e8s, les commutateurs, etc. En utilisant notre site web, vous reconnaissez notre mission qui consiste \u00e0 fournir des produits performants et \u00e0 la pointe de la technologie.<\/p>\t\t\t\t\t\t\t\t<\/div>\n\t\t\t\t<\/div>\n\t\t\t\t<div class=\"elementor-element elementor-element-2463ec9 elementor-widget elementor-widget-heading\" data-id=\"2463ec9\" data-element_type=\"widget\" data-e-type=\"widget\" data-widget_type=\"heading.default\">\n\t\t\t\t<div class=\"elementor-widget-container\">\n\t\t\t\t\t<h2 class=\"elementor-heading-title elementor-size-default\">2. Utilisation du site web<\/h2>\t\t\t\t<\/div>\n\t\t\t\t<\/div>\n\t\t\t\t<div class=\"elementor-element elementor-element-b0d088c elementor-widget elementor-widget-text-editor\" data-id=\"b0d088c\" data-element_type=\"widget\" data-e-type=\"widget\" data-widget_type=\"text-editor.default\">\n\t\t\t\t<div class=\"elementor-widget-container\">\n\t\t\t\t\t\t\t\t\t<p data-start=\"811\" data-end=\"888\">En acc\u00e9dant \u00e0 ce site web, vous acceptez de vous conformer aux conditions suivantes :<\/p>\n<ul data-start=\"890\" data-end=\"1372\">\n<li data-start=\"890\" data-end=\"1017\">\n<p data-start=\"892\" data-end=\"1017\">Vous \u00eates responsable du maintien de la confidentialit\u00e9 de votre compte et de toutes les activit\u00e9s qui s'y d\u00e9roulent.<\/p>\n<\/li>\n<li data-start=\"1018\" data-end=\"1260\">\n<p data-start=\"1020\" data-end=\"1260\">Vous acceptez de ne pas utiliser le site web pour des activit\u00e9s ill\u00e9gales ou interdites, y compris, mais sans s'y limiter, l'acc\u00e8s non autoris\u00e9, le grattage de donn\u00e9es ou les activit\u00e9s malveillantes susceptibles de perturber la fonctionnalit\u00e9 du site web ou de nuire \u00e0 sa r\u00e9putation.<\/p>\n<\/li>\n<li data-start=\"1261\" data-end=\"1372\">\n<p data-start=\"1263\" data-end=\"1372\">Vous devez fournir des informations exactes, compl\u00e8tes et \u00e0 jour lorsque vous cr\u00e9ez un compte ou effectuez des achats.<\/p>\n<\/li>\n<\/ul>\t\t\t\t\t\t\t\t<\/div>\n\t\t\t\t<\/div>\n\t\t\t\t<div class=\"elementor-element elementor-element-166d390 elementor-widget elementor-widget-heading\" data-id=\"166d390\" data-element_type=\"widget\" data-e-type=\"widget\" data-widget_type=\"heading.default\">\n\t\t\t\t<div class=\"elementor-widget-container\">\n\t\t\t\t\t<h2 class=\"elementor-heading-title elementor-size-default\">3. Informations sur les produits et leur disponibilit\u00e9<\/h2>\t\t\t\t<\/div>\n\t\t\t\t<\/div>\n\t\t\t\t<div class=\"elementor-element elementor-element-613ae6d elementor-widget elementor-widget-text-editor\" data-id=\"613ae6d\" data-element_type=\"widget\" data-e-type=\"widget\" data-widget_type=\"text-editor.default\">\n\t\t\t\t<div class=\"elementor-widget-container\">\n\t\t\t\t\t\t\t\t\t<ul>\n<li data-start=\"1423\" data-end=\"1708\">\n<p data-start=\"1425\" data-end=\"1708\">Sihai Zhonglian fournit des informations d\u00e9taill\u00e9es sur les caract\u00e9ristiques, les sp\u00e9cifications et les prix de ses produits. Bien que nous nous efforcions de garantir l'exactitude de toutes les informations, il peut y avoir des erreurs typographiques ou techniques, et la disponibilit\u00e9 des produits est susceptible d'\u00eatre modifi\u00e9e sans pr\u00e9avis.<\/p>\n<\/li>\n<li data-start=\"1709\" data-end=\"1907\">\n<p data-start=\"1711\" data-end=\"1907\">La gamme de produits COMFRST, une marque de Sihai Zhonglian, est vendue dans le monde entier et comprend des cartes de r\u00e9seau sans fil, des r\u00e9p\u00e9teurs sans fil, des routeurs et d'autres produits, distribu\u00e9s dans plus de 100 pays et r\u00e9gions.<\/p>\n<\/li>\n<\/ul>\t\t\t\t\t\t\t\t<\/div>\n\t\t\t\t<\/div>\n\t\t\t\t<div class=\"elementor-element elementor-element-f477ecd elementor-widget elementor-widget-heading\" data-id=\"f477ecd\" data-element_type=\"widget\" data-e-type=\"widget\" data-widget_type=\"heading.default\">\n\t\t\t\t<div class=\"elementor-widget-container\">\n\t\t\t\t\t<h2 class=\"elementor-heading-title elementor-size-default\">4. Propri\u00e9t\u00e9 intellectuelle<\/h2>\t\t\t\t<\/div>\n\t\t\t\t<\/div>\n\t\t\t\t<div class=\"elementor-element elementor-element-20e1871 elementor-widget elementor-widget-text-editor\" data-id=\"20e1871\" data-element_type=\"widget\" data-e-type=\"widget\" data-widget_type=\"text-editor.default\">\n\t\t\t\t<div class=\"elementor-widget-container\">\n\t\t\t\t\t\t\t\t\t<ul>\n<li data-start=\"1943\" data-end=\"2177\">\n<p data-start=\"1945\" data-end=\"2177\">L'ensemble du contenu de ce site web, y compris les textes, les images, les logos, les marques, les logiciels et la conception, est la propri\u00e9t\u00e9 de Sihai Zhonglian ou de ses partenaires et est prot\u00e9g\u00e9 par les lois internationales sur les droits d'auteur, les marques et la propri\u00e9t\u00e9 intellectuelle.<\/p>\n<\/li>\n<li data-start=\"2178\" data-end=\"2310\">\n<p data-start=\"2180\" data-end=\"2310\">Il est interdit de copier, modifier, distribuer ou utiliser toute partie du contenu du site web sans l'accord \u00e9crit pr\u00e9alable de Sihai Zhonglian.<\/p>\n<\/li>\n<\/ul>\t\t\t\t\t\t\t\t<\/div>\n\t\t\t\t<\/div>\n\t\t\t\t<div class=\"elementor-element elementor-element-8a8ffc2 elementor-widget elementor-widget-heading\" data-id=\"8a8ffc2\" data-element_type=\"widget\" data-e-type=\"widget\" data-widget_type=\"heading.default\">\n\t\t\t\t<div class=\"elementor-widget-container\">\n\t\t\t\t\t<h2 class=\"elementor-heading-title elementor-size-default\">5. Certifications et brevets des produits<\/h2>\t\t\t\t<\/div>\n\t\t\t\t<\/div>\n\t\t\t\t<div class=\"elementor-element elementor-element-ef4f4af elementor-widget elementor-widget-text-editor\" data-id=\"ef4f4af\" data-element_type=\"widget\" data-e-type=\"widget\" data-widget_type=\"text-editor.default\">\n\t\t\t\t<div class=\"elementor-widget-container\">\n\t\t\t\t\t\t\t\t\t<ul data-start=\"2359\" data-end=\"2596\">\n<li data-start=\"2359\" data-end=\"2499\">\n<p data-start=\"2361\" data-end=\"2499\">Sihai Zhonglian d\u00e9tient les certifications ISO 9001:2015, CCC, SRRC, EU CE, ROHS, FCC, KC, TELEC, PSE et IC de diff\u00e9rents pays.<\/p>\n<\/li>\n<li data-start=\"2500\" data-end=\"2596\">\n<p data-start=\"2502\" data-end=\"2596\">Nous d\u00e9tenons \u00e9galement plus de 900 droits de propri\u00e9t\u00e9 intellectuelle, y compris des brevets et des droits d'auteur sur des logiciels.<\/p>\n<\/li>\n<\/ul>\t\t\t\t\t\t\t\t<\/div>\n\t\t\t\t<\/div>\n\t\t\t\t<div class=\"elementor-element elementor-element-1ad9ec9 elementor-widget elementor-widget-heading\" data-id=\"1ad9ec9\" data-element_type=\"widget\" data-e-type=\"widget\" data-widget_type=\"heading.default\">\n\t\t\t\t<div class=\"elementor-widget-container\">\n\t\t\t\t\t<h2 class=\"elementor-heading-title elementor-size-default\">6. Limitation de la responsabilit\u00e9<\/h2>\t\t\t\t<\/div>\n\t\t\t\t<\/div>\n\t\t\t\t<div class=\"elementor-element elementor-element-c2fb97d elementor-widget elementor-widget-text-editor\" data-id=\"c2fb97d\" data-element_type=\"widget\" data-e-type=\"widget\" data-widget_type=\"text-editor.default\">\n\t\t\t\t<div class=\"elementor-widget-container\">\n\t\t\t\t\t\t\t\t\t<ul>\n<li data-start=\"2634\" data-end=\"2852\">\n<p data-start=\"2636\" data-end=\"2852\">Sihai Zhonglian s'efforce de veiller \u00e0 ce que les produits et services qu'elle fournit r\u00e9pondent aux normes de qualit\u00e9 les plus \u00e9lev\u00e9es. Toutefois, nous ne garantissons pas que notre site web sera ininterrompu, exempt d'erreurs ou s\u00e9curis\u00e9 \u00e0 tout moment.<\/p>\n<\/li>\n<li data-start=\"2853\" data-end=\"3021\">\n<p data-start=\"2855\" data-end=\"3021\">Nous ne sommes pas responsables des pertes, des dommages ou des perturbations dans l'utilisation de notre site web, de nos produits ou de nos services, y compris les dommages indirects, accessoires ou cons\u00e9cutifs.<\/p>\n<\/li>\n<\/ul>\t\t\t\t\t\t\t\t<\/div>\n\t\t\t\t<\/div>\n\t\t\t\t<div class=\"elementor-element elementor-element-9c824e8 elementor-widget elementor-widget-heading\" data-id=\"9c824e8\" data-element_type=\"widget\" data-e-type=\"widget\" data-widget_type=\"heading.default\">\n\t\t\t\t<div class=\"elementor-widget-container\">\n\t\t\t\t\t<h2 class=\"elementor-heading-title elementor-size-default\">7. Politique de protection de la vie priv\u00e9e<\/h2>\t\t\t\t<\/div>\n\t\t\t\t<\/div>\n\t\t\t\t<div class=\"elementor-element elementor-element-70b555a elementor-widget elementor-widget-text-editor\" data-id=\"70b555a\" data-element_type=\"widget\" data-e-type=\"widget\" data-widget_type=\"text-editor.default\">\n\t\t\t\t<div class=\"elementor-widget-container\">\n\t\t\t\t\t\t\t\t\t<p>Sihai Zhonglian s'engage \u00e0 prot\u00e9ger votre vie priv\u00e9e. Toute information personnelle que vous fournissez sur notre site web sera utilis\u00e9e conform\u00e9ment \u00e0 notre politique de confidentialit\u00e9. Nous vous encourageons \u00e0 lire notre politique de confidentialit\u00e9 pour comprendre comment nous collectons, utilisons et prot\u00e9geons vos donn\u00e9es.<\/p>\t\t\t\t\t\t\t\t<\/div>\n\t\t\t\t<\/div>\n\t\t\t\t<div class=\"elementor-element elementor-element-0ebb274 elementor-widget elementor-widget-heading\" data-id=\"0ebb274\" data-element_type=\"widget\" data-e-type=\"widget\" data-widget_type=\"heading.default\">\n\t\t\t\t<div class=\"elementor-widget-container\">\n\t\t\t\t\t<h2 class=\"elementor-heading-title elementor-size-default\">8. Modifications des conditions<\/h2>\t\t\t\t<\/div>\n\t\t\t\t<\/div>\n\t\t\t\t<div class=\"elementor-element elementor-element-1b44b5d elementor-widget elementor-widget-text-editor\" data-id=\"1b44b5d\" data-element_type=\"widget\" data-e-type=\"widget\" data-widget_type=\"text-editor.default\">\n\t\t\t\t<div class=\"elementor-widget-container\">\n\t\t\t\t\t\t\t\t\t<p>Sihai Zhonglian se r\u00e9serve le droit de modifier les pr\u00e9sentes conditions d'utilisation \u00e0 tout moment. Toute modification sera publi\u00e9e sur cette page et, en continuant \u00e0 utiliser notre site web apr\u00e8s de telles modifications, vous acceptez les conditions r\u00e9vis\u00e9es.<\/p>\t\t\t\t\t\t\t\t<\/div>\n\t\t\t\t<\/div>\n\t\t\t\t<div class=\"elementor-element elementor-element-dc492e8 elementor-widget elementor-widget-heading\" data-id=\"dc492e8\" data-element_type=\"widget\" data-e-type=\"widget\" data-widget_type=\"heading.default\">\n\t\t\t\t<div class=\"elementor-widget-container\">\n\t\t\t\t\t<h2 class=\"elementor-heading-title elementor-size-default\">9. Droit applicable<\/h2>\t\t\t\t<\/div>\n\t\t\t\t<\/div>\n\t\t\t\t<div class=\"elementor-element elementor-element-693a311 elementor-widget elementor-widget-text-editor\" data-id=\"693a311\" data-element_type=\"widget\" data-e-type=\"widget\" data-widget_type=\"text-editor.default\">\n\t\t\t\t<div class=\"elementor-widget-container\">\n\t\t\t\t\t\t\t\t\t<p>Les pr\u00e9sentes conditions d'utilisation sont r\u00e9gies et interpr\u00e9t\u00e9es conform\u00e9ment aux lois de la R\u00e9publique populaire de Chine. Tout litige d\u00e9coulant des pr\u00e9sentes conditions sera r\u00e9gl\u00e9 par les tribunaux comp\u00e9tents de Shenzhen, Guangdong, Chine.<\/p>\t\t\t\t\t\t\t\t<\/div>\n\t\t\t\t<\/div>\n\t\t\t\t<div class=\"elementor-element elementor-element-a09a558 elementor-widget elementor-widget-heading\" data-id=\"a09a558\" data-element_type=\"widget\" data-e-type=\"widget\" data-widget_type=\"heading.default\">\n\t\t\t\t<div class=\"elementor-widget-container\">\n\t\t\t\t\t<h2 class=\"elementor-heading-title elementor-size-default\">10. Nous contacter<\/h2>\t\t\t\t<\/div>\n\t\t\t\t<\/div>\n\t\t\t\t<div class=\"elementor-element elementor-element-4679cc0 elementor-widget elementor-widget-text-editor\" data-id=\"4679cc0\" data-element_type=\"widget\" data-e-type=\"widget\" data-widget_type=\"text-editor.default\">\n\t\t\t\t<div class=\"elementor-widget-container\">\n\t\t\t\t\t\t\t\t\t<p>Si vous avez des questions ou des pr\u00e9occupations concernant les pr\u00e9sentes conditions d'utilisation ou toute autre demande, n'h\u00e9sitez pas \u00e0 nous contacter en utilisant les coordonn\u00e9es fournies sur notre site web.<\/p>\t\t\t\t\t\t\t\t<\/div>\n\t\t\t\t<\/div>\n\t\t\t\t\t<\/div>\n\t\t\t\t<\/div>\n\t\t\t\t<\/div>\n\t\t\n    <div class=\"xs_social_share_widget xs_share_url after_content \t\tmain_content  wslu-style-1 wslu-share-box-shaped wslu-fill-colored wslu-none wslu-share-horizontal wslu-theme-font-no wslu-main_content\">\n\n\t\t\n        <ul>\n\t\t\t        <\/ul>\n    <\/div>","protected":false},"excerpt":{"rendered":"<p>Terms Of Use Warranty Terms | Terms of Use | Announcement | Repair Outlet Welcome to the official website of Sihai Zhonglian! By accessing and using our website, you agree to the following terms and conditions. Please read these terms carefully before using our services. 1. Introduction Sihai Zhonglian, established in July 2009, is a [&hellip;]<\/p>","protected":false},"author":3,"featured_media":0,"parent":0,"menu_order":0,"comment_status":"closed","ping_status":"closed","template":"","meta":{"_acf_changed":false,"postBodyCss":"","postBodyMargin":[],"postBodyPadding":[],"postBodyBackground":{"backgroundType":"classic","gradient":""},"footnotes":"","_links_to":"","_links_to_target":""},"class_list":["post-7101","page","type-page","status-publish","hentry"],"acf":[],"_links":{"self":[{"href":"https:\/\/www.encomfast.com\/fr\/wp-json\/wp\/v2\/pages\/7101","targetHints":{"allow":["GET"]}}],"collection":[{"href":"https:\/\/www.encomfast.com\/fr\/wp-json\/wp\/v2\/pages"}],"about":[{"href":"https:\/\/www.encomfast.com\/fr\/wp-json\/wp\/v2\/types\/page"}],"author":[{"embeddable":true,"href":"https:\/\/www.encomfast.com\/fr\/wp-json\/wp\/v2\/users\/3"}],"replies":[{"embeddable":true,"href":"https:\/\/www.encomfast.com\/fr\/wp-json\/wp\/v2\/comments?post=7101"}],"version-history":[{"count":0,"href":"https:\/\/www.encomfast.com\/fr\/wp-json\/wp\/v2\/pages\/7101\/revisions"}],"wp:attachment":[{"href":"https:\/\/www.encomfast.com\/fr\/wp-json\/wp\/v2\/media?parent=7101"}],"curies":[{"name":"wp","href":"https:\/\/api.w.org\/{rel}","templated":true}]}}