{"id":13320,"date":"2025-11-03T03:13:51","date_gmt":"2025-11-03T03:13:51","guid":{"rendered":"https:\/\/comfast-20250731.com\/?post_type=product&#038;p=13320"},"modified":"2026-01-28T09:26:46","modified_gmt":"2026-01-28T09:26:46","slug":"ax1800-wireless-adapter","status":"publish","type":"product","link":"https:\/\/www.encomfast.com\/fr\/produit\/ax1800-wireless-adapter\/","title":{"rendered":"Adaptateur sans fil AX1800"},"content":{"rendered":"<div data-elementor-type=\"product-post\" data-elementor-id=\"13320\" class=\"elementor elementor-13320\" data-elementor-post-type=\"product\">\n\t\t\t\t<div class=\"elementor-element elementor-element-79c64e9d e-con-full elementor-hidden-desktop elementor-hidden-tablet e-flex lakit-col-width-auto-no e-container e-root-container elementor-top-section e-con e-parent\" data-id=\"79c64e9d\" data-element_type=\"container\" data-e-type=\"container\">\n\t\t\t\t<div class=\"elementor-element elementor-element-0890100 elementor-widget elementor-widget-text-editor\" data-id=\"0890100\" data-element_type=\"widget\" data-e-type=\"widget\" data-widget_type=\"text-editor.default\">\n\t\t\t\t<div class=\"elementor-widget-container\">\n\t\t\t\t\t\t\t\t\t<p><img fetchpriority=\"high\" decoding=\"async\" class=\"aligncenter size-full wp-image-33188\" src=\"https:\/\/www.encomfast.com\/wp-content\/uploads\/2026\/01\/CF-AX180-1.jpg\" alt=\"\" width=\"990\" height=\"1831\" srcset=\"https:\/\/www.encomfast.com\/wp-content\/uploads\/2026\/01\/CF-AX180-1.jpg 990w, https:\/\/www.encomfast.com\/wp-content\/uploads\/2026\/01\/CF-AX180-1-162x300.jpg 162w, https:\/\/www.encomfast.com\/wp-content\/uploads\/2026\/01\/CF-AX180-1-554x1024.jpg 554w, https:\/\/www.encomfast.com\/wp-content\/uploads\/2026\/01\/CF-AX180-1-768x1420.jpg 768w, https:\/\/www.encomfast.com\/wp-content\/uploads\/2026\/01\/CF-AX180-1-830x1536.jpg 830w, https:\/\/www.encomfast.com\/wp-content\/uploads\/2026\/01\/CF-AX180-1-6x12.jpg 6w, https:\/\/www.encomfast.com\/wp-content\/uploads\/2026\/01\/CF-AX180-1-600x1110.jpg 600w\" sizes=\"(max-width: 990px) 100vw, 990px\" \/> <img decoding=\"async\" class=\"aligncenter size-full wp-image-33189\" src=\"https:\/\/www.encomfast.com\/wp-content\/uploads\/2026\/01\/CF-AX180-2.jpg\" alt=\"\" width=\"990\" height=\"1627\" srcset=\"https:\/\/www.encomfast.com\/wp-content\/uploads\/2026\/01\/CF-AX180-2.jpg 990w, https:\/\/www.encomfast.com\/wp-content\/uploads\/2026\/01\/CF-AX180-2-183x300.jpg 183w, https:\/\/www.encomfast.com\/wp-content\/uploads\/2026\/01\/CF-AX180-2-623x1024.jpg 623w, https:\/\/www.encomfast.com\/wp-content\/uploads\/2026\/01\/CF-AX180-2-768x1262.jpg 768w, https:\/\/www.encomfast.com\/wp-content\/uploads\/2026\/01\/CF-AX180-2-935x1536.jpg 935w, https:\/\/www.encomfast.com\/wp-content\/uploads\/2026\/01\/CF-AX180-2-7x12.jpg 7w, https:\/\/www.encomfast.com\/wp-content\/uploads\/2026\/01\/CF-AX180-2-600x986.jpg 600w\" sizes=\"(max-width: 990px) 100vw, 990px\" \/> <img decoding=\"async\" class=\"aligncenter size-full wp-image-33190\" src=\"https:\/\/www.encomfast.com\/wp-content\/uploads\/2026\/01\/CF-AX180-3.jpg\" alt=\"\" width=\"990\" height=\"1629\" srcset=\"https:\/\/www.encomfast.com\/wp-content\/uploads\/2026\/01\/CF-AX180-3.jpg 990w, https:\/\/www.encomfast.com\/wp-content\/uploads\/2026\/01\/CF-AX180-3-182x300.jpg 182w, https:\/\/www.encomfast.com\/wp-content\/uploads\/2026\/01\/CF-AX180-3-622x1024.jpg 622w, https:\/\/www.encomfast.com\/wp-content\/uploads\/2026\/01\/CF-AX180-3-768x1264.jpg 768w, https:\/\/www.encomfast.com\/wp-content\/uploads\/2026\/01\/CF-AX180-3-933x1536.jpg 933w, https:\/\/www.encomfast.com\/wp-content\/uploads\/2026\/01\/CF-AX180-3-7x12.jpg 7w, https:\/\/www.encomfast.com\/wp-content\/uploads\/2026\/01\/CF-AX180-3-600x987.jpg 600w\" sizes=\"(max-width: 990px) 100vw, 990px\" \/> <img loading=\"lazy\" decoding=\"async\" class=\"aligncenter size-full wp-image-33191\" src=\"https:\/\/www.encomfast.com\/wp-content\/uploads\/2026\/01\/CF-AX180-4.jpg\" alt=\"\" width=\"990\" height=\"1630\" srcset=\"https:\/\/www.encomfast.com\/wp-content\/uploads\/2026\/01\/CF-AX180-4.jpg 990w, https:\/\/www.encomfast.com\/wp-content\/uploads\/2026\/01\/CF-AX180-4-182x300.jpg 182w, https:\/\/www.encomfast.com\/wp-content\/uploads\/2026\/01\/CF-AX180-4-622x1024.jpg 622w, https:\/\/www.encomfast.com\/wp-content\/uploads\/2026\/01\/CF-AX180-4-768x1264.jpg 768w, https:\/\/www.encomfast.com\/wp-content\/uploads\/2026\/01\/CF-AX180-4-933x1536.jpg 933w, https:\/\/www.encomfast.com\/wp-content\/uploads\/2026\/01\/CF-AX180-4-7x12.jpg 7w, https:\/\/www.encomfast.com\/wp-content\/uploads\/2026\/01\/CF-AX180-4-600x988.jpg 600w\" sizes=\"(max-width: 990px) 100vw, 990px\" \/> <img loading=\"lazy\" decoding=\"async\" class=\"aligncenter size-full wp-image-33192\" src=\"https:\/\/www.encomfast.com\/wp-content\/uploads\/2026\/01\/CF-AX180-5.jpg\" alt=\"\" width=\"990\" height=\"1618\" srcset=\"https:\/\/www.encomfast.com\/wp-content\/uploads\/2026\/01\/CF-AX180-5.jpg 990w, https:\/\/www.encomfast.com\/wp-content\/uploads\/2026\/01\/CF-AX180-5-184x300.jpg 184w, https:\/\/www.encomfast.com\/wp-content\/uploads\/2026\/01\/CF-AX180-5-627x1024.jpg 627w, https:\/\/www.encomfast.com\/wp-content\/uploads\/2026\/01\/CF-AX180-5-768x1255.jpg 768w, https:\/\/www.encomfast.com\/wp-content\/uploads\/2026\/01\/CF-AX180-5-940x1536.jpg 940w, https:\/\/www.encomfast.com\/wp-content\/uploads\/2026\/01\/CF-AX180-5-7x12.jpg 7w, https:\/\/www.encomfast.com\/wp-content\/uploads\/2026\/01\/CF-AX180-5-600x981.jpg 600w\" sizes=\"(max-width: 990px) 100vw, 990px\" \/> <img loading=\"lazy\" decoding=\"async\" class=\"aligncenter size-full wp-image-33193\" src=\"https:\/\/www.encomfast.com\/wp-content\/uploads\/2026\/01\/CF-AX180-6.jpg\" alt=\"\" width=\"990\" height=\"1302\" srcset=\"https:\/\/www.encomfast.com\/wp-content\/uploads\/2026\/01\/CF-AX180-6.jpg 990w, https:\/\/www.encomfast.com\/wp-content\/uploads\/2026\/01\/CF-AX180-6-228x300.jpg 228w, https:\/\/www.encomfast.com\/wp-content\/uploads\/2026\/01\/CF-AX180-6-779x1024.jpg 779w, https:\/\/www.encomfast.com\/wp-content\/uploads\/2026\/01\/CF-AX180-6-768x1010.jpg 768w, https:\/\/www.encomfast.com\/wp-content\/uploads\/2026\/01\/CF-AX180-6-9x12.jpg 9w, https:\/\/www.encomfast.com\/wp-content\/uploads\/2026\/01\/CF-AX180-6-600x789.jpg 600w\" sizes=\"(max-width: 990px) 100vw, 990px\" \/> <img loading=\"lazy\" decoding=\"async\" class=\"aligncenter size-full wp-image-33194\" src=\"https:\/\/www.encomfast.com\/wp-content\/uploads\/2026\/01\/CF-AX180-7.jpg\" alt=\"\" width=\"990\" height=\"1276\" srcset=\"https:\/\/www.encomfast.com\/wp-content\/uploads\/2026\/01\/CF-AX180-7.jpg 990w, https:\/\/www.encomfast.com\/wp-content\/uploads\/2026\/01\/CF-AX180-7-233x300.jpg 233w, https:\/\/www.encomfast.com\/wp-content\/uploads\/2026\/01\/CF-AX180-7-794x1024.jpg 794w, https:\/\/www.encomfast.com\/wp-content\/uploads\/2026\/01\/CF-AX180-7-768x990.jpg 768w, https:\/\/www.encomfast.com\/wp-content\/uploads\/2026\/01\/CF-AX180-7-9x12.jpg 9w, https:\/\/www.encomfast.com\/wp-content\/uploads\/2026\/01\/CF-AX180-7-600x773.jpg 600w\" sizes=\"(max-width: 990px) 100vw, 990px\" \/> <img loading=\"lazy\" decoding=\"async\" class=\"aligncenter size-full wp-image-33195\" src=\"https:\/\/www.encomfast.com\/wp-content\/uploads\/2026\/01\/CF-AX180-8.jpg\" alt=\"\" width=\"990\" height=\"1904\" srcset=\"https:\/\/www.encomfast.com\/wp-content\/uploads\/2026\/01\/CF-AX180-8.jpg 990w, https:\/\/www.encomfast.com\/wp-content\/uploads\/2026\/01\/CF-AX180-8-156x300.jpg 156w, https:\/\/www.encomfast.com\/wp-content\/uploads\/2026\/01\/CF-AX180-8-532x1024.jpg 532w, https:\/\/www.encomfast.com\/wp-content\/uploads\/2026\/01\/CF-AX180-8-768x1477.jpg 768w, https:\/\/www.encomfast.com\/wp-content\/uploads\/2026\/01\/CF-AX180-8-799x1536.jpg 799w, https:\/\/www.encomfast.com\/wp-content\/uploads\/2026\/01\/CF-AX180-8-6x12.jpg 6w, https:\/\/www.encomfast.com\/wp-content\/uploads\/2026\/01\/CF-AX180-8-600x1154.jpg 600w\" sizes=\"(max-width: 990px) 100vw, 990px\" \/> <img loading=\"lazy\" decoding=\"async\" class=\"aligncenter size-full wp-image-33196\" src=\"https:\/\/www.encomfast.com\/wp-content\/uploads\/2026\/01\/CF-AX180-9.jpg\" alt=\"\" width=\"990\" height=\"1446\" srcset=\"https:\/\/www.encomfast.com\/wp-content\/uploads\/2026\/01\/CF-AX180-9.jpg 990w, https:\/\/www.encomfast.com\/wp-content\/uploads\/2026\/01\/CF-AX180-9-205x300.jpg 205w, https:\/\/www.encomfast.com\/wp-content\/uploads\/2026\/01\/CF-AX180-9-701x1024.jpg 701w, https:\/\/www.encomfast.com\/wp-content\/uploads\/2026\/01\/CF-AX180-9-768x1122.jpg 768w, https:\/\/www.encomfast.com\/wp-content\/uploads\/2026\/01\/CF-AX180-9-8x12.jpg 8w, https:\/\/www.encomfast.com\/wp-content\/uploads\/2026\/01\/CF-AX180-9-600x876.jpg 600w\" sizes=\"(max-width: 990px) 100vw, 990px\" \/> <img loading=\"lazy\" decoding=\"async\" class=\"aligncenter size-full wp-image-33197\" src=\"https:\/\/www.encomfast.com\/wp-content\/uploads\/2026\/01\/CF-AX180-10.jpg\" alt=\"\" width=\"990\" height=\"1310\" srcset=\"https:\/\/www.encomfast.com\/wp-content\/uploads\/2026\/01\/CF-AX180-10.jpg 990w, https:\/\/www.encomfast.com\/wp-content\/uploads\/2026\/01\/CF-AX180-10-227x300.jpg 227w, https:\/\/www.encomfast.com\/wp-content\/uploads\/2026\/01\/CF-AX180-10-774x1024.jpg 774w, https:\/\/www.encomfast.com\/wp-content\/uploads\/2026\/01\/CF-AX180-10-768x1016.jpg 768w, https:\/\/www.encomfast.com\/wp-content\/uploads\/2026\/01\/CF-AX180-10-9x12.jpg 9w, https:\/\/www.encomfast.com\/wp-content\/uploads\/2026\/01\/CF-AX180-10-600x794.jpg 600w\" sizes=\"(max-width: 990px) 100vw, 990px\" \/> <img loading=\"lazy\" decoding=\"async\" class=\"aligncenter size-full wp-image-33187\" src=\"https:\/\/www.encomfast.com\/wp-content\/uploads\/2026\/01\/CF-AX180-11.jpg\" alt=\"\" width=\"990\" height=\"586\" srcset=\"https:\/\/www.encomfast.com\/wp-content\/uploads\/2026\/01\/CF-AX180-11.jpg 990w, https:\/\/www.encomfast.com\/wp-content\/uploads\/2026\/01\/CF-AX180-11-300x178.jpg 300w, https:\/\/www.encomfast.com\/wp-content\/uploads\/2026\/01\/CF-AX180-11-768x455.jpg 768w, https:\/\/www.encomfast.com\/wp-content\/uploads\/2026\/01\/CF-AX180-11-18x12.jpg 18w, https:\/\/www.encomfast.com\/wp-content\/uploads\/2026\/01\/CF-AX180-11-600x355.jpg 600w\" sizes=\"(max-width: 990px) 100vw, 990px\" \/><\/p>\t\t\t\t\t\t\t\t<\/div>\n\t\t\t\t<\/div>\n\t\t\t\t<\/div>\n\t\t<div class=\"elementor-element elementor-element-6758655f e-con-full elementor-hidden-mobile e-flex lakit-col-width-auto-no e-container e-root-container elementor-top-section e-con e-parent\" data-id=\"6758655f\" data-element_type=\"container\" data-e-type=\"container\">\n\t\t<div class=\"elementor-element elementor-element-14807658 e-con-full elementor-hidden-mobile e-flex lakit-col-width-auto-no e-container e-con e-child\" data-id=\"14807658\" data-element_type=\"container\" data-e-type=\"container\" data-settings=\"{&quot;background_background&quot;:&quot;classic&quot;}\">\n\t\t\t\t<\/div>\n\t\t<div class=\"elementor-element elementor-element-1e12c7e e-con-full elementor-hidden-mobile e-flex lakit-col-width-auto-no e-container e-con e-child\" data-id=\"1e12c7e\" data-element_type=\"container\" data-e-type=\"container\" data-settings=\"{&quot;background_background&quot;:&quot;classic&quot;}\">\n\t\t\t\t<div class=\"elementor-element elementor-element-6f9a4ca elementor-widget elementor-widget-heading\" data-id=\"6f9a4ca\" data-element_type=\"widget\" data-e-type=\"widget\" data-widget_type=\"heading.default\">\n\t\t\t\t<div class=\"elementor-widget-container\">\n\t\t\t\t\t<h1 class=\"elementor-heading-title elementor-size-default\">Why do you need WiFi 6 Adapter<\/h1>\t\t\t\t<\/div>\n\t\t\t\t<\/div>\n\t\t\t\t<div class=\"elementor-element elementor-element-63741e2 elementor-widget elementor-widget-text-editor\" data-id=\"63741e2\" data-element_type=\"widget\" data-e-type=\"widget\" data-widget_type=\"text-editor.default\">\n\t\t\t\t<div class=\"elementor-widget-container\">\n\t\t\t\t\t\t\t\t\t<p>Routers and phones all support WiFi6,which requires a WiFi 6 adapter to match the speed.<\/p>\t\t\t\t\t\t\t\t<\/div>\n\t\t\t\t<\/div>\n\t\t\t\t<\/div>\n\t\t<div class=\"elementor-element elementor-element-65b5d02 e-con-full elementor-hidden-mobile e-flex lakit-col-width-auto-no e-container e-con e-child\" data-id=\"65b5d02\" data-element_type=\"container\" data-e-type=\"container\" data-settings=\"{&quot;background_background&quot;:&quot;classic&quot;}\">\n\t\t\t\t<div class=\"elementor-element elementor-element-fb7ad6b elementor-widget elementor-widget-heading\" data-id=\"fb7ad6b\" data-element_type=\"widget\" data-e-type=\"widget\" data-widget_type=\"heading.default\">\n\t\t\t\t<div class=\"elementor-widget-container\">\n\t\t\t\t\t<h1 class=\"elementor-heading-title elementor-size-default\">1800Mbps High Wireless Speed<\/h1>\t\t\t\t<\/div>\n\t\t\t\t<\/div>\n\t\t\t\t<\/div>\n\t\t<div class=\"elementor-element elementor-element-21f0ad0 e-con-full elementor-hidden-mobile e-flex lakit-col-width-auto-no e-container e-con e-child\" data-id=\"21f0ad0\" data-element_type=\"container\" data-e-type=\"container\" data-settings=\"{&quot;background_background&quot;:&quot;classic&quot;}\">\n\t\t\t\t<div class=\"elementor-element elementor-element-eecc354 elementor-widget elementor-widget-heading\" data-id=\"eecc354\" data-element_type=\"widget\" data-e-type=\"widget\" data-widget_type=\"heading.default\">\n\t\t\t\t<div class=\"elementor-widget-container\">\n\t\t\t\t\t<h1 class=\"elementor-heading-title elementor-size-default\">Strong Antenna Full WiFi Signal<\/h1>\t\t\t\t<\/div>\n\t\t\t\t<\/div>\n\t\t\t\t<\/div>\n\t\t<div class=\"elementor-element elementor-element-f611bcd e-con-full elementor-hidden-mobile e-flex lakit-col-width-auto-no e-container e-con e-child\" data-id=\"f611bcd\" data-element_type=\"container\" data-e-type=\"container\" data-settings=\"{&quot;background_background&quot;:&quot;classic&quot;}\">\n\t\t\t\t<div class=\"elementor-element elementor-element-3d8ba17 elementor-widget elementor-widget-heading\" data-id=\"3d8ba17\" data-element_type=\"widget\" data-e-type=\"widget\" data-widget_type=\"heading.default\">\n\t\t\t\t<div class=\"elementor-widget-container\">\n\t\t\t\t\t<h1 class=\"elementor-heading-title elementor-size-default\">Support Windows 10\/11 System<\/h1>\t\t\t\t<\/div>\n\t\t\t\t<\/div>\n\t\t\t\t<\/div>\n\t\t<div class=\"elementor-element elementor-element-b27a2af e-con-full elementor-hidden-mobile e-flex lakit-col-width-auto-no e-container e-con e-child\" data-id=\"b27a2af\" data-element_type=\"container\" data-e-type=\"container\" data-settings=\"{&quot;background_background&quot;:&quot;classic&quot;}\">\n\t\t\t\t<div class=\"elementor-element elementor-element-9cf87a2 elementor-widget elementor-widget-heading\" data-id=\"9cf87a2\" data-element_type=\"widget\" data-e-type=\"widget\" data-widget_type=\"heading.default\">\n\t\t\t\t<div class=\"elementor-widget-container\">\n\t\t\t\t\t<h1 class=\"elementor-heading-title elementor-size-default\">Installation Guidance<\/h1>\t\t\t\t<\/div>\n\t\t\t\t<\/div>\n\t\t\t\t<\/div>\n\t\t<div class=\"elementor-element elementor-element-4dd0562 e-con-full elementor-hidden-mobile e-flex lakit-col-width-auto-no e-container e-con e-child\" data-id=\"4dd0562\" data-element_type=\"container\" data-e-type=\"container\" data-settings=\"{&quot;background_background&quot;:&quot;classic&quot;}\">\n\t\t\t\t<div class=\"elementor-element elementor-element-e178334 elementor-widget elementor-widget-heading\" data-id=\"e178334\" data-element_type=\"widget\" data-e-type=\"widget\" data-widget_type=\"heading.default\">\n\t\t\t\t<div class=\"elementor-widget-container\">\n\t\t\t\t\t<h1 class=\"elementor-heading-title elementor-size-default\">PCI-E Interface Compatibility<\/h1>\t\t\t\t<\/div>\n\t\t\t\t<\/div>\n\t\t\t\t<div class=\"elementor-element elementor-element-f9feb0a elementor-widget elementor-widget-text-editor\" data-id=\"f9feb0a\" data-element_type=\"widget\" data-e-type=\"widget\" data-widget_type=\"text-editor.default\">\n\t\t\t\t<div class=\"elementor-widget-container\">\n\t\t\t\t\t\t\t\t\t<p>CF-AX180 is compatible with PCI-E(PCI-E X1\/X4\/X8\/X16).PCl interface is not compatible.<\/p>\t\t\t\t\t\t\t\t<\/div>\n\t\t\t\t<\/div>\n\t\t\t\t<\/div>\n\t\t\t\t<\/div>\n\t\t\t\t<\/div>\n\t\t\n    <div class=\"xs_social_share_widget xs_share_url after_content \t\tmain_content  wslu-style-1 wslu-share-box-shaped wslu-fill-colored wslu-none wslu-share-horizontal wslu-theme-font-no wslu-main_content\">\n\n\t\t\n        <ul>\n\t\t\t        <\/ul>\n    <\/div>","protected":false},"excerpt":{"rendered":"<p style=\"text-align: justify;\">CF-AX180 est une carte PCI-E WiFi6 (802.11ax) haute vitesse offrant une vitesse bi-bande de 1800Mbps et une compatibilit\u00e9 Bluetooth 5.2. Les antennes externes \u00e0 gain \u00e9lev\u00e9 2x5dBi am\u00e9liorent la force du signal et la p\u00e9n\u00e9tration dans les murs. Elles prennent en charge les bandes 2,4 GHz et 5,8 GHz, ce qui est id\u00e9al pour les jeux en ligne de grande envergure et le streaming HD.<\/p>\n<ul>\n<li style=\"text-align: left;\">\n<p>Technologie WiFi6 + Bluetooth 5.2 ; WiFi pour l'internet de bureau<\/p>\n<\/li>\n<li style=\"text-align: left;\">\n<p>Bluetooth pour la connectivit\u00e9 des appareils haut de gamme<\/p>\n<\/li>\n<li style=\"text-align: left;\">\n<p>Prise en charge de la norme WiFi 802.11ax<\/p>\n<\/li>\n<li style=\"text-align: left;\">\n<p>Antennes externes omnidirectionnelles \u00e0 gain \u00e9lev\u00e9 2x5dBi, r\u00e9glables pour un meilleur signal<\/p>\n<\/li>\n<li style=\"text-align: left;\">\n<p>Les antennes tournent librement pour un signal optimal<\/p>\n<\/li>\n<li style=\"text-align: left;\">\n<p>Transmission sans fil \u00e0 grande vitesse 1800Mbps<\/p>\n<\/li>\n<li style=\"text-align: left;\">\n<p>Compatible avec les bandes doubles 2,4 GHz et 5,8 GHz<\/p>\n<\/li>\n<li style=\"text-align: left;\">\n<p>Support renforc\u00e9 et anti-d\u00e9formation<\/p>\n<\/li>\n<li style=\"text-align: left;\">\n<p>Compatible avec les emplacements PCI-E 16X\/4X\/8X\/1X, installation facile<\/p>\n<\/li>\n<\/ul>","protected":false},"featured_media":20932,"template":"","meta":{"_acf_changed":false,"postBodyCss":"","postBodyMargin":[],"postBodyPadding":[],"postBodyBackground":{"backgroundType":"classic","gradient":""},"_links_to":"","_links_to_target":""},"product_brand":[],"product_cat":[215,216],"product_tag":[576],"class_list":{"0":"post-13320","1":"product","2":"type-product","3":"status-publish","4":"has-post-thumbnail","6":"product_cat-wireless-adapter","7":"product_cat-pci-e-adapter","8":"product_tag-cf-ax180","10":"first","11":"instock","12":"shipping-taxable","13":"product-type-simple"},"acf":[],"_links":{"self":[{"href":"https:\/\/www.encomfast.com\/fr\/wp-json\/wp\/v2\/product\/13320","targetHints":{"allow":["GET"]}}],"collection":[{"href":"https:\/\/www.encomfast.com\/fr\/wp-json\/wp\/v2\/product"}],"about":[{"href":"https:\/\/www.encomfast.com\/fr\/wp-json\/wp\/v2\/types\/product"}],"version-history":[{"count":5,"href":"https:\/\/www.encomfast.com\/fr\/wp-json\/wp\/v2\/product\/13320\/revisions"}],"predecessor-version":[{"id":33216,"href":"https:\/\/www.encomfast.com\/fr\/wp-json\/wp\/v2\/product\/13320\/revisions\/33216"}],"wp:featuredmedia":[{"embeddable":true,"href":"https:\/\/www.encomfast.com\/fr\/wp-json\/wp\/v2\/media\/20932"}],"wp:attachment":[{"href":"https:\/\/www.encomfast.com\/fr\/wp-json\/wp\/v2\/media?parent=13320"}],"wp:term":[{"taxonomy":"product_brand","embeddable":true,"href":"https:\/\/www.encomfast.com\/fr\/wp-json\/wp\/v2\/product_brand?post=13320"},{"taxonomy":"product_cat","embeddable":true,"href":"https:\/\/www.encomfast.com\/fr\/wp-json\/wp\/v2\/product_cat?post=13320"},{"taxonomy":"product_tag","embeddable":true,"href":"https:\/\/www.encomfast.com\/fr\/wp-json\/wp\/v2\/product_tag?post=13320"}],"curies":[{"name":"wp","href":"https:\/\/api.w.org\/{rel}","templated":true}]}}