{"id":14155,"date":"2025-11-03T07:14:04","date_gmt":"2025-11-03T07:14:04","guid":{"rendered":"https:\/\/comfast-20250731.com\/?post_type=product&#038;p=14155"},"modified":"2026-01-05T03:11:14","modified_gmt":"2026-01-05T03:11:14","slug":"1300mbps-usb-wireless-adapter-4","status":"publish","type":"product","link":"https:\/\/www.encomfast.com\/fr\/produit\/1300mbps-usb-wireless-adapter-4\/","title":{"rendered":"Adaptateur sans fil USB 1300Mbps"},"content":{"rendered":"<div data-elementor-type=\"product-post\" data-elementor-id=\"14155\" class=\"elementor elementor-14155\" data-elementor-post-type=\"product\">\n\t\t\t\t<div class=\"elementor-element elementor-element-66c882e0 e-con-full elementor-hidden-desktop elementor-hidden-tablet e-flex lakit-col-width-auto-no e-container e-root-container elementor-top-section e-con e-parent\" data-id=\"66c882e0\" data-element_type=\"container\" data-e-type=\"container\" data-settings=\"{&quot;background_background&quot;:&quot;classic&quot;}\">\n\t\t\t\t<div class=\"elementor-element elementor-element-4c652637 elementor-widget__width-inherit elementor-widget elementor-widget-text-editor\" data-id=\"4c652637\" data-element_type=\"widget\" data-e-type=\"widget\" data-widget_type=\"text-editor.default\">\n\t\t\t\t<div class=\"elementor-widget-container\">\n\t\t\t\t\t\t\t\t\t<p><img fetchpriority=\"high\" decoding=\"async\" class=\"aligncenter size-full wp-image-29809\" src=\"https:\/\/www.encomfast.com\/wp-content\/uploads\/2026\/01\/CF-921AC-V2-1.jpg\" alt=\"\" width=\"990\" height=\"1421\" srcset=\"https:\/\/www.encomfast.com\/wp-content\/uploads\/2026\/01\/CF-921AC-V2-1.jpg 990w, https:\/\/www.encomfast.com\/wp-content\/uploads\/2026\/01\/CF-921AC-V2-1-209x300.jpg 209w, https:\/\/www.encomfast.com\/wp-content\/uploads\/2026\/01\/CF-921AC-V2-1-713x1024.jpg 713w, https:\/\/www.encomfast.com\/wp-content\/uploads\/2026\/01\/CF-921AC-V2-1-768x1102.jpg 768w, https:\/\/www.encomfast.com\/wp-content\/uploads\/2026\/01\/CF-921AC-V2-1-8x12.jpg 8w, https:\/\/www.encomfast.com\/wp-content\/uploads\/2026\/01\/CF-921AC-V2-1-600x861.jpg 600w\" sizes=\"(max-width: 990px) 100vw, 990px\" \/> <img decoding=\"async\" class=\"aligncenter size-full wp-image-29811\" src=\"https:\/\/www.encomfast.com\/wp-content\/uploads\/2026\/01\/CF-921AC-V2-2.jpg\" alt=\"\" width=\"990\" height=\"1591\" srcset=\"https:\/\/www.encomfast.com\/wp-content\/uploads\/2026\/01\/CF-921AC-V2-2.jpg 990w, https:\/\/www.encomfast.com\/wp-content\/uploads\/2026\/01\/CF-921AC-V2-2-187x300.jpg 187w, https:\/\/www.encomfast.com\/wp-content\/uploads\/2026\/01\/CF-921AC-V2-2-637x1024.jpg 637w, https:\/\/www.encomfast.com\/wp-content\/uploads\/2026\/01\/CF-921AC-V2-2-768x1234.jpg 768w, https:\/\/www.encomfast.com\/wp-content\/uploads\/2026\/01\/CF-921AC-V2-2-956x1536.jpg 956w, https:\/\/www.encomfast.com\/wp-content\/uploads\/2026\/01\/CF-921AC-V2-2-7x12.jpg 7w, https:\/\/www.encomfast.com\/wp-content\/uploads\/2026\/01\/CF-921AC-V2-2-600x964.jpg 600w\" sizes=\"(max-width: 990px) 100vw, 990px\" \/> <img decoding=\"async\" class=\"aligncenter size-full wp-image-29812\" src=\"https:\/\/www.encomfast.com\/wp-content\/uploads\/2026\/01\/CF-921AC-V2-3.jpg\" alt=\"\" width=\"990\" height=\"1361\" srcset=\"https:\/\/www.encomfast.com\/wp-content\/uploads\/2026\/01\/CF-921AC-V2-3.jpg 990w, https:\/\/www.encomfast.com\/wp-content\/uploads\/2026\/01\/CF-921AC-V2-3-218x300.jpg 218w, https:\/\/www.encomfast.com\/wp-content\/uploads\/2026\/01\/CF-921AC-V2-3-745x1024.jpg 745w, https:\/\/www.encomfast.com\/wp-content\/uploads\/2026\/01\/CF-921AC-V2-3-768x1056.jpg 768w, https:\/\/www.encomfast.com\/wp-content\/uploads\/2026\/01\/CF-921AC-V2-3-9x12.jpg 9w, https:\/\/www.encomfast.com\/wp-content\/uploads\/2026\/01\/CF-921AC-V2-3-600x825.jpg 600w\" sizes=\"(max-width: 990px) 100vw, 990px\" \/> <img loading=\"lazy\" decoding=\"async\" class=\"aligncenter size-full wp-image-29813\" src=\"https:\/\/www.encomfast.com\/wp-content\/uploads\/2026\/01\/CF-921AC-V2-4.jpg\" alt=\"\" width=\"990\" height=\"1673\" srcset=\"https:\/\/www.encomfast.com\/wp-content\/uploads\/2026\/01\/CF-921AC-V2-4.jpg 990w, https:\/\/www.encomfast.com\/wp-content\/uploads\/2026\/01\/CF-921AC-V2-4-178x300.jpg 178w, https:\/\/www.encomfast.com\/wp-content\/uploads\/2026\/01\/CF-921AC-V2-4-606x1024.jpg 606w, https:\/\/www.encomfast.com\/wp-content\/uploads\/2026\/01\/CF-921AC-V2-4-768x1298.jpg 768w, https:\/\/www.encomfast.com\/wp-content\/uploads\/2026\/01\/CF-921AC-V2-4-909x1536.jpg 909w, https:\/\/www.encomfast.com\/wp-content\/uploads\/2026\/01\/CF-921AC-V2-4-7x12.jpg 7w, https:\/\/www.encomfast.com\/wp-content\/uploads\/2026\/01\/CF-921AC-V2-4-600x1014.jpg 600w\" sizes=\"(max-width: 990px) 100vw, 990px\" \/> <img loading=\"lazy\" decoding=\"async\" class=\"aligncenter size-full wp-image-29814\" src=\"https:\/\/www.encomfast.com\/wp-content\/uploads\/2026\/01\/CF-921AC-V2-5.jpg\" alt=\"\" width=\"990\" height=\"1662\" srcset=\"https:\/\/www.encomfast.com\/wp-content\/uploads\/2026\/01\/CF-921AC-V2-5.jpg 990w, https:\/\/www.encomfast.com\/wp-content\/uploads\/2026\/01\/CF-921AC-V2-5-179x300.jpg 179w, https:\/\/www.encomfast.com\/wp-content\/uploads\/2026\/01\/CF-921AC-V2-5-610x1024.jpg 610w, https:\/\/www.encomfast.com\/wp-content\/uploads\/2026\/01\/CF-921AC-V2-5-768x1289.jpg 768w, https:\/\/www.encomfast.com\/wp-content\/uploads\/2026\/01\/CF-921AC-V2-5-915x1536.jpg 915w, https:\/\/www.encomfast.com\/wp-content\/uploads\/2026\/01\/CF-921AC-V2-5-7x12.jpg 7w, https:\/\/www.encomfast.com\/wp-content\/uploads\/2026\/01\/CF-921AC-V2-5-600x1007.jpg 600w\" sizes=\"(max-width: 990px) 100vw, 990px\" \/> <img loading=\"lazy\" decoding=\"async\" class=\"aligncenter size-full wp-image-29815\" src=\"https:\/\/www.encomfast.com\/wp-content\/uploads\/2026\/01\/CF-921AC-V2-6.jpg\" alt=\"\" width=\"990\" height=\"1610\" srcset=\"https:\/\/www.encomfast.com\/wp-content\/uploads\/2026\/01\/CF-921AC-V2-6.jpg 990w, https:\/\/www.encomfast.com\/wp-content\/uploads\/2026\/01\/CF-921AC-V2-6-184x300.jpg 184w, https:\/\/www.encomfast.com\/wp-content\/uploads\/2026\/01\/CF-921AC-V2-6-630x1024.jpg 630w, https:\/\/www.encomfast.com\/wp-content\/uploads\/2026\/01\/CF-921AC-V2-6-768x1249.jpg 768w, https:\/\/www.encomfast.com\/wp-content\/uploads\/2026\/01\/CF-921AC-V2-6-944x1536.jpg 944w, https:\/\/www.encomfast.com\/wp-content\/uploads\/2026\/01\/CF-921AC-V2-6-7x12.jpg 7w, https:\/\/www.encomfast.com\/wp-content\/uploads\/2026\/01\/CF-921AC-V2-6-600x976.jpg 600w\" sizes=\"(max-width: 990px) 100vw, 990px\" \/> <img loading=\"lazy\" decoding=\"async\" class=\"aligncenter size-full wp-image-29816\" src=\"https:\/\/www.encomfast.com\/wp-content\/uploads\/2026\/01\/CF-921AC-V2-7.jpg\" alt=\"\" width=\"990\" height=\"1691\" srcset=\"https:\/\/www.encomfast.com\/wp-content\/uploads\/2026\/01\/CF-921AC-V2-7.jpg 990w, https:\/\/www.encomfast.com\/wp-content\/uploads\/2026\/01\/CF-921AC-V2-7-176x300.jpg 176w, https:\/\/www.encomfast.com\/wp-content\/uploads\/2026\/01\/CF-921AC-V2-7-600x1025.jpg 600w, https:\/\/www.encomfast.com\/wp-content\/uploads\/2026\/01\/CF-921AC-V2-7-768x1312.jpg 768w, https:\/\/www.encomfast.com\/wp-content\/uploads\/2026\/01\/CF-921AC-V2-7-899x1536.jpg 899w, https:\/\/www.encomfast.com\/wp-content\/uploads\/2026\/01\/CF-921AC-V2-7-7x12.jpg 7w\" sizes=\"(max-width: 990px) 100vw, 990px\" \/> <img loading=\"lazy\" decoding=\"async\" class=\"aligncenter size-full wp-image-29817\" src=\"https:\/\/www.encomfast.com\/wp-content\/uploads\/2026\/01\/CF-921AC-V2-8.jpg\" alt=\"\" width=\"990\" height=\"1626\" srcset=\"https:\/\/www.encomfast.com\/wp-content\/uploads\/2026\/01\/CF-921AC-V2-8.jpg 990w, https:\/\/www.encomfast.com\/wp-content\/uploads\/2026\/01\/CF-921AC-V2-8-183x300.jpg 183w, https:\/\/www.encomfast.com\/wp-content\/uploads\/2026\/01\/CF-921AC-V2-8-623x1024.jpg 623w, https:\/\/www.encomfast.com\/wp-content\/uploads\/2026\/01\/CF-921AC-V2-8-768x1261.jpg 768w, https:\/\/www.encomfast.com\/wp-content\/uploads\/2026\/01\/CF-921AC-V2-8-935x1536.jpg 935w, https:\/\/www.encomfast.com\/wp-content\/uploads\/2026\/01\/CF-921AC-V2-8-7x12.jpg 7w, https:\/\/www.encomfast.com\/wp-content\/uploads\/2026\/01\/CF-921AC-V2-8-600x985.jpg 600w\" sizes=\"(max-width: 990px) 100vw, 990px\" \/> <img loading=\"lazy\" decoding=\"async\" class=\"aligncenter size-full wp-image-29818\" src=\"https:\/\/www.encomfast.com\/wp-content\/uploads\/2026\/01\/CF-921AC-V2-9.jpg\" alt=\"\" width=\"990\" height=\"1518\" srcset=\"https:\/\/www.encomfast.com\/wp-content\/uploads\/2026\/01\/CF-921AC-V2-9.jpg 990w, https:\/\/www.encomfast.com\/wp-content\/uploads\/2026\/01\/CF-921AC-V2-9-196x300.jpg 196w, https:\/\/www.encomfast.com\/wp-content\/uploads\/2026\/01\/CF-921AC-V2-9-668x1024.jpg 668w, https:\/\/www.encomfast.com\/wp-content\/uploads\/2026\/01\/CF-921AC-V2-9-768x1178.jpg 768w, https:\/\/www.encomfast.com\/wp-content\/uploads\/2026\/01\/CF-921AC-V2-9-8x12.jpg 8w, https:\/\/www.encomfast.com\/wp-content\/uploads\/2026\/01\/CF-921AC-V2-9-600x920.jpg 600w\" sizes=\"(max-width: 990px) 100vw, 990px\" \/> <img loading=\"lazy\" decoding=\"async\" class=\"aligncenter size-full wp-image-29819\" src=\"https:\/\/www.encomfast.com\/wp-content\/uploads\/2026\/01\/CF-921AC-V2-10.jpg\" alt=\"\" width=\"990\" height=\"1520\" srcset=\"https:\/\/www.encomfast.com\/wp-content\/uploads\/2026\/01\/CF-921AC-V2-10.jpg 990w, https:\/\/www.encomfast.com\/wp-content\/uploads\/2026\/01\/CF-921AC-V2-10-195x300.jpg 195w, https:\/\/www.encomfast.com\/wp-content\/uploads\/2026\/01\/CF-921AC-V2-10-667x1024.jpg 667w, https:\/\/www.encomfast.com\/wp-content\/uploads\/2026\/01\/CF-921AC-V2-10-768x1179.jpg 768w, https:\/\/www.encomfast.com\/wp-content\/uploads\/2026\/01\/CF-921AC-V2-10-8x12.jpg 8w, https:\/\/www.encomfast.com\/wp-content\/uploads\/2026\/01\/CF-921AC-V2-10-600x921.jpg 600w\" sizes=\"(max-width: 990px) 100vw, 990px\" \/> <img loading=\"lazy\" decoding=\"async\" class=\"aligncenter size-full wp-image-29820\" src=\"https:\/\/www.encomfast.com\/wp-content\/uploads\/2026\/01\/CF-921AC-V2-11.jpg\" alt=\"\" width=\"990\" height=\"1238\" srcset=\"https:\/\/www.encomfast.com\/wp-content\/uploads\/2026\/01\/CF-921AC-V2-11.jpg 990w, https:\/\/www.encomfast.com\/wp-content\/uploads\/2026\/01\/CF-921AC-V2-11-240x300.jpg 240w, https:\/\/www.encomfast.com\/wp-content\/uploads\/2026\/01\/CF-921AC-V2-11-819x1024.jpg 819w, https:\/\/www.encomfast.com\/wp-content\/uploads\/2026\/01\/CF-921AC-V2-11-768x960.jpg 768w, https:\/\/www.encomfast.com\/wp-content\/uploads\/2026\/01\/CF-921AC-V2-11-10x12.jpg 10w, https:\/\/www.encomfast.com\/wp-content\/uploads\/2026\/01\/CF-921AC-V2-11-600x750.jpg 600w\" sizes=\"(max-width: 990px) 100vw, 990px\" \/> <img loading=\"lazy\" decoding=\"async\" class=\"aligncenter size-full wp-image-29808\" src=\"https:\/\/www.encomfast.com\/wp-content\/uploads\/2026\/01\/CF-921AC-V2-12.jpg\" alt=\"\" width=\"990\" height=\"1418\" srcset=\"https:\/\/www.encomfast.com\/wp-content\/uploads\/2026\/01\/CF-921AC-V2-12.jpg 990w, https:\/\/www.encomfast.com\/wp-content\/uploads\/2026\/01\/CF-921AC-V2-12-209x300.jpg 209w, https:\/\/www.encomfast.com\/wp-content\/uploads\/2026\/01\/CF-921AC-V2-12-715x1024.jpg 715w, https:\/\/www.encomfast.com\/wp-content\/uploads\/2026\/01\/CF-921AC-V2-12-768x1100.jpg 768w, https:\/\/www.encomfast.com\/wp-content\/uploads\/2026\/01\/CF-921AC-V2-12-8x12.jpg 8w, https:\/\/www.encomfast.com\/wp-content\/uploads\/2026\/01\/CF-921AC-V2-12-600x859.jpg 600w\" sizes=\"(max-width: 990px) 100vw, 990px\" \/><\/p>\t\t\t\t\t\t\t\t<\/div>\n\t\t\t\t<\/div>\n\t\t\t\t<\/div>\n\t\t<div class=\"elementor-element elementor-element-6b269b07 e-con-full elementor-hidden-mobile e-flex lakit-col-width-auto-no e-container e-root-container elementor-top-section e-con e-parent\" data-id=\"6b269b07\" data-element_type=\"container\" data-e-type=\"container\">\n\t\t<div class=\"elementor-element elementor-element-144147b6 e-con-full e-flex lakit-col-width-auto-no e-container e-con e-child\" data-id=\"144147b6\" data-element_type=\"container\" data-e-type=\"container\" data-settings=\"{&quot;background_background&quot;:&quot;classic&quot;}\">\n\t\t\t\t<\/div>\n\t\t<div class=\"elementor-element elementor-element-6d3c7790 e-con-full e-flex lakit-col-width-auto-no e-container e-con e-child\" data-id=\"6d3c7790\" data-element_type=\"container\" data-e-type=\"container\" data-settings=\"{&quot;background_background&quot;:&quot;classic&quot;}\">\n\t\t\t\t<div class=\"elementor-element elementor-element-3ae4ad47 elementor-widget elementor-widget-heading\" data-id=\"3ae4ad47\" data-element_type=\"widget\" data-e-type=\"widget\" data-widget_type=\"heading.default\">\n\t\t\t\t<div class=\"elementor-widget-container\">\n\t\t\t\t\t<h1 class=\"elementor-heading-title elementor-size-default\">Trois raisons majeures pour obtenir un <br>\nAdaptateur r\u00e9seau sans fil externe<\/h1>\t\t\t\t<\/div>\n\t\t\t\t<\/div>\n\t\t\t\t<\/div>\n\t\t<div class=\"elementor-element elementor-element-6347de0b e-con-full e-flex lakit-col-width-auto-no e-container e-con e-child\" data-id=\"6347de0b\" data-element_type=\"container\" data-e-type=\"container\" data-settings=\"{&quot;background_background&quot;:&quot;classic&quot;}\">\n\t\t\t\t<div class=\"elementor-element elementor-element-5c003834 elementor-widget elementor-widget-heading\" data-id=\"5c003834\" data-element_type=\"widget\" data-e-type=\"widget\" data-widget_type=\"heading.default\">\n\t\t\t\t<div class=\"elementor-widget-container\">\n\t\t\t\t\t<h1 class=\"elementor-heading-title elementor-size-default\">Noyau puissant Realtek\nProtection garantie<\/h1>\t\t\t\t<\/div>\n\t\t\t\t<\/div>\n\t\t\t\t<div class=\"elementor-element elementor-element-72f591b7 elementor-widget elementor-widget-text-editor\" data-id=\"72f591b7\" data-element_type=\"widget\" data-e-type=\"widget\" data-widget_type=\"text-editor.default\">\n\t\t\t\t<div class=\"elementor-widget-container\">\n\t\t\t\t\t\t\t\t\t<p>Les performances sont garanties par Realtek, le v\u00e9t\u00e9ran ta\u00efwanais des fabricants de puces.<\/p>\t\t\t\t\t\t\t\t<\/div>\n\t\t\t\t<\/div>\n\t\t\t\t<\/div>\n\t\t<div class=\"elementor-element elementor-element-1975a31c e-con-full e-flex lakit-col-width-auto-no e-container e-con e-child\" data-id=\"1975a31c\" data-element_type=\"container\" data-e-type=\"container\" data-settings=\"{&quot;background_background&quot;:&quot;classic&quot;}\">\n\t\t\t\t<div class=\"elementor-element elementor-element-7c27930e elementor-widget elementor-widget-heading\" data-id=\"7c27930e\" data-element_type=\"widget\" data-e-type=\"widget\" data-widget_type=\"heading.default\">\n\t\t\t\t<div class=\"elementor-widget-container\">\n\t\t\t\t\t<h1 class=\"elementor-heading-title elementor-size-default\">Internet \u00e0 haut d\u00e9bit 1300 Mbps<\/h1>\t\t\t\t<\/div>\n\t\t\t\t<\/div>\n\t\t\t\t<div class=\"elementor-element elementor-element-44f3cdb6 elementor-widget elementor-widget-text-editor\" data-id=\"44f3cdb6\" data-element_type=\"widget\" data-e-type=\"widget\" data-widget_type=\"text-editor.default\">\n\t\t\t\t<div class=\"elementor-widget-container\">\n\t\t\t\t\t\t\t\t\t<p>Les vitesses de transmission du r\u00e9seau Gigabit permettent une lecture en continu et une lecture vid\u00e9o plus fluides.<\/p>\t\t\t\t\t\t\t\t<\/div>\n\t\t\t\t<\/div>\n\t\t\t\t<\/div>\n\t\t<div class=\"elementor-element elementor-element-75bd438d e-con-full e-flex lakit-col-width-auto-no e-container e-con e-child\" data-id=\"75bd438d\" data-element_type=\"container\" data-e-type=\"container\" data-settings=\"{&quot;background_background&quot;:&quot;classic&quot;}\">\n\t\t\t\t<div class=\"elementor-element elementor-element-1fc599dc elementor-widget elementor-widget-heading\" data-id=\"1fc599dc\" data-element_type=\"widget\" data-e-type=\"widget\" data-widget_type=\"heading.default\">\n\t\t\t\t<div class=\"elementor-widget-container\">\n\t\t\t\t\t<h1 class=\"elementor-heading-title elementor-size-default\">Double bande s\u00e9lectionnable\n<br>\nConnexion optimale \n<\/h1>\t\t\t\t<\/div>\n\t\t\t\t<\/div>\n\t\t\t\t<div class=\"elementor-element elementor-element-2a485c8e elementor-widget elementor-widget-text-editor\" data-id=\"2a485c8e\" data-element_type=\"widget\" data-e-type=\"widget\" data-widget_type=\"text-editor.default\">\n\t\t\t\t<div class=\"elementor-widget-container\">\n\t\t\t\t\t\t\t\t\t<p>Vous pouvez choisir librement de vous connecter \u00e0 la bande des 2,4 GHz ou des 5,8 GHz.<\/p>\n<p>Pour les connexions longue distance, nous recommandons d'utiliser 2,4 GHz ; pour les connexions courte distance, utilisez 5,8 GHz.<\/p>\t\t\t\t\t\t\t\t<\/div>\n\t\t\t\t<\/div>\n\t\t\t\t<\/div>\n\t\t<div class=\"elementor-element elementor-element-3f499b8 e-con-full e-flex lakit-col-width-auto-no e-container e-con e-child\" data-id=\"3f499b8\" data-element_type=\"container\" data-e-type=\"container\" data-settings=\"{&quot;background_background&quot;:&quot;classic&quot;}\">\n\t\t\t\t<div class=\"elementor-element elementor-element-7606668 elementor-widget elementor-widget-heading\" data-id=\"7606668\" data-element_type=\"widget\" data-e-type=\"widget\" data-widget_type=\"heading.default\">\n\t\t\t\t<div class=\"elementor-widget-container\">\n\t\t\t\t\t<h1 class=\"elementor-heading-title elementor-size-default\">Plug and Play\nInstallation sans pilote<\/h1>\t\t\t\t<\/div>\n\t\t\t\t<\/div>\n\t\t\t\t<div class=\"elementor-element elementor-element-444da89a elementor-widget elementor-widget-text-editor\" data-id=\"444da89a\" data-element_type=\"widget\" data-e-type=\"widget\" data-widget_type=\"text-editor.default\">\n\t\t\t\t<div class=\"elementor-widget-container\">\n\t\t\t\t\t\t\t\t\t<p>Aucun t\u00e9l\u00e9chargement de pilote n'est n\u00e9cessaire : il suffit de le brancher pour qu'il s'installe automatiquement. Une configuration simple vous permet d'\u00eatre op\u00e9rationnel.<\/p>\t\t\t\t\t\t\t\t<\/div>\n\t\t\t\t<\/div>\n\t\t\t\t<\/div>\n\t\t<div class=\"elementor-element elementor-element-526b2a6c e-con-full e-flex lakit-col-width-auto-no e-container e-con e-child\" data-id=\"526b2a6c\" data-element_type=\"container\" data-e-type=\"container\" data-settings=\"{&quot;background_background&quot;:&quot;classic&quot;}\">\n\t\t\t\t<div class=\"elementor-element elementor-element-1e7fb45 elementor-widget elementor-widget-heading\" data-id=\"1e7fb45\" data-element_type=\"widget\" data-e-type=\"widget\" data-widget_type=\"heading.default\">\n\t\t\t\t<div class=\"elementor-widget-container\">\n\t\t\t\t\t<h1 class=\"elementor-heading-title elementor-size-default\">La r\u00e9ception WiFi en toute simplicit\u00e9<\/h1>\t\t\t\t<\/div>\n\t\t\t\t<\/div>\n\t\t\t\t<div class=\"elementor-element elementor-element-509aba40 elementor-widget elementor-widget-text-editor\" data-id=\"509aba40\" data-element_type=\"widget\" data-e-type=\"widget\" data-widget_type=\"text-editor.default\">\n\t\t\t\t<div class=\"elementor-widget-container\">\n\t\t\t\t\t\t\t\t\t<p>Permet aux ordinateurs portables, aux ordinateurs de bureau et \u00e0 d'autres appareils de se connecter au WiFi avec une plus grande stabilit\u00e9.<\/p>\n<p>et des performances sup\u00e9rieures \u00e0 celles de la carte r\u00e9seau sans fil int\u00e9gr\u00e9e d'origine.<\/p>\t\t\t\t\t\t\t\t<\/div>\n\t\t\t\t<\/div>\n\t\t\t\t<\/div>\n\t\t<div class=\"elementor-element elementor-element-43591074 e-con-full e-flex lakit-col-width-auto-no e-container e-con e-child\" data-id=\"43591074\" data-element_type=\"container\" data-e-type=\"container\" data-settings=\"{&quot;background_background&quot;:&quot;classic&quot;}\">\n\t\t\t\t<div class=\"elementor-element elementor-element-157be32f elementor-widget elementor-widget-heading\" data-id=\"157be32f\" data-element_type=\"widget\" data-e-type=\"widget\" data-widget_type=\"heading.default\">\n\t\t\t\t<div class=\"elementor-widget-container\">\n\t\t\t\t\t<h1 class=\"elementor-heading-title elementor-size-default\">Activer le mode AP WiFi<\/h1>\t\t\t\t<\/div>\n\t\t\t\t<\/div>\n\t\t\t\t<div class=\"elementor-element elementor-element-2c05c14e elementor-widget elementor-widget-text-editor\" data-id=\"2c05c14e\" data-element_type=\"widget\" data-e-type=\"widget\" data-widget_type=\"text-editor.default\">\n\t\t\t\t<div class=\"elementor-widget-container\">\n\t\t\t\t\t\t\t\t\t<p>Sans WiFi, configurez le mode AP pour permettre aux ordinateurs portables et aux ordinateurs de bureau d'\u00e9mettre\u00a0<\/p>\n<p>WiFi pour l'utilisation d'autres ordinateurs, t\u00e9l\u00e9phones et tablettes.<\/p>\t\t\t\t\t\t\t\t<\/div>\n\t\t\t\t<\/div>\n\t\t\t\t<\/div>\n\t\t\t\t<\/div>\n\t\t\t\t<\/div>\n\t\t\n    <div class=\"xs_social_share_widget xs_share_url after_content \t\tmain_content  wslu-style-1 wslu-share-box-shaped wslu-fill-colored wslu-none wslu-share-horizontal wslu-theme-font-no wslu-main_content\">\n\n\t\t\n        <ul>\n\t\t\t        <\/ul>\n    <\/div>","protected":false},"excerpt":{"rendered":"<p style=\"text-align: justify;\">Le CF-921ACV2 est un adaptateur r\u00e9seau sans fil bi-bande 1300Mbps sans pilote. La conception plug-and-play am\u00e9liore la facilit\u00e9 d'utilisation, tandis que la prise en charge des bandes de 2,4 GHz et de 5,8 GHz offre de solides performances anti-interf\u00e9rences. Les doubles antennes externes rotatives am\u00e9liorent la couverture et la sensibilit\u00e9 du signal, ce qui le rend id\u00e9al pour les bureaux \u00e0 domicile et les voyages d'affaires.<\/p>\n<ul>\n<li style=\"text-align: left;\">\n<p>Bo\u00eetier en ABS import\u00e9 avec deux antennes externes rotatives pour un signal puissant<\/p>\n<\/li>\n<li style=\"text-align: left;\">\n<p>Interface USB 2.0 pour une transmission efficace des donn\u00e9es<\/p>\n<\/li>\n<li style=\"text-align: left;\">\n<p>Indicateur d'\u00e9tat du WiFi pour un contr\u00f4le facile du fonctionnement<\/p>\n<\/li>\n<li style=\"text-align: left;\">\n<p>Jeu de puces de marque pour des performances stables et fiables<\/p>\n<\/li>\n<li style=\"text-align: left;\">\n<p>Plug and Play sans pilote sous Windows 10 et Windows 11<\/p>\n<\/li>\n<li style=\"text-align: left;\">\n<p>Large compatibilit\u00e9 avec les syst\u00e8mes Windows, macOS et Linux<\/p>\n<\/li>\n<li style=\"text-align: left;\">\n<p>Conforme aux normes IEEE 802.11a\/b\/g\/n\/ac<\/p>\n<\/li>\n<li style=\"text-align: left;\">\n<p>Vitesse sans fil jusqu'\u00e0 1300 Mbps pour une connectivit\u00e9 plus fluide<\/p>\n<\/li>\n<li style=\"text-align: left;\">\n<p>Prise en charge du cryptage WPA3 pour une s\u00e9curit\u00e9 accrue<\/p>\n<\/li>\n<\/ul>","protected":false},"featured_media":28502,"template":"","meta":{"_acf_changed":false,"postBodyCss":"","postBodyMargin":[],"postBodyPadding":[],"postBodyBackground":{"backgroundType":"classic","gradient":""},"_links_to":"","_links_to_target":""},"product_brand":[],"product_cat":[215,218],"product_tag":[611],"class_list":{"0":"post-14155","1":"product","2":"type-product","3":"status-publish","4":"has-post-thumbnail","6":"product_cat-wireless-adapter","7":"product_cat-usb-adapter","8":"product_tag-cf-921ac-v2","10":"first","11":"instock","12":"shipping-taxable","13":"product-type-simple"},"acf":[],"_links":{"self":[{"href":"https:\/\/www.encomfast.com\/fr\/wp-json\/wp\/v2\/product\/14155","targetHints":{"allow":["GET"]}}],"collection":[{"href":"https:\/\/www.encomfast.com\/fr\/wp-json\/wp\/v2\/product"}],"about":[{"href":"https:\/\/www.encomfast.com\/fr\/wp-json\/wp\/v2\/types\/product"}],"version-history":[{"count":0,"href":"https:\/\/www.encomfast.com\/fr\/wp-json\/wp\/v2\/product\/14155\/revisions"}],"wp:featuredmedia":[{"embeddable":true,"href":"https:\/\/www.encomfast.com\/fr\/wp-json\/wp\/v2\/media\/28502"}],"wp:attachment":[{"href":"https:\/\/www.encomfast.com\/fr\/wp-json\/wp\/v2\/media?parent=14155"}],"wp:term":[{"taxonomy":"product_brand","embeddable":true,"href":"https:\/\/www.encomfast.com\/fr\/wp-json\/wp\/v2\/product_brand?post=14155"},{"taxonomy":"product_cat","embeddable":true,"href":"https:\/\/www.encomfast.com\/fr\/wp-json\/wp\/v2\/product_cat?post=14155"},{"taxonomy":"product_tag","embeddable":true,"href":"https:\/\/www.encomfast.com\/fr\/wp-json\/wp\/v2\/product_tag?post=14155"}],"curies":[{"name":"wp","href":"https:\/\/api.w.org\/{rel}","templated":true}]}}