{"id":24173,"date":"2025-10-08T06:49:16","date_gmt":"2025-10-08T06:49:16","guid":{"rendered":"https:\/\/www.encomfast.com\/?post_type=product&#038;p=24173"},"modified":"2026-01-21T08:51:22","modified_gmt":"2026-01-21T08:51:22","slug":"2974mbps-notebook-wireless-adapter-module","status":"publish","type":"product","link":"https:\/\/www.encomfast.com\/fr\/produit\/2974mbps-notebook-wireless-adapter-module\/","title":{"rendered":"Module adaptateur sans fil pour ordinateur portable 2974 Mbps"},"content":{"rendered":"<div data-elementor-type=\"product-post\" data-elementor-id=\"24173\" class=\"elementor elementor-24173\" data-elementor-post-type=\"product\">\n\t\t\t\t<div class=\"elementor-element elementor-element-59afd429 e-con-full elementor-hidden-desktop elementor-hidden-tablet e-flex lakit-col-width-auto-no e-container e-root-container elementor-top-section e-con e-parent\" data-id=\"59afd429\" data-element_type=\"container\" data-e-type=\"container\">\n\t\t\t\t<div class=\"elementor-element elementor-element-5baf71f3 elementor-widget elementor-widget-text-editor\" data-id=\"5baf71f3\" data-element_type=\"widget\" data-e-type=\"widget\" data-widget_type=\"text-editor.default\">\n\t\t\t\t<div class=\"elementor-widget-container\">\n\t\t\t\t\t\t\t\t\t<p><img fetchpriority=\"high\" decoding=\"async\" class=\"aligncenter size-full wp-image-24205\" src=\"https:\/\/www.encomfast.com\/wp-content\/uploads\/2025\/12\/CF-AX200-M_01.jpg\" alt=\"\" width=\"990\" height=\"1577\" srcset=\"https:\/\/www.encomfast.com\/wp-content\/uploads\/2025\/12\/CF-AX200-M_01.jpg 990w, https:\/\/www.encomfast.com\/wp-content\/uploads\/2025\/12\/CF-AX200-M_01-188x300.jpg 188w, https:\/\/www.encomfast.com\/wp-content\/uploads\/2025\/12\/CF-AX200-M_01-643x1024.jpg 643w, https:\/\/www.encomfast.com\/wp-content\/uploads\/2025\/12\/CF-AX200-M_01-768x1223.jpg 768w, https:\/\/www.encomfast.com\/wp-content\/uploads\/2025\/12\/CF-AX200-M_01-964x1536.jpg 964w, https:\/\/www.encomfast.com\/wp-content\/uploads\/2025\/12\/CF-AX200-M_01-8x12.jpg 8w, https:\/\/www.encomfast.com\/wp-content\/uploads\/2025\/12\/CF-AX200-M_01-600x956.jpg 600w\" sizes=\"(max-width: 990px) 100vw, 990px\" \/> <img decoding=\"async\" class=\"aligncenter size-full wp-image-24206\" src=\"https:\/\/www.encomfast.com\/wp-content\/uploads\/2025\/12\/CF-AX200-M_02.jpg\" alt=\"\" width=\"990\" height=\"1152\" srcset=\"https:\/\/www.encomfast.com\/wp-content\/uploads\/2025\/12\/CF-AX200-M_02.jpg 990w, https:\/\/www.encomfast.com\/wp-content\/uploads\/2025\/12\/CF-AX200-M_02-258x300.jpg 258w, https:\/\/www.encomfast.com\/wp-content\/uploads\/2025\/12\/CF-AX200-M_02-880x1024.jpg 880w, https:\/\/www.encomfast.com\/wp-content\/uploads\/2025\/12\/CF-AX200-M_02-768x894.jpg 768w, https:\/\/www.encomfast.com\/wp-content\/uploads\/2025\/12\/CF-AX200-M_02-10x12.jpg 10w, https:\/\/www.encomfast.com\/wp-content\/uploads\/2025\/12\/CF-AX200-M_02-600x698.jpg 600w\" sizes=\"(max-width: 990px) 100vw, 990px\" \/> <img decoding=\"async\" class=\"aligncenter size-full wp-image-24208\" src=\"https:\/\/www.encomfast.com\/wp-content\/uploads\/2025\/12\/CF-AX200-M_03.jpg\" alt=\"\" width=\"990\" height=\"1193\" srcset=\"https:\/\/www.encomfast.com\/wp-content\/uploads\/2025\/12\/CF-AX200-M_03.jpg 990w, https:\/\/www.encomfast.com\/wp-content\/uploads\/2025\/12\/CF-AX200-M_03-249x300.jpg 249w, https:\/\/www.encomfast.com\/wp-content\/uploads\/2025\/12\/CF-AX200-M_03-850x1024.jpg 850w, https:\/\/www.encomfast.com\/wp-content\/uploads\/2025\/12\/CF-AX200-M_03-768x925.jpg 768w, https:\/\/www.encomfast.com\/wp-content\/uploads\/2025\/12\/CF-AX200-M_03-10x12.jpg 10w, https:\/\/www.encomfast.com\/wp-content\/uploads\/2025\/12\/CF-AX200-M_03-600x723.jpg 600w\" sizes=\"(max-width: 990px) 100vw, 990px\" \/> <img loading=\"lazy\" decoding=\"async\" class=\"aligncenter size-full wp-image-24209\" src=\"https:\/\/www.encomfast.com\/wp-content\/uploads\/2025\/12\/CF-AX200-M_04.jpg\" alt=\"\" width=\"990\" height=\"1139\" srcset=\"https:\/\/www.encomfast.com\/wp-content\/uploads\/2025\/12\/CF-AX200-M_04.jpg 990w, https:\/\/www.encomfast.com\/wp-content\/uploads\/2025\/12\/CF-AX200-M_04-261x300.jpg 261w, https:\/\/www.encomfast.com\/wp-content\/uploads\/2025\/12\/CF-AX200-M_04-890x1024.jpg 890w, https:\/\/www.encomfast.com\/wp-content\/uploads\/2025\/12\/CF-AX200-M_04-768x884.jpg 768w, https:\/\/www.encomfast.com\/wp-content\/uploads\/2025\/12\/CF-AX200-M_04-10x12.jpg 10w, https:\/\/www.encomfast.com\/wp-content\/uploads\/2025\/12\/CF-AX200-M_04-600x690.jpg 600w\" sizes=\"(max-width: 990px) 100vw, 990px\" \/> <img loading=\"lazy\" decoding=\"async\" class=\"aligncenter size-full wp-image-24210\" src=\"https:\/\/www.encomfast.com\/wp-content\/uploads\/2025\/12\/CF-AX200-M_05.jpg\" alt=\"\" width=\"990\" height=\"1674\" srcset=\"https:\/\/www.encomfast.com\/wp-content\/uploads\/2025\/12\/CF-AX200-M_05.jpg 990w, https:\/\/www.encomfast.com\/wp-content\/uploads\/2025\/12\/CF-AX200-M_05-177x300.jpg 177w, https:\/\/www.encomfast.com\/wp-content\/uploads\/2025\/12\/CF-AX200-M_05-606x1024.jpg 606w, https:\/\/www.encomfast.com\/wp-content\/uploads\/2025\/12\/CF-AX200-M_05-768x1299.jpg 768w, https:\/\/www.encomfast.com\/wp-content\/uploads\/2025\/12\/CF-AX200-M_05-908x1536.jpg 908w, https:\/\/www.encomfast.com\/wp-content\/uploads\/2025\/12\/CF-AX200-M_05-7x12.jpg 7w, https:\/\/www.encomfast.com\/wp-content\/uploads\/2025\/12\/CF-AX200-M_05-600x1015.jpg 600w\" sizes=\"(max-width: 990px) 100vw, 990px\" \/> <img loading=\"lazy\" decoding=\"async\" class=\"aligncenter size-full wp-image-24211\" src=\"https:\/\/www.encomfast.com\/wp-content\/uploads\/2025\/12\/CF-AX200-M_06.jpg\" alt=\"\" width=\"990\" height=\"1400\" srcset=\"https:\/\/www.encomfast.com\/wp-content\/uploads\/2025\/12\/CF-AX200-M_06.jpg 990w, https:\/\/www.encomfast.com\/wp-content\/uploads\/2025\/12\/CF-AX200-M_06-212x300.jpg 212w, https:\/\/www.encomfast.com\/wp-content\/uploads\/2025\/12\/CF-AX200-M_06-724x1024.jpg 724w, https:\/\/www.encomfast.com\/wp-content\/uploads\/2025\/12\/CF-AX200-M_06-768x1086.jpg 768w, https:\/\/www.encomfast.com\/wp-content\/uploads\/2025\/12\/CF-AX200-M_06-8x12.jpg 8w, https:\/\/www.encomfast.com\/wp-content\/uploads\/2025\/12\/CF-AX200-M_06-600x848.jpg 600w\" sizes=\"(max-width: 990px) 100vw, 990px\" \/> <img loading=\"lazy\" decoding=\"async\" class=\"aligncenter size-full wp-image-24212\" src=\"https:\/\/www.encomfast.com\/wp-content\/uploads\/2025\/12\/CF-AX200-M_07.jpg\" alt=\"\" width=\"990\" height=\"1082\" srcset=\"https:\/\/www.encomfast.com\/wp-content\/uploads\/2025\/12\/CF-AX200-M_07.jpg 990w, https:\/\/www.encomfast.com\/wp-content\/uploads\/2025\/12\/CF-AX200-M_07-274x300.jpg 274w, https:\/\/www.encomfast.com\/wp-content\/uploads\/2025\/12\/CF-AX200-M_07-937x1024.jpg 937w, https:\/\/www.encomfast.com\/wp-content\/uploads\/2025\/12\/CF-AX200-M_07-768x839.jpg 768w, https:\/\/www.encomfast.com\/wp-content\/uploads\/2025\/12\/CF-AX200-M_07-11x12.jpg 11w, https:\/\/www.encomfast.com\/wp-content\/uploads\/2025\/12\/CF-AX200-M_07-600x656.jpg 600w\" sizes=\"(max-width: 990px) 100vw, 990px\" \/> <img loading=\"lazy\" decoding=\"async\" class=\"aligncenter size-full wp-image-24213\" src=\"https:\/\/www.encomfast.com\/wp-content\/uploads\/2025\/12\/CF-AX200-M_08.jpg\" alt=\"\" width=\"990\" height=\"1313\" srcset=\"https:\/\/www.encomfast.com\/wp-content\/uploads\/2025\/12\/CF-AX200-M_08.jpg 990w, https:\/\/www.encomfast.com\/wp-content\/uploads\/2025\/12\/CF-AX200-M_08-226x300.jpg 226w, https:\/\/www.encomfast.com\/wp-content\/uploads\/2025\/12\/CF-AX200-M_08-772x1024.jpg 772w, https:\/\/www.encomfast.com\/wp-content\/uploads\/2025\/12\/CF-AX200-M_08-768x1019.jpg 768w, https:\/\/www.encomfast.com\/wp-content\/uploads\/2025\/12\/CF-AX200-M_08-9x12.jpg 9w, https:\/\/www.encomfast.com\/wp-content\/uploads\/2025\/12\/CF-AX200-M_08-600x796.jpg 600w\" sizes=\"(max-width: 990px) 100vw, 990px\" \/> <img loading=\"lazy\" decoding=\"async\" class=\"aligncenter size-full wp-image-24214\" src=\"https:\/\/www.encomfast.com\/wp-content\/uploads\/2025\/12\/CF-AX200-M_09.jpg\" alt=\"\" width=\"990\" height=\"1406\" srcset=\"https:\/\/www.encomfast.com\/wp-content\/uploads\/2025\/12\/CF-AX200-M_09.jpg 990w, https:\/\/www.encomfast.com\/wp-content\/uploads\/2025\/12\/CF-AX200-M_09-211x300.jpg 211w, https:\/\/www.encomfast.com\/wp-content\/uploads\/2025\/12\/CF-AX200-M_09-721x1024.jpg 721w, https:\/\/www.encomfast.com\/wp-content\/uploads\/2025\/12\/CF-AX200-M_09-768x1091.jpg 768w, https:\/\/www.encomfast.com\/wp-content\/uploads\/2025\/12\/CF-AX200-M_09-8x12.jpg 8w, https:\/\/www.encomfast.com\/wp-content\/uploads\/2025\/12\/CF-AX200-M_09-600x852.jpg 600w\" sizes=\"(max-width: 990px) 100vw, 990px\" \/> <img loading=\"lazy\" decoding=\"async\" class=\"aligncenter size-full wp-image-24216\" src=\"https:\/\/www.encomfast.com\/wp-content\/uploads\/2025\/12\/CF-AX200-M_10.jpg\" alt=\"\" width=\"990\" height=\"1355\" srcset=\"https:\/\/www.encomfast.com\/wp-content\/uploads\/2025\/12\/CF-AX200-M_10.jpg 990w, https:\/\/www.encomfast.com\/wp-content\/uploads\/2025\/12\/CF-AX200-M_10-219x300.jpg 219w, https:\/\/www.encomfast.com\/wp-content\/uploads\/2025\/12\/CF-AX200-M_10-748x1024.jpg 748w, https:\/\/www.encomfast.com\/wp-content\/uploads\/2025\/12\/CF-AX200-M_10-768x1051.jpg 768w, https:\/\/www.encomfast.com\/wp-content\/uploads\/2025\/12\/CF-AX200-M_10-9x12.jpg 9w, https:\/\/www.encomfast.com\/wp-content\/uploads\/2025\/12\/CF-AX200-M_10-600x821.jpg 600w\" sizes=\"(max-width: 990px) 100vw, 990px\" \/> <img loading=\"lazy\" decoding=\"async\" class=\"aligncenter size-full wp-image-24217\" src=\"https:\/\/www.encomfast.com\/wp-content\/uploads\/2025\/12\/CF-AX200-M_11.jpg\" alt=\"\" width=\"990\" height=\"1329\" srcset=\"https:\/\/www.encomfast.com\/wp-content\/uploads\/2025\/12\/CF-AX200-M_11.jpg 990w, https:\/\/www.encomfast.com\/wp-content\/uploads\/2025\/12\/CF-AX200-M_11-223x300.jpg 223w, https:\/\/www.encomfast.com\/wp-content\/uploads\/2025\/12\/CF-AX200-M_11-763x1024.jpg 763w, https:\/\/www.encomfast.com\/wp-content\/uploads\/2025\/12\/CF-AX200-M_11-768x1031.jpg 768w, https:\/\/www.encomfast.com\/wp-content\/uploads\/2025\/12\/CF-AX200-M_11-9x12.jpg 9w, https:\/\/www.encomfast.com\/wp-content\/uploads\/2025\/12\/CF-AX200-M_11-600x805.jpg 600w\" sizes=\"(max-width: 990px) 100vw, 990px\" \/> <img loading=\"lazy\" decoding=\"async\" class=\"aligncenter size-full wp-image-24218\" src=\"https:\/\/www.encomfast.com\/wp-content\/uploads\/2025\/12\/CF-AX200-M_12.jpg\" alt=\"\" width=\"990\" height=\"1306\" srcset=\"https:\/\/www.encomfast.com\/wp-content\/uploads\/2025\/12\/CF-AX200-M_12.jpg 990w, https:\/\/www.encomfast.com\/wp-content\/uploads\/2025\/12\/CF-AX200-M_12-227x300.jpg 227w, https:\/\/www.encomfast.com\/wp-content\/uploads\/2025\/12\/CF-AX200-M_12-776x1024.jpg 776w, https:\/\/www.encomfast.com\/wp-content\/uploads\/2025\/12\/CF-AX200-M_12-768x1013.jpg 768w, https:\/\/www.encomfast.com\/wp-content\/uploads\/2025\/12\/CF-AX200-M_12-9x12.jpg 9w, https:\/\/www.encomfast.com\/wp-content\/uploads\/2025\/12\/CF-AX200-M_12-600x792.jpg 600w\" sizes=\"(max-width: 990px) 100vw, 990px\" \/> <img loading=\"lazy\" decoding=\"async\" class=\"aligncenter size-full wp-image-24219\" src=\"https:\/\/www.encomfast.com\/wp-content\/uploads\/2025\/12\/CF-AX200-M_13.jpg\" alt=\"\" width=\"990\" height=\"1409\" srcset=\"https:\/\/www.encomfast.com\/wp-content\/uploads\/2025\/12\/CF-AX200-M_13.jpg 990w, https:\/\/www.encomfast.com\/wp-content\/uploads\/2025\/12\/CF-AX200-M_13-211x300.jpg 211w, https:\/\/www.encomfast.com\/wp-content\/uploads\/2025\/12\/CF-AX200-M_13-719x1024.jpg 719w, https:\/\/www.encomfast.com\/wp-content\/uploads\/2025\/12\/CF-AX200-M_13-768x1093.jpg 768w, https:\/\/www.encomfast.com\/wp-content\/uploads\/2025\/12\/CF-AX200-M_13-8x12.jpg 8w, https:\/\/www.encomfast.com\/wp-content\/uploads\/2025\/12\/CF-AX200-M_13-600x854.jpg 600w\" sizes=\"(max-width: 990px) 100vw, 990px\" \/> <img loading=\"lazy\" decoding=\"async\" class=\"aligncenter size-full wp-image-24220\" src=\"https:\/\/www.encomfast.com\/wp-content\/uploads\/2025\/12\/CF-AX200-M_14.jpg\" alt=\"\" width=\"990\" height=\"1264\" srcset=\"https:\/\/www.encomfast.com\/wp-content\/uploads\/2025\/12\/CF-AX200-M_14.jpg 990w, https:\/\/www.encomfast.com\/wp-content\/uploads\/2025\/12\/CF-AX200-M_14-235x300.jpg 235w, https:\/\/www.encomfast.com\/wp-content\/uploads\/2025\/12\/CF-AX200-M_14-802x1024.jpg 802w, https:\/\/www.encomfast.com\/wp-content\/uploads\/2025\/12\/CF-AX200-M_14-768x981.jpg 768w, https:\/\/www.encomfast.com\/wp-content\/uploads\/2025\/12\/CF-AX200-M_14-9x12.jpg 9w, https:\/\/www.encomfast.com\/wp-content\/uploads\/2025\/12\/CF-AX200-M_14-600x766.jpg 600w\" sizes=\"(max-width: 990px) 100vw, 990px\" \/> <img loading=\"lazy\" decoding=\"async\" class=\"aligncenter size-full wp-image-24204\" src=\"https:\/\/www.encomfast.com\/wp-content\/uploads\/2025\/12\/CF-AX200-M_15.jpg\" alt=\"\" width=\"990\" height=\"1284\" srcset=\"https:\/\/www.encomfast.com\/wp-content\/uploads\/2025\/12\/CF-AX200-M_15.jpg 990w, https:\/\/www.encomfast.com\/wp-content\/uploads\/2025\/12\/CF-AX200-M_15-231x300.jpg 231w, https:\/\/www.encomfast.com\/wp-content\/uploads\/2025\/12\/CF-AX200-M_15-790x1024.jpg 790w, https:\/\/www.encomfast.com\/wp-content\/uploads\/2025\/12\/CF-AX200-M_15-768x996.jpg 768w, https:\/\/www.encomfast.com\/wp-content\/uploads\/2025\/12\/CF-AX200-M_15-9x12.jpg 9w, https:\/\/www.encomfast.com\/wp-content\/uploads\/2025\/12\/CF-AX200-M_15-600x778.jpg 600w\" sizes=\"(max-width: 990px) 100vw, 990px\" \/><\/p>\t\t\t\t\t\t\t\t<\/div>\n\t\t\t\t<\/div>\n\t\t\t\t<\/div>\n\t\t<div class=\"elementor-element elementor-element-f6c2a2a e-con-full elementor-hidden-mobile e-flex lakit-col-width-auto-no e-container e-root-container elementor-top-section e-con e-parent\" data-id=\"f6c2a2a\" data-element_type=\"container\" data-e-type=\"container\">\n\t\t<div class=\"elementor-element elementor-element-13590db0 e-con-full e-flex lakit-col-width-auto-no e-container e-con e-child\" data-id=\"13590db0\" data-element_type=\"container\" data-e-type=\"container\" data-settings=\"{&quot;background_background&quot;:&quot;classic&quot;}\">\n\t\t\t\t<\/div>\n\t\t<div class=\"elementor-element elementor-element-75e8344b e-con-full e-flex lakit-col-width-auto-no e-container e-con e-child\" data-id=\"75e8344b\" data-element_type=\"container\" data-e-type=\"container\" data-settings=\"{&quot;background_background&quot;:&quot;classic&quot;}\">\n\t\t\t\t<div class=\"elementor-element elementor-element-5c8b5638 elementor-widget elementor-widget-heading\" data-id=\"5c8b5638\" data-element_type=\"widget\" data-e-type=\"widget\" data-widget_type=\"heading.default\">\n\t\t\t\t<div class=\"elementor-widget-container\">\n\t\t\t\t\t<h1 class=\"elementor-heading-title elementor-size-default\">R\u00e9volution Wi-Fi\nLe Wi-Fi AX de la 6e g\u00e9n\u00e9ration est arriv\u00e9<\/h1>\t\t\t\t<\/div>\n\t\t\t\t<\/div>\n\t\t\t\t<div class=\"elementor-element elementor-element-1a5040c9 elementor-widget elementor-widget-text-editor\" data-id=\"1a5040c9\" data-element_type=\"widget\" data-e-type=\"widget\" data-widget_type=\"text-editor.default\">\n\t\t\t\t<div class=\"elementor-widget-container\">\n\t\t\t\t\t\t\t\t\t<p>La demande de trafic Wi-Fi va augmenter \u00e0 l'avenir. La nouvelle g\u00e9n\u00e9ration de normes Wi-Fi\u00a0<\/p>\n<p>Le Wi-Fi 6 (802.11ax) a un d\u00e9bit beaucoup plus \u00e9lev\u00e9 que le 802.11ac et offre une meilleure stabilit\u00e9.\u00a0<\/p>\n<p>et compatibilit\u00e9<\/p>\t\t\t\t\t\t\t\t<\/div>\n\t\t\t\t<\/div>\n\t\t\t\t<\/div>\n\t\t<div class=\"elementor-element elementor-element-69341aaa e-con-full e-flex lakit-col-width-auto-no e-container e-con e-child\" data-id=\"69341aaa\" data-element_type=\"container\" data-e-type=\"container\" data-settings=\"{&quot;background_background&quot;:&quot;classic&quot;}\">\n\t\t\t\t<div class=\"elementor-element elementor-element-5a2874e7 elementor-widget elementor-widget-heading\" data-id=\"5a2874e7\" data-element_type=\"widget\" data-e-type=\"widget\" data-widget_type=\"heading.default\">\n\t\t\t\t<div class=\"elementor-widget-container\">\n\t\t\t\t\t<h1 class=\"elementor-heading-title elementor-size-default\">160MHz\nPlus de bande passante Meilleure vitesse<\/h1>\t\t\t\t<\/div>\n\t\t\t\t<\/div>\n\t\t\t\t<\/div>\n\t\t<div class=\"elementor-element elementor-element-67f756e5 e-con-full e-flex lakit-col-width-auto-no e-container e-con e-child\" data-id=\"67f756e5\" data-element_type=\"container\" data-e-type=\"container\" data-settings=\"{&quot;background_background&quot;:&quot;classic&quot;}\">\n\t\t\t\t<div class=\"elementor-element elementor-element-5f24a09c elementor-widget elementor-widget-heading\" data-id=\"5f24a09c\" data-element_type=\"widget\" data-e-type=\"widget\" data-widget_type=\"heading.default\">\n\t\t\t\t<div class=\"elementor-widget-container\">\n\t\t\t\t\t<h1 class=\"elementor-heading-title elementor-size-default\">Jeu de puces Intel CPU\nPuissance sur\u00e9lev\u00e9e<\/h1>\t\t\t\t<\/div>\n\t\t\t\t<\/div>\n\t\t\t\t<div class=\"elementor-element elementor-element-7fafcfd1 elementor-widget elementor-widget-text-editor\" data-id=\"7fafcfd1\" data-element_type=\"widget\" data-e-type=\"widget\" data-widget_type=\"text-editor.default\">\n\t\t\t\t<div class=\"elementor-widget-container\">\n\t\t\t\t\t\t\t\t\t<p>Appliqu\u00e9 avec la derni\u00e8re norme Intel 802.11ax Wi-Fi 6 chipset AX200. Offrant de puissantes performances et\u00a0<\/p>\n<p>une excellente compatibilit\u00e9, tout en r\u00e9duisant la consommation d'\u00e9nergie et en augmentant la long\u00e9vit\u00e9<\/p>\t\t\t\t\t\t\t\t<\/div>\n\t\t\t\t<\/div>\n\t\t\t\t<\/div>\n\t\t<div class=\"elementor-element elementor-element-7655521f e-con-full e-flex lakit-col-width-auto-no e-container e-con e-child\" data-id=\"7655521f\" data-element_type=\"container\" data-e-type=\"container\" data-settings=\"{&quot;background_background&quot;:&quot;classic&quot;}\">\n\t\t\t\t<div class=\"elementor-element elementor-element-1354f4bd elementor-widget elementor-widget-heading\" data-id=\"1354f4bd\" data-element_type=\"widget\" data-e-type=\"widget\" data-widget_type=\"heading.default\">\n\t\t\t\t<div class=\"elementor-widget-container\">\n\t\t\t\t\t<h1 class=\"elementor-heading-title elementor-size-default\">Bluetooth5.2 Une transmission plus forte<\/h1>\t\t\t\t<\/div>\n\t\t\t\t<\/div>\n\t\t\t\t<div class=\"elementor-element elementor-element-330da048 elementor-widget elementor-widget-text-editor\" data-id=\"330da048\" data-element_type=\"widget\" data-e-type=\"widget\" data-widget_type=\"text-editor.default\">\n\t\t\t\t<div class=\"elementor-widget-container\">\n\t\t\t\t\t\t\t\t\t<p>La nouvelle g\u00e9n\u00e9ration de Bluetooth 5.2 offre une transmission plus rapide et plus puissante,\u00a0<\/p>\n<p>et est \u00e9galement compatible avec les versions pr\u00e9c\u00e9dentes<\/p>\t\t\t\t\t\t\t\t<\/div>\n\t\t\t\t<\/div>\n\t\t\t\t<\/div>\n\t\t<div class=\"elementor-element elementor-element-4fb7179a e-con-full e-flex lakit-col-width-auto-no e-container e-con e-child\" data-id=\"4fb7179a\" data-element_type=\"container\" data-e-type=\"container\" data-settings=\"{&quot;background_background&quot;:&quot;classic&quot;}\">\n\t\t\t\t<div class=\"elementor-element elementor-element-7d8af12f elementor-widget elementor-widget-heading\" data-id=\"7d8af12f\" data-element_type=\"widget\" data-e-type=\"widget\" data-widget_type=\"heading.default\">\n\t\t\t\t<div class=\"elementor-widget-container\">\n\t\t\t\t\t<h1 class=\"elementor-heading-title elementor-size-default\">Prise en charge de divers accessoires Bluetooth\n<\/h1>\t\t\t\t<\/div>\n\t\t\t\t<\/div>\n\t\t\t\t<div class=\"elementor-element elementor-element-42e0fe22 elementor-widget elementor-widget-text-editor\" data-id=\"42e0fe22\" data-element_type=\"widget\" data-e-type=\"widget\" data-widget_type=\"text-editor.default\">\n\t\t\t\t<div class=\"elementor-widget-container\">\n\t\t\t\t\t\t\t\t\t<p>Les PC sans Bluetooth peuvent d\u00e9sormais s'associer \u00e0 divers \u00e9quipements Bluetooth apr\u00e8s l'utilisation de ce dispositif.<\/p>\t\t\t\t\t\t\t\t<\/div>\n\t\t\t\t<\/div>\n\t\t\t\t<\/div>\n\t\t<div class=\"elementor-element elementor-element-78448236 e-con-full e-flex lakit-col-width-auto-no e-container e-con e-child\" data-id=\"78448236\" data-element_type=\"container\" data-e-type=\"container\" data-settings=\"{&quot;background_background&quot;:&quot;classic&quot;}\">\n\t\t\t\t<div class=\"elementor-element elementor-element-62707566 elementor-widget elementor-widget-heading\" data-id=\"62707566\" data-element_type=\"widget\" data-e-type=\"widget\" data-widget_type=\"heading.default\">\n\t\t\t\t<div class=\"elementor-widget-container\">\n\t\t\t\t\t<h1 class=\"elementor-heading-title elementor-size-default\">Compatible avec Windows 10\/11<\/h1>\t\t\t\t<\/div>\n\t\t\t\t<\/div>\n\t\t\t\t<div class=\"elementor-element elementor-element-1a66443d elementor-widget elementor-widget-text-editor\" data-id=\"1a66443d\" data-element_type=\"widget\" data-e-type=\"widget\" data-widget_type=\"text-editor.default\">\n\t\t\t\t<div class=\"elementor-widget-container\">\n\t\t\t\t\t\t\t\t\t<p>Compatible avec les syst\u00e8mes Intel Windows 10\/11 (64bit) (l'AX200-M n'est pas compatible avec les plates-formes AMD).\u00a0<\/p>\n<p>syst\u00e8me inf\u00e9rieur \u00e0 Win10\/11) Pour les autres syst\u00e8mes, veuillez choisir un autre mod\u00e8le de carte r\u00e9seau ou consulter le service commercial.<\/p>\t\t\t\t\t\t\t\t<\/div>\n\t\t\t\t<\/div>\n\t\t\t\t<\/div>\n\t\t<div class=\"elementor-element elementor-element-45788c4d e-con-full e-flex lakit-col-width-auto-no e-container e-con e-child\" data-id=\"45788c4d\" data-element_type=\"container\" data-e-type=\"container\" data-settings=\"{&quot;background_background&quot;:&quot;classic&quot;}\">\n\t\t\t\t<div class=\"elementor-element elementor-element-3da1c5c3 elementor-widget elementor-widget-heading\" data-id=\"3da1c5c3\" data-element_type=\"widget\" data-e-type=\"widget\" data-widget_type=\"heading.default\">\n\t\t\t\t<div class=\"elementor-widget-container\">\n\t\t\t\t\t<h1 class=\"elementor-heading-title elementor-size-default\">Carte r\u00e9seau CF-AX200-M<br>\nR\u00e9sum\u00e9 des fonctions<\/h1>\t\t\t\t<\/div>\n\t\t\t\t<\/div>\n\t\t\t\t<\/div>\n\t\t<div class=\"elementor-element elementor-element-34198eee e-con-full e-flex lakit-col-width-auto-no e-container e-con e-child\" data-id=\"34198eee\" data-element_type=\"container\" data-e-type=\"container\" data-settings=\"{&quot;background_background&quot;:&quot;classic&quot;}\">\n\t\t\t\t<div class=\"elementor-element elementor-element-71966fac elementor-widget elementor-widget-heading\" data-id=\"71966fac\" data-element_type=\"widget\" data-e-type=\"widget\" data-widget_type=\"heading.default\">\n\t\t\t\t<div class=\"elementor-widget-container\">\n\t\t\t\t\t<h1 class=\"elementor-heading-title elementor-size-default\">Carte r\u00e9seau pour ordinateur portable\nd\u00e9monstration d'installation<\/h1>\t\t\t\t<\/div>\n\t\t\t\t<\/div>\n\t\t\t\t<\/div>\n\t\t\t\t<\/div>\n\t\t\t\t<\/div>\n\t\t\n    <div class=\"xs_social_share_widget xs_share_url after_content \t\tmain_content  wslu-style-1 wslu-share-box-shaped wslu-fill-colored wslu-none wslu-share-horizontal wslu-theme-font-no wslu-main_content\">\n\n\t\t\n        <ul>\n\t\t\t        <\/ul>\n    <\/div>","protected":false},"excerpt":{"rendered":"<p style=\"text-align: justify;\">Le CF-AX200-M est une carte r\u00e9seau sans fil pour ordinateur portable \u00e0 haut d\u00e9bit qui prend en charge la norme WiFi de sixi\u00e8me g\u00e9n\u00e9ration 802.11ax, offrant une double bande 2,4 et 5,8 GHz avec des vitesses allant jusqu'\u00e0 2974 Mbps, et la technologie Bluetooth 5.2. Gr\u00e2ce \u00e0 sa configuration impressionnante et \u00e0 ses caract\u00e9ristiques pratiques, elle r\u00e9pond facilement aux besoins des utilisateurs en mati\u00e8re de performances.<\/p>\n<ul>\n<li>\n<p style=\"text-align: left;\">Technologie WiFi + Bluetooth 5.2<\/p>\n<\/li>\n<li style=\"text-align: left;\">\n<p>Carte r\u00e9seau sans fil double bande 2974 Mbps pour ordinateur portable<\/p>\n<\/li>\n<li style=\"text-align: left;\">\n<p>Prise en charge du WiFi 802.11ax avec un d\u00e9bit quatre fois plus \u00e9lev\u00e9 dans les environnements denses<\/p>\n<\/li>\n<li style=\"text-align: left;\">\n<p>Permet la r\u00e9ception WiFi pour les ordinateurs portables sans c\u00e2bles r\u00e9seau<\/p>\n<\/li>\n<li style=\"text-align: left;\">\n<p>Un tournevis est inclus pour faciliter l'installation et le retrait.<\/p>\n<\/li>\n<li style=\"text-align: left;\">\n<p>Prise en charge des normes 802.11a\/b\/g\/n\/ac\/ax<\/p>\n<\/li>\n<li style=\"text-align: left;\">\n<p>Double bande 2,4 GHz et 5,8 GHz pour des performances plus fluides<\/p>\n<\/li>\n<li style=\"text-align: left;\">\n<p>Prise en charge de la technologie MU-MIMO pour des vitesses jusqu'\u00e0 trois fois plus rapides<\/p>\n<\/li>\n<li>\n<p style=\"text-align: left;\">Permet une connexion sans fil avec des souris, des haut-parleurs et d'autres appareils Bluetooth<\/p>\n<\/li>\n<\/ul>","protected":false},"featured_media":24177,"template":"","meta":{"_acf_changed":false,"postBodyCss":"","postBodyMargin":[],"postBodyPadding":[],"postBodyBackground":{"backgroundType":"classic","gradient":""},"_links_to":"","_links_to_target":""},"product_brand":[],"product_cat":[215,216],"product_tag":[719],"class_list":{"0":"post-24173","1":"product","2":"type-product","3":"status-publish","4":"has-post-thumbnail","6":"product_cat-wireless-adapter","7":"product_cat-pci-e-adapter","8":"product_tag-cf-ax200-m","10":"first","11":"instock","12":"shipping-taxable","13":"product-type-simple"},"acf":[],"_links":{"self":[{"href":"https:\/\/www.encomfast.com\/fr\/wp-json\/wp\/v2\/product\/24173","targetHints":{"allow":["GET"]}}],"collection":[{"href":"https:\/\/www.encomfast.com\/fr\/wp-json\/wp\/v2\/product"}],"about":[{"href":"https:\/\/www.encomfast.com\/fr\/wp-json\/wp\/v2\/types\/product"}],"version-history":[{"count":0,"href":"https:\/\/www.encomfast.com\/fr\/wp-json\/wp\/v2\/product\/24173\/revisions"}],"wp:featuredmedia":[{"embeddable":true,"href":"https:\/\/www.encomfast.com\/fr\/wp-json\/wp\/v2\/media\/24177"}],"wp:attachment":[{"href":"https:\/\/www.encomfast.com\/fr\/wp-json\/wp\/v2\/media?parent=24173"}],"wp:term":[{"taxonomy":"product_brand","embeddable":true,"href":"https:\/\/www.encomfast.com\/fr\/wp-json\/wp\/v2\/product_brand?post=24173"},{"taxonomy":"product_cat","embeddable":true,"href":"https:\/\/www.encomfast.com\/fr\/wp-json\/wp\/v2\/product_cat?post=24173"},{"taxonomy":"product_tag","embeddable":true,"href":"https:\/\/www.encomfast.com\/fr\/wp-json\/wp\/v2\/product_tag?post=24173"}],"curies":[{"name":"wp","href":"https:\/\/api.w.org\/{rel}","templated":true}]}}