{"id":35979,"date":"2026-04-17T06:53:13","date_gmt":"2026-04-17T06:53:13","guid":{"rendered":"https:\/\/www.encomfast.com\/product\/ax1800-pci-e-wireless-adapter-copy\/"},"modified":"2026-04-17T06:53:15","modified_gmt":"2026-04-17T06:53:15","slug":"ax1800-pci-e-wireless-adapter-4","status":"publish","type":"product","link":"https:\/\/www.encomfast.com\/fr\/produit\/ax1800-pci-e-wireless-adapter-4\/","title":{"rendered":"AX1800 PCI-E Wireless adapter Copy"},"content":{"rendered":"<p><img fetchpriority=\"high\" decoding=\"async\" src=\"https:\/\/www.encomfast.com\/wp-content\/uploads\/2026\/01\/CF-AX180-PRO_01.jpg\" alt=\"\" width=\"990\" height=\"1792\" \/> <img decoding=\"async\" src=\"https:\/\/www.encomfast.com\/wp-content\/uploads\/2026\/01\/CF-AX180-PRO_02.jpg\" alt=\"\" width=\"990\" height=\"1860\" \/> <img decoding=\"async\" src=\"https:\/\/www.encomfast.com\/wp-content\/uploads\/2026\/01\/CF-AX180-PRO_03.jpg\" alt=\"\" width=\"990\" height=\"1631\" \/> <img loading=\"lazy\" decoding=\"async\" src=\"https:\/\/www.encomfast.com\/wp-content\/uploads\/2026\/01\/CF-AX180-PRO_04.jpg\" alt=\"\" width=\"990\" height=\"1642\" \/> <img loading=\"lazy\" decoding=\"async\" src=\"https:\/\/www.encomfast.com\/wp-content\/uploads\/2026\/01\/CF-AX180-PRO_10.jpg\" alt=\"\" width=\"990\" height=\"1568\" \/> <img loading=\"lazy\" decoding=\"async\" src=\"https:\/\/www.encomfast.com\/wp-content\/uploads\/2026\/01\/CF-AX180-PRO_11.jpg\" alt=\"\" width=\"990\" height=\"1569\" \/> <img loading=\"lazy\" decoding=\"async\" src=\"https:\/\/www.encomfast.com\/wp-content\/uploads\/2026\/01\/CF-AX180-PRO_12.jpg\" alt=\"\" width=\"990\" height=\"1852\" \/> <img loading=\"lazy\" decoding=\"async\" src=\"https:\/\/www.encomfast.com\/wp-content\/uploads\/2026\/01\/CF-AX180-PRO_14.jpg\" alt=\"\" width=\"990\" height=\"1300\" \/> <img loading=\"lazy\" decoding=\"async\" src=\"https:\/\/www.encomfast.com\/wp-content\/uploads\/2026\/01\/CF-AX180-PRO_15.jpg\" alt=\"\" width=\"990\" height=\"1641\" \/> <img loading=\"lazy\" decoding=\"async\" src=\"https:\/\/www.encomfast.com\/wp-content\/uploads\/2026\/01\/CF-AX180-PRO_16.jpg\" alt=\"\" width=\"990\" height=\"1284\" \/> <img loading=\"lazy\" decoding=\"async\" src=\"https:\/\/www.encomfast.com\/wp-content\/uploads\/2026\/01\/CF-AX180-PRO_18.jpg\" alt=\"\" width=\"990\" height=\"1386\" \/> <img loading=\"lazy\" decoding=\"async\" src=\"https:\/\/www.encomfast.com\/wp-content\/uploads\/2026\/01\/CF-AX180-PRO_19.jpg\" alt=\"\" width=\"990\" height=\"520\" \/> <img loading=\"lazy\" decoding=\"async\" src=\"https:\/\/www.encomfast.com\/wp-content\/uploads\/2026\/01\/CF-AX180-PRO_20.jpg\" alt=\"\" width=\"990\" height=\"1444\" \/> <img loading=\"lazy\" decoding=\"async\" src=\"https:\/\/www.encomfast.com\/wp-content\/uploads\/2026\/01\/CF-AX180-PRO_21.jpg\" alt=\"\" width=\"990\" height=\"1328\" \/> <img loading=\"lazy\" decoding=\"async\" src=\"https:\/\/www.encomfast.com\/wp-content\/uploads\/2026\/01\/CF-AX180-PRO_22.jpg\" alt=\"\" width=\"990\" height=\"602\" \/><\/p>\n<h1>Why WiFi6 wireless adapteris a must ?<\/h1>\n<p>Wireless routers and newest mobile phoneboth support WiFi 6, as well as your desktop<\/p>\n<h1>1800Mbps High Wireless Speed<\/h1>\n<h1>With strong Receiving and Transmitting ability<\/h1>\n<h1>Strengthen heat dissipationlock <br \/>in low temperature<\/h1>\n<h1>WPA 3 more safe, protect privacy<\/h1>\n<p>Wifi 5 use WPA2 encryption, with KRACK cracking method,WPA 3 with higher safety level.<\/p>\n<h1>Support Win10\/11 System<\/h1>\n<h1>Product detail<\/h1>\n<h1>Guide d'installation du produit<\/h1>\n<h1>Universal PCI-E interface<\/h1>\n<p>This product compatible with PCI-E X1\/X4\/X8\/X16,not compatible with PCI<\/p>\n\n    <div class=\"xs_social_share_widget xs_share_url after_content \t\tmain_content  wslu-style-1 wslu-share-box-shaped wslu-fill-colored wslu-none wslu-share-horizontal wslu-theme-font-no wslu-main_content\">\n\n\t\t\n        <ul>\n\t\t\t        <\/ul>\n    <\/div>","protected":false},"excerpt":{"rendered":"<p style=\"text-align: justify;\">CF-AX180 PRO est une carte r\u00e9seau PCI-E \u00e0 haut d\u00e9bit prenant en charge le WiFi6 (802.11ax), offrant une vitesse bi-bande de 1800Mbps et le Bluetooth 5.2. \u00c9quip\u00e9e d'antennes \u00e0 gain \u00e9lev\u00e9 2*5dBi, elle am\u00e9liore la p\u00e9n\u00e9tration et la couverture du signal, prenant en charge les fr\u00e9quences 2,4 GHz et 5,8 GHz. Parfaite pour les jeux en ligne de grande envergure et le streaming HD, la technologie MU-MIMO garantit des performances sans fil fluides et rapides.<\/p>\n<ul>\n<li style=\"text-align: left;\">\n<p>Dissipateur thermique en accord\u00e9on pour un meilleur refroidissement<\/p>\n<\/li>\n<li style=\"text-align: left;\">\n<p>Compatible avec les emplacements PCI-E 16X\/4X\/8X\/1X, facile \u00e0 installer<\/p>\n<\/li>\n<li style=\"text-align: left;\">\n<p>WiFi6 et Bluetooth 5.2 pour une connectivit\u00e9 sans fil et Bluetooth transparente<\/p>\n<\/li>\n<li style=\"text-align: left;\">\n<p>La fonctionnalit\u00e9 Bluetooth permet de connecter une large gamme d'appareils Bluetooth haut de gamme.<\/p>\n<\/li>\n<li style=\"text-align: left;\">\n<p>Prend en charge la derni\u00e8re norme WiFi 802.11ax<\/p>\n<\/li>\n<li style=\"text-align: left;\">\n<p>Antennes omnidirectionnelles externes 2*5dBi pour une meilleure r\u00e9ception des signaux<\/p>\n<\/li>\n<li style=\"text-align: left;\">\n<p>Les antennes tournent librement pour un positionnement optimal du signal<\/p>\n<\/li>\n<li style=\"text-align: left;\">\n<p>Transmission sans fil \u00e0 grande vitesse 1800Mbps<\/p>\n<\/li>\n<li style=\"text-align: left;\">\n<p>Prise en charge double bande (2,4 GHz et 5,8 GHz) pour des connexions plus rapides et plus stables<\/p>\n<\/li>\n<\/ul>","protected":false},"featured_media":33219,"template":"","meta":{"_acf_changed":false,"postBodyCss":"","postBodyMargin":[],"postBodyPadding":[],"postBodyBackground":{"backgroundType":"classic","gradient":""},"_links_to":"","_links_to_target":""},"product_brand":[],"product_cat":[215,216],"product_tag":[572],"class_list":{"0":"post-35979","1":"product","2":"type-product","3":"status-publish","4":"has-post-thumbnail","6":"product_cat-wireless-adapter","7":"product_cat-pci-e-adapter","8":"product_tag-cf-ax180pro","10":"first","11":"instock","12":"shipping-taxable","13":"product-type-simple"},"acf":[],"_links":{"self":[{"href":"https:\/\/www.encomfast.com\/fr\/wp-json\/wp\/v2\/product\/35979","targetHints":{"allow":["GET"]}}],"collection":[{"href":"https:\/\/www.encomfast.com\/fr\/wp-json\/wp\/v2\/product"}],"about":[{"href":"https:\/\/www.encomfast.com\/fr\/wp-json\/wp\/v2\/types\/product"}],"version-history":[{"count":1,"href":"https:\/\/www.encomfast.com\/fr\/wp-json\/wp\/v2\/product\/35979\/revisions"}],"predecessor-version":[{"id":35980,"href":"https:\/\/www.encomfast.com\/fr\/wp-json\/wp\/v2\/product\/35979\/revisions\/35980"}],"wp:featuredmedia":[{"embeddable":true,"href":"https:\/\/www.encomfast.com\/fr\/wp-json\/wp\/v2\/media\/33219"}],"wp:attachment":[{"href":"https:\/\/www.encomfast.com\/fr\/wp-json\/wp\/v2\/media?parent=35979"}],"wp:term":[{"taxonomy":"product_brand","embeddable":true,"href":"https:\/\/www.encomfast.com\/fr\/wp-json\/wp\/v2\/product_brand?post=35979"},{"taxonomy":"product_cat","embeddable":true,"href":"https:\/\/www.encomfast.com\/fr\/wp-json\/wp\/v2\/product_cat?post=35979"},{"taxonomy":"product_tag","embeddable":true,"href":"https:\/\/www.encomfast.com\/fr\/wp-json\/wp\/v2\/product_tag?post=35979"}],"curies":[{"name":"wp","href":"https:\/\/api.w.org\/{rel}","templated":true}]}}