{"id":7509,"date":"2025-10-29T10:18:15","date_gmt":"2025-10-29T10:18:15","guid":{"rendered":"https:\/\/comfast-20250731.com\/?post_type=product&#038;p=7509"},"modified":"2026-01-28T07:09:18","modified_gmt":"2026-01-28T07:09:18","slug":"300mbps-wireless-repeater-2","status":"publish","type":"product","link":"https:\/\/www.encomfast.com\/fr\/produit\/300mbps-wireless-repeater-2\/","title":{"rendered":"R\u00e9p\u00e9teur sans fil 300Mbps"},"content":{"rendered":"<div data-elementor-type=\"product-post\" data-elementor-id=\"7509\" class=\"elementor elementor-7509\" data-elementor-post-type=\"product\">\n\t\t\t\t<div class=\"elementor-element elementor-element-422f105f e-con-full elementor-hidden-desktop elementor-hidden-tablet e-flex lakit-col-width-auto-no e-container e-root-container elementor-top-section e-con e-parent\" data-id=\"422f105f\" data-element_type=\"container\" data-e-type=\"container\">\n\t\t\t\t<div class=\"elementor-element elementor-element-35a144c elementor-widget elementor-widget-text-editor\" data-id=\"35a144c\" data-element_type=\"widget\" data-e-type=\"widget\" data-widget_type=\"text-editor.default\">\n\t\t\t\t<div class=\"elementor-widget-container\">\n\t\t\t\t\t\t\t\t\t<p><img fetchpriority=\"high\" decoding=\"async\" class=\"aligncenter size-full wp-image-7540\" src=\"https:\/\/www.encomfast.com\/wp-content\/uploads\/2025\/10\/CF-WR301S-V2\u82f1\u6587_01.jpg\" alt=\"\" width=\"990\" height=\"1557\" srcset=\"https:\/\/www.encomfast.com\/wp-content\/uploads\/2025\/10\/CF-WR301S-V2\u82f1\u6587_01.jpg 990w, https:\/\/www.encomfast.com\/wp-content\/uploads\/2025\/10\/CF-WR301S-V2\u82f1\u6587_01-600x944.jpg 600w, https:\/\/www.encomfast.com\/wp-content\/uploads\/2025\/10\/CF-WR301S-V2\u82f1\u6587_01-191x300.jpg 191w, https:\/\/www.encomfast.com\/wp-content\/uploads\/2025\/10\/CF-WR301S-V2\u82f1\u6587_01-651x1024.jpg 651w, https:\/\/www.encomfast.com\/wp-content\/uploads\/2025\/10\/CF-WR301S-V2\u82f1\u6587_01-768x1208.jpg 768w, https:\/\/www.encomfast.com\/wp-content\/uploads\/2025\/10\/CF-WR301S-V2\u82f1\u6587_01-977x1536.jpg 977w, https:\/\/www.encomfast.com\/wp-content\/uploads\/2025\/10\/CF-WR301S-V2\u82f1\u6587_01-8x12.jpg 8w\" sizes=\"(max-width: 990px) 100vw, 990px\" \/> <img decoding=\"async\" class=\"aligncenter size-full wp-image-7541\" src=\"https:\/\/www.encomfast.com\/wp-content\/uploads\/2025\/10\/CF-WR301S-V2\u82f1\u6587_02.jpg\" alt=\"\" width=\"990\" height=\"1556\" srcset=\"https:\/\/www.encomfast.com\/wp-content\/uploads\/2025\/10\/CF-WR301S-V2\u82f1\u6587_02.jpg 990w, https:\/\/www.encomfast.com\/wp-content\/uploads\/2025\/10\/CF-WR301S-V2\u82f1\u6587_02-600x943.jpg 600w, https:\/\/www.encomfast.com\/wp-content\/uploads\/2025\/10\/CF-WR301S-V2\u82f1\u6587_02-191x300.jpg 191w, https:\/\/www.encomfast.com\/wp-content\/uploads\/2025\/10\/CF-WR301S-V2\u82f1\u6587_02-652x1024.jpg 652w, https:\/\/www.encomfast.com\/wp-content\/uploads\/2025\/10\/CF-WR301S-V2\u82f1\u6587_02-768x1207.jpg 768w, https:\/\/www.encomfast.com\/wp-content\/uploads\/2025\/10\/CF-WR301S-V2\u82f1\u6587_02-977x1536.jpg 977w, https:\/\/www.encomfast.com\/wp-content\/uploads\/2025\/10\/CF-WR301S-V2\u82f1\u6587_02-8x12.jpg 8w\" sizes=\"(max-width: 990px) 100vw, 990px\" \/><img decoding=\"async\" class=\"aligncenter size-full wp-image-7542\" src=\"https:\/\/www.encomfast.com\/wp-content\/uploads\/2025\/10\/CF-WR301S-V2\u82f1\u6587_03.jpg\" alt=\"\" width=\"990\" height=\"1562\" srcset=\"https:\/\/www.encomfast.com\/wp-content\/uploads\/2025\/10\/CF-WR301S-V2\u82f1\u6587_03.jpg 990w, https:\/\/www.encomfast.com\/wp-content\/uploads\/2025\/10\/CF-WR301S-V2\u82f1\u6587_03-600x947.jpg 600w, https:\/\/www.encomfast.com\/wp-content\/uploads\/2025\/10\/CF-WR301S-V2\u82f1\u6587_03-190x300.jpg 190w, https:\/\/www.encomfast.com\/wp-content\/uploads\/2025\/10\/CF-WR301S-V2\u82f1\u6587_03-649x1024.jpg 649w, https:\/\/www.encomfast.com\/wp-content\/uploads\/2025\/10\/CF-WR301S-V2\u82f1\u6587_03-768x1212.jpg 768w, https:\/\/www.encomfast.com\/wp-content\/uploads\/2025\/10\/CF-WR301S-V2\u82f1\u6587_03-974x1536.jpg 974w, https:\/\/www.encomfast.com\/wp-content\/uploads\/2025\/10\/CF-WR301S-V2\u82f1\u6587_03-8x12.jpg 8w\" sizes=\"(max-width: 990px) 100vw, 990px\" \/> <img loading=\"lazy\" decoding=\"async\" class=\"aligncenter size-full wp-image-7530\" src=\"https:\/\/www.encomfast.com\/wp-content\/uploads\/2025\/10\/CF-WR301S-V2\u82f1\u6587_04.jpg\" alt=\"\" width=\"990\" height=\"1634\" srcset=\"https:\/\/www.encomfast.com\/wp-content\/uploads\/2025\/10\/CF-WR301S-V2\u82f1\u6587_04.jpg 990w, https:\/\/www.encomfast.com\/wp-content\/uploads\/2025\/10\/CF-WR301S-V2\u82f1\u6587_04-600x990.jpg 600w, https:\/\/www.encomfast.com\/wp-content\/uploads\/2025\/10\/CF-WR301S-V2\u82f1\u6587_04-182x300.jpg 182w, https:\/\/www.encomfast.com\/wp-content\/uploads\/2025\/10\/CF-WR301S-V2\u82f1\u6587_04-620x1024.jpg 620w, https:\/\/www.encomfast.com\/wp-content\/uploads\/2025\/10\/CF-WR301S-V2\u82f1\u6587_04-768x1268.jpg 768w, https:\/\/www.encomfast.com\/wp-content\/uploads\/2025\/10\/CF-WR301S-V2\u82f1\u6587_04-931x1536.jpg 931w, https:\/\/www.encomfast.com\/wp-content\/uploads\/2025\/10\/CF-WR301S-V2\u82f1\u6587_04-7x12.jpg 7w\" sizes=\"(max-width: 990px) 100vw, 990px\" \/> <img loading=\"lazy\" decoding=\"async\" class=\"aligncenter size-full wp-image-7531\" src=\"https:\/\/www.encomfast.com\/wp-content\/uploads\/2025\/10\/CF-WR301S-V2\u82f1\u6587_05.jpg\" alt=\"\" width=\"990\" height=\"1561\" srcset=\"https:\/\/www.encomfast.com\/wp-content\/uploads\/2025\/10\/CF-WR301S-V2\u82f1\u6587_05.jpg 990w, https:\/\/www.encomfast.com\/wp-content\/uploads\/2025\/10\/CF-WR301S-V2\u82f1\u6587_05-600x946.jpg 600w, https:\/\/www.encomfast.com\/wp-content\/uploads\/2025\/10\/CF-WR301S-V2\u82f1\u6587_05-190x300.jpg 190w, https:\/\/www.encomfast.com\/wp-content\/uploads\/2025\/10\/CF-WR301S-V2\u82f1\u6587_05-649x1024.jpg 649w, https:\/\/www.encomfast.com\/wp-content\/uploads\/2025\/10\/CF-WR301S-V2\u82f1\u6587_05-768x1211.jpg 768w, https:\/\/www.encomfast.com\/wp-content\/uploads\/2025\/10\/CF-WR301S-V2\u82f1\u6587_05-974x1536.jpg 974w, https:\/\/www.encomfast.com\/wp-content\/uploads\/2025\/10\/CF-WR301S-V2\u82f1\u6587_05-8x12.jpg 8w\" sizes=\"(max-width: 990px) 100vw, 990px\" \/> <img loading=\"lazy\" decoding=\"async\" class=\"aligncenter size-full wp-image-7532\" src=\"https:\/\/www.encomfast.com\/wp-content\/uploads\/2025\/10\/CF-WR301S-V2\u82f1\u6587_06.jpg\" alt=\"\" width=\"990\" height=\"1504\" srcset=\"https:\/\/www.encomfast.com\/wp-content\/uploads\/2025\/10\/CF-WR301S-V2\u82f1\u6587_06.jpg 990w, https:\/\/www.encomfast.com\/wp-content\/uploads\/2025\/10\/CF-WR301S-V2\u82f1\u6587_06-600x912.jpg 600w, https:\/\/www.encomfast.com\/wp-content\/uploads\/2025\/10\/CF-WR301S-V2\u82f1\u6587_06-197x300.jpg 197w, https:\/\/www.encomfast.com\/wp-content\/uploads\/2025\/10\/CF-WR301S-V2\u82f1\u6587_06-674x1024.jpg 674w, https:\/\/www.encomfast.com\/wp-content\/uploads\/2025\/10\/CF-WR301S-V2\u82f1\u6587_06-768x1167.jpg 768w, https:\/\/www.encomfast.com\/wp-content\/uploads\/2025\/10\/CF-WR301S-V2\u82f1\u6587_06-8x12.jpg 8w\" sizes=\"(max-width: 990px) 100vw, 990px\" \/> <img loading=\"lazy\" decoding=\"async\" class=\"aligncenter size-full wp-image-7534\" src=\"https:\/\/www.encomfast.com\/wp-content\/uploads\/2025\/10\/CF-WR301S-V2\u82f1\u6587_07.jpg\" alt=\"\" width=\"990\" height=\"1381\" srcset=\"https:\/\/www.encomfast.com\/wp-content\/uploads\/2025\/10\/CF-WR301S-V2\u82f1\u6587_07.jpg 990w, https:\/\/www.encomfast.com\/wp-content\/uploads\/2025\/10\/CF-WR301S-V2\u82f1\u6587_07-600x837.jpg 600w, https:\/\/www.encomfast.com\/wp-content\/uploads\/2025\/10\/CF-WR301S-V2\u82f1\u6587_07-215x300.jpg 215w, https:\/\/www.encomfast.com\/wp-content\/uploads\/2025\/10\/CF-WR301S-V2\u82f1\u6587_07-734x1024.jpg 734w, https:\/\/www.encomfast.com\/wp-content\/uploads\/2025\/10\/CF-WR301S-V2\u82f1\u6587_07-768x1071.jpg 768w, https:\/\/www.encomfast.com\/wp-content\/uploads\/2025\/10\/CF-WR301S-V2\u82f1\u6587_07-9x12.jpg 9w\" sizes=\"(max-width: 990px) 100vw, 990px\" \/> <img loading=\"lazy\" decoding=\"async\" class=\"aligncenter size-full wp-image-7538\" src=\"https:\/\/www.encomfast.com\/wp-content\/uploads\/2025\/10\/CF-WR301S-V2\u82f1\u6587_11.jpg\" alt=\"\" width=\"990\" height=\"1115\" srcset=\"https:\/\/www.encomfast.com\/wp-content\/uploads\/2025\/10\/CF-WR301S-V2\u82f1\u6587_11.jpg 990w, https:\/\/www.encomfast.com\/wp-content\/uploads\/2025\/10\/CF-WR301S-V2\u82f1\u6587_11-600x676.jpg 600w, https:\/\/www.encomfast.com\/wp-content\/uploads\/2025\/10\/CF-WR301S-V2\u82f1\u6587_11-266x300.jpg 266w, https:\/\/www.encomfast.com\/wp-content\/uploads\/2025\/10\/CF-WR301S-V2\u82f1\u6587_11-909x1024.jpg 909w, https:\/\/www.encomfast.com\/wp-content\/uploads\/2025\/10\/CF-WR301S-V2\u82f1\u6587_11-768x865.jpg 768w, https:\/\/www.encomfast.com\/wp-content\/uploads\/2025\/10\/CF-WR301S-V2\u82f1\u6587_11-11x12.jpg 11w\" sizes=\"(max-width: 990px) 100vw, 990px\" \/> <img loading=\"lazy\" decoding=\"async\" class=\"aligncenter size-full wp-image-7539\" src=\"https:\/\/www.encomfast.com\/wp-content\/uploads\/2025\/10\/CF-WR301S-V2\u82f1\u6587_12.jpg\" alt=\"\" width=\"990\" height=\"1482\" srcset=\"https:\/\/www.encomfast.com\/wp-content\/uploads\/2025\/10\/CF-WR301S-V2\u82f1\u6587_12.jpg 990w, https:\/\/www.encomfast.com\/wp-content\/uploads\/2025\/10\/CF-WR301S-V2\u82f1\u6587_12-600x898.jpg 600w, https:\/\/www.encomfast.com\/wp-content\/uploads\/2025\/10\/CF-WR301S-V2\u82f1\u6587_12-200x300.jpg 200w, https:\/\/www.encomfast.com\/wp-content\/uploads\/2025\/10\/CF-WR301S-V2\u82f1\u6587_12-684x1024.jpg 684w, https:\/\/www.encomfast.com\/wp-content\/uploads\/2025\/10\/CF-WR301S-V2\u82f1\u6587_12-768x1150.jpg 768w, https:\/\/www.encomfast.com\/wp-content\/uploads\/2025\/10\/CF-WR301S-V2\u82f1\u6587_12-8x12.jpg 8w\" sizes=\"(max-width: 990px) 100vw, 990px\" \/><\/p>\t\t\t\t\t\t\t\t<\/div>\n\t\t\t\t<\/div>\n\t\t\t\t<\/div>\n\t\t<div class=\"elementor-element elementor-element-7b66ee32 e-con-full elementor-hidden-mobile e-flex lakit-col-width-auto-no e-container e-root-container elementor-top-section e-con e-parent\" data-id=\"7b66ee32\" data-element_type=\"container\" data-e-type=\"container\">\n\t\t<div class=\"elementor-element elementor-element-5889abce e-con-full elementor-hidden-mobile e-flex lakit-col-width-auto-no e-container e-con e-child\" data-id=\"5889abce\" data-element_type=\"container\" data-e-type=\"container\" data-settings=\"{&quot;background_background&quot;:&quot;classic&quot;}\">\n\t\t\t\t<\/div>\n\t\t<div class=\"elementor-element elementor-element-9619281 e-con-full elementor-hidden-mobile e-flex lakit-col-width-auto-no e-container e-con e-child\" data-id=\"9619281\" data-element_type=\"container\" data-e-type=\"container\" data-settings=\"{&quot;background_background&quot;:&quot;classic&quot;}\">\n\t\t\t\t<div class=\"elementor-element elementor-element-30ce775 elementor-widget elementor-widget-heading\" data-id=\"30ce775\" data-element_type=\"widget\" data-e-type=\"widget\" data-widget_type=\"heading.default\">\n\t\t\t\t<div class=\"elementor-widget-container\">\n\t\t\t\t\t<h1 class=\"elementor-heading-title elementor-size-default\">Clean the dead corners of WiFi<\/h1>\t\t\t\t<\/div>\n\t\t\t\t<\/div>\n\t\t\t\t<div class=\"elementor-element elementor-element-7bca29b elementor-widget elementor-widget-text-editor\" data-id=\"7bca29b\" data-element_type=\"widget\" data-e-type=\"widget\" data-widget_type=\"text-editor.default\">\n\t\t\t\t<div class=\"elementor-widget-container\">\n\t\t\t\t\t\t\t\t\t<p>Clean the dead corners of WiFi, and the whole house is WiFi covered without worry<\/p><p>Balcony, room, bathroom WiFi problem easily solved<\/p>\t\t\t\t\t\t\t\t<\/div>\n\t\t\t\t<\/div>\n\t\t\t\t<\/div>\n\t\t<div class=\"elementor-element elementor-element-7408fbf e-con-full elementor-hidden-mobile e-flex lakit-col-width-auto-no e-container e-con e-child\" data-id=\"7408fbf\" data-element_type=\"container\" data-e-type=\"container\" data-settings=\"{&quot;background_background&quot;:&quot;classic&quot;}\">\n\t\t\t\t<div class=\"elementor-element elementor-element-db8beed elementor-widget elementor-widget-heading\" data-id=\"db8beed\" data-element_type=\"widget\" data-e-type=\"widget\" data-widget_type=\"heading.default\">\n\t\t\t\t<div class=\"elementor-widget-container\">\n\t\t\t\t\t<h1 class=\"elementor-heading-title elementor-size-default\">8 Advantages<\/h1>\t\t\t\t<\/div>\n\t\t\t\t<\/div>\n\t\t\t\t<\/div>\n\t\t<div class=\"elementor-element elementor-element-cfc8fd6 e-con-full elementor-hidden-mobile e-flex lakit-col-width-auto-no e-container e-con e-child\" data-id=\"cfc8fd6\" data-element_type=\"container\" data-e-type=\"container\" data-settings=\"{&quot;background_background&quot;:&quot;classic&quot;}\">\n\t\t\t\t<div class=\"elementor-element elementor-element-0578fc0 elementor-widget elementor-widget-heading\" data-id=\"0578fc0\" data-element_type=\"widget\" data-e-type=\"widget\" data-widget_type=\"heading.default\">\n\t\t\t\t<div class=\"elementor-widget-container\">\n\t\t\t\t\t<h1 class=\"elementor-heading-title elementor-size-default\">Strong signal, fast wall-through<\/h1>\t\t\t\t<\/div>\n\t\t\t\t<\/div>\n\t\t\t\t<div class=\"elementor-element elementor-element-1d6e9fa elementor-widget elementor-widget-text-editor\" data-id=\"1d6e9fa\" data-element_type=\"widget\" data-e-type=\"widget\" data-widget_type=\"text-editor.default\">\n\t\t\t\t<div class=\"elementor-widget-container\">\n\t\t\t\t\t\t\t\t\t<p>Dual external antenna design, Flexible angle adjustment,fast and stable signal transmission<\/p>\t\t\t\t\t\t\t\t<\/div>\n\t\t\t\t<\/div>\n\t\t\t\t<\/div>\n\t\t<div class=\"elementor-element elementor-element-8ce64f2 e-con-full elementor-hidden-mobile e-flex lakit-col-width-auto-no e-container e-con e-child\" data-id=\"8ce64f2\" data-element_type=\"container\" data-e-type=\"container\" data-settings=\"{&quot;background_background&quot;:&quot;classic&quot;}\">\n\t\t\t\t<div class=\"elementor-element elementor-element-2af78f7 elementor-widget elementor-widget-heading\" data-id=\"2af78f7\" data-element_type=\"widget\" data-e-type=\"widget\" data-widget_type=\"heading.default\">\n\t\t\t\t<div class=\"elementor-widget-container\">\n\t\t\t\t\t<h1 class=\"elementor-heading-title elementor-size-default\">300Mbps fast speed<\/h1>\t\t\t\t<\/div>\n\t\t\t\t<\/div>\n\t\t\t\t<div class=\"elementor-element elementor-element-6b82df9 elementor-widget elementor-widget-text-editor\" data-id=\"6b82df9\" data-element_type=\"widget\" data-e-type=\"widget\" data-widget_type=\"text-editor.default\">\n\t\t\t\t<div class=\"elementor-widget-container\">\n\t\t\t\t\t\t\t\t\t<p>While the wireless transmission rate is kept at 300Mbps,it automatically selects a better signal,\u00a0<\/p>\n<p>bringing you a better experience anytime, anywhere<\/p>\t\t\t\t\t\t\t\t<\/div>\n\t\t\t\t<\/div>\n\t\t\t\t<\/div>\n\t\t<div class=\"elementor-element elementor-element-96d61d3 e-con-full elementor-hidden-mobile e-flex lakit-col-width-auto-no e-container e-con e-child\" data-id=\"96d61d3\" data-element_type=\"container\" data-e-type=\"container\" data-settings=\"{&quot;background_background&quot;:&quot;classic&quot;}\">\n\t\t\t\t<div class=\"elementor-element elementor-element-188e087 elementor-widget elementor-widget-heading\" data-id=\"188e087\" data-element_type=\"widget\" data-e-type=\"widget\" data-widget_type=\"heading.default\">\n\t\t\t\t<div class=\"elementor-widget-container\">\n\t\t\t\t\t<h1 class=\"elementor-heading-title elementor-size-default\">Plug and play<\/h1>\t\t\t\t<\/div>\n\t\t\t\t<\/div>\n\t\t\t\t<div class=\"elementor-element elementor-element-1a327d2 elementor-widget elementor-widget-text-editor\" data-id=\"1a327d2\" data-element_type=\"widget\" data-e-type=\"widget\" data-widget_type=\"text-editor.default\">\n\t\t\t\t<div class=\"elementor-widget-container\">\n\t\t\t\t\t\t\t\t\t<p>After completing the initial pairing with the router,<\/p>\n<p>you can plug nd unplug it at any time, and use it once for a long time.<\/p>\t\t\t\t\t\t\t\t<\/div>\n\t\t\t\t<\/div>\n\t\t\t\t<\/div>\n\t\t<div class=\"elementor-element elementor-element-518bab9 e-con-full elementor-hidden-mobile e-flex lakit-col-width-auto-no e-container e-con e-child\" data-id=\"518bab9\" data-element_type=\"container\" data-e-type=\"container\" data-settings=\"{&quot;background_background&quot;:&quot;classic&quot;}\">\n\t\t\t\t<div class=\"elementor-element elementor-element-c79d1d5 elementor-widget elementor-widget-heading\" data-id=\"c79d1d5\" data-element_type=\"widget\" data-e-type=\"widget\" data-widget_type=\"heading.default\">\n\t\t\t\t<div class=\"elementor-widget-container\">\n\t\t\t\t\t<h1 class=\"elementor-heading-title elementor-size-default\">Led indicator, More intuitive<\/h1>\t\t\t\t<\/div>\n\t\t\t\t<\/div>\n\t\t\t\t<div class=\"elementor-element elementor-element-ae0d447 elementor-widget elementor-widget-text-editor\" data-id=\"ae0d447\" data-element_type=\"widget\" data-e-type=\"widget\" data-widget_type=\"text-editor.default\">\n\t\t\t\t<div class=\"elementor-widget-container\">\n\t\t\t\t\t\t\t\t\t<p>The user can judge the signal strength of the amplifier according to the color of the\u00a0<\/p>\n<p>smart signal light to determine a better placement position<\/p>\t\t\t\t\t\t\t\t<\/div>\n\t\t\t\t<\/div>\n\t\t\t\t<\/div>\n\t\t<div class=\"elementor-element elementor-element-15f747a e-con-full elementor-hidden-mobile e-flex lakit-col-width-auto-no e-container e-con e-child\" data-id=\"15f747a\" data-element_type=\"container\" data-e-type=\"container\" data-settings=\"{&quot;background_background&quot;:&quot;classic&quot;}\">\n\t\t\t\t<div class=\"elementor-element elementor-element-279619e elementor-widget elementor-widget-heading\" data-id=\"279619e\" data-element_type=\"widget\" data-e-type=\"widget\" data-widget_type=\"heading.default\">\n\t\t\t\t<div class=\"elementor-widget-container\">\n\t\t\t\t\t<h1 class=\"elementor-heading-title elementor-size-default\">Smart WiFi extender<\/h1>\t\t\t\t<\/div>\n\t\t\t\t<\/div>\n\t\t\t\t<div class=\"elementor-element elementor-element-d5612dc elementor-widget elementor-widget-text-editor\" data-id=\"d5612dc\" data-element_type=\"widget\" data-e-type=\"widget\" data-widget_type=\"text-editor.default\">\n\t\t\t\t<div class=\"elementor-widget-container\">\n\t\t\t\t\t\t\t\t\t<p>The body is compact, does not take up space, does not affect the use of neighboring electrical appliances,<\/p>\n<p>and is portable, suitable for home and travel<\/p>\t\t\t\t\t\t\t\t<\/div>\n\t\t\t\t<\/div>\n\t\t\t\t<\/div>\n\t\t<div class=\"elementor-element elementor-element-266d867 e-con-full elementor-hidden-mobile e-flex lakit-col-width-auto-no e-container e-con e-child\" data-id=\"266d867\" data-element_type=\"container\" data-e-type=\"container\" data-settings=\"{&quot;background_background&quot;:&quot;classic&quot;}\">\n\t\t\t\t<div class=\"elementor-element elementor-element-03bfc38 elementor-widget elementor-widget-heading\" data-id=\"03bfc38\" data-element_type=\"widget\" data-e-type=\"widget\" data-widget_type=\"heading.default\">\n\t\t\t\t<div class=\"elementor-widget-container\">\n\t\t\t\t\t<h1 class=\"elementor-heading-title elementor-size-default\">Fast cooling and stable operation<\/h1>\t\t\t\t<\/div>\n\t\t\t\t<\/div>\n\t\t\t\t<div class=\"elementor-element elementor-element-9f3d417 elementor-widget elementor-widget-text-editor\" data-id=\"9f3d417\" data-element_type=\"widget\" data-e-type=\"widget\" data-widget_type=\"text-editor.default\">\n\t\t\t\t<div class=\"elementor-widget-container\">\n\t\t\t\t\t\t\t\t\t<p>The design of cooling holes on both sides of the fuselage ensures the stable operation of the equipment<\/p>\t\t\t\t\t\t\t\t<\/div>\n\t\t\t\t<\/div>\n\t\t\t\t<\/div>\n\t\t<div class=\"elementor-element elementor-element-12e399e e-con-full elementor-hidden-mobile e-flex lakit-col-width-auto-no e-container e-con e-child\" data-id=\"12e399e\" data-element_type=\"container\" data-e-type=\"container\" data-settings=\"{&quot;background_background&quot;:&quot;classic&quot;}\">\n\t\t\t\t<div class=\"elementor-element elementor-element-5f73d94 elementor-widget elementor-widget-heading\" data-id=\"5f73d94\" data-element_type=\"widget\" data-e-type=\"widget\" data-widget_type=\"heading.default\">\n\t\t\t\t<div class=\"elementor-widget-container\">\n\t\t\t\t\t<h1 class=\"elementor-heading-title elementor-size-default\">Only Three Steps To Complete The Setup<\/h1>\t\t\t\t<\/div>\n\t\t\t\t<\/div>\n\t\t\t\t<div class=\"elementor-element elementor-element-96755fb elementor-widget elementor-widget-text-editor\" data-id=\"96755fb\" data-element_type=\"widget\" data-e-type=\"widget\" data-widget_type=\"text-editor.default\">\n\t\t\t\t<div class=\"elementor-widget-container\">\n\t\t\t\t\t\t\t\t\t<p>Easy to set up the repeater model by cellphone\/computer\/iPad<\/p>\t\t\t\t\t\t\t\t<\/div>\n\t\t\t\t<\/div>\n\t\t\t\t<\/div>\n\t\t<div class=\"elementor-element elementor-element-c37c889 e-con-full elementor-hidden-mobile e-flex lakit-col-width-auto-no e-container e-con e-child\" data-id=\"c37c889\" data-element_type=\"container\" data-e-type=\"container\" data-settings=\"{&quot;background_background&quot;:&quot;classic&quot;}\">\n\t\t\t\t<div class=\"elementor-element elementor-element-11dcd0d elementor-widget elementor-widget-heading\" data-id=\"11dcd0d\" data-element_type=\"widget\" data-e-type=\"widget\" data-widget_type=\"heading.default\">\n\t\t\t\t<div class=\"elementor-widget-container\">\n\t\t\t\t\t<h1 class=\"elementor-heading-title elementor-size-default\">High compatible, more durable<\/h1>\t\t\t\t<\/div>\n\t\t\t\t<\/div>\n\t\t\t\t<div class=\"elementor-element elementor-element-b31b8cc elementor-widget elementor-widget-text-editor\" data-id=\"b31b8cc\" data-element_type=\"widget\" data-e-type=\"widget\" data-widget_type=\"text-editor.default\">\n\t\t\t\t<div class=\"elementor-widget-container\">\n\t\t\t\t\t\t\t\t\t<p>This wireless repeater compatible with most wireless routers,<\/p>\n<p>router upgrade won&#8217;t influence the usage of the wireless repeater, just configure it again.<\/p>\t\t\t\t\t\t\t\t<\/div>\n\t\t\t\t<\/div>\n\t\t\t\t<\/div>\n\t\t\t\t<\/div>\n\t\t\t\t<\/div>\n\t\t\n    <div class=\"xs_social_share_widget xs_share_url after_content \t\tmain_content  wslu-style-1 wslu-share-box-shaped wslu-fill-colored wslu-none wslu-share-horizontal wslu-theme-font-no wslu-main_content\">\n\n\t\t\n        <ul>\n\t\t\t        <\/ul>\n    <\/div>","protected":false},"excerpt":{"rendered":"<p style=\"text-align: justify;\">Le CF-WR301S V2 est un booster de signal Wifi 300Mbps con\u00e7u pour \u00e9tendre la couverture de votre routeur jusqu'\u00e0 80\u33a1. Dot\u00e9 de deux antennes externes pour une meilleure p\u00e9n\u00e9tration des murs, il \u00e9limine facilement les zones mortes dans les salons, les chambres et les balcons. Sa configuration simple et sa fonction de m\u00e9morisation permettent d'obtenir un r\u00e9seau sans fil stable et \u00e9tendu pour une diffusion en continu et des appels vid\u00e9o dans toute la maison.<\/p>\n<ul>\n<li>\n<p style=\"text-align: left;\">Finition polie blanc nacr\u00e9, s'int\u00e8gre \u00e0 tous les d\u00e9cors<\/p>\n<\/li>\n<li style=\"text-align: left;\">\n<p>Ventilation lat\u00e9rale pour un fonctionnement stable<\/p>\n<\/li>\n<li style=\"text-align: left;\">\n<p>Deux antennes externes \u00e0 gain \u00e9lev\u00e9 pour un signal puissant<\/p>\n<\/li>\n<li style=\"text-align: left;\">\n<p>Extension du r\u00e9seau sans fil jusqu'\u00e0 300 Mbps<\/p>\n<\/li>\n<li style=\"text-align: left;\">\n<p>Am\u00e9liore la p\u00e9n\u00e9tration du signal pour \u00e9liminer les zones mortes<\/p>\n<\/li>\n<li style=\"text-align: left;\">\n<p>Extension de la zone de couverture jusqu'\u00e0 80 m\u00e8tres carr\u00e9s<\/p>\n<\/li>\n<li style=\"text-align: left;\">\n<p>Large compatibilit\u00e9 avec la plupart des routeurs du march\u00e9<\/p>\n<\/li>\n<li style=\"text-align: left;\">\n<p>La fonction m\u00e9moire conserve les r\u00e9glages apr\u00e8s un cycle d'alimentation<\/p>\n<\/li>\n<li>\n<p style=\"text-align: left;\">L'indicateur intelligent affiche clairement l'intensit\u00e9 du signal<\/p>\n<\/li>\n<\/ul>","protected":false},"featured_media":7545,"template":"","meta":{"_acf_changed":false,"postBodyCss":"","postBodyMargin":[],"postBodyPadding":[],"postBodyBackground":{"backgroundType":"classic","gradient":""},"_links_to":"","_links_to_target":""},"product_brand":[],"product_cat":[172,213],"product_tag":[312],"class_list":{"0":"post-7509","1":"product","2":"type-product","3":"status-publish","4":"has-post-thumbnail","6":"product_cat-wireless-repeater","7":"product_cat-pwr-repeater","8":"product_tag-cf-wr301s-v2","10":"first","11":"instock","12":"shipping-taxable","13":"product-type-simple"},"acf":[],"_links":{"self":[{"href":"https:\/\/www.encomfast.com\/fr\/wp-json\/wp\/v2\/product\/7509","targetHints":{"allow":["GET"]}}],"collection":[{"href":"https:\/\/www.encomfast.com\/fr\/wp-json\/wp\/v2\/product"}],"about":[{"href":"https:\/\/www.encomfast.com\/fr\/wp-json\/wp\/v2\/types\/product"}],"version-history":[{"count":5,"href":"https:\/\/www.encomfast.com\/fr\/wp-json\/wp\/v2\/product\/7509\/revisions"}],"predecessor-version":[{"id":33145,"href":"https:\/\/www.encomfast.com\/fr\/wp-json\/wp\/v2\/product\/7509\/revisions\/33145"}],"wp:featuredmedia":[{"embeddable":true,"href":"https:\/\/www.encomfast.com\/fr\/wp-json\/wp\/v2\/media\/7545"}],"wp:attachment":[{"href":"https:\/\/www.encomfast.com\/fr\/wp-json\/wp\/v2\/media?parent=7509"}],"wp:term":[{"taxonomy":"product_brand","embeddable":true,"href":"https:\/\/www.encomfast.com\/fr\/wp-json\/wp\/v2\/product_brand?post=7509"},{"taxonomy":"product_cat","embeddable":true,"href":"https:\/\/www.encomfast.com\/fr\/wp-json\/wp\/v2\/product_cat?post=7509"},{"taxonomy":"product_tag","embeddable":true,"href":"https:\/\/www.encomfast.com\/fr\/wp-json\/wp\/v2\/product_tag?post=7509"}],"curies":[{"name":"wp","href":"https:\/\/api.w.org\/{rel}","templated":true}]}}