{"id":7575,"date":"2025-10-29T10:34:44","date_gmt":"2025-10-29T10:34:44","guid":{"rendered":"https:\/\/comfast-20250731.com\/?post_type=product&#038;p=7575"},"modified":"2026-01-28T08:03:43","modified_gmt":"2026-01-28T08:03:43","slug":"300mbps-wireless-repeater-3","status":"publish","type":"product","link":"https:\/\/www.encomfast.com\/fr\/produit\/300mbps-wireless-repeater-3\/","title":{"rendered":"R\u00e9p\u00e9teur sans fil 300Mbps"},"content":{"rendered":"<div data-elementor-type=\"product-post\" data-elementor-id=\"7575\" class=\"elementor elementor-7575\" data-elementor-post-type=\"product\">\n\t\t\t\t<div class=\"elementor-element elementor-element-14455781 e-con-full elementor-hidden-desktop elementor-hidden-tablet e-flex lakit-col-width-auto-no e-container e-root-container elementor-top-section e-con e-parent\" data-id=\"14455781\" data-element_type=\"container\" data-e-type=\"container\">\n\t\t\t\t<div class=\"elementor-element elementor-element-17e9ea18 elementor-widget elementor-widget-text-editor\" data-id=\"17e9ea18\" data-element_type=\"widget\" data-e-type=\"widget\" data-widget_type=\"text-editor.default\">\n\t\t\t\t<div class=\"elementor-widget-container\">\n\t\t\t\t\t\t\t\t\t<p><img fetchpriority=\"high\" decoding=\"async\" class=\"aligncenter size-full wp-image-7578\" src=\"https:\/\/www.encomfast.com\/wp-content\/uploads\/2025\/10\/302S_01.jpg\" alt=\"\" width=\"960\" height=\"882\" srcset=\"https:\/\/www.encomfast.com\/wp-content\/uploads\/2025\/10\/302S_01.jpg 960w, https:\/\/www.encomfast.com\/wp-content\/uploads\/2025\/10\/302S_01-600x551.jpg 600w, https:\/\/www.encomfast.com\/wp-content\/uploads\/2025\/10\/302S_01-300x276.jpg 300w, https:\/\/www.encomfast.com\/wp-content\/uploads\/2025\/10\/302S_01-768x706.jpg 768w, https:\/\/www.encomfast.com\/wp-content\/uploads\/2025\/10\/302S_01-13x12.jpg 13w\" sizes=\"(max-width: 960px) 100vw, 960px\" \/> <img decoding=\"async\" class=\"aligncenter size-full wp-image-7579\" src=\"https:\/\/www.encomfast.com\/wp-content\/uploads\/2025\/10\/302S_02.jpg\" alt=\"\" width=\"960\" height=\"564\" srcset=\"https:\/\/www.encomfast.com\/wp-content\/uploads\/2025\/10\/302S_02.jpg 960w, https:\/\/www.encomfast.com\/wp-content\/uploads\/2025\/10\/302S_02-600x353.jpg 600w, https:\/\/www.encomfast.com\/wp-content\/uploads\/2025\/10\/302S_02-300x176.jpg 300w, https:\/\/www.encomfast.com\/wp-content\/uploads\/2025\/10\/302S_02-768x451.jpg 768w, https:\/\/www.encomfast.com\/wp-content\/uploads\/2025\/10\/302S_02-18x12.jpg 18w\" sizes=\"(max-width: 960px) 100vw, 960px\" \/> <img decoding=\"async\" class=\"aligncenter size-full wp-image-7580\" src=\"https:\/\/www.encomfast.com\/wp-content\/uploads\/2025\/10\/302S_03.jpg\" alt=\"\" width=\"960\" height=\"744\" srcset=\"https:\/\/www.encomfast.com\/wp-content\/uploads\/2025\/10\/302S_03.jpg 960w, https:\/\/www.encomfast.com\/wp-content\/uploads\/2025\/10\/302S_03-600x465.jpg 600w, https:\/\/www.encomfast.com\/wp-content\/uploads\/2025\/10\/302S_03-300x233.jpg 300w, https:\/\/www.encomfast.com\/wp-content\/uploads\/2025\/10\/302S_03-768x595.jpg 768w, https:\/\/www.encomfast.com\/wp-content\/uploads\/2025\/10\/302S_03-15x12.jpg 15w\" sizes=\"(max-width: 960px) 100vw, 960px\" \/> <img loading=\"lazy\" decoding=\"async\" class=\"aligncenter size-full wp-image-7582\" src=\"https:\/\/www.encomfast.com\/wp-content\/uploads\/2025\/10\/302S_04.jpg\" alt=\"\" width=\"960\" height=\"728\" srcset=\"https:\/\/www.encomfast.com\/wp-content\/uploads\/2025\/10\/302S_04.jpg 960w, https:\/\/www.encomfast.com\/wp-content\/uploads\/2025\/10\/302S_04-600x455.jpg 600w, https:\/\/www.encomfast.com\/wp-content\/uploads\/2025\/10\/302S_04-300x228.jpg 300w, https:\/\/www.encomfast.com\/wp-content\/uploads\/2025\/10\/302S_04-768x582.jpg 768w, https:\/\/www.encomfast.com\/wp-content\/uploads\/2025\/10\/302S_04-16x12.jpg 16w\" sizes=\"(max-width: 960px) 100vw, 960px\" \/> <img loading=\"lazy\" decoding=\"async\" class=\"aligncenter size-full wp-image-7583\" src=\"https:\/\/www.encomfast.com\/wp-content\/uploads\/2025\/10\/302S_05.jpg\" alt=\"\" width=\"960\" height=\"850\" srcset=\"https:\/\/www.encomfast.com\/wp-content\/uploads\/2025\/10\/302S_05.jpg 960w, https:\/\/www.encomfast.com\/wp-content\/uploads\/2025\/10\/302S_05-600x531.jpg 600w, https:\/\/www.encomfast.com\/wp-content\/uploads\/2025\/10\/302S_05-300x266.jpg 300w, https:\/\/www.encomfast.com\/wp-content\/uploads\/2025\/10\/302S_05-768x680.jpg 768w, https:\/\/www.encomfast.com\/wp-content\/uploads\/2025\/10\/302S_05-14x12.jpg 14w\" sizes=\"(max-width: 960px) 100vw, 960px\" \/> <img loading=\"lazy\" decoding=\"async\" class=\"aligncenter size-full wp-image-7584\" src=\"https:\/\/www.encomfast.com\/wp-content\/uploads\/2025\/10\/302S_06.jpg\" alt=\"\" width=\"960\" height=\"621\" srcset=\"https:\/\/www.encomfast.com\/wp-content\/uploads\/2025\/10\/302S_06.jpg 960w, https:\/\/www.encomfast.com\/wp-content\/uploads\/2025\/10\/302S_06-600x388.jpg 600w, https:\/\/www.encomfast.com\/wp-content\/uploads\/2025\/10\/302S_06-300x194.jpg 300w, https:\/\/www.encomfast.com\/wp-content\/uploads\/2025\/10\/302S_06-768x497.jpg 768w, https:\/\/www.encomfast.com\/wp-content\/uploads\/2025\/10\/302S_06-18x12.jpg 18w\" sizes=\"(max-width: 960px) 100vw, 960px\" \/> <img loading=\"lazy\" decoding=\"async\" class=\"aligncenter size-full wp-image-7586\" src=\"https:\/\/www.encomfast.com\/wp-content\/uploads\/2025\/10\/302S_07.jpg\" alt=\"\" width=\"960\" height=\"830\" srcset=\"https:\/\/www.encomfast.com\/wp-content\/uploads\/2025\/10\/302S_07.jpg 960w, https:\/\/www.encomfast.com\/wp-content\/uploads\/2025\/10\/302S_07-600x519.jpg 600w, https:\/\/www.encomfast.com\/wp-content\/uploads\/2025\/10\/302S_07-300x259.jpg 300w, https:\/\/www.encomfast.com\/wp-content\/uploads\/2025\/10\/302S_07-768x664.jpg 768w, https:\/\/www.encomfast.com\/wp-content\/uploads\/2025\/10\/302S_07-14x12.jpg 14w\" sizes=\"(max-width: 960px) 100vw, 960px\" \/> <img loading=\"lazy\" decoding=\"async\" class=\"aligncenter size-full wp-image-7587\" src=\"https:\/\/www.encomfast.com\/wp-content\/uploads\/2025\/10\/302S_08.jpg\" alt=\"\" width=\"960\" height=\"1011\" srcset=\"https:\/\/www.encomfast.com\/wp-content\/uploads\/2025\/10\/302S_08.jpg 960w, https:\/\/www.encomfast.com\/wp-content\/uploads\/2025\/10\/302S_08-600x632.jpg 600w, https:\/\/www.encomfast.com\/wp-content\/uploads\/2025\/10\/302S_08-285x300.jpg 285w, https:\/\/www.encomfast.com\/wp-content\/uploads\/2025\/10\/302S_08-768x809.jpg 768w, https:\/\/www.encomfast.com\/wp-content\/uploads\/2025\/10\/302S_08-11x12.jpg 11w\" sizes=\"(max-width: 960px) 100vw, 960px\" \/><\/p>\t\t\t\t\t\t\t\t<\/div>\n\t\t\t\t<\/div>\n\t\t\t\t<\/div>\n\t\t<div class=\"elementor-element elementor-element-c59935e e-con-full elementor-hidden-mobile e-flex lakit-col-width-auto-no e-container e-root-container elementor-top-section e-con e-parent\" data-id=\"c59935e\" data-element_type=\"container\" data-e-type=\"container\">\n\t\t\t\t<div class=\"elementor-element elementor-element-35047e0 elementor-widget elementor-widget-text-editor\" data-id=\"35047e0\" data-element_type=\"widget\" data-e-type=\"widget\" data-widget_type=\"text-editor.default\">\n\t\t\t\t<div class=\"elementor-widget-container\">\n\t\t\t\t\t\t\t\t\t<div><img loading=\"lazy\" decoding=\"async\" class=\"aligncenter size-full wp-image-33148\" src=\"https:\/\/www.encomfast.com\/wp-content\/uploads\/2025\/10\/CF-WR302S-EN_01.jpg\" alt=\"\" width=\"1920\" height=\"989\" srcset=\"https:\/\/www.encomfast.com\/wp-content\/uploads\/2025\/10\/CF-WR302S-EN_01.jpg 1920w, https:\/\/www.encomfast.com\/wp-content\/uploads\/2025\/10\/CF-WR302S-EN_01-300x155.jpg 300w, https:\/\/www.encomfast.com\/wp-content\/uploads\/2025\/10\/CF-WR302S-EN_01-1024x527.jpg 1024w, https:\/\/www.encomfast.com\/wp-content\/uploads\/2025\/10\/CF-WR302S-EN_01-768x396.jpg 768w, https:\/\/www.encomfast.com\/wp-content\/uploads\/2025\/10\/CF-WR302S-EN_01-1536x791.jpg 1536w, https:\/\/www.encomfast.com\/wp-content\/uploads\/2025\/10\/CF-WR302S-EN_01-18x9.jpg 18w, https:\/\/www.encomfast.com\/wp-content\/uploads\/2025\/10\/CF-WR302S-EN_01-600x309.jpg 600w\" sizes=\"(max-width: 1920px) 100vw, 1920px\" \/> <img loading=\"lazy\" decoding=\"async\" class=\"aligncenter size-full wp-image-33149\" src=\"https:\/\/www.encomfast.com\/wp-content\/uploads\/2025\/10\/CF-WR302S-EN_02.jpg\" alt=\"\" width=\"1920\" height=\"839\" srcset=\"https:\/\/www.encomfast.com\/wp-content\/uploads\/2025\/10\/CF-WR302S-EN_02.jpg 1920w, https:\/\/www.encomfast.com\/wp-content\/uploads\/2025\/10\/CF-WR302S-EN_02-300x131.jpg 300w, https:\/\/www.encomfast.com\/wp-content\/uploads\/2025\/10\/CF-WR302S-EN_02-1024x447.jpg 1024w, https:\/\/www.encomfast.com\/wp-content\/uploads\/2025\/10\/CF-WR302S-EN_02-768x336.jpg 768w, https:\/\/www.encomfast.com\/wp-content\/uploads\/2025\/10\/CF-WR302S-EN_02-1536x671.jpg 1536w, https:\/\/www.encomfast.com\/wp-content\/uploads\/2025\/10\/CF-WR302S-EN_02-18x8.jpg 18w, https:\/\/www.encomfast.com\/wp-content\/uploads\/2025\/10\/CF-WR302S-EN_02-600x262.jpg 600w\" sizes=\"(max-width: 1920px) 100vw, 1920px\" \/> <img loading=\"lazy\" decoding=\"async\" class=\"aligncenter size-full wp-image-33150\" src=\"https:\/\/www.encomfast.com\/wp-content\/uploads\/2025\/10\/CF-WR302S-EN_03.jpg\" alt=\"\" width=\"1920\" height=\"742\" srcset=\"https:\/\/www.encomfast.com\/wp-content\/uploads\/2025\/10\/CF-WR302S-EN_03.jpg 1920w, https:\/\/www.encomfast.com\/wp-content\/uploads\/2025\/10\/CF-WR302S-EN_03-300x116.jpg 300w, https:\/\/www.encomfast.com\/wp-content\/uploads\/2025\/10\/CF-WR302S-EN_03-1024x396.jpg 1024w, https:\/\/www.encomfast.com\/wp-content\/uploads\/2025\/10\/CF-WR302S-EN_03-768x297.jpg 768w, https:\/\/www.encomfast.com\/wp-content\/uploads\/2025\/10\/CF-WR302S-EN_03-1536x594.jpg 1536w, https:\/\/www.encomfast.com\/wp-content\/uploads\/2025\/10\/CF-WR302S-EN_03-18x7.jpg 18w, https:\/\/www.encomfast.com\/wp-content\/uploads\/2025\/10\/CF-WR302S-EN_03-600x232.jpg 600w\" sizes=\"(max-width: 1920px) 100vw, 1920px\" \/> <img loading=\"lazy\" decoding=\"async\" class=\"aligncenter size-full wp-image-33151\" src=\"https:\/\/www.encomfast.com\/wp-content\/uploads\/2025\/10\/CF-WR302S-EN_04.jpg\" alt=\"\" width=\"1920\" height=\"849\" srcset=\"https:\/\/www.encomfast.com\/wp-content\/uploads\/2025\/10\/CF-WR302S-EN_04.jpg 1920w, https:\/\/www.encomfast.com\/wp-content\/uploads\/2025\/10\/CF-WR302S-EN_04-300x133.jpg 300w, https:\/\/www.encomfast.com\/wp-content\/uploads\/2025\/10\/CF-WR302S-EN_04-1024x453.jpg 1024w, https:\/\/www.encomfast.com\/wp-content\/uploads\/2025\/10\/CF-WR302S-EN_04-768x340.jpg 768w, https:\/\/www.encomfast.com\/wp-content\/uploads\/2025\/10\/CF-WR302S-EN_04-1536x679.jpg 1536w, https:\/\/www.encomfast.com\/wp-content\/uploads\/2025\/10\/CF-WR302S-EN_04-18x8.jpg 18w, https:\/\/www.encomfast.com\/wp-content\/uploads\/2025\/10\/CF-WR302S-EN_04-600x265.jpg 600w\" sizes=\"(max-width: 1920px) 100vw, 1920px\" \/> <img loading=\"lazy\" decoding=\"async\" class=\"aligncenter size-full wp-image-33152\" src=\"https:\/\/www.encomfast.com\/wp-content\/uploads\/2025\/10\/CF-WR302S-EN_05.jpg\" alt=\"\" width=\"1920\" height=\"619\" srcset=\"https:\/\/www.encomfast.com\/wp-content\/uploads\/2025\/10\/CF-WR302S-EN_05.jpg 1920w, https:\/\/www.encomfast.com\/wp-content\/uploads\/2025\/10\/CF-WR302S-EN_05-300x97.jpg 300w, https:\/\/www.encomfast.com\/wp-content\/uploads\/2025\/10\/CF-WR302S-EN_05-1024x330.jpg 1024w, https:\/\/www.encomfast.com\/wp-content\/uploads\/2025\/10\/CF-WR302S-EN_05-768x248.jpg 768w, https:\/\/www.encomfast.com\/wp-content\/uploads\/2025\/10\/CF-WR302S-EN_05-1536x495.jpg 1536w, https:\/\/www.encomfast.com\/wp-content\/uploads\/2025\/10\/CF-WR302S-EN_05-18x6.jpg 18w, https:\/\/www.encomfast.com\/wp-content\/uploads\/2025\/10\/CF-WR302S-EN_05-600x193.jpg 600w\" sizes=\"(max-width: 1920px) 100vw, 1920px\" \/> <img loading=\"lazy\" decoding=\"async\" class=\"aligncenter size-full wp-image-33153\" src=\"https:\/\/www.encomfast.com\/wp-content\/uploads\/2025\/10\/CF-WR302S-EN_06.jpg\" alt=\"\" width=\"1920\" height=\"832\" srcset=\"https:\/\/www.encomfast.com\/wp-content\/uploads\/2025\/10\/CF-WR302S-EN_06.jpg 1920w, https:\/\/www.encomfast.com\/wp-content\/uploads\/2025\/10\/CF-WR302S-EN_06-300x130.jpg 300w, https:\/\/www.encomfast.com\/wp-content\/uploads\/2025\/10\/CF-WR302S-EN_06-1024x444.jpg 1024w, https:\/\/www.encomfast.com\/wp-content\/uploads\/2025\/10\/CF-WR302S-EN_06-768x333.jpg 768w, https:\/\/www.encomfast.com\/wp-content\/uploads\/2025\/10\/CF-WR302S-EN_06-1536x666.jpg 1536w, https:\/\/www.encomfast.com\/wp-content\/uploads\/2025\/10\/CF-WR302S-EN_06-18x8.jpg 18w, https:\/\/www.encomfast.com\/wp-content\/uploads\/2025\/10\/CF-WR302S-EN_06-600x260.jpg 600w\" sizes=\"(max-width: 1920px) 100vw, 1920px\" \/> <img loading=\"lazy\" decoding=\"async\" class=\"aligncenter size-full wp-image-33147\" src=\"https:\/\/www.encomfast.com\/wp-content\/uploads\/2025\/10\/CF-WR302S-EN_07.jpg\" alt=\"\" width=\"1920\" height=\"1011\" srcset=\"https:\/\/www.encomfast.com\/wp-content\/uploads\/2025\/10\/CF-WR302S-EN_07.jpg 1920w, https:\/\/www.encomfast.com\/wp-content\/uploads\/2025\/10\/CF-WR302S-EN_07-300x158.jpg 300w, https:\/\/www.encomfast.com\/wp-content\/uploads\/2025\/10\/CF-WR302S-EN_07-1024x539.jpg 1024w, https:\/\/www.encomfast.com\/wp-content\/uploads\/2025\/10\/CF-WR302S-EN_07-768x404.jpg 768w, https:\/\/www.encomfast.com\/wp-content\/uploads\/2025\/10\/CF-WR302S-EN_07-1536x809.jpg 1536w, https:\/\/www.encomfast.com\/wp-content\/uploads\/2025\/10\/CF-WR302S-EN_07-18x9.jpg 18w, https:\/\/www.encomfast.com\/wp-content\/uploads\/2025\/10\/CF-WR302S-EN_07-600x316.jpg 600w\" sizes=\"(max-width: 1920px) 100vw, 1920px\" \/><\/div>\t\t\t\t\t\t\t\t<\/div>\n\t\t\t\t<\/div>\n\t\t\t\t<\/div>\n\t\t\t\t<\/div>\n\t\t\n    <div class=\"xs_social_share_widget xs_share_url after_content \t\tmain_content  wslu-style-1 wslu-share-box-shaped wslu-fill-colored wslu-none wslu-share-horizontal wslu-theme-font-no wslu-main_content\">\n\n\t\t\n        <ul>\n\t\t\t        <\/ul>\n    <\/div>","protected":false},"excerpt":{"rendered":"<p style=\"text-align: justify;\">The CF-WR302S is a 300Mbps wireless range extender featuring a refined finish and energy-efficient design. Its dual external high-gain antennas boost signal coverage and wall penetration. With WPS one-touch pairing and multiple modes (repeater, AP, router), it effortlessly extends WiFi in home or office settings, eliminating dead zones for reliable connectivity.<\/p>\n<ul>\n<li>\n<p style=\"text-align: left;\">Refined finish for aesthetics and durability<\/p>\n<\/li>\n<li style=\"text-align: left;\">\n<p>Deux antennes omnidirectionnelles externes \u00e0 haut gain<\/p>\n<\/li>\n<li style=\"text-align: left;\">\n<p>Extension du r\u00e9seau sans fil jusqu'\u00e0 300 Mbps<\/p>\n<\/li>\n<li style=\"text-align: left;\">\n<p>Comprend un port Ethernet \u00e0 d\u00e9tection automatique de 10\/100 Mbps<\/p>\n<\/li>\n<li style=\"text-align: left;\">\n<p>Quick and easy setup with WPS one-touch pairing<\/p>\n<\/li>\n<li style=\"text-align: left;\">\n<p>Faible consommation d'\u00e9nergie, conception \u00e9conome en \u00e9nergie<\/p>\n<\/li>\n<li style=\"text-align: left;\">\n<p>Rapid network configuration via QR code scan<\/p>\n<\/li>\n<li style=\"text-align: left;\">\n<p>Supports repeater, AP, and router operation modes<\/p>\n<\/li>\n<li>\n<p style=\"text-align: left;\">Status indicator clearly shows operation and signal state<\/p>\n<\/li>\n<\/ul>","protected":false},"featured_media":7595,"template":"","meta":{"_acf_changed":false,"postBodyCss":"","postBodyMargin":[],"postBodyPadding":[],"postBodyBackground":{"backgroundType":"classic","gradient":""},"_links_to":"","_links_to_target":""},"product_brand":[],"product_cat":[172,213],"product_tag":[314],"class_list":{"0":"post-7575","1":"product","2":"type-product","3":"status-publish","4":"has-post-thumbnail","6":"product_cat-wireless-repeater","7":"product_cat-pwr-repeater","8":"product_tag-cf-wr302s","10":"first","11":"instock","12":"shipping-taxable","13":"product-type-simple"},"acf":[],"_links":{"self":[{"href":"https:\/\/www.encomfast.com\/fr\/wp-json\/wp\/v2\/product\/7575","targetHints":{"allow":["GET"]}}],"collection":[{"href":"https:\/\/www.encomfast.com\/fr\/wp-json\/wp\/v2\/product"}],"about":[{"href":"https:\/\/www.encomfast.com\/fr\/wp-json\/wp\/v2\/types\/product"}],"version-history":[{"count":4,"href":"https:\/\/www.encomfast.com\/fr\/wp-json\/wp\/v2\/product\/7575\/revisions"}],"predecessor-version":[{"id":33156,"href":"https:\/\/www.encomfast.com\/fr\/wp-json\/wp\/v2\/product\/7575\/revisions\/33156"}],"wp:featuredmedia":[{"embeddable":true,"href":"https:\/\/www.encomfast.com\/fr\/wp-json\/wp\/v2\/media\/7595"}],"wp:attachment":[{"href":"https:\/\/www.encomfast.com\/fr\/wp-json\/wp\/v2\/media?parent=7575"}],"wp:term":[{"taxonomy":"product_brand","embeddable":true,"href":"https:\/\/www.encomfast.com\/fr\/wp-json\/wp\/v2\/product_brand?post=7575"},{"taxonomy":"product_cat","embeddable":true,"href":"https:\/\/www.encomfast.com\/fr\/wp-json\/wp\/v2\/product_cat?post=7575"},{"taxonomy":"product_tag","embeddable":true,"href":"https:\/\/www.encomfast.com\/fr\/wp-json\/wp\/v2\/product_tag?post=7575"}],"curies":[{"name":"wp","href":"https:\/\/api.w.org\/{rel}","templated":true}]}}