{"id":17570,"date":"2025-11-18T08:14:58","date_gmt":"2025-11-18T08:14:58","guid":{"rendered":"https:\/\/comfast-20250731.com\/?post_type=product&#038;p=17570"},"modified":"2025-12-15T02:17:15","modified_gmt":"2025-12-15T02:17:15","slug":"%e8%af%a6%e6%83%85%e9%a1%b5%e5%ba%95%e9%83%a8%e6%96%87%e5%ad%97","status":"publish","type":"product","link":"https:\/\/www.encomfast.com\/hu\/termek\/%e8%af%a6%e6%83%85%e9%a1%b5%e5%ba%95%e9%83%a8%e6%96%87%e5%ad%97\/","title":{"rendered":"\u8be6\u60c5\u9875\u5e95\u90e8\u6587\u5b57"},"content":{"rendered":"<div data-elementor-type=\"product-post\" data-elementor-id=\"17570\" class=\"elementor elementor-17570\" data-elementor-post-type=\"product\">\n\t\t\t\t<div class=\"elementor-element elementor-element-25489e5d e-flex e-con-boxed lakit-col-width-auto-no e-container e-root-container elementor-top-section e-con e-parent\" data-id=\"25489e5d\" data-element_type=\"container\" data-e-type=\"container\">\n\t\t\t\t\t<div class=\"e-con-inner\">\n\t\t\t\t<div class=\"elementor-element elementor-element-9fbfa90 elementor-widget elementor-widget-text-editor\" data-id=\"9fbfa90\" data-element_type=\"widget\" data-e-type=\"widget\" data-widget_type=\"text-editor.default\">\n\t\t\t\t<div class=\"elementor-widget-container\">\n\t\t\t\t\t\t\t\t\t<p><span style=\"font-family: helvetica, arial, sans-serif; font-size: 12px; color: #999999;\">*Az ezen az oldalon tal\u00e1lhat\u00f3 term\u00e9kk\u00e9pek \u00e9s bemutat\u00f3 forgat\u00f3k\u00f6nyvek csak illusztr\u00e1ci\u00f3s c\u00e9lokat szolg\u00e1lnak, \u00e9s a t\u00e9nyleges term\u00e9kt\u0151l n\u00e9mileg elt\u00e9rhetnek. K\u00e9rj\u00fck, a pontoss\u00e1g \u00e9rdek\u00e9ben tekintse meg a fizikai term\u00e9ket.<\/span><br \/><span style=\"font-family: helvetica, arial, sans-serif; font-size: 12px; color: #999999;\">*Az ezen az oldalon szerepl\u0151 adatok a COMFAST bels\u0151 laborat\u00f3rium\u00e1ban meghat\u00e1rozott vizsg\u00e1lati k\u00f6r\u00fclm\u00e9nyek k\u00f6z\u00f6tt kapott elm\u00e9leti \u00e9rt\u00e9kek. A t\u00e9nyleges haszn\u00e1lat az egyedi term\u00e9kk\u00fcl\u00f6nbs\u00e9gek, a szoftververzi\u00f3k, a haszn\u00e1lati felt\u00e9telek \u00e9s a k\u00f6rnyezeti t\u00e9nyez\u0151k miatt v\u00e1ltozhat. A pontos \u00e1br\u00e1zol\u00e1shoz k\u00e9rj\u00fck, tekintse meg a val\u00f3s haszn\u00e1latot.<\/span><br \/><span style=\"font-family: helvetica, arial, sans-serif; font-size: 12px; color: #999999;\">* Annak \u00e9rdek\u00e9ben, hogy a lehet\u0151 legpontosabb term\u00e9kinform\u00e1ci\u00f3kat, specifik\u00e1ci\u00f3kat \u00e9s funkci\u00f3kat ny\u00fajtsa, a COMFAST id\u0151nk\u00e9nt m\u00f3dos\u00edthatja \u00e9s fel\u00fclvizsg\u00e1lhatja az ezen az oldalon tal\u00e1lhat\u00f3 sz\u00f6veges le\u00edr\u00e1sokat, k\u00e9pi hat\u00e1sokat \u00e9s egy\u00e9b tartalmakat, hogy biztos\u00edtsa a term\u00e9k t\u00e9nyleges teljes\u00edtm\u00e9ny\u00e9vel, specifik\u00e1ci\u00f3ival, csomagol\u00e1s\u00e1val \u00e9s tartoz\u00e9kaival val\u00f3 \u00f6sszhangot. Amennyiben ilyen kiigaz\u00edt\u00e1sok vagy fel\u00fclvizsg\u00e1latok v\u00e1lnak sz\u00fcks\u00e9gess\u00e9, el\u0151zetes \u00e9rtes\u00edt\u00e9st nem k\u00fcld\u00fcnk.<\/span><\/p>\t\t\t\t\t\t\t\t<\/div>\n\t\t\t\t<\/div>\n\t\t\t\t\t<\/div>\n\t\t\t\t<\/div>\n\t\t\t\t<\/div>\n\t\t\n    <div class=\"xs_social_share_widget xs_share_url after_content \t\tmain_content  wslu-style-1 wslu-share-box-shaped wslu-fill-colored wslu-none wslu-share-horizontal wslu-theme-font-no wslu-main_content\">\n\n\t\t\n        <ul>\n\t\t\t        <\/ul>\n    <\/div>","protected":false},"excerpt":{"rendered":"<p>*The product images and demonstration scenarios on this page are for illustrative purposes only and may have slight differences from the actual product. Please refer to the physical product for accuracy.*The data on this page are theoretical values obtained from COMFAST&#8217;s internal laboratory under specific testing conditions. Actual usage may vary due to individual product [&hellip;]<\/p>","protected":false},"featured_media":0,"template":"","meta":{"_acf_changed":false,"postBodyCss":"","postBodyMargin":[],"postBodyPadding":[],"postBodyBackground":{"backgroundType":"classic","gradient":""},"_links_to":"","_links_to_target":""},"product_brand":[],"product_cat":[213],"product_tag":[],"class_list":{"0":"post-17570","1":"product","2":"type-product","3":"status-publish","5":"product_cat-pwr-repeater","7":"first","8":"instock","9":"shipping-taxable","10":"product-type-simple"},"acf":[],"_links":{"self":[{"href":"https:\/\/www.encomfast.com\/hu\/wp-json\/wp\/v2\/product\/17570","targetHints":{"allow":["GET"]}}],"collection":[{"href":"https:\/\/www.encomfast.com\/hu\/wp-json\/wp\/v2\/product"}],"about":[{"href":"https:\/\/www.encomfast.com\/hu\/wp-json\/wp\/v2\/types\/product"}],"version-history":[{"count":0,"href":"https:\/\/www.encomfast.com\/hu\/wp-json\/wp\/v2\/product\/17570\/revisions"}],"wp:attachment":[{"href":"https:\/\/www.encomfast.com\/hu\/wp-json\/wp\/v2\/media?parent=17570"}],"wp:term":[{"taxonomy":"product_brand","embeddable":true,"href":"https:\/\/www.encomfast.com\/hu\/wp-json\/wp\/v2\/product_brand?post=17570"},{"taxonomy":"product_cat","embeddable":true,"href":"https:\/\/www.encomfast.com\/hu\/wp-json\/wp\/v2\/product_cat?post=17570"},{"taxonomy":"product_tag","embeddable":true,"href":"https:\/\/www.encomfast.com\/hu\/wp-json\/wp\/v2\/product_tag?post=17570"}],"curies":[{"name":"wp","href":"https:\/\/api.w.org\/{rel}","templated":true}]}}