{"id":18713,"date":"2025-11-19T07:41:12","date_gmt":"2025-11-19T07:41:12","guid":{"rendered":"https:\/\/comfast-20250731.com\/?post_type=product&#038;p=18713"},"modified":"2026-01-07T07:17:57","modified_gmt":"2026-01-07T07:17:57","slug":"150mbps-driver-free-usb-wireless-adapter","status":"publish","type":"product","link":"https:\/\/www.encomfast.com\/hu\/termek\/150mbps-driver-free-usb-wireless-adapter\/","title":{"rendered":"150Mbps illeszt\u0151program n\u00e9lk\u00fcli USB vezet\u00e9k n\u00e9lk\u00fcli adapter"},"content":{"rendered":"<div data-elementor-type=\"product-post\" data-elementor-id=\"18713\" class=\"elementor elementor-18713\" data-elementor-post-type=\"product\">\n\t\t\t\t<div class=\"elementor-element elementor-element-6ee8725f e-con-full elementor-hidden-desktop elementor-hidden-tablet e-flex lakit-col-width-auto-no e-container e-root-container elementor-top-section e-con e-parent\" data-id=\"6ee8725f\" data-element_type=\"container\" data-e-type=\"container\" data-settings=\"{&quot;background_background&quot;:&quot;classic&quot;}\">\n\t\t\t\t<div class=\"elementor-element elementor-element-23a00567 elementor-widget__width-inherit elementor-widget elementor-widget-text-editor\" data-id=\"23a00567\" data-element_type=\"widget\" data-e-type=\"widget\" data-widget_type=\"text-editor.default\">\n\t\t\t\t<div class=\"elementor-widget-container\">\n\t\t\t\t\t\t\t\t\t<p><img fetchpriority=\"high\" decoding=\"async\" class=\"aligncenter size-full wp-image-30230\" src=\"https:\/\/www.encomfast.com\/wp-content\/uploads\/2026\/01\/CF-WU818N-V2-1.jpg\" alt=\"\" width=\"990\" height=\"1847\" srcset=\"https:\/\/www.encomfast.com\/wp-content\/uploads\/2026\/01\/CF-WU818N-V2-1.jpg 990w, https:\/\/www.encomfast.com\/wp-content\/uploads\/2026\/01\/CF-WU818N-V2-1-161x300.jpg 161w, https:\/\/www.encomfast.com\/wp-content\/uploads\/2026\/01\/CF-WU818N-V2-1-549x1024.jpg 549w, https:\/\/www.encomfast.com\/wp-content\/uploads\/2026\/01\/CF-WU818N-V2-1-768x1433.jpg 768w, https:\/\/www.encomfast.com\/wp-content\/uploads\/2026\/01\/CF-WU818N-V2-1-823x1536.jpg 823w, https:\/\/www.encomfast.com\/wp-content\/uploads\/2026\/01\/CF-WU818N-V2-1-6x12.jpg 6w, https:\/\/www.encomfast.com\/wp-content\/uploads\/2026\/01\/CF-WU818N-V2-1-600x1119.jpg 600w\" sizes=\"(max-width: 990px) 100vw, 990px\" \/> <img decoding=\"async\" class=\"aligncenter size-full wp-image-30231\" src=\"https:\/\/www.encomfast.com\/wp-content\/uploads\/2026\/01\/CF-WU818N-V2-2.jpg\" alt=\"\" width=\"990\" height=\"1591\" srcset=\"https:\/\/www.encomfast.com\/wp-content\/uploads\/2026\/01\/CF-WU818N-V2-2.jpg 990w, https:\/\/www.encomfast.com\/wp-content\/uploads\/2026\/01\/CF-WU818N-V2-2-187x300.jpg 187w, https:\/\/www.encomfast.com\/wp-content\/uploads\/2026\/01\/CF-WU818N-V2-2-637x1024.jpg 637w, https:\/\/www.encomfast.com\/wp-content\/uploads\/2026\/01\/CF-WU818N-V2-2-768x1234.jpg 768w, https:\/\/www.encomfast.com\/wp-content\/uploads\/2026\/01\/CF-WU818N-V2-2-956x1536.jpg 956w, https:\/\/www.encomfast.com\/wp-content\/uploads\/2026\/01\/CF-WU818N-V2-2-7x12.jpg 7w, https:\/\/www.encomfast.com\/wp-content\/uploads\/2026\/01\/CF-WU818N-V2-2-600x964.jpg 600w\" sizes=\"(max-width: 990px) 100vw, 990px\" \/> <img decoding=\"async\" class=\"aligncenter size-full wp-image-30232\" src=\"https:\/\/www.encomfast.com\/wp-content\/uploads\/2026\/01\/CF-WU818N-V2-3.jpg\" alt=\"\" width=\"990\" height=\"1676\" srcset=\"https:\/\/www.encomfast.com\/wp-content\/uploads\/2026\/01\/CF-WU818N-V2-3.jpg 990w, https:\/\/www.encomfast.com\/wp-content\/uploads\/2026\/01\/CF-WU818N-V2-3-177x300.jpg 177w, https:\/\/www.encomfast.com\/wp-content\/uploads\/2026\/01\/CF-WU818N-V2-3-605x1024.jpg 605w, https:\/\/www.encomfast.com\/wp-content\/uploads\/2026\/01\/CF-WU818N-V2-3-768x1300.jpg 768w, https:\/\/www.encomfast.com\/wp-content\/uploads\/2026\/01\/CF-WU818N-V2-3-907x1536.jpg 907w, https:\/\/www.encomfast.com\/wp-content\/uploads\/2026\/01\/CF-WU818N-V2-3-7x12.jpg 7w, https:\/\/www.encomfast.com\/wp-content\/uploads\/2026\/01\/CF-WU818N-V2-3-600x1016.jpg 600w\" sizes=\"(max-width: 990px) 100vw, 990px\" \/> <img loading=\"lazy\" decoding=\"async\" class=\"aligncenter size-full wp-image-30233\" src=\"https:\/\/www.encomfast.com\/wp-content\/uploads\/2026\/01\/CF-WU818N-V2-4.jpg\" alt=\"\" width=\"990\" height=\"1199\" srcset=\"https:\/\/www.encomfast.com\/wp-content\/uploads\/2026\/01\/CF-WU818N-V2-4.jpg 990w, https:\/\/www.encomfast.com\/wp-content\/uploads\/2026\/01\/CF-WU818N-V2-4-248x300.jpg 248w, https:\/\/www.encomfast.com\/wp-content\/uploads\/2026\/01\/CF-WU818N-V2-4-846x1024.jpg 846w, https:\/\/www.encomfast.com\/wp-content\/uploads\/2026\/01\/CF-WU818N-V2-4-768x930.jpg 768w, https:\/\/www.encomfast.com\/wp-content\/uploads\/2026\/01\/CF-WU818N-V2-4-10x12.jpg 10w, https:\/\/www.encomfast.com\/wp-content\/uploads\/2026\/01\/CF-WU818N-V2-4-600x727.jpg 600w\" sizes=\"(max-width: 990px) 100vw, 990px\" \/> <img loading=\"lazy\" decoding=\"async\" class=\"aligncenter size-full wp-image-30234\" src=\"https:\/\/www.encomfast.com\/wp-content\/uploads\/2026\/01\/CF-WU818N-V2-5.jpg\" alt=\"\" width=\"990\" height=\"954\" srcset=\"https:\/\/www.encomfast.com\/wp-content\/uploads\/2026\/01\/CF-WU818N-V2-5.jpg 990w, https:\/\/www.encomfast.com\/wp-content\/uploads\/2026\/01\/CF-WU818N-V2-5-300x289.jpg 300w, https:\/\/www.encomfast.com\/wp-content\/uploads\/2026\/01\/CF-WU818N-V2-5-768x740.jpg 768w, https:\/\/www.encomfast.com\/wp-content\/uploads\/2026\/01\/CF-WU818N-V2-5-12x12.jpg 12w, https:\/\/www.encomfast.com\/wp-content\/uploads\/2026\/01\/CF-WU818N-V2-5-600x578.jpg 600w\" sizes=\"(max-width: 990px) 100vw, 990px\" \/> <img loading=\"lazy\" decoding=\"async\" class=\"aligncenter size-full wp-image-30235\" src=\"https:\/\/www.encomfast.com\/wp-content\/uploads\/2026\/01\/CF-WU818N-V2-6.jpg\" alt=\"\" width=\"990\" height=\"1590\" srcset=\"https:\/\/www.encomfast.com\/wp-content\/uploads\/2026\/01\/CF-WU818N-V2-6.jpg 990w, https:\/\/www.encomfast.com\/wp-content\/uploads\/2026\/01\/CF-WU818N-V2-6-187x300.jpg 187w, https:\/\/www.encomfast.com\/wp-content\/uploads\/2026\/01\/CF-WU818N-V2-6-638x1024.jpg 638w, https:\/\/www.encomfast.com\/wp-content\/uploads\/2026\/01\/CF-WU818N-V2-6-768x1233.jpg 768w, https:\/\/www.encomfast.com\/wp-content\/uploads\/2026\/01\/CF-WU818N-V2-6-956x1536.jpg 956w, https:\/\/www.encomfast.com\/wp-content\/uploads\/2026\/01\/CF-WU818N-V2-6-7x12.jpg 7w, https:\/\/www.encomfast.com\/wp-content\/uploads\/2026\/01\/CF-WU818N-V2-6-600x964.jpg 600w\" sizes=\"(max-width: 990px) 100vw, 990px\" \/> <img loading=\"lazy\" decoding=\"async\" class=\"aligncenter size-full wp-image-30236\" src=\"https:\/\/www.encomfast.com\/wp-content\/uploads\/2026\/01\/CF-WU818N-V2-7.jpg\" alt=\"\" width=\"990\" height=\"1471\" srcset=\"https:\/\/www.encomfast.com\/wp-content\/uploads\/2026\/01\/CF-WU818N-V2-7.jpg 990w, https:\/\/www.encomfast.com\/wp-content\/uploads\/2026\/01\/CF-WU818N-V2-7-202x300.jpg 202w, https:\/\/www.encomfast.com\/wp-content\/uploads\/2026\/01\/CF-WU818N-V2-7-689x1024.jpg 689w, https:\/\/www.encomfast.com\/wp-content\/uploads\/2026\/01\/CF-WU818N-V2-7-768x1141.jpg 768w, https:\/\/www.encomfast.com\/wp-content\/uploads\/2026\/01\/CF-WU818N-V2-7-8x12.jpg 8w, https:\/\/www.encomfast.com\/wp-content\/uploads\/2026\/01\/CF-WU818N-V2-7-600x892.jpg 600w\" sizes=\"(max-width: 990px) 100vw, 990px\" \/> <img loading=\"lazy\" decoding=\"async\" class=\"aligncenter size-full wp-image-30237\" src=\"https:\/\/www.encomfast.com\/wp-content\/uploads\/2026\/01\/CF-WU818N-V2-8.jpg\" alt=\"\" width=\"990\" height=\"1624\" srcset=\"https:\/\/www.encomfast.com\/wp-content\/uploads\/2026\/01\/CF-WU818N-V2-8.jpg 990w, https:\/\/www.encomfast.com\/wp-content\/uploads\/2026\/01\/CF-WU818N-V2-8-183x300.jpg 183w, https:\/\/www.encomfast.com\/wp-content\/uploads\/2026\/01\/CF-WU818N-V2-8-624x1024.jpg 624w, https:\/\/www.encomfast.com\/wp-content\/uploads\/2026\/01\/CF-WU818N-V2-8-768x1260.jpg 768w, https:\/\/www.encomfast.com\/wp-content\/uploads\/2026\/01\/CF-WU818N-V2-8-936x1536.jpg 936w, https:\/\/www.encomfast.com\/wp-content\/uploads\/2026\/01\/CF-WU818N-V2-8-7x12.jpg 7w, https:\/\/www.encomfast.com\/wp-content\/uploads\/2026\/01\/CF-WU818N-V2-8-600x984.jpg 600w\" sizes=\"(max-width: 990px) 100vw, 990px\" \/> <img loading=\"lazy\" decoding=\"async\" class=\"aligncenter size-full wp-image-30238\" src=\"https:\/\/www.encomfast.com\/wp-content\/uploads\/2026\/01\/CF-WU818N-V2-9.jpg\" alt=\"\" width=\"990\" height=\"1521\" srcset=\"https:\/\/www.encomfast.com\/wp-content\/uploads\/2026\/01\/CF-WU818N-V2-9.jpg 990w, https:\/\/www.encomfast.com\/wp-content\/uploads\/2026\/01\/CF-WU818N-V2-9-195x300.jpg 195w, https:\/\/www.encomfast.com\/wp-content\/uploads\/2026\/01\/CF-WU818N-V2-9-667x1024.jpg 667w, https:\/\/www.encomfast.com\/wp-content\/uploads\/2026\/01\/CF-WU818N-V2-9-768x1180.jpg 768w, https:\/\/www.encomfast.com\/wp-content\/uploads\/2026\/01\/CF-WU818N-V2-9-8x12.jpg 8w, https:\/\/www.encomfast.com\/wp-content\/uploads\/2026\/01\/CF-WU818N-V2-9-600x922.jpg 600w\" sizes=\"(max-width: 990px) 100vw, 990px\" \/> <img loading=\"lazy\" decoding=\"async\" class=\"aligncenter size-full wp-image-30226\" src=\"https:\/\/www.encomfast.com\/wp-content\/uploads\/2026\/01\/CF-WU818N-V2-10.jpg\" alt=\"\" width=\"990\" height=\"1170\" srcset=\"https:\/\/www.encomfast.com\/wp-content\/uploads\/2026\/01\/CF-WU818N-V2-10.jpg 990w, https:\/\/www.encomfast.com\/wp-content\/uploads\/2026\/01\/CF-WU818N-V2-10-254x300.jpg 254w, https:\/\/www.encomfast.com\/wp-content\/uploads\/2026\/01\/CF-WU818N-V2-10-866x1024.jpg 866w, https:\/\/www.encomfast.com\/wp-content\/uploads\/2026\/01\/CF-WU818N-V2-10-768x908.jpg 768w, https:\/\/www.encomfast.com\/wp-content\/uploads\/2026\/01\/CF-WU818N-V2-10-10x12.jpg 10w, https:\/\/www.encomfast.com\/wp-content\/uploads\/2026\/01\/CF-WU818N-V2-10-600x709.jpg 600w\" sizes=\"(max-width: 990px) 100vw, 990px\" \/> <img loading=\"lazy\" decoding=\"async\" class=\"aligncenter size-full wp-image-30227\" src=\"https:\/\/www.encomfast.com\/wp-content\/uploads\/2026\/01\/CF-WU818N-V2-11.jpg\" alt=\"\" width=\"990\" height=\"1375\" srcset=\"https:\/\/www.encomfast.com\/wp-content\/uploads\/2026\/01\/CF-WU818N-V2-11.jpg 990w, https:\/\/www.encomfast.com\/wp-content\/uploads\/2026\/01\/CF-WU818N-V2-11-216x300.jpg 216w, https:\/\/www.encomfast.com\/wp-content\/uploads\/2026\/01\/CF-WU818N-V2-11-737x1024.jpg 737w, https:\/\/www.encomfast.com\/wp-content\/uploads\/2026\/01\/CF-WU818N-V2-11-768x1067.jpg 768w, https:\/\/www.encomfast.com\/wp-content\/uploads\/2026\/01\/CF-WU818N-V2-11-9x12.jpg 9w, https:\/\/www.encomfast.com\/wp-content\/uploads\/2026\/01\/CF-WU818N-V2-11-600x833.jpg 600w\" sizes=\"(max-width: 990px) 100vw, 990px\" \/> <img loading=\"lazy\" decoding=\"async\" class=\"aligncenter size-full wp-image-30229\" src=\"https:\/\/www.encomfast.com\/wp-content\/uploads\/2026\/01\/CF-WU818N-V2-12-1.jpg\" alt=\"\" width=\"990\" height=\"1043\" srcset=\"https:\/\/www.encomfast.com\/wp-content\/uploads\/2026\/01\/CF-WU818N-V2-12-1.jpg 990w, https:\/\/www.encomfast.com\/wp-content\/uploads\/2026\/01\/CF-WU818N-V2-12-1-285x300.jpg 285w, https:\/\/www.encomfast.com\/wp-content\/uploads\/2026\/01\/CF-WU818N-V2-12-1-972x1024.jpg 972w, https:\/\/www.encomfast.com\/wp-content\/uploads\/2026\/01\/CF-WU818N-V2-12-1-768x809.jpg 768w, https:\/\/www.encomfast.com\/wp-content\/uploads\/2026\/01\/CF-WU818N-V2-12-1-11x12.jpg 11w, https:\/\/www.encomfast.com\/wp-content\/uploads\/2026\/01\/CF-WU818N-V2-12-1-600x632.jpg 600w\" sizes=\"(max-width: 990px) 100vw, 990px\" \/><\/p>\t\t\t\t\t\t\t\t<\/div>\n\t\t\t\t<\/div>\n\t\t\t\t<\/div>\n\t\t<div class=\"elementor-element elementor-element-3be64139 e-con-full elementor-hidden-mobile e-flex lakit-col-width-auto-no e-container e-root-container elementor-top-section e-con e-parent\" data-id=\"3be64139\" data-element_type=\"container\" data-e-type=\"container\">\n\t\t<div class=\"elementor-element elementor-element-43f452e0 e-con-full e-flex lakit-col-width-auto-no e-container e-con e-child\" data-id=\"43f452e0\" data-element_type=\"container\" data-e-type=\"container\" data-settings=\"{&quot;background_background&quot;:&quot;classic&quot;}\">\n\t\t\t\t<\/div>\n\t\t<div class=\"elementor-element elementor-element-6ad31fa3 e-con-full e-flex lakit-col-width-auto-no e-container e-con e-child\" data-id=\"6ad31fa3\" data-element_type=\"container\" data-e-type=\"container\" data-settings=\"{&quot;background_background&quot;:&quot;classic&quot;}\">\n\t\t\t\t<div class=\"elementor-element elementor-element-50385406 elementor-widget elementor-widget-heading\" data-id=\"50385406\" data-element_type=\"widget\" data-e-type=\"widget\" data-widget_type=\"heading.default\">\n\t\t\t\t<div class=\"elementor-widget-container\">\n\t\t\t\t\t<h1 class=\"elementor-heading-title elementor-size-default\">Get an external \nwireless network card<br> \nThree Reasons<\/h1>\t\t\t\t<\/div>\n\t\t\t\t<\/div>\n\t\t\t\t<\/div>\n\t\t<div class=\"elementor-element elementor-element-590449b9 e-con-full e-flex lakit-col-width-auto-no e-container e-con e-child\" data-id=\"590449b9\" data-element_type=\"container\" data-e-type=\"container\" data-settings=\"{&quot;background_background&quot;:&quot;classic&quot;}\">\n\t\t\t\t<div class=\"elementor-element elementor-element-594403d8 elementor-widget elementor-widget-heading\" data-id=\"594403d8\" data-element_type=\"widget\" data-e-type=\"widget\" data-widget_type=\"heading.default\">\n\t\t\t\t<div class=\"elementor-widget-container\">\n\t\t\t\t\t<h1 class=\"elementor-heading-title elementor-size-default\">Single line leading\nno signal obstruction<\/h1>\t\t\t\t<\/div>\n\t\t\t\t<\/div>\n\t\t\t\t<div class=\"elementor-element elementor-element-1fc1ff1c elementor-widget elementor-widget-text-editor\" data-id=\"1fc1ff1c\" data-element_type=\"widget\" data-e-type=\"widget\" data-widget_type=\"text-editor.default\">\n\t\t\t\t<div class=\"elementor-widget-container\">\n\t\t\t\t\t\t\t\t\t<p>The external high-gain omnidirectional antenna has strong signal sending and receiving capabilities,\u00a0<\/p>\n<p>and the angle can be adjusted at will, giving you a more stable and smoother network connection.<\/p>\t\t\t\t\t\t\t\t<\/div>\n\t\t\t\t<\/div>\n\t\t\t\t<\/div>\n\t\t<div class=\"elementor-element elementor-element-76adb1d3 e-con-full e-flex lakit-col-width-auto-no e-container e-con e-child\" data-id=\"76adb1d3\" data-element_type=\"container\" data-e-type=\"container\" data-settings=\"{&quot;background_background&quot;:&quot;classic&quot;}\">\n\t\t\t\t<div class=\"elementor-element elementor-element-1c04a966 elementor-widget elementor-widget-heading\" data-id=\"1c04a966\" data-element_type=\"widget\" data-e-type=\"widget\" data-widget_type=\"heading.default\">\n\t\t\t\t<div class=\"elementor-widget-container\">\n\t\t\t\t\t<h1 class=\"elementor-heading-title elementor-size-default\">11N technology \nefficient transmission<\/h1>\t\t\t\t<\/div>\n\t\t\t\t<\/div>\n\t\t\t\t<div class=\"elementor-element elementor-element-196052d2 elementor-widget elementor-widget-text-editor\" data-id=\"196052d2\" data-element_type=\"widget\" data-e-type=\"widget\" data-widget_type=\"text-editor.default\">\n\t\t\t\t<div class=\"elementor-widget-container\">\n\t\t\t\t\t\t\t\t\t<p>CF-WU818N V2 adopts 11N wireless technology, with a wireless transmission rate of 150Mbps,\u00a0<\/p>\n<p>making data transmission more efficient.<\/p>\t\t\t\t\t\t\t\t<\/div>\n\t\t\t\t<\/div>\n\t\t\t\t<\/div>\n\t\t<div class=\"elementor-element elementor-element-280e8f85 e-con-full e-flex lakit-col-width-auto-no e-container e-con e-child\" data-id=\"280e8f85\" data-element_type=\"container\" data-e-type=\"container\" data-settings=\"{&quot;background_background&quot;:&quot;classic&quot;}\">\n\t\t\t\t<div class=\"elementor-element elementor-element-6ee23405 elementor-widget elementor-widget-heading\" data-id=\"6ee23405\" data-element_type=\"widget\" data-e-type=\"widget\" data-widget_type=\"heading.default\">\n\t\t\t\t<div class=\"elementor-widget-container\">\n\t\t\t\t\t<h1 class=\"elementor-heading-title elementor-size-default\">Plug and play \ndriver-free setup<\/h1>\t\t\t\t<\/div>\n\t\t\t\t<\/div>\n\t\t\t\t<div class=\"elementor-element elementor-element-72f7ae2c elementor-widget elementor-widget-text-editor\" data-id=\"72f7ae2c\" data-element_type=\"widget\" data-e-type=\"widget\" data-widget_type=\"text-editor.default\">\n\t\t\t\t<div class=\"elementor-widget-container\">\n\t\t\t\t\t\t\t\t\t<p>Built-in wireless driver, no CD is required during installation,\u00a0<\/p>\n<p>bid farewell to the cumbersome traditional wireless driver installation process,\u00a0<\/p>\n<p>and save worry and effort when surfing the Internet<\/p>\t\t\t\t\t\t\t\t<\/div>\n\t\t\t\t<\/div>\n\t\t\t\t<\/div>\n\t\t<div class=\"elementor-element elementor-element-72d07603 e-con-full e-flex lakit-col-width-auto-no e-container e-con e-child\" data-id=\"72d07603\" data-element_type=\"container\" data-e-type=\"container\" data-settings=\"{&quot;background_background&quot;:&quot;classic&quot;}\">\n\t\t\t\t<div class=\"elementor-element elementor-element-3586aca1 elementor-widget elementor-widget-heading\" data-id=\"3586aca1\" data-element_type=\"widget\" data-e-type=\"widget\" data-widget_type=\"heading.default\">\n\t\t\t\t<div class=\"elementor-widget-container\">\n\t\t\t\t\t<h1 class=\"elementor-heading-title elementor-size-default\">WiFi reception\nSimplify the complex<\/h1>\t\t\t\t<\/div>\n\t\t\t\t<\/div>\n\t\t\t\t<div class=\"elementor-element elementor-element-3fc8965 elementor-widget elementor-widget-text-editor\" data-id=\"3fc8965\" data-element_type=\"widget\" data-e-type=\"widget\" data-widget_type=\"text-editor.default\">\n\t\t\t\t<div class=\"elementor-widget-container\">\n\t\t\t\t\t\t\t\t\t<p>Plug the CF-WU818N V2 into a desktop or laptop computer,\u00a0<\/p>\n<p>and the computer can access the Internet wirelessly,\u00a0<\/p>\n<p>eliminating the trouble of wiring.<\/p>\t\t\t\t\t\t\t\t<\/div>\n\t\t\t\t<\/div>\n\t\t\t\t<\/div>\n\t\t<div class=\"elementor-element elementor-element-195d290f e-con-full e-flex lakit-col-width-auto-no e-container e-con e-child\" data-id=\"195d290f\" data-element_type=\"container\" data-e-type=\"container\" data-settings=\"{&quot;background_background&quot;:&quot;classic&quot;}\">\n\t\t\t\t<div class=\"elementor-element elementor-element-739eaa58 elementor-widget elementor-widget-heading\" data-id=\"739eaa58\" data-element_type=\"widget\" data-e-type=\"widget\" data-widget_type=\"heading.default\">\n\t\t\t\t<div class=\"elementor-widget-container\">\n\t\t\t\t\t<h1 class=\"elementor-heading-title elementor-size-default\">WiFi transmitter\nsimulated AP<\/h1>\t\t\t\t<\/div>\n\t\t\t\t<\/div>\n\t\t\t\t<div class=\"elementor-element elementor-element-3dec59f1 elementor-widget elementor-widget-text-editor\" data-id=\"3dec59f1\" data-element_type=\"widget\" data-e-type=\"widget\" data-widget_type=\"text-editor.default\">\n\t\t\t\t<div class=\"elementor-widget-container\">\n\t\t\t\t\t\t\t\t\t<p>When there is no router, set the AP mode to let the computer transmit WiFi\u00a0<\/p>\n<p>for use by other devices such as mobile phones and PADs.<\/p>\t\t\t\t\t\t\t\t<\/div>\n\t\t\t\t<\/div>\n\t\t\t\t<\/div>\n\t\t\t\t<\/div>\n\t\t\t\t<\/div>\n\t\t\n    <div class=\"xs_social_share_widget xs_share_url after_content \t\tmain_content  wslu-style-1 wslu-share-box-shaped wslu-fill-colored wslu-none wslu-share-horizontal wslu-theme-font-no wslu-main_content\">\n\n\t\t\n        <ul>\n\t\t\t        <\/ul>\n    <\/div>","protected":false},"excerpt":{"rendered":"<p style=\"text-align: justify;\">CF-WU818N V2 is a single-antenna driver-free wireless adapter with an external rotatable high-gain antenna for better wall penetration and wider coverage. It supports WiFi transmit and receive functions, allowing desktops to connect wirelessly and share networks with phones, tablets, and other devices, with easy plug-and-play installation.<\/p>\n<ul>\n<li>\n<p style=\"text-align: left;\">Nickel-plated USB connector, corrosion-resistant<\/p>\n<\/li>\n<li style=\"text-align: left;\">\n<p>Imported ABS material, heat and pressure resistant<\/p>\n<\/li>\n<li style=\"text-align: left;\">\n<p>Branded chipset for stable performance<\/p>\n<\/li>\n<li style=\"text-align: left;\">\n<p>Driver-free installation for easy use<\/p>\n<\/li>\n<li style=\"text-align: left;\">\n<p>Widely compatible with Windows XP\/7\/8\/8.1\/10\/11<\/p>\n<\/li>\n<li style=\"text-align: left;\">\n<p>Supports IEEE 802.11b\/g\/n wireless standards<\/p>\n<\/li>\n<li style=\"text-align: left;\">\n<p>Soft AP mode for sharing WiFi with mobile devices<\/p>\n<\/li>\n<li style=\"text-align: left;\">\n<p>Secure WPA3 encryption for reliable protection<\/p>\n<\/li>\n<li>\n<p style=\"text-align: left;\">WiFi indicator light for status monitoring<\/p>\n<\/li>\n<\/ul>","protected":false},"featured_media":18726,"template":"","meta":{"_acf_changed":false,"postBodyCss":"","postBodyMargin":[],"postBodyPadding":[],"postBodyBackground":{"backgroundType":"classic","gradient":""},"_links_to":"","_links_to_target":""},"product_brand":[],"product_cat":[215,218],"product_tag":[673],"class_list":{"0":"post-18713","1":"product","2":"type-product","3":"status-publish","4":"has-post-thumbnail","6":"product_cat-wireless-adapter","7":"product_cat-usb-adapter","8":"product_tag-cf-wu818n-v2","10":"first","11":"instock","12":"shipping-taxable","13":"product-type-simple"},"acf":[],"_links":{"self":[{"href":"https:\/\/www.encomfast.com\/hu\/wp-json\/wp\/v2\/product\/18713","targetHints":{"allow":["GET"]}}],"collection":[{"href":"https:\/\/www.encomfast.com\/hu\/wp-json\/wp\/v2\/product"}],"about":[{"href":"https:\/\/www.encomfast.com\/hu\/wp-json\/wp\/v2\/types\/product"}],"version-history":[{"count":0,"href":"https:\/\/www.encomfast.com\/hu\/wp-json\/wp\/v2\/product\/18713\/revisions"}],"wp:featuredmedia":[{"embeddable":true,"href":"https:\/\/www.encomfast.com\/hu\/wp-json\/wp\/v2\/media\/18726"}],"wp:attachment":[{"href":"https:\/\/www.encomfast.com\/hu\/wp-json\/wp\/v2\/media?parent=18713"}],"wp:term":[{"taxonomy":"product_brand","embeddable":true,"href":"https:\/\/www.encomfast.com\/hu\/wp-json\/wp\/v2\/product_brand?post=18713"},{"taxonomy":"product_cat","embeddable":true,"href":"https:\/\/www.encomfast.com\/hu\/wp-json\/wp\/v2\/product_cat?post=18713"},{"taxonomy":"product_tag","embeddable":true,"href":"https:\/\/www.encomfast.com\/hu\/wp-json\/wp\/v2\/product_tag?post=18713"}],"curies":[{"name":"wp","href":"https:\/\/api.w.org\/{rel}","templated":true}]}}