{"id":18312,"date":"2025-11-19T06:05:06","date_gmt":"2025-11-19T06:05:06","guid":{"rendered":"https:\/\/comfast-20250731.com\/?post_type=product&#038;p=18312"},"modified":"2026-01-12T03:59:47","modified_gmt":"2026-01-12T03:59:47","slug":"150mbps-mini-usb-wireless-adapter-2","status":"publish","type":"product","link":"https:\/\/www.encomfast.com\/lt\/produktas\/150mbps-mini-usb-wireless-adapter-2\/","title":{"rendered":"150Mbps mini USB belaidis adapteris"},"content":{"rendered":"<div data-elementor-type=\"product-post\" data-elementor-id=\"18312\" class=\"elementor elementor-18312\" data-elementor-post-type=\"product\">\n\t\t\t\t<div class=\"elementor-element elementor-element-6b6d8dc5 e-con-full elementor-hidden-desktop elementor-hidden-tablet e-flex lakit-col-width-auto-no e-container e-root-container elementor-top-section e-con e-parent\" data-id=\"6b6d8dc5\" data-element_type=\"container\" data-e-type=\"container\">\n\t\t\t\t<div class=\"elementor-element elementor-element-1a688721 elementor-widget elementor-widget-text-editor\" data-id=\"1a688721\" data-element_type=\"widget\" data-e-type=\"widget\" data-widget_type=\"text-editor.default\">\n\t\t\t\t<div class=\"elementor-widget-container\">\n\t\t\t\t\t\t\t\t\t<p><img fetchpriority=\"high\" decoding=\"async\" class=\"aligncenter size-full wp-image-30703\" src=\"https:\/\/www.encomfast.com\/wp-content\/uploads\/2025\/11\/CF-WU757F-V2-1.jpg\" alt=\"\" width=\"960\" height=\"868\" srcset=\"https:\/\/www.encomfast.com\/wp-content\/uploads\/2025\/11\/CF-WU757F-V2-1.jpg 960w, https:\/\/www.encomfast.com\/wp-content\/uploads\/2025\/11\/CF-WU757F-V2-1-300x271.jpg 300w, https:\/\/www.encomfast.com\/wp-content\/uploads\/2025\/11\/CF-WU757F-V2-1-768x694.jpg 768w, https:\/\/www.encomfast.com\/wp-content\/uploads\/2025\/11\/CF-WU757F-V2-1-13x12.jpg 13w, https:\/\/www.encomfast.com\/wp-content\/uploads\/2025\/11\/CF-WU757F-V2-1-600x543.jpg 600w\" sizes=\"(max-width: 960px) 100vw, 960px\" \/> <img decoding=\"async\" class=\"aligncenter size-full wp-image-30704\" src=\"https:\/\/www.encomfast.com\/wp-content\/uploads\/2025\/11\/CF-WU757F-V2-2.jpg\" alt=\"\" width=\"960\" height=\"741\" srcset=\"https:\/\/www.encomfast.com\/wp-content\/uploads\/2025\/11\/CF-WU757F-V2-2.jpg 960w, https:\/\/www.encomfast.com\/wp-content\/uploads\/2025\/11\/CF-WU757F-V2-2-300x232.jpg 300w, https:\/\/www.encomfast.com\/wp-content\/uploads\/2025\/11\/CF-WU757F-V2-2-768x593.jpg 768w, https:\/\/www.encomfast.com\/wp-content\/uploads\/2025\/11\/CF-WU757F-V2-2-16x12.jpg 16w, https:\/\/www.encomfast.com\/wp-content\/uploads\/2025\/11\/CF-WU757F-V2-2-600x463.jpg 600w\" sizes=\"(max-width: 960px) 100vw, 960px\" \/> <img decoding=\"async\" class=\"aligncenter size-full wp-image-30705\" src=\"https:\/\/www.encomfast.com\/wp-content\/uploads\/2025\/11\/CF-WU757F-V2-3.jpg\" alt=\"\" width=\"960\" height=\"1304\" srcset=\"https:\/\/www.encomfast.com\/wp-content\/uploads\/2025\/11\/CF-WU757F-V2-3.jpg 960w, https:\/\/www.encomfast.com\/wp-content\/uploads\/2025\/11\/CF-WU757F-V2-3-221x300.jpg 221w, https:\/\/www.encomfast.com\/wp-content\/uploads\/2025\/11\/CF-WU757F-V2-3-754x1024.jpg 754w, https:\/\/www.encomfast.com\/wp-content\/uploads\/2025\/11\/CF-WU757F-V2-3-768x1043.jpg 768w, https:\/\/www.encomfast.com\/wp-content\/uploads\/2025\/11\/CF-WU757F-V2-3-9x12.jpg 9w, https:\/\/www.encomfast.com\/wp-content\/uploads\/2025\/11\/CF-WU757F-V2-3-600x815.jpg 600w\" sizes=\"(max-width: 960px) 100vw, 960px\" \/> <img loading=\"lazy\" decoding=\"async\" class=\"aligncenter size-full wp-image-30706\" src=\"https:\/\/www.encomfast.com\/wp-content\/uploads\/2025\/11\/CF-WU757F-V2-4.jpg\" alt=\"\" width=\"960\" height=\"902\" srcset=\"https:\/\/www.encomfast.com\/wp-content\/uploads\/2025\/11\/CF-WU757F-V2-4.jpg 960w, https:\/\/www.encomfast.com\/wp-content\/uploads\/2025\/11\/CF-WU757F-V2-4-300x282.jpg 300w, https:\/\/www.encomfast.com\/wp-content\/uploads\/2025\/11\/CF-WU757F-V2-4-768x722.jpg 768w, https:\/\/www.encomfast.com\/wp-content\/uploads\/2025\/11\/CF-WU757F-V2-4-13x12.jpg 13w, https:\/\/www.encomfast.com\/wp-content\/uploads\/2025\/11\/CF-WU757F-V2-4-600x564.jpg 600w\" sizes=\"(max-width: 960px) 100vw, 960px\" \/> <img loading=\"lazy\" decoding=\"async\" class=\"aligncenter size-full wp-image-30707\" src=\"https:\/\/www.encomfast.com\/wp-content\/uploads\/2025\/11\/CF-WU757F-V2-5.jpg\" alt=\"\" width=\"960\" height=\"968\" srcset=\"https:\/\/www.encomfast.com\/wp-content\/uploads\/2025\/11\/CF-WU757F-V2-5.jpg 960w, https:\/\/www.encomfast.com\/wp-content\/uploads\/2025\/11\/CF-WU757F-V2-5-298x300.jpg 298w, https:\/\/www.encomfast.com\/wp-content\/uploads\/2025\/11\/CF-WU757F-V2-5-150x150.jpg 150w, https:\/\/www.encomfast.com\/wp-content\/uploads\/2025\/11\/CF-WU757F-V2-5-768x774.jpg 768w, https:\/\/www.encomfast.com\/wp-content\/uploads\/2025\/11\/CF-WU757F-V2-5-12x12.jpg 12w, https:\/\/www.encomfast.com\/wp-content\/uploads\/2025\/11\/CF-WU757F-V2-5-60x60.jpg 60w, https:\/\/www.encomfast.com\/wp-content\/uploads\/2025\/11\/CF-WU757F-V2-5-600x605.jpg 600w, https:\/\/www.encomfast.com\/wp-content\/uploads\/2025\/11\/CF-WU757F-V2-5-100x100.jpg 100w\" sizes=\"(max-width: 960px) 100vw, 960px\" \/> <img loading=\"lazy\" decoding=\"async\" class=\"aligncenter size-full wp-image-30708\" src=\"https:\/\/www.encomfast.com\/wp-content\/uploads\/2025\/11\/CF-WU757F-V2-6.jpg\" alt=\"\" width=\"960\" height=\"1616\" srcset=\"https:\/\/www.encomfast.com\/wp-content\/uploads\/2025\/11\/CF-WU757F-V2-6.jpg 960w, https:\/\/www.encomfast.com\/wp-content\/uploads\/2025\/11\/CF-WU757F-V2-6-178x300.jpg 178w, https:\/\/www.encomfast.com\/wp-content\/uploads\/2025\/11\/CF-WU757F-V2-6-608x1024.jpg 608w, https:\/\/www.encomfast.com\/wp-content\/uploads\/2025\/11\/CF-WU757F-V2-6-768x1293.jpg 768w, https:\/\/www.encomfast.com\/wp-content\/uploads\/2025\/11\/CF-WU757F-V2-6-912x1536.jpg 912w, https:\/\/www.encomfast.com\/wp-content\/uploads\/2025\/11\/CF-WU757F-V2-6-7x12.jpg 7w, https:\/\/www.encomfast.com\/wp-content\/uploads\/2025\/11\/CF-WU757F-V2-6-600x1010.jpg 600w\" sizes=\"(max-width: 960px) 100vw, 960px\" \/> <img loading=\"lazy\" decoding=\"async\" class=\"aligncenter size-full wp-image-30709\" src=\"https:\/\/www.encomfast.com\/wp-content\/uploads\/2025\/11\/CF-WU757F-V2-7.jpg\" alt=\"\" width=\"960\" height=\"1700\" srcset=\"https:\/\/www.encomfast.com\/wp-content\/uploads\/2025\/11\/CF-WU757F-V2-7.jpg 960w, https:\/\/www.encomfast.com\/wp-content\/uploads\/2025\/11\/CF-WU757F-V2-7-169x300.jpg 169w, https:\/\/www.encomfast.com\/wp-content\/uploads\/2025\/11\/CF-WU757F-V2-7-578x1024.jpg 578w, https:\/\/www.encomfast.com\/wp-content\/uploads\/2025\/11\/CF-WU757F-V2-7-768x1360.jpg 768w, https:\/\/www.encomfast.com\/wp-content\/uploads\/2025\/11\/CF-WU757F-V2-7-867x1536.jpg 867w, https:\/\/www.encomfast.com\/wp-content\/uploads\/2025\/11\/CF-WU757F-V2-7-7x12.jpg 7w, https:\/\/www.encomfast.com\/wp-content\/uploads\/2025\/11\/CF-WU757F-V2-7-600x1063.jpg 600w\" sizes=\"(max-width: 960px) 100vw, 960px\" \/> <img loading=\"lazy\" decoding=\"async\" class=\"aligncenter size-full wp-image-30702\" src=\"https:\/\/www.encomfast.com\/wp-content\/uploads\/2025\/11\/CF-WU757F-V2-8.jpg\" alt=\"\" width=\"960\" height=\"1360\" srcset=\"https:\/\/www.encomfast.com\/wp-content\/uploads\/2025\/11\/CF-WU757F-V2-8.jpg 960w, https:\/\/www.encomfast.com\/wp-content\/uploads\/2025\/11\/CF-WU757F-V2-8-212x300.jpg 212w, https:\/\/www.encomfast.com\/wp-content\/uploads\/2025\/11\/CF-WU757F-V2-8-723x1024.jpg 723w, https:\/\/www.encomfast.com\/wp-content\/uploads\/2025\/11\/CF-WU757F-V2-8-768x1088.jpg 768w, https:\/\/www.encomfast.com\/wp-content\/uploads\/2025\/11\/CF-WU757F-V2-8-8x12.jpg 8w, https:\/\/www.encomfast.com\/wp-content\/uploads\/2025\/11\/CF-WU757F-V2-8-600x850.jpg 600w\" sizes=\"(max-width: 960px) 100vw, 960px\" \/><\/p>\t\t\t\t\t\t\t\t<\/div>\n\t\t\t\t<\/div>\n\t\t\t\t<\/div>\n\t\t<div class=\"elementor-element elementor-element-d37cef3 e-con-full elementor-hidden-mobile e-flex lakit-col-width-auto-no e-container e-root-container elementor-top-section e-con e-parent\" data-id=\"d37cef3\" data-element_type=\"container\" data-e-type=\"container\">\n\t\t<div class=\"elementor-element elementor-element-4231b58f e-con-full e-flex lakit-col-width-auto-no e-container e-con e-child\" data-id=\"4231b58f\" data-element_type=\"container\" data-e-type=\"container\" data-settings=\"{&quot;background_background&quot;:&quot;classic&quot;}\">\n\t\t\t\t<\/div>\n\t\t<div class=\"elementor-element elementor-element-2d5342a2 e-con-full e-flex lakit-col-width-auto-no e-container e-con e-child\" data-id=\"2d5342a2\" data-element_type=\"container\" data-e-type=\"container\" data-settings=\"{&quot;background_background&quot;:&quot;classic&quot;}\">\n\t\t\t\t<\/div>\n\t\t<div class=\"elementor-element elementor-element-2ecb8317 e-con-full e-flex lakit-col-width-auto-no e-container e-con e-child\" data-id=\"2ecb8317\" data-element_type=\"container\" data-e-type=\"container\" data-settings=\"{&quot;background_background&quot;:&quot;classic&quot;}\">\n\t\t\t\t<div class=\"elementor-element elementor-element-6f01c1ca elementor-widget elementor-widget-heading\" data-id=\"6f01c1ca\" data-element_type=\"widget\" data-e-type=\"widget\" data-widget_type=\"heading.default\">\n\t\t\t\t<div class=\"elementor-widget-container\">\n\t\t\t\t\t<h1 class=\"elementor-heading-title elementor-size-default\">Atnaujinta versija ir originali versija<\/h1>\t\t\t\t<\/div>\n\t\t\t\t<\/div>\n\t\t\t\t<\/div>\n\t\t<div class=\"elementor-element elementor-element-56a0f8d5 e-con-full e-flex lakit-col-width-auto-no e-container e-con e-child\" data-id=\"56a0f8d5\" data-element_type=\"container\" data-e-type=\"container\" data-settings=\"{&quot;background_background&quot;:&quot;classic&quot;}\">\n\t\t\t\t<div class=\"elementor-element elementor-element-11e68d0a elementor-widget elementor-widget-heading\" data-id=\"11e68d0a\" data-element_type=\"widget\" data-e-type=\"widget\" data-widget_type=\"heading.default\">\n\t\t\t\t<div class=\"elementor-widget-container\">\n\t\t\t\t\t<h1 class=\"elementor-heading-title elementor-size-default\">Nemokamas vairuotojas ir automatinis diegimas<\/h1>\t\t\t\t<\/div>\n\t\t\t\t<\/div>\n\t\t\t\t<div class=\"elementor-element elementor-element-664ba6c9 elementor-widget elementor-widget-text-editor\" data-id=\"664ba6c9\" data-element_type=\"widget\" data-e-type=\"widget\" data-widget_type=\"text-editor.default\">\n\t\t\t\t<div class=\"elementor-widget-container\">\n\t\t\t\t\t\t\t\t\t<p>CF-WU757F V2 yra atnaujinta pagal tradicin\u0119 belaid\u017eio tinklo kortel\u0119 ir be sud\u0117tingos tvarkykl\u0117s.&nbsp;<\/p><p>Tai n\u0117ra kompaktinis diskas ir atsisiuntimas. Tereikia prijungti ir \u017eaisti.<\/p>\t\t\t\t\t\t\t\t<\/div>\n\t\t\t\t<\/div>\n\t\t\t\t<\/div>\n\t\t<div class=\"elementor-element elementor-element-4d4969cc e-con-full e-flex lakit-col-width-auto-no e-container e-con e-child\" data-id=\"4d4969cc\" data-element_type=\"container\" data-e-type=\"container\" data-settings=\"{&quot;background_background&quot;:&quot;classic&quot;}\">\n\t\t\t\t<div class=\"elementor-element elementor-element-42e2eb29 elementor-widget elementor-widget-heading\" data-id=\"42e2eb29\" data-element_type=\"widget\" data-e-type=\"widget\" data-widget_type=\"heading.default\">\n\t\t\t\t<div class=\"elementor-widget-container\">\n\t\t\t\t\t<h1 class=\"elementor-heading-title elementor-size-default\">Galingas signalas per sien\u0105 <\/h1>\t\t\t\t<\/div>\n\t\t\t\t<\/div>\n\t\t\t\t<\/div>\n\t\t<div class=\"elementor-element elementor-element-79eaf234 e-con-full e-flex lakit-col-width-auto-no e-container e-con e-child\" data-id=\"79eaf234\" data-element_type=\"container\" data-e-type=\"container\" data-settings=\"{&quot;background_background&quot;:&quot;classic&quot;}\">\n\t\t\t\t<div class=\"elementor-element elementor-element-1846284c elementor-widget elementor-widget-heading\" data-id=\"1846284c\" data-element_type=\"widget\" data-e-type=\"widget\" data-widget_type=\"heading.default\">\n\t\t\t\t<div class=\"elementor-widget-container\">\n\t\t\t\t\t<h1 class=\"elementor-heading-title elementor-size-default\">6 dBi antena ir stiprus signalas<\/h1>\t\t\t\t<\/div>\n\t\t\t\t<\/div>\n\t\t\t\t<div class=\"elementor-element elementor-element-64edf5bc elementor-widget elementor-widget-text-editor\" data-id=\"64edf5bc\" data-element_type=\"widget\" data-e-type=\"widget\" data-widget_type=\"text-editor.default\">\n\t\t\t\t<div class=\"elementor-widget-container\">\n\t\t\t\t\t\t\t\t\t<p>Jame \u012fmontuota 6 dBi didelio grynumo vario be deguonies visakrypt\u0117 antena,&nbsp;<\/p><p>kuris u\u017etikrina geresnes \u012frenginio signalo pri\u0117mimo ir perdavimo galimybes.<\/p>\t\t\t\t\t\t\t\t<\/div>\n\t\t\t\t<\/div>\n\t\t\t\t<\/div>\n\t\t<div class=\"elementor-element elementor-element-b7d57b7 e-con-full e-flex lakit-col-width-auto-no e-container e-con e-child\" data-id=\"b7d57b7\" data-element_type=\"container\" data-e-type=\"container\" data-settings=\"{&quot;background_background&quot;:&quot;classic&quot;}\">\n\t\t\t\t<div class=\"elementor-element elementor-element-18cfd828 elementor-widget elementor-widget-heading\" data-id=\"18cfd828\" data-element_type=\"widget\" data-e-type=\"widget\" data-widget_type=\"heading.default\">\n\t\t\t\t<div class=\"elementor-widget-container\">\n\t\t\t\t\t<h1 class=\"elementor-heading-title elementor-size-default\">Lankstus USB dizainas<\/h1>\t\t\t\t<\/div>\n\t\t\t\t<\/div>\n\t\t\t\t<div class=\"elementor-element elementor-element-4db9e55 elementor-widget elementor-widget-text-editor\" data-id=\"4db9e55\" data-element_type=\"widget\" data-e-type=\"widget\" data-widget_type=\"text-editor.default\">\n\t\t\t\t<div class=\"elementor-widget-container\">\n\t\t\t\t\t\t\t\t\t<p>J\u012f galima lengvai naudoti siauroje aplinkoje, tod\u0117l signalas gali b\u016bti stipresnis.<\/p>\t\t\t\t\t\t\t\t<\/div>\n\t\t\t\t<\/div>\n\t\t\t\t<\/div>\n\t\t<div class=\"elementor-element elementor-element-7eb92aab e-con-full e-flex lakit-col-width-auto-no e-container e-con e-child\" data-id=\"7eb92aab\" data-element_type=\"container\" data-e-type=\"container\" data-settings=\"{&quot;background_background&quot;:&quot;classic&quot;}\">\n\t\t\t\t<div class=\"elementor-element elementor-element-23919a18 elementor-widget elementor-widget-heading\" data-id=\"23919a18\" data-element_type=\"widget\" data-e-type=\"widget\" data-widget_type=\"heading.default\">\n\t\t\t\t<div class=\"elementor-widget-container\">\n\t\t\t\t\t<h1 class=\"elementor-heading-title elementor-size-default\">Keletas suderinamum\u0173 <\/h1>\t\t\t\t<\/div>\n\t\t\t\t<\/div>\n\t\t\t\t<div class=\"elementor-element elementor-element-9908cac elementor-widget elementor-widget-text-editor\" data-id=\"9908cac\" data-element_type=\"widget\" data-e-type=\"widget\" data-widget_type=\"text-editor.default\">\n\t\t\t\t<div class=\"elementor-widget-container\">\n\t\t\t\t\t\t\t\t\t<p>CF-WU757F V2 palaiko daugum\u0105 rinkoje esan\u010di\u0173 sistem\u0173, toki\u0173 kaip: winXP\/win7\/win8\/win8.1\/win10.<\/p>\t\t\t\t\t\t\t\t<\/div>\n\t\t\t\t<\/div>\n\t\t\t\t<\/div>\n\t\t<div class=\"elementor-element elementor-element-62d3c55 e-con-full e-flex lakit-col-width-auto-no e-container e-con e-child\" data-id=\"62d3c55\" data-element_type=\"container\" data-e-type=\"container\" data-settings=\"{&quot;background_background&quot;:&quot;classic&quot;}\">\n\t\t\t\t<div class=\"elementor-element elementor-element-3c62cf64 elementor-widget elementor-widget-heading\" data-id=\"3c62cf64\" data-element_type=\"widget\" data-e-type=\"widget\" data-widget_type=\"heading.default\">\n\t\t\t\t<div class=\"elementor-widget-container\">\n\t\t\t\t\t<h1 class=\"elementor-heading-title elementor-size-default\">\"WiFi\" siuntimas <\/h1>\t\t\t\t<\/div>\n\t\t\t\t<\/div>\n\t\t\t\t<div class=\"elementor-element elementor-element-6115bf67 elementor-widget elementor-widget-text-editor\" data-id=\"6115bf67\" data-element_type=\"widget\" data-e-type=\"widget\" data-widget_type=\"text-editor.default\">\n\t\t\t\t<div class=\"elementor-widget-container\">\n\t\t\t\t\t\t\t\t\t<p>Jei mar\u0161rutizatoriaus\/AP n\u0117ra, \u012fd\u0117kite belaid\u017eio ry\u0161io adapter\u012f \u012f kompiuter\u012f, kuriame jau yra tinklas, ir nustatykite prieigos ta\u0161ko re\u017eim\u0105.&nbsp;<\/p><p>Tuomet mobilusis telefonas ir \"iPad\" gali dalytis \"WiFi\" i\u0161 kompiuterio<\/p>\t\t\t\t\t\t\t\t<\/div>\n\t\t\t\t<\/div>\n\t\t\t\t<\/div>\n\t\t<div class=\"elementor-element elementor-element-280edad7 e-con-full e-flex lakit-col-width-auto-no e-container e-con e-child\" data-id=\"280edad7\" data-element_type=\"container\" data-e-type=\"container\" data-settings=\"{&quot;background_background&quot;:&quot;classic&quot;}\">\n\t\t\t\t<div class=\"elementor-element elementor-element-38147f91 elementor-widget elementor-widget-heading\" data-id=\"38147f91\" data-element_type=\"widget\" data-e-type=\"widget\" data-widget_type=\"heading.default\">\n\t\t\t\t<div class=\"elementor-widget-container\">\n\t\t\t\t\t<h1 class=\"elementor-heading-title elementor-size-default\">\"WiFi\" pri\u0117mimo funkcija <\/h1>\t\t\t\t<\/div>\n\t\t\t\t<\/div>\n\t\t\t\t<div class=\"elementor-element elementor-element-23a74042 elementor-widget elementor-widget-text-editor\" data-id=\"23a74042\" data-element_type=\"widget\" data-e-type=\"widget\" data-widget_type=\"text-editor.default\">\n\t\t\t\t<div class=\"elementor-widget-container\">\n\t\t\t\t\t\t\t\t\t<p>\u012ejunkite CF-WU757F V2 \u012f stalin\u012f kompiuter\u012f, tada jis gal\u0117s lengvai priimti \"WiFi\" signal\u0105 i\u0161 mar\u0161rutizatoriaus ir nar\u0161yti internete.<\/p>\t\t\t\t\t\t\t\t<\/div>\n\t\t\t\t<\/div>\n\t\t\t\t<\/div>\n\t\t\t\t<\/div>\n\t\t\t\t<\/div>\n\t\t\n    <div class=\"xs_social_share_widget xs_share_url after_content \t\tmain_content  wslu-style-1 wslu-share-box-shaped wslu-fill-colored wslu-none wslu-share-horizontal wslu-theme-font-no wslu-main_content\">\n\n\t\t\n        <ul>\n\t\t\t        <\/ul>\n    <\/div>","protected":false},"excerpt":{"rendered":"<p style=\"text-align: justify;\">CF-WU757FV2 turi 6 dBi didelio grynumo vario be deguonies anten\u0105, kuri u\u017etikrina stipr\u0173 signalo perdavim\u0105, puiki\u0105 skvarb\u0105 \u012f sienas ir stabil\u0173 veikim\u0105. Jis palaiko IEEE 802.11N standart\u0105, o did\u017eiausia belaid\u017eio ry\u0161io sparta yra 150 Mbps. \u012emontuota tvarkykl\u0117 leid\u017eia naudoti \"plug-and-play\", o i\u0161orin\u0117 antena laisvai pasisuka 90\u00b0 kampu, kad b\u016bt\u0173 u\u017etikrintas optimalus signalo pri\u0117mimas ir perdavimas.<\/p>\n<ul>\n<li>\n<p style=\"text-align: left;\">Pagaminta i\u0161 importuotos ABS med\u017eiagos, saugi ir ekologi\u0161ka<\/p>\n<\/li>\n<li style=\"text-align: left;\">\n<p>Belaidis adapteris be tvarkykli\u0173, kad b\u016bt\u0173 lengva naudoti<\/p>\n<\/li>\n<li style=\"text-align: left;\">\n<p>Palaikomas WEP\/WPA\/WPA2 \u0161ifravimas<\/p>\n<\/li>\n<li style=\"text-align: left;\">\n<p>I\u0161orin\u0117 6 dBi vario be deguonies antena stipresniam pri\u0117mimui ir \u012fsiskverbimui \u012f sien\u0105<\/p>\n<\/li>\n<li style=\"text-align: left;\">\n<p>150 Mbps belaid\u017eio perdavimo greitis<\/p>\n<\/li>\n<li style=\"text-align: left;\">\n<p>Atitinka IEEE 802.11b\/g\/n standartus<\/p>\n<\/li>\n<li style=\"text-align: left;\">\n<p>Suderinamas su pagrindin\u0117mis operacin\u0117mis sistemomis<\/p>\n<\/li>\n<li style=\"text-align: left;\">\n<p>Stabilus ir sklandus belaid\u017eio ry\u0161io pri\u0117mimas<\/p>\n<\/li>\n<li>\n<p style=\"text-align: left;\">Belaidis perdavimas i\u0161maniesiems telefonams, plan\u0161etiniams kompiuteriams ir kitiems \u012frenginiams<\/p>\n<\/li>\n<\/ul>","protected":false},"featured_media":18332,"template":"","meta":{"_acf_changed":false,"postBodyCss":"","postBodyMargin":[],"postBodyPadding":[],"postBodyBackground":{"backgroundType":"classic","gradient":""},"_links_to":"","_links_to_target":""},"product_brand":[],"product_cat":[215,218],"product_tag":[654],"class_list":{"0":"post-18312","1":"product","2":"type-product","3":"status-publish","4":"has-post-thumbnail","6":"product_cat-wireless-adapter","7":"product_cat-usb-adapter","8":"product_tag-cf-wu757f-v2","10":"first","11":"instock","12":"shipping-taxable","13":"product-type-simple"},"acf":[],"_links":{"self":[{"href":"https:\/\/www.encomfast.com\/lt\/wp-json\/wp\/v2\/product\/18312","targetHints":{"allow":["GET"]}}],"collection":[{"href":"https:\/\/www.encomfast.com\/lt\/wp-json\/wp\/v2\/product"}],"about":[{"href":"https:\/\/www.encomfast.com\/lt\/wp-json\/wp\/v2\/types\/product"}],"version-history":[{"count":0,"href":"https:\/\/www.encomfast.com\/lt\/wp-json\/wp\/v2\/product\/18312\/revisions"}],"wp:featuredmedia":[{"embeddable":true,"href":"https:\/\/www.encomfast.com\/lt\/wp-json\/wp\/v2\/media\/18332"}],"wp:attachment":[{"href":"https:\/\/www.encomfast.com\/lt\/wp-json\/wp\/v2\/media?parent=18312"}],"wp:term":[{"taxonomy":"product_brand","embeddable":true,"href":"https:\/\/www.encomfast.com\/lt\/wp-json\/wp\/v2\/product_brand?post=18312"},{"taxonomy":"product_cat","embeddable":true,"href":"https:\/\/www.encomfast.com\/lt\/wp-json\/wp\/v2\/product_cat?post=18312"},{"taxonomy":"product_tag","embeddable":true,"href":"https:\/\/www.encomfast.com\/lt\/wp-json\/wp\/v2\/product_tag?post=18312"}],"curies":[{"name":"wp","href":"https:\/\/api.w.org\/{rel}","templated":true}]}}