{"id":18630,"date":"2025-11-28T07:22:10","date_gmt":"2025-11-28T07:22:10","guid":{"rendered":"https:\/\/comfast-20250731.com\/?post_type=product&#038;p=18630"},"modified":"2025-12-25T09:58:03","modified_gmt":"2025-12-25T09:58:03","slug":"150mbps-mini-usb-wireless-adapter-5","status":"publish","type":"product","link":"https:\/\/www.encomfast.com\/lt\/produktas\/150mbps-mini-usb-wireless-adapter-5\/","title":{"rendered":"150Mbps mini USB belaidis adapteris"},"content":{"rendered":"<div data-elementor-type=\"product-post\" data-elementor-id=\"18630\" class=\"elementor elementor-18630\" data-elementor-post-type=\"product\">\n\t\t\t\t<div class=\"elementor-element elementor-element-342e71e5 e-con-full elementor-hidden-desktop elementor-hidden-tablet e-flex lakit-col-width-auto-no e-container e-root-container elementor-top-section e-con e-parent\" data-id=\"342e71e5\" data-element_type=\"container\" data-e-type=\"container\">\n\t\t\t\t<div class=\"elementor-element elementor-element-2cc18c6 elementor-widget__width-inherit elementor-widget elementor-widget-text-editor\" data-id=\"2cc18c6\" data-element_type=\"widget\" data-e-type=\"widget\" data-widget_type=\"text-editor.default\">\n\t\t\t\t<div class=\"elementor-widget-container\">\n\t\t\t\t\t\t\t\t\t<p><img fetchpriority=\"high\" decoding=\"async\" class=\"aligncenter size-full wp-image-22250\" src=\"https:\/\/www.encomfast.com\/wp-content\/uploads\/2025\/12\/CF-WU815N\u82f1\u6587\u8be6\u60c5_01.jpg\" alt=\"\" width=\"960\" height=\"671\" srcset=\"https:\/\/www.encomfast.com\/wp-content\/uploads\/2025\/12\/CF-WU815N\u82f1\u6587\u8be6\u60c5_01.jpg 960w, https:\/\/www.encomfast.com\/wp-content\/uploads\/2025\/12\/CF-WU815N\u82f1\u6587\u8be6\u60c5_01-600x419.jpg 600w, https:\/\/www.encomfast.com\/wp-content\/uploads\/2025\/12\/CF-WU815N\u82f1\u6587\u8be6\u60c5_01-300x210.jpg 300w, https:\/\/www.encomfast.com\/wp-content\/uploads\/2025\/12\/CF-WU815N\u82f1\u6587\u8be6\u60c5_01-768x537.jpg 768w, https:\/\/www.encomfast.com\/wp-content\/uploads\/2025\/12\/CF-WU815N\u82f1\u6587\u8be6\u60c5_01-18x12.jpg 18w\" sizes=\"(max-width: 960px) 100vw, 960px\" \/> <img decoding=\"async\" class=\"aligncenter size-full wp-image-22251\" src=\"https:\/\/www.encomfast.com\/wp-content\/uploads\/2025\/12\/CF-WU815N\u82f1\u6587\u8be6\u60c5_02.jpg\" alt=\"\" width=\"960\" height=\"631\" srcset=\"https:\/\/www.encomfast.com\/wp-content\/uploads\/2025\/12\/CF-WU815N\u82f1\u6587\u8be6\u60c5_02.jpg 960w, https:\/\/www.encomfast.com\/wp-content\/uploads\/2025\/12\/CF-WU815N\u82f1\u6587\u8be6\u60c5_02-600x394.jpg 600w, https:\/\/www.encomfast.com\/wp-content\/uploads\/2025\/12\/CF-WU815N\u82f1\u6587\u8be6\u60c5_02-300x197.jpg 300w, https:\/\/www.encomfast.com\/wp-content\/uploads\/2025\/12\/CF-WU815N\u82f1\u6587\u8be6\u60c5_02-768x505.jpg 768w, https:\/\/www.encomfast.com\/wp-content\/uploads\/2025\/12\/CF-WU815N\u82f1\u6587\u8be6\u60c5_02-18x12.jpg 18w\" sizes=\"(max-width: 960px) 100vw, 960px\" \/> <img decoding=\"async\" class=\"aligncenter size-full wp-image-22252\" src=\"https:\/\/www.encomfast.com\/wp-content\/uploads\/2025\/12\/CF-WU815N\u82f1\u6587\u8be6\u60c5_03.jpg\" alt=\"\" width=\"960\" height=\"1094\" srcset=\"https:\/\/www.encomfast.com\/wp-content\/uploads\/2025\/12\/CF-WU815N\u82f1\u6587\u8be6\u60c5_03.jpg 960w, https:\/\/www.encomfast.com\/wp-content\/uploads\/2025\/12\/CF-WU815N\u82f1\u6587\u8be6\u60c5_03-600x684.jpg 600w, https:\/\/www.encomfast.com\/wp-content\/uploads\/2025\/12\/CF-WU815N\u82f1\u6587\u8be6\u60c5_03-263x300.jpg 263w, https:\/\/www.encomfast.com\/wp-content\/uploads\/2025\/12\/CF-WU815N\u82f1\u6587\u8be6\u60c5_03-899x1024.jpg 899w, https:\/\/www.encomfast.com\/wp-content\/uploads\/2025\/12\/CF-WU815N\u82f1\u6587\u8be6\u60c5_03-768x875.jpg 768w, https:\/\/www.encomfast.com\/wp-content\/uploads\/2025\/12\/CF-WU815N\u82f1\u6587\u8be6\u60c5_03-11x12.jpg 11w\" sizes=\"(max-width: 960px) 100vw, 960px\" \/> <img loading=\"lazy\" decoding=\"async\" class=\"aligncenter size-full wp-image-22253\" src=\"https:\/\/www.encomfast.com\/wp-content\/uploads\/2025\/12\/CF-WU815N\u82f1\u6587\u8be6\u60c5_04.jpg\" alt=\"\" width=\"960\" height=\"1060\" srcset=\"https:\/\/www.encomfast.com\/wp-content\/uploads\/2025\/12\/CF-WU815N\u82f1\u6587\u8be6\u60c5_04.jpg 960w, https:\/\/www.encomfast.com\/wp-content\/uploads\/2025\/12\/CF-WU815N\u82f1\u6587\u8be6\u60c5_04-600x663.jpg 600w, https:\/\/www.encomfast.com\/wp-content\/uploads\/2025\/12\/CF-WU815N\u82f1\u6587\u8be6\u60c5_04-272x300.jpg 272w, https:\/\/www.encomfast.com\/wp-content\/uploads\/2025\/12\/CF-WU815N\u82f1\u6587\u8be6\u60c5_04-927x1024.jpg 927w, https:\/\/www.encomfast.com\/wp-content\/uploads\/2025\/12\/CF-WU815N\u82f1\u6587\u8be6\u60c5_04-768x848.jpg 768w, https:\/\/www.encomfast.com\/wp-content\/uploads\/2025\/12\/CF-WU815N\u82f1\u6587\u8be6\u60c5_04-11x12.jpg 11w\" sizes=\"(max-width: 960px) 100vw, 960px\" \/> <img loading=\"lazy\" decoding=\"async\" class=\"aligncenter size-full wp-image-22254\" src=\"https:\/\/www.encomfast.com\/wp-content\/uploads\/2025\/12\/CF-WU815N\u82f1\u6587\u8be6\u60c5_05.jpg\" alt=\"\" width=\"960\" height=\"754\" srcset=\"https:\/\/www.encomfast.com\/wp-content\/uploads\/2025\/12\/CF-WU815N\u82f1\u6587\u8be6\u60c5_05.jpg 960w, https:\/\/www.encomfast.com\/wp-content\/uploads\/2025\/12\/CF-WU815N\u82f1\u6587\u8be6\u60c5_05-600x471.jpg 600w, https:\/\/www.encomfast.com\/wp-content\/uploads\/2025\/12\/CF-WU815N\u82f1\u6587\u8be6\u60c5_05-300x236.jpg 300w, https:\/\/www.encomfast.com\/wp-content\/uploads\/2025\/12\/CF-WU815N\u82f1\u6587\u8be6\u60c5_05-768x603.jpg 768w, https:\/\/www.encomfast.com\/wp-content\/uploads\/2025\/12\/CF-WU815N\u82f1\u6587\u8be6\u60c5_05-15x12.jpg 15w\" sizes=\"(max-width: 960px) 100vw, 960px\" \/> <img loading=\"lazy\" decoding=\"async\" class=\"aligncenter size-full wp-image-22255\" src=\"https:\/\/www.encomfast.com\/wp-content\/uploads\/2025\/12\/CF-WU815N\u82f1\u6587\u8be6\u60c5_06.jpg\" alt=\"\" width=\"960\" height=\"710\" srcset=\"https:\/\/www.encomfast.com\/wp-content\/uploads\/2025\/12\/CF-WU815N\u82f1\u6587\u8be6\u60c5_06.jpg 960w, https:\/\/www.encomfast.com\/wp-content\/uploads\/2025\/12\/CF-WU815N\u82f1\u6587\u8be6\u60c5_06-600x444.jpg 600w, https:\/\/www.encomfast.com\/wp-content\/uploads\/2025\/12\/CF-WU815N\u82f1\u6587\u8be6\u60c5_06-300x222.jpg 300w, https:\/\/www.encomfast.com\/wp-content\/uploads\/2025\/12\/CF-WU815N\u82f1\u6587\u8be6\u60c5_06-768x568.jpg 768w, https:\/\/www.encomfast.com\/wp-content\/uploads\/2025\/12\/CF-WU815N\u82f1\u6587\u8be6\u60c5_06-16x12.jpg 16w\" sizes=\"(max-width: 960px) 100vw, 960px\" \/> <img loading=\"lazy\" decoding=\"async\" class=\"aligncenter size-full wp-image-22256\" src=\"https:\/\/www.encomfast.com\/wp-content\/uploads\/2025\/12\/CF-WU815N\u82f1\u6587\u8be6\u60c5_07.jpg\" alt=\"\" width=\"960\" height=\"720\" srcset=\"https:\/\/www.encomfast.com\/wp-content\/uploads\/2025\/12\/CF-WU815N\u82f1\u6587\u8be6\u60c5_07.jpg 960w, https:\/\/www.encomfast.com\/wp-content\/uploads\/2025\/12\/CF-WU815N\u82f1\u6587\u8be6\u60c5_07-600x450.jpg 600w, https:\/\/www.encomfast.com\/wp-content\/uploads\/2025\/12\/CF-WU815N\u82f1\u6587\u8be6\u60c5_07-300x225.jpg 300w, https:\/\/www.encomfast.com\/wp-content\/uploads\/2025\/12\/CF-WU815N\u82f1\u6587\u8be6\u60c5_07-768x576.jpg 768w, https:\/\/www.encomfast.com\/wp-content\/uploads\/2025\/12\/CF-WU815N\u82f1\u6587\u8be6\u60c5_07-16x12.jpg 16w\" sizes=\"(max-width: 960px) 100vw, 960px\" \/> <img loading=\"lazy\" decoding=\"async\" class=\"aligncenter size-full wp-image-22257\" src=\"https:\/\/www.encomfast.com\/wp-content\/uploads\/2025\/12\/CF-WU815N\u82f1\u6587\u8be6\u60c5_08.jpg\" alt=\"\" width=\"960\" height=\"813\" srcset=\"https:\/\/www.encomfast.com\/wp-content\/uploads\/2025\/12\/CF-WU815N\u82f1\u6587\u8be6\u60c5_08.jpg 960w, https:\/\/www.encomfast.com\/wp-content\/uploads\/2025\/12\/CF-WU815N\u82f1\u6587\u8be6\u60c5_08-600x508.jpg 600w, https:\/\/www.encomfast.com\/wp-content\/uploads\/2025\/12\/CF-WU815N\u82f1\u6587\u8be6\u60c5_08-300x254.jpg 300w, https:\/\/www.encomfast.com\/wp-content\/uploads\/2025\/12\/CF-WU815N\u82f1\u6587\u8be6\u60c5_08-768x650.jpg 768w, https:\/\/www.encomfast.com\/wp-content\/uploads\/2025\/12\/CF-WU815N\u82f1\u6587\u8be6\u60c5_08-14x12.jpg 14w\" sizes=\"(max-width: 960px) 100vw, 960px\" \/> <img loading=\"lazy\" decoding=\"async\" class=\"aligncenter size-full wp-image-22258\" src=\"https:\/\/www.encomfast.com\/wp-content\/uploads\/2025\/12\/CF-WU815N\u82f1\u6587\u8be6\u60c5_09.jpg\" alt=\"\" width=\"960\" height=\"725\" srcset=\"https:\/\/www.encomfast.com\/wp-content\/uploads\/2025\/12\/CF-WU815N\u82f1\u6587\u8be6\u60c5_09.jpg 960w, https:\/\/www.encomfast.com\/wp-content\/uploads\/2025\/12\/CF-WU815N\u82f1\u6587\u8be6\u60c5_09-600x453.jpg 600w, https:\/\/www.encomfast.com\/wp-content\/uploads\/2025\/12\/CF-WU815N\u82f1\u6587\u8be6\u60c5_09-300x227.jpg 300w, https:\/\/www.encomfast.com\/wp-content\/uploads\/2025\/12\/CF-WU815N\u82f1\u6587\u8be6\u60c5_09-768x580.jpg 768w, https:\/\/www.encomfast.com\/wp-content\/uploads\/2025\/12\/CF-WU815N\u82f1\u6587\u8be6\u60c5_09-16x12.jpg 16w\" sizes=\"(max-width: 960px) 100vw, 960px\" \/> <img loading=\"lazy\" decoding=\"async\" class=\"aligncenter size-full wp-image-22259\" src=\"https:\/\/www.encomfast.com\/wp-content\/uploads\/2025\/12\/CF-WU815N\u82f1\u6587\u8be6\u60c5_10.jpg\" alt=\"\" width=\"960\" height=\"914\" srcset=\"https:\/\/www.encomfast.com\/wp-content\/uploads\/2025\/12\/CF-WU815N\u82f1\u6587\u8be6\u60c5_10.jpg 960w, https:\/\/www.encomfast.com\/wp-content\/uploads\/2025\/12\/CF-WU815N\u82f1\u6587\u8be6\u60c5_10-600x571.jpg 600w, https:\/\/www.encomfast.com\/wp-content\/uploads\/2025\/12\/CF-WU815N\u82f1\u6587\u8be6\u60c5_10-300x286.jpg 300w, https:\/\/www.encomfast.com\/wp-content\/uploads\/2025\/12\/CF-WU815N\u82f1\u6587\u8be6\u60c5_10-768x731.jpg 768w, https:\/\/www.encomfast.com\/wp-content\/uploads\/2025\/12\/CF-WU815N\u82f1\u6587\u8be6\u60c5_10-13x12.jpg 13w\" sizes=\"(max-width: 960px) 100vw, 960px\" \/> <img loading=\"lazy\" decoding=\"async\" class=\"aligncenter size-full wp-image-22260\" src=\"https:\/\/www.encomfast.com\/wp-content\/uploads\/2025\/12\/CF-WU815N\u82f1\u6587\u8be6\u60c5_11.jpg\" alt=\"\" width=\"960\" height=\"675\" srcset=\"https:\/\/www.encomfast.com\/wp-content\/uploads\/2025\/12\/CF-WU815N\u82f1\u6587\u8be6\u60c5_11.jpg 960w, https:\/\/www.encomfast.com\/wp-content\/uploads\/2025\/12\/CF-WU815N\u82f1\u6587\u8be6\u60c5_11-600x422.jpg 600w, https:\/\/www.encomfast.com\/wp-content\/uploads\/2025\/12\/CF-WU815N\u82f1\u6587\u8be6\u60c5_11-300x211.jpg 300w, https:\/\/www.encomfast.com\/wp-content\/uploads\/2025\/12\/CF-WU815N\u82f1\u6587\u8be6\u60c5_11-768x540.jpg 768w, https:\/\/www.encomfast.com\/wp-content\/uploads\/2025\/12\/CF-WU815N\u82f1\u6587\u8be6\u60c5_11-18x12.jpg 18w\" sizes=\"(max-width: 960px) 100vw, 960px\" \/><\/p>\t\t\t\t\t\t\t\t<\/div>\n\t\t\t\t<\/div>\n\t\t\t\t<\/div>\n\t\t<div class=\"elementor-element elementor-element-7152b2fe e-con-full elementor-hidden-mobile e-flex lakit-col-width-auto-no e-container e-root-container elementor-top-section e-con e-parent\" data-id=\"7152b2fe\" data-element_type=\"container\" data-e-type=\"container\">\n\t\t<div class=\"elementor-element elementor-element-254f9791 e-con-full e-flex lakit-col-width-auto-no e-container e-con e-child\" data-id=\"254f9791\" data-element_type=\"container\" data-e-type=\"container\" data-settings=\"{&quot;background_background&quot;:&quot;classic&quot;}\">\n\t\t\t\t<\/div>\n\t\t<div class=\"elementor-element elementor-element-5b9f968 e-con-full e-flex lakit-col-width-auto-no e-container e-con e-child\" data-id=\"5b9f968\" data-element_type=\"container\" data-e-type=\"container\" data-settings=\"{&quot;background_background&quot;:&quot;classic&quot;}\">\n\t\t\t\t<\/div>\n\t\t<div class=\"elementor-element elementor-element-43d2225 e-con-full e-flex lakit-col-width-auto-no e-container e-con e-child\" data-id=\"43d2225\" data-element_type=\"container\" data-e-type=\"container\" data-settings=\"{&quot;background_background&quot;:&quot;classic&quot;}\">\n\t\t\t\t<div class=\"elementor-element elementor-element-ecdb384 elementor-widget elementor-widget-heading\" data-id=\"ecdb384\" data-element_type=\"widget\" data-e-type=\"widget\" data-widget_type=\"heading.default\">\n\t\t\t\t<div class=\"elementor-widget-container\">\n\t\t\t\t\t<h1 class=\"elementor-heading-title elementor-size-default\">Mini ma\u017eas k\u016bno dizainas<\/h1>\t\t\t\t<\/div>\n\t\t\t\t<\/div>\n\t\t\t\t<div class=\"elementor-element elementor-element-28f47d0 elementor-widget elementor-widget-text-editor\" data-id=\"28f47d0\" data-element_type=\"widget\" data-e-type=\"widget\" data-widget_type=\"text-editor.default\">\n\t\t\t\t<div class=\"elementor-widget-container\">\n\t\t\t\t\t\t\t\t\t<p>CF-WU815N pasi\u017eymi puikiu meistri\u0161kumu. Jis taip pat pagamintas i\u0161 aplinkai nekenksmingos ABS med\u017eiagos,\u00a0<\/p>\n<p>kuris gali apsaugoti fiuzelia\u017e\u0105 ir suteikti jam i\u0161skirtin\u0119 i\u0161vaizd\u0105.<\/p>\t\t\t\t\t\t\t\t<\/div>\n\t\t\t\t<\/div>\n\t\t\t\t<\/div>\n\t\t<div class=\"elementor-element elementor-element-2d297fb e-con-full e-flex lakit-col-width-auto-no e-container e-con e-child\" data-id=\"2d297fb\" data-element_type=\"container\" data-e-type=\"container\" data-settings=\"{&quot;background_background&quot;:&quot;classic&quot;}\">\n\t\t\t\t<div class=\"elementor-element elementor-element-d73a7fd elementor-widget elementor-widget-heading\" data-id=\"d73a7fd\" data-element_type=\"widget\" data-e-type=\"widget\" data-widget_type=\"heading.default\">\n\t\t\t\t<div class=\"elementor-widget-container\">\n\t\t\t\t\t<h1 class=\"elementor-heading-title elementor-size-default\">Nemokamas vairuotojas ir automatinis diegimas<\/h1>\t\t\t\t<\/div>\n\t\t\t\t<\/div>\n\t\t\t\t<div class=\"elementor-element elementor-element-70dc076 elementor-widget elementor-widget-text-editor\" data-id=\"70dc076\" data-element_type=\"widget\" data-e-type=\"widget\" data-widget_type=\"text-editor.default\">\n\t\t\t\t<div class=\"elementor-widget-container\">\n\t\t\t\t\t\t\t\t\t<p>CF-WU815N turi vidin\u0119 belaid\u017eio ry\u0161io tvarkykl\u0119. Nereikia atsisi\u0173sti kompaktinio disko.\u00a0<\/p>\n<p>Tereikia prijungti ir \u017eaisti.<\/p>\t\t\t\t\t\t\t\t<\/div>\n\t\t\t\t<\/div>\n\t\t\t\t<\/div>\n\t\t<div class=\"elementor-element elementor-element-d288635 e-con-full e-flex lakit-col-width-auto-no e-container e-con e-child\" data-id=\"d288635\" data-element_type=\"container\" data-e-type=\"container\" data-settings=\"{&quot;background_background&quot;:&quot;classic&quot;}\">\n\t\t\t\t<\/div>\n\t\t<div class=\"elementor-element elementor-element-f50145a e-con-full e-flex lakit-col-width-auto-no e-container e-con e-child\" data-id=\"f50145a\" data-element_type=\"container\" data-e-type=\"container\" data-settings=\"{&quot;background_background&quot;:&quot;classic&quot;}\">\n\t\t\t\t<div class=\"elementor-element elementor-element-2ee8e21 elementor-widget elementor-widget-heading\" data-id=\"2ee8e21\" data-element_type=\"widget\" data-e-type=\"widget\" data-widget_type=\"heading.default\">\n\t\t\t\t<div class=\"elementor-widget-container\">\n\t\t\t\t\t<h1 class=\"elementor-heading-title elementor-size-default\">\"WiFi\" pri\u0117mimas <\/h1>\t\t\t\t<\/div>\n\t\t\t\t<\/div>\n\t\t\t\t<div class=\"elementor-element elementor-element-6a6ebb6 elementor-widget elementor-widget-text-editor\" data-id=\"6a6ebb6\" data-element_type=\"widget\" data-e-type=\"widget\" data-widget_type=\"text-editor.default\">\n\t\t\t\t<div class=\"elementor-widget-container\">\n\t\t\t\t\t\t\t\t\t<p>Stalinis kompiuteris gali lengvai priimti \"WiFi\" signal\u0105, o \"WiFi\" kokyb\u0117 yra tokia pati kaip laidinio tinklo.<\/p>\t\t\t\t\t\t\t\t<\/div>\n\t\t\t\t<\/div>\n\t\t\t\t<\/div>\n\t\t<div class=\"elementor-element elementor-element-f48a2e2 e-con-full e-flex lakit-col-width-auto-no e-container e-con e-child\" data-id=\"f48a2e2\" data-element_type=\"container\" data-e-type=\"container\" data-settings=\"{&quot;background_background&quot;:&quot;classic&quot;}\">\n\t\t\t\t<div class=\"elementor-element elementor-element-8e83aad elementor-widget elementor-widget-heading\" data-id=\"8e83aad\" data-element_type=\"widget\" data-e-type=\"widget\" data-widget_type=\"heading.default\">\n\t\t\t\t<div class=\"elementor-widget-container\">\n\t\t\t\t\t<h1 class=\"elementor-heading-title elementor-size-default\">\"WiFi\" siuntimas<\/h1>\t\t\t\t<\/div>\n\t\t\t\t<\/div>\n\t\t\t\t<div class=\"elementor-element elementor-element-5d03624 elementor-widget elementor-widget-text-editor\" data-id=\"5d03624\" data-element_type=\"widget\" data-e-type=\"widget\" data-widget_type=\"text-editor.default\">\n\t\t\t\t<div class=\"elementor-widget-container\">\n\t\t\t\t\t\t\t\t\t<p>Prijunkite CF-WU815N prie ne\u0161iojamojo kompiuterio, kuriame yra tinklas. Tuomet visi aplinkiniai \u017emon\u0117s gal\u0117s naudotis \"WiFi\" signalu.<\/p>\t\t\t\t\t\t\t\t<\/div>\n\t\t\t\t<\/div>\n\t\t\t\t<\/div>\n\t\t<div class=\"elementor-element elementor-element-a55039d e-con-full e-flex lakit-col-width-auto-no e-container e-con e-child\" data-id=\"a55039d\" data-element_type=\"container\" data-e-type=\"container\" data-settings=\"{&quot;background_background&quot;:&quot;classic&quot;}\">\n\t\t\t\t<div class=\"elementor-element elementor-element-849d7e1 elementor-widget elementor-widget-heading\" data-id=\"849d7e1\" data-element_type=\"widget\" data-e-type=\"widget\" data-widget_type=\"heading.default\">\n\t\t\t\t<div class=\"elementor-widget-container\">\n\t\t\t\t\t<h1 class=\"elementor-heading-title elementor-size-default\">\"Soft AP\" funkcija<\/h1>\t\t\t\t<\/div>\n\t\t\t\t<\/div>\n\t\t\t\t<div class=\"elementor-element elementor-element-b34a3d2 elementor-widget elementor-widget-text-editor\" data-id=\"b34a3d2\" data-element_type=\"widget\" data-e-type=\"widget\" data-widget_type=\"text-editor.default\">\n\t\t\t\t<div class=\"elementor-widget-container\">\n\t\t\t\t\t\t\t\t\t<p>Prijunkite CF-WU815N prie ne\u0161iojamojo kompiuterio, kuriame yra tinklas. Tada visi aplinkiniai \u017emon\u0117s gali tur\u0117ti\u00a0<\/p>\n<p>Jei n\u0117ra mar\u0161rutizatoriaus\/AP, \u012fd\u0117kite CF-WU815N \u012f \u012frenginius, kurie turi tinkl\u0105.\u00a0<\/p>\n<p>tada galite bendrinti \"Wi-Fi\" su kitais \u012frenginiais ir \u017ei\u016br\u0117ti vaizdo \u012fra\u0161us,\u00a0<\/p>\n<p>klausytis muzikos, \u017eaisti \u017eaidimus, apsipirkin\u0117ti ir t. t. l.<\/p>\t\t\t\t\t\t\t\t<\/div>\n\t\t\t\t<\/div>\n\t\t\t\t<\/div>\n\t\t<div class=\"elementor-element elementor-element-16d8450 e-con-full e-flex lakit-col-width-auto-no e-container e-con e-child\" data-id=\"16d8450\" data-element_type=\"container\" data-e-type=\"container\" data-settings=\"{&quot;background_background&quot;:&quot;classic&quot;}\">\n\t\t\t\t<div class=\"elementor-element elementor-element-01d6cc2 elementor-widget elementor-widget-heading\" data-id=\"01d6cc2\" data-element_type=\"widget\" data-e-type=\"widget\" data-widget_type=\"heading.default\">\n\t\t\t\t<div class=\"elementor-widget-container\">\n\t\t\t\t\t<h1 class=\"elementor-heading-title elementor-size-default\">Parama Saugumo \u0161ifravimas<\/h1>\t\t\t\t<\/div>\n\t\t\t\t<\/div>\n\t\t\t\t<div class=\"elementor-element elementor-element-ce3f0fb elementor-widget elementor-widget-text-editor\" data-id=\"ce3f0fb\" data-element_type=\"widget\" data-e-type=\"widget\" data-widget_type=\"text-editor.default\">\n\t\t\t\t<div class=\"elementor-widget-container\">\n\t\t\t\t\t\t\t\t\t<p>CF-WU815N palaiko WPA-PSK\/WPA2-PSK, WPA\/WPA2 ir WEP \u0161ifravim\u0105, tod\u0117l j\u016bs\u0173 tinklas bus saugesnis.<\/p>\t\t\t\t\t\t\t\t<\/div>\n\t\t\t\t<\/div>\n\t\t\t\t<\/div>\n\t\t<div class=\"elementor-element elementor-element-effad22 e-con-full e-flex lakit-col-width-auto-no e-container e-con e-child\" data-id=\"effad22\" data-element_type=\"container\" data-e-type=\"container\" data-settings=\"{&quot;background_background&quot;:&quot;classic&quot;}\">\n\t\t\t\t<div class=\"elementor-element elementor-element-b1b55c5 elementor-widget elementor-widget-heading\" data-id=\"b1b55c5\" data-element_type=\"widget\" data-e-type=\"widget\" data-widget_type=\"heading.default\">\n\t\t\t\t<div class=\"elementor-widget-container\">\n\t\t\t\t\t<h1 class=\"elementor-heading-title elementor-size-default\">Kokie privalumai gali <br>atne\u0161 jums CF-WU815N?<\/h1>\t\t\t\t<\/div>\n\t\t\t\t<\/div>\n\t\t\t\t<\/div>\n\t\t\t\t<\/div>\n\t\t\t\t<\/div>\n\t\t\n    <div class=\"xs_social_share_widget xs_share_url after_content \t\tmain_content  wslu-style-1 wslu-share-box-shaped wslu-fill-colored wslu-none wslu-share-horizontal wslu-theme-font-no wslu-main_content\">\n\n\t\t\n        <ul>\n\t\t\t        <\/ul>\n    <\/div>","protected":false},"excerpt":{"rendered":"<p style=\"text-align: justify;\">CF-WU815N naudoja 11n belaid\u017eio ry\u0161io technologij\u0105, kurios greitis siekia 150 Mbps, tod\u0117l galima efektyviai perduoti duomenis ir skland\u017eiau transliuoti bals\u0105, vaizdo \u012fra\u0161us, srautines transliacijas ir \u017eaidimus. Jis atitinka IEEE 802.11b\/g\/n standartus ir palaiko 2,4 GHz belaid\u017eio ry\u0161io signalus, tokius kaip \"WiFi\", WLAN ir CMCC, tod\u0117l u\u017etikrina stabil\u0173 veikim\u0105 ir skland\u017ei\u0105 bei patikim\u0105 naudotojo patirt\u012f.<\/p>\n<ul>\n<li data-start=\"90\" data-end=\"155\">\n<p style=\"text-align: left;\">Monetos dyd\u017eio itin mini dizainas, \"plug-and-play\", lengva ne\u0161iotis<\/p>\n<\/li>\n<li style=\"text-align: left;\" data-start=\"158\" data-end=\"236\">\n<p>Nikeliu dengta USB jungtis, kad b\u016bt\u0173 atspari r\u016bdims ir ilgaam\u017ei\u0161kesn\u0117<\/p>\n<\/li>\n<li style=\"text-align: left;\" data-start=\"239\" data-end=\"309\">\n<p>Auk\u0161\u010diausios kokyb\u0117s importuotas ABS korpusas su ergonomi\u0161ku neslystan\u010diu dizainu<\/p>\n<\/li>\n<li style=\"text-align: left;\" data-start=\"312\" data-end=\"376\">\n<p>\"Realtek\" mikroschem\u0173 rinkinio sprendimas, u\u017etikrinantis stabil\u0173 veikim\u0105<\/p>\n<\/li>\n<li style=\"text-align: left;\" data-start=\"379\" data-end=\"422\">\n<p>150 Mbps belaid\u017eio perdavimo greitis<\/p>\n<\/li>\n<li style=\"text-align: left;\" data-start=\"425\" data-end=\"476\">\n<p>\u012emontuota i\u0161manioji aparatin\u0117 antenos sistema<\/p>\n<\/li>\n<li style=\"text-align: left;\" data-start=\"479\" data-end=\"586\">\n<p>Atitinka IEEE 802.11 b\/g\/n belaid\u017eio ry\u0161io standartus<\/p>\n<\/li>\n<li style=\"text-align: left;\" data-start=\"589\" data-end=\"638\">\n<p>Ekologi\u0161kas, ma\u017eai energijos vartojantis dizainas<\/p>\n<\/li>\n<li data-start=\"641\" data-end=\"695\">\n<p style=\"text-align: left;\">Diegimas be tvarkykli\u0173 - greitas ir paprastas nustatymas<\/p>\n<\/li>\n<\/ul>","protected":false},"featured_media":22280,"template":"","meta":{"_acf_changed":false,"postBodyCss":"","postBodyMargin":[],"postBodyPadding":[],"postBodyBackground":{"backgroundType":"classic","gradient":""},"_links_to":"","_links_to_target":""},"product_brand":[],"product_cat":[215,218],"product_tag":[669],"class_list":{"0":"post-18630","1":"product","2":"type-product","3":"status-publish","4":"has-post-thumbnail","6":"product_cat-wireless-adapter","7":"product_cat-usb-adapter","8":"product_tag-cf-wu815n","10":"first","11":"instock","12":"shipping-taxable","13":"product-type-simple"},"acf":[],"_links":{"self":[{"href":"https:\/\/www.encomfast.com\/lt\/wp-json\/wp\/v2\/product\/18630","targetHints":{"allow":["GET"]}}],"collection":[{"href":"https:\/\/www.encomfast.com\/lt\/wp-json\/wp\/v2\/product"}],"about":[{"href":"https:\/\/www.encomfast.com\/lt\/wp-json\/wp\/v2\/types\/product"}],"version-history":[{"count":0,"href":"https:\/\/www.encomfast.com\/lt\/wp-json\/wp\/v2\/product\/18630\/revisions"}],"wp:featuredmedia":[{"embeddable":true,"href":"https:\/\/www.encomfast.com\/lt\/wp-json\/wp\/v2\/media\/22280"}],"wp:attachment":[{"href":"https:\/\/www.encomfast.com\/lt\/wp-json\/wp\/v2\/media?parent=18630"}],"wp:term":[{"taxonomy":"product_brand","embeddable":true,"href":"https:\/\/www.encomfast.com\/lt\/wp-json\/wp\/v2\/product_brand?post=18630"},{"taxonomy":"product_cat","embeddable":true,"href":"https:\/\/www.encomfast.com\/lt\/wp-json\/wp\/v2\/product_cat?post=18630"},{"taxonomy":"product_tag","embeddable":true,"href":"https:\/\/www.encomfast.com\/lt\/wp-json\/wp\/v2\/product_tag?post=18630"}],"curies":[{"name":"wp","href":"https:\/\/api.w.org\/{rel}","templated":true}]}}