{"id":21219,"date":"2025-11-30T06:34:11","date_gmt":"2025-11-30T06:34:11","guid":{"rendered":"https:\/\/www.encomfast.com\/?post_type=product&#038;p=21219"},"modified":"2025-12-16T09:48:37","modified_gmt":"2025-12-16T09:48:37","slug":"wifi6-2700mbps-wireless-repeater","status":"publish","type":"product","link":"https:\/\/www.encomfast.com\/lt\/produktas\/wifi6-2700mbps-wireless-repeater\/","title":{"rendered":"\"WiFi6\" 2700Mbps belaidis kartotuvas"},"content":{"rendered":"<div data-elementor-type=\"product-post\" data-elementor-id=\"21219\" class=\"elementor elementor-21219\" data-elementor-post-type=\"product\">\n\t\t\t\t<div class=\"elementor-element elementor-element-f59f230 e-flex e-con-boxed lakit-col-width-auto-no e-container e-root-container elementor-top-section e-con e-parent\" data-id=\"f59f230\" data-element_type=\"container\" data-e-type=\"container\">\n\t\t\t\t\t<div class=\"e-con-inner\">\n\t\t\t\t\t<\/div>\n\t\t\t\t<\/div>\n\t\t<div class=\"elementor-element elementor-element-41a95612 e-con-full elementor-hidden-mobile e-flex lakit-col-width-auto-no e-container e-root-container elementor-top-section e-con e-parent\" data-id=\"41a95612\" data-element_type=\"container\" data-e-type=\"container\">\n\t\t<div class=\"elementor-element elementor-element-5bac89c7 e-con-full e-flex lakit-col-width-auto-no e-container e-con e-child\" data-id=\"5bac89c7\" data-element_type=\"container\" data-e-type=\"container\" data-settings=\"{&quot;background_background&quot;:&quot;classic&quot;}\">\n\t\t\t\t<\/div>\n\t\t<div class=\"elementor-element elementor-element-7949a311 e-con-full e-flex lakit-col-width-auto-no e-container e-con e-child\" data-id=\"7949a311\" data-element_type=\"container\" data-e-type=\"container\" data-settings=\"{&quot;background_background&quot;:&quot;classic&quot;}\">\n\t\t\t\t<div class=\"elementor-element elementor-element-3f6555b0 elementor-widget elementor-widget-heading\" data-id=\"3f6555b0\" data-element_type=\"widget\" data-e-type=\"widget\" data-widget_type=\"heading.default\">\n\t\t\t\t<div class=\"elementor-widget-container\">\n\t\t\t\t\t<h1 class=\"elementor-heading-title elementor-size-default\">Specialiai sukurta pl\u0117trai<br>\nSukurta belaid\u017eio ry\u0161io apr\u0117p\u010diai<\/h1>\t\t\t\t<\/div>\n\t\t\t\t<\/div>\n\t\t\t\t<div class=\"elementor-element elementor-element-ca7616d elementor-widget elementor-widget-text-editor\" data-id=\"ca7616d\" data-element_type=\"widget\" data-e-type=\"widget\" data-widget_type=\"text-editor.default\">\n\t\t\t\t<div class=\"elementor-widget-container\">\n\t\t\t\t\t\t\t\t\t<p>U\u017epildykite mar\u0161rutizatoriaus apr\u0117pties sprag\u0105 ir lengvai u\u017epildykite viso namo signal\u0105<\/p>\t\t\t\t\t\t\t\t<\/div>\n\t\t\t\t<\/div>\n\t\t\t\t<\/div>\n\t\t<div class=\"elementor-element elementor-element-1ac8092a e-con-full e-flex lakit-col-width-auto-no e-container e-con e-child\" data-id=\"1ac8092a\" data-element_type=\"container\" data-e-type=\"container\" data-settings=\"{&quot;background_background&quot;:&quot;classic&quot;}\">\n\t\t\t\t<div class=\"elementor-element elementor-element-15c9e2c2 elementor-widget elementor-widget-heading\" data-id=\"15c9e2c2\" data-element_type=\"widget\" data-e-type=\"widget\" data-widget_type=\"heading.default\">\n\t\t\t\t<div class=\"elementor-widget-container\">\n\t\t\t\t\t<h1 class=\"elementor-heading-title elementor-size-default\">Didelis pl\u0117timosi stiprumas<br>\nM\u0117gaukit\u0117s visu sal\u0117s vaizdu<\/h1>\t\t\t\t<\/div>\n\t\t\t\t<\/div>\n\t\t\t\t<div class=\"elementor-element elementor-element-9e3b898 elementor-widget elementor-widget-text-editor\" data-id=\"9e3b898\" data-element_type=\"widget\" data-e-type=\"widget\" data-widget_type=\"text-editor.default\">\n\t\t\t\t<div class=\"elementor-widget-container\">\n\t\t\t\t\t\t\t\t\t<p>CF-XR187 bendradarbiauja su nam\u0173 \"WiFi 6\" mar\u0161rutizatoriumi, kad b\u016bt\u0173 galima spar\u010diai pl\u0117stis\u00a0<\/p>\n<p>belaid\u017eio ry\u0161io signalus, lengvai \u012fveikia skausming\u0105 ta\u0161k\u0105, kai vienas\u00a0<\/p>\n<p>mar\u0161rutizatorius sunkiai pasiekia vis\u0105 namo apr\u0117pt\u012f<\/p>\t\t\t\t\t\t\t\t<\/div>\n\t\t\t\t<\/div>\n\t\t\t\t<\/div>\n\t\t<div class=\"elementor-element elementor-element-7de2e53d e-con-full e-flex lakit-col-width-auto-no e-container e-con e-child\" data-id=\"7de2e53d\" data-element_type=\"container\" data-e-type=\"container\" data-settings=\"{&quot;background_background&quot;:&quot;classic&quot;}\">\n\t\t\t\t<div class=\"elementor-element elementor-element-7b03a0be elementor-widget elementor-widget-heading\" data-id=\"7b03a0be\" data-element_type=\"widget\" data-e-type=\"widget\" data-widget_type=\"heading.default\">\n\t\t\t\t<div class=\"elementor-widget-container\">\n\t\t\t\t\t<h1 class=\"elementor-heading-title elementor-size-default\">Pa\u017eangiausias \"WiFi\" 6 <br>\nvisi\u0161kai i\u0161naudojamas na\u0161umas.<\/h1>\t\t\t\t<\/div>\n\t\t\t\t<\/div>\n\t\t\t\t<div class=\"elementor-element elementor-element-23109ca elementor-widget elementor-widget-text-editor\" data-id=\"23109ca\" data-element_type=\"widget\" data-e-type=\"widget\" data-widget_type=\"text-editor.default\">\n\t\t\t\t<div class=\"elementor-widget-container\">\n\t\t\t\t\t\t\t\t\t<p>\u012erengtas pa\u017eangiausias \"WiFi6\" protokolas ir puikiai suderinamas su \"WiFi6\" mar\u0161rutizatoriais,\u00a0<\/p>\n<p>Pagrindin\u0117s technologijos atnaujinimas suteikia stipr\u0173 pl\u0117tros pagreit\u012f.\u00a0<\/p>\n<p>Jis ne tik pasiekia signalo skvarbos paj\u0117gum\u0105, bet ir \"Leapfrog\" patobulinim\u0105,\u00a0<\/p>\n<p>remdamiesi ma\u017eo v\u0117lavimo ir apsaugos nuo trukd\u017ei\u0173 perdavimo savyb\u0117mis, kiekvien\u0105 kart\u0105<\/p>\n<p>Jungtys yra stabilios kaip uola, tod\u0117l visi\u0161kai atsisveikinama su signal\u0173 aklosiomis zonomis.<\/p>\t\t\t\t\t\t\t\t<\/div>\n\t\t\t\t<\/div>\n\t\t\t\t<\/div>\n\t\t<div class=\"elementor-element elementor-element-2bb20c82 e-con-full e-flex lakit-col-width-auto-no e-container e-con e-child\" data-id=\"2bb20c82\" data-element_type=\"container\" data-e-type=\"container\" data-settings=\"{&quot;background_background&quot;:&quot;classic&quot;}\">\n\t\t\t\t<div class=\"elementor-element elementor-element-53f79654 elementor-widget elementor-widget-heading\" data-id=\"53f79654\" data-element_type=\"widget\" data-e-type=\"widget\" data-widget_type=\"heading.default\">\n\t\t\t\t<div class=\"elementor-widget-container\">\n\t\t\t\t\t<h1 class=\"elementor-heading-title elementor-size-default\">Dviej\u0173 da\u017eni\u0173 juost\u0173 sinchronizavimas 2700Mbps<br>\nNesibaigianti didel\u0117s spartos pl\u0117tra<\/h1>\t\t\t\t<\/div>\n\t\t\t\t<\/div>\n\t\t\t\t<div class=\"elementor-element elementor-element-76b5af42 elementor-widget elementor-widget-text-editor\" data-id=\"76b5af42\" data-element_type=\"widget\" data-e-type=\"widget\" data-widget_type=\"text-editor.default\">\n\t\t\t\t<div class=\"elementor-widget-container\">\n\t\t\t\t\t\t\t\t\t<p>\u012erengtas pa\u017eangiausias \"WiFi6\" protokolas, puikiai suderinamas su \"WiFi6\" mar\u0161rutizatoriais.\u00a0<\/p>\n<p>Pagrindin\u0117s technologijos atnaujinimas suteikia stipr\u0173 pl\u0117tros pagreit\u012f.\u00a0<\/p>\n<p>Jis ne tik u\u017etikrina signalo skvarb\u0105, bet ir<\/p>\n<p>\"Leapfrog\" patobulinimas, paremtas ma\u017eo v\u0117lavimo ir apsaugos nuo trukd\u017ei\u0173 perdavimo charakteristikomis, kad kiekvien\u0105 kart\u0105 b\u016bt\u0173 galima<\/p>\n<p>Jungtys yra stabilios kaip uola, tod\u0117l visi\u0161kai atsisveikinama su signal\u0173 aklosiomis zonomis.<\/p>\t\t\t\t\t\t\t\t<\/div>\n\t\t\t\t<\/div>\n\t\t\t\t<\/div>\n\t\t<div class=\"elementor-element elementor-element-33c9aa5b e-con-full e-flex lakit-col-width-auto-no e-container e-con e-child\" data-id=\"33c9aa5b\" data-element_type=\"container\" data-e-type=\"container\" data-settings=\"{&quot;background_background&quot;:&quot;classic&quot;}\">\n\t\t\t\t<div class=\"elementor-element elementor-element-b68db42 elementor-widget elementor-widget-heading\" data-id=\"b68db42\" data-element_type=\"widget\" data-e-type=\"widget\" data-widget_type=\"heading.default\">\n\t\t\t\t<div class=\"elementor-widget-container\">\n\t\t\t\t\t<h1 class=\"elementor-heading-title elementor-size-default\">160 MHz didelis da\u017eni\u0173 juostos plotis<br>\nAtnaujinimo patirtis<\/h1>\t\t\t\t<\/div>\n\t\t\t\t<\/div>\n\t\t\t\t<div class=\"elementor-element elementor-element-d141b9d elementor-widget elementor-widget-text-editor\" data-id=\"d141b9d\" data-element_type=\"widget\" data-e-type=\"widget\" data-widget_type=\"text-editor.default\">\n\t\t\t\t<div class=\"elementor-widget-container\">\n\t\t\t\t\t\t\t\t\t<p>Palaikomas didelis 160 MHz da\u017eni\u0173 juostos plotis, dvigubai vir\u0161ijantis \"WiFi5\" 80 MHz da\u017eni\u0173 juostos plot\u012f,<\/p>\n<p>Platesnis signalo kanalas efektyviai perduoda ir i\u0161leid\u017eia pla\u010diajuos\u010dio ry\u0161io na\u0161um\u0105<\/p>\n<p>Stiprinkite signalo pl\u0117tr\u0105 ir didinkite tinklo na\u0161um\u0105<\/p>\t\t\t\t\t\t\t\t<\/div>\n\t\t\t\t<\/div>\n\t\t\t\t<\/div>\n\t\t<div class=\"elementor-element elementor-element-1830ce98 e-con-full e-flex lakit-col-width-auto-no e-container e-con e-child\" data-id=\"1830ce98\" data-element_type=\"container\" data-e-type=\"container\" data-settings=\"{&quot;background_background&quot;:&quot;classic&quot;}\">\n\t\t\t\t<div class=\"elementor-element elementor-element-cef837a elementor-widget elementor-widget-heading\" data-id=\"cef837a\" data-element_type=\"widget\" data-e-type=\"widget\" data-widget_type=\"heading.default\">\n\t\t\t\t<div class=\"elementor-widget-container\">\n\t\t\t\t\t<h1 class=\"elementor-heading-title elementor-size-default\">Trys RTL didelio na\u0161umo lustai<br>\nStabilus veikimas be atjungimo<\/h1>\t\t\t\t<\/div>\n\t\t\t\t<\/div>\n\t\t\t\t<div class=\"elementor-element elementor-element-14efdf40 elementor-widget elementor-widget-text-editor\" data-id=\"14efdf40\" data-element_type=\"widget\" data-e-type=\"widget\" data-widget_type=\"text-editor.default\">\n\t\t\t\t<div class=\"elementor-widget-container\">\n\t\t\t\t\t\t\t\t\t<p>Didelio na\u0161umo RTL trij\u0173 branduoli\u0173 sprendimas \u017eymiai padidina duomen\u0173 apdorojimo galimybes ir perdavimo efektyvum\u0105.<\/p>\n<p>\u012erenginys veikia stabiliau ir suvartoja ma\u017eiau energijos, o tai rodo galingas lusto galimybes,Escort signalo i\u0161pl\u0117timas<\/p>\t\t\t\t\t\t\t\t<\/div>\n\t\t\t\t<\/div>\n\t\t\t\t<\/div>\n\t\t<div class=\"elementor-element elementor-element-2bde2b98 e-con-full e-flex lakit-col-width-auto-no e-container e-con e-child\" data-id=\"2bde2b98\" data-element_type=\"container\" data-e-type=\"container\" data-settings=\"{&quot;background_background&quot;:&quot;classic&quot;}\">\n\t\t\t\t<div class=\"elementor-element elementor-element-35a815f3 elementor-widget elementor-widget-heading\" data-id=\"35a815f3\" data-element_type=\"widget\" data-e-type=\"widget\" data-widget_type=\"heading.default\">\n\t\t\t\t<div class=\"elementor-widget-container\">\n\t\t\t\t\t<h1 class=\"elementor-heading-title elementor-size-default\">\"Hardcore\" keturviet\u0117 antena<br>\nSignalo apr\u0117ptis be akl\u0173j\u0173 zon\u0173<\/h1>\t\t\t\t<\/div>\n\t\t\t\t<\/div>\n\t\t\t\t<div class=\"elementor-element elementor-element-24b86813 elementor-widget elementor-widget-text-editor\" data-id=\"24b86813\" data-element_type=\"widget\" data-e-type=\"widget\" data-widget_type=\"text-editor.default\">\n\t\t\t\t<div class=\"elementor-widget-container\">\n\t\t\t\t\t\t\t\t\t<p>\u012erengtos keturios 5 dBi didelio stiprinimo antenos, pagamintos i\u0161 naujovi\u0161kos auk\u0161tos kokyb\u0117s PCB med\u017eiagos.<\/p>\n<p>Mokslinis antenos i\u0161d\u0117stymas ir reguliuojamas kampas padidina signalo perdavimo ir pri\u0117mimo jautrum\u0105,\u00a0<\/p>\n<p>Ai\u0161kus pri\u0117mimas ir stabilus perdavimas net ir silpno signalo zonose<\/p>\t\t\t\t\t\t\t\t<\/div>\n\t\t\t\t<\/div>\n\t\t\t\t<\/div>\n\t\t<div class=\"elementor-element elementor-element-7474e43b e-con-full e-flex lakit-col-width-auto-no e-container e-con e-child\" data-id=\"7474e43b\" data-element_type=\"container\" data-e-type=\"container\" data-settings=\"{&quot;background_background&quot;:&quot;classic&quot;}\">\n\t\t\t\t<div class=\"elementor-element elementor-element-7e9d0aa2 elementor-widget elementor-widget-heading\" data-id=\"7e9d0aa2\" data-element_type=\"widget\" data-e-type=\"widget\" data-widget_type=\"heading.default\">\n\t\t\t\t<div class=\"elementor-widget-container\">\n\t\t\t\t\t<h1 class=\"elementor-heading-title elementor-size-default\">MU-MIMO+OFDMA<br>\nVienalaikis perdavimas per kelis \u012frenginius<br>\nPramogos ir biuras netur\u0117t\u0173 trukdyti vienas kitam<\/h1>\t\t\t\t<\/div>\n\t\t\t\t<\/div>\n\t\t\t\t<div class=\"elementor-element elementor-element-32d3a96b elementor-widget elementor-widget-text-editor\" data-id=\"32d3a96b\" data-element_type=\"widget\" data-e-type=\"widget\" data-widget_type=\"text-editor.default\">\n\t\t\t\t<div class=\"elementor-widget-container\">\n\t\t\t\t\t\t\t\t\t<p>Stiprus MU-MIMO ir OFDMA technologij\u0173 derinys gali b\u016bti u\u017ebaigtas vienu perdavimu.<\/p>\n<p>Siun\u010diant duomenis i\u0161 keli\u0173 prietais\u0173 gerokai padid\u0117ja perdavimo efektyvumas ir veiksmingai suma\u017e\u0117ja tinklo perkrovos.<\/p>\n<p>Tinklo v\u0117lavimas i\u0161 ties\u0173 leid\u017eia lygiagre\u010diai naudoti kelis vartotojus be trukd\u017ei\u0173, tod\u0117l kiekvienas \u012frenginys gali veikti nepriklausomai.<\/p>\n<p>Kiekvienas gali m\u0117gautis skland\u017eiu ir nenutr\u016bkstamu interneto ry\u0161iu<\/p>\t\t\t\t\t\t\t\t<\/div>\n\t\t\t\t<\/div>\n\t\t\t\t<\/div>\n\t\t<div class=\"elementor-element elementor-element-6ef3f8f6 e-con-full e-flex lakit-col-width-auto-no e-container e-con e-child\" data-id=\"6ef3f8f6\" data-element_type=\"container\" data-e-type=\"container\" data-settings=\"{&quot;background_background&quot;:&quot;classic&quot;}\">\n\t\t\t\t<div class=\"elementor-element elementor-element-21750056 elementor-widget elementor-widget-heading\" data-id=\"21750056\" data-element_type=\"widget\" data-e-type=\"widget\" data-widget_type=\"heading.default\">\n\t\t\t\t<div class=\"elementor-widget-container\">\n\t\t\t\t\t<h1 class=\"elementor-heading-title elementor-size-default\">Gigabitini\u0173 prievad\u0173 palaikymas<br>\nM\u0117gaukit\u0117s spar\u010diuoju tinklu<\/h1>\t\t\t\t<\/div>\n\t\t\t\t<\/div>\n\t\t\t\t<div class=\"elementor-element elementor-element-5fc5c7af elementor-widget elementor-widget-text-editor\" data-id=\"5fc5c7af\" data-element_type=\"widget\" data-e-type=\"widget\" data-widget_type=\"text-editor.default\">\n\t\t\t\t<div class=\"elementor-widget-container\">\n\t\t\t\t\t\t\t\t\t<p>\u012erengti gigabitiniai prievadai, lengvai atitinkantys didel\u0117s spartos pla\u010diajuos\u010dio ry\u0161io atnaujinimo poreikius.<\/p>\n<p>Palaikomi belaid\u017eio ir laidinio ry\u0161io b\u016bdai, tod\u0117l \"WiFi\" pl\u0117sti patogiau<\/p>\t\t\t\t\t\t\t\t<\/div>\n\t\t\t\t<\/div>\n\t\t\t\t<\/div>\n\t\t<div class=\"elementor-element elementor-element-2807bd31 e-con-full e-flex lakit-col-width-auto-no e-container e-con e-child\" data-id=\"2807bd31\" data-element_type=\"container\" data-e-type=\"container\" data-settings=\"{&quot;background_background&quot;:&quot;classic&quot;}\">\n\t\t\t\t<div class=\"elementor-element elementor-element-18cbc6f4 elementor-widget elementor-widget-heading\" data-id=\"18cbc6f4\" data-element_type=\"widget\" data-e-type=\"widget\" data-widget_type=\"heading.default\">\n\t\t\t\t<div class=\"elementor-widget-container\">\n\t\t\t\t\t<h1 class=\"elementor-heading-title elementor-size-default\">\"Plug and play\" atminties perk\u0117limas<\/h1>\t\t\t\t<\/div>\n\t\t\t\t<\/div>\n\t\t\t\t<div class=\"elementor-element elementor-element-39fe072b elementor-widget elementor-widget-text-editor\" data-id=\"39fe072b\" data-element_type=\"widget\" data-e-type=\"widget\" data-widget_type=\"text-editor.default\">\n\t\t\t\t<div class=\"elementor-widget-container\">\n\t\t\t\t\t\t\t\t\t<p>Nereikia jokio papildomo maitinimo adapterio, Jei tik yra lizdas, j\u012f galima lengvai \u012fjungti,\u00a0<\/p>\n<p>\u012ediegta galinga atminties funkcija, automati\u0161kai i\u0161saugo tinklo konfig\u016bracij\u0105, kei\u010diant naudojimo viet\u0105,\u00a0<\/p>\n<p>\"plug and play\" ry\u0161ys nereikalauja pakartotini\u0173 nustatym\u0173<\/p>\t\t\t\t\t\t\t\t<\/div>\n\t\t\t\t<\/div>\n\t\t\t\t<\/div>\n\t\t<div class=\"elementor-element elementor-element-c0c9bf9 e-con-full e-flex lakit-col-width-auto-no e-container e-con e-child\" data-id=\"c0c9bf9\" data-element_type=\"container\" data-e-type=\"container\" data-settings=\"{&quot;background_background&quot;:&quot;classic&quot;}\">\n\t\t\t\t<div class=\"elementor-element elementor-element-7ed8e3e elementor-widget elementor-widget-heading\" data-id=\"7ed8e3e\" data-element_type=\"widget\" data-e-type=\"widget\" data-widget_type=\"heading.default\">\n\t\t\t\t<div class=\"elementor-widget-container\">\n\t\t\t\t\t<h1 class=\"elementor-heading-title elementor-size-default\">Taikomi keli re\u017eimai <br>\ndaugelyje scen\u0173<\/h1>\t\t\t\t<\/div>\n\t\t\t\t<\/div>\n\t\t\t\t<\/div>\n\t\t<div class=\"elementor-element elementor-element-d9ee11f e-con-full e-flex lakit-col-width-auto-no e-container e-con e-child\" data-id=\"d9ee11f\" data-element_type=\"container\" data-e-type=\"container\" data-settings=\"{&quot;background_background&quot;:&quot;classic&quot;}\">\n\t\t\t\t<\/div>\n\t\t<div class=\"elementor-element elementor-element-c25614b e-con-full e-flex lakit-col-width-auto-no e-container e-con e-child\" data-id=\"c25614b\" data-element_type=\"container\" data-e-type=\"container\" data-settings=\"{&quot;background_background&quot;:&quot;classic&quot;}\">\n\t\t\t\t<div class=\"elementor-element elementor-element-db5def9 elementor-widget elementor-widget-heading\" data-id=\"db5def9\" data-element_type=\"widget\" data-e-type=\"widget\" data-widget_type=\"heading.default\">\n\t\t\t\t<div class=\"elementor-widget-container\">\n\t\t\t\t\t<h1 class=\"elementor-heading-title elementor-size-default\">Efektyvi \u0161ilumos i\u0161sklaidymo konstrukcija<br>\nTinklo pl\u0117tra yra stabilesn\u0117<\/h1>\t\t\t\t<\/div>\n\t\t\t\t<\/div>\n\t\t\t\t<div class=\"elementor-element elementor-element-7499dad elementor-widget elementor-widget-text-editor\" data-id=\"7499dad\" data-element_type=\"widget\" data-e-type=\"widget\" data-widget_type=\"text-editor.default\">\n\t\t\t\t<div class=\"elementor-widget-container\">\n\t\t\t\t\t\t\t\t\t<p>Tikslus \u0161ilumos i\u0161sklaidymo ang\u0173 i\u0161d\u0117stymas ant korpuso sukuria moksli\u0161kai veiksming\u0105\u00a0<\/p>\n<p>oro srauto cirkuliacijos kanalas, veiksmingai i\u0161vengiama prietaiso atsilikimo d\u0117l prasto \u0161ilumos i\u0161sklaidymo,\u00a0<\/p>\n<p>Tinklo pl\u0117tra visada i\u0161lieka stabili ir sklandi<\/p>\t\t\t\t\t\t\t\t<\/div>\n\t\t\t\t<\/div>\n\t\t\t\t<\/div>\n\t\t<div class=\"elementor-element elementor-element-66dc2cd e-con-full e-flex lakit-col-width-auto-no e-container e-con e-child\" data-id=\"66dc2cd\" data-element_type=\"container\" data-e-type=\"container\" data-settings=\"{&quot;background_background&quot;:&quot;classic&quot;}\">\n\t\t\t\t<div class=\"elementor-element elementor-element-b0e46aa elementor-widget elementor-widget-heading\" data-id=\"b0e46aa\" data-element_type=\"widget\" data-e-type=\"widget\" data-widget_type=\"heading.default\">\n\t\t\t\t<div class=\"elementor-widget-container\">\n\t\t\t\t\t<h1 class=\"elementor-heading-title elementor-size-default\">Saugus \u0161ifravimas, keliantis nerim\u0105 <br>\nnemokamas naudojimasis internetu<\/h1>\t\t\t\t<\/div>\n\t\t\t\t<\/div>\n\t\t\t\t<div class=\"elementor-element elementor-element-fb8be85 elementor-widget elementor-widget-text-editor\" data-id=\"fb8be85\" data-element_type=\"widget\" data-e-type=\"widget\" data-widget_type=\"text-editor.default\">\n\t\t\t\t<div class=\"elementor-widget-container\">\n\t\t\t\t\t\t\t\t\t<p>\u012erengtas pa\u017eangus WPA3 \u0161ifravimo protokolas, kuriame \u012fdiegtos kelios saugumo apsaugos u\u017etvaros,\u00a0<\/p>\n<p>Sluoksninis \u0161ifravimas nuo duomen\u0173 perdavimo iki prieigos prie \u012frenginio, veiksmingai apsaugantis nuo tinklo atak\u0173 \u012esilau\u017eimas\u00a0<\/p>\n<p>ir informacijos nutek\u0117jimo rizika<\/p>\t\t\t\t\t\t\t\t<\/div>\n\t\t\t\t<\/div>\n\t\t\t\t<\/div>\n\t\t\t\t<\/div>\n\t\t\t\t<\/div>\n\t\t\n    <div class=\"xs_social_share_widget xs_share_url after_content \t\tmain_content  wslu-style-1 wslu-share-box-shaped wslu-fill-colored wslu-none wslu-share-horizontal wslu-theme-font-no wslu-main_content\">\n\n\t\t\n        <ul>\n\t\t\t        <\/ul>\n    <\/div>","protected":false},"excerpt":{"rendered":"<p style=\"text-align: justify;\">CF-XR187 yra \"WiFi6\" belaid\u017eio ry\u0161io pl\u0117stuvas, sukurtas skland\u017eiai susieti su mar\u0161rutizatoriumi ir u\u017etikrinantis iki 2700 Mbps spart\u0105. Keturios didel\u0117s galios sukamosios antenos ir \"Gigabit Ethernet\" prievadas padidina skvarb\u0105 \u012f sien\u0105 ir ry\u0161io lankstum\u0105, veiksmingai pa\u0161alindami negyv\u0105sias zonas dideliuose namuose, pvz., vilose. Lengva s\u0105ranka ir keli i\u0161manieji veikimo re\u017eimai - tai patikimas pasirinkimas norint u\u017etikrinti vientis\u0105, didel\u0117s spartos apr\u0117pt\u012f visuose namuose.<\/p>\n<ul>\n<li style=\"text-align: left;\">\n<p>Grynai baltas kvadratinis korpusas dera prie bet kokios nam\u0173 aplinkos<\/p>\n<\/li>\n<li style=\"text-align: left;\">\n<p>Apatinis \"Gigabit Ethernet\" prievadas lanks\u010diai pl\u0117trai<\/p>\n<\/li>\n<li style=\"text-align: left;\">\n<p>Keturios didel\u0117s galios sukamosios antenos optimaliam signalui u\u017etikrinti<\/p>\n<\/li>\n<li style=\"text-align: left;\">\n<p>Kokybi\u0161ka importuota ABS med\u017eiaga, tvirta ir atspari kar\u0161\u010diui<\/p>\n<\/li>\n<li style=\"text-align: left;\">\n<p>Efektyvi au\u0161inimo konstrukcija u\u017etikrina stabil\u0173 ir ilgalaik\u012f veikim\u0105<\/p>\n<\/li>\n<li style=\"text-align: left;\">\n<p>Ai\u0161kios b\u016bsenos indikatori\u0173 lemput\u0117s, kad b\u016bt\u0173 lengva steb\u0117ti realiuoju laiku<\/p>\n<\/li>\n<li style=\"text-align: left;\">\n<p>Naujos kartos \"WiFi6\" dviej\u0173 da\u017eni\u0173 technologija, u\u017etikrinanti stabil\u0173 ry\u0161\u012f<\/p>\n<\/li>\n<li style=\"text-align: left;\">\n<p>I\u0161pl\u0117stas belaid\u017eio ry\u0161io greitis iki 2700 Mbps<\/p>\n<\/li>\n<li style=\"text-align: left;\">\n<p>Palaikomi trys i\u0161manieji re\u017eimai: Kartotuvas, mar\u0161rutizatorius ir prieigos ta\u0161kas<\/p>\n<\/li>\n<\/ul>","protected":false},"featured_media":21270,"template":"","meta":{"_acf_changed":false,"postBodyCss":"","postBodyMargin":[],"postBodyPadding":[],"postBodyBackground":{"backgroundType":"classic","gradient":""},"_links_to":"","_links_to_target":""},"product_brand":[],"product_cat":[172,213],"product_tag":[702],"class_list":{"0":"post-21219","1":"product","2":"type-product","3":"status-publish","4":"has-post-thumbnail","6":"product_cat-wireless-repeater","7":"product_cat-pwr-repeater","8":"product_tag-cf-xr187","10":"first","11":"instock","12":"shipping-taxable","13":"product-type-simple"},"acf":[],"_links":{"self":[{"href":"https:\/\/www.encomfast.com\/lt\/wp-json\/wp\/v2\/product\/21219","targetHints":{"allow":["GET"]}}],"collection":[{"href":"https:\/\/www.encomfast.com\/lt\/wp-json\/wp\/v2\/product"}],"about":[{"href":"https:\/\/www.encomfast.com\/lt\/wp-json\/wp\/v2\/types\/product"}],"version-history":[{"count":0,"href":"https:\/\/www.encomfast.com\/lt\/wp-json\/wp\/v2\/product\/21219\/revisions"}],"wp:featuredmedia":[{"embeddable":true,"href":"https:\/\/www.encomfast.com\/lt\/wp-json\/wp\/v2\/media\/21270"}],"wp:attachment":[{"href":"https:\/\/www.encomfast.com\/lt\/wp-json\/wp\/v2\/media?parent=21219"}],"wp:term":[{"taxonomy":"product_brand","embeddable":true,"href":"https:\/\/www.encomfast.com\/lt\/wp-json\/wp\/v2\/product_brand?post=21219"},{"taxonomy":"product_cat","embeddable":true,"href":"https:\/\/www.encomfast.com\/lt\/wp-json\/wp\/v2\/product_cat?post=21219"},{"taxonomy":"product_tag","embeddable":true,"href":"https:\/\/www.encomfast.com\/lt\/wp-json\/wp\/v2\/product_tag?post=21219"}],"curies":[{"name":"wp","href":"https:\/\/api.w.org\/{rel}","templated":true}]}}