{"id":28112,"date":"2025-12-23T02:47:34","date_gmt":"2025-12-23T02:47:34","guid":{"rendered":"https:\/\/www.encomfast.com\/?post_type=product&#038;p=28112"},"modified":"2026-01-13T10:39:21","modified_gmt":"2026-01-13T10:39:21","slug":"300mpbs-80m%c2%b2-coverage-wireless-repeater","status":"publish","type":"product","link":"https:\/\/www.encomfast.com\/lt\/produktas\/300mpbs-80m%c2%b2-coverage-wireless-repeater\/","title":{"rendered":"300Mpbs 80m\u00b2 apr\u0117pties belaidis kartotuvas"},"content":{"rendered":"<div data-elementor-type=\"product-post\" data-elementor-id=\"28112\" class=\"elementor elementor-28112\" data-elementor-post-type=\"product\">\n\t\t\t\t<div class=\"elementor-element elementor-element-307d35b0 e-con-full elementor-hidden-desktop elementor-hidden-tablet e-flex lakit-col-width-auto-no e-container e-root-container elementor-top-section e-con e-parent\" data-id=\"307d35b0\" data-element_type=\"container\" data-e-type=\"container\" data-settings=\"{&quot;background_background&quot;:&quot;classic&quot;}\">\n\t\t\t\t<div class=\"elementor-element elementor-element-744d2099 elementor-widget__width-inherit elementor-widget elementor-widget-text-editor\" data-id=\"744d2099\" data-element_type=\"widget\" data-e-type=\"widget\" data-widget_type=\"text-editor.default\">\n\t\t\t\t<div class=\"elementor-widget-container\">\n\t\t\t\t\t\t\t\t\t<p><img fetchpriority=\"high\" decoding=\"async\" class=\"aligncenter size-full wp-image-31334\" src=\"https:\/\/www.encomfast.com\/wp-content\/uploads\/2026\/01\/CF-WR301S\u8be6\u60c5\u9875_01.jpg\" alt=\"\" width=\"750\" height=\"1563\" srcset=\"https:\/\/www.encomfast.com\/wp-content\/uploads\/2026\/01\/CF-WR301S\u8be6\u60c5\u9875_01.jpg 750w, https:\/\/www.encomfast.com\/wp-content\/uploads\/2026\/01\/CF-WR301S\u8be6\u60c5\u9875_01-144x300.jpg 144w, https:\/\/www.encomfast.com\/wp-content\/uploads\/2026\/01\/CF-WR301S\u8be6\u60c5\u9875_01-491x1024.jpg 491w, https:\/\/www.encomfast.com\/wp-content\/uploads\/2026\/01\/CF-WR301S\u8be6\u60c5\u9875_01-737x1536.jpg 737w, https:\/\/www.encomfast.com\/wp-content\/uploads\/2026\/01\/CF-WR301S\u8be6\u60c5\u9875_01-6x12.jpg 6w, https:\/\/www.encomfast.com\/wp-content\/uploads\/2026\/01\/CF-WR301S\u8be6\u60c5\u9875_01-600x1250.jpg 600w\" sizes=\"(max-width: 750px) 100vw, 750px\" \/> <img decoding=\"async\" class=\"aligncenter size-full wp-image-31335\" src=\"https:\/\/www.encomfast.com\/wp-content\/uploads\/2026\/01\/CF-WR301S\u8be6\u60c5\u9875_02.jpg\" alt=\"\" width=\"750\" height=\"1018\" srcset=\"https:\/\/www.encomfast.com\/wp-content\/uploads\/2026\/01\/CF-WR301S\u8be6\u60c5\u9875_02.jpg 750w, https:\/\/www.encomfast.com\/wp-content\/uploads\/2026\/01\/CF-WR301S\u8be6\u60c5\u9875_02-221x300.jpg 221w, https:\/\/www.encomfast.com\/wp-content\/uploads\/2026\/01\/CF-WR301S\u8be6\u60c5\u9875_02-9x12.jpg 9w, https:\/\/www.encomfast.com\/wp-content\/uploads\/2026\/01\/CF-WR301S\u8be6\u60c5\u9875_02-600x814.jpg 600w\" sizes=\"(max-width: 750px) 100vw, 750px\" \/> <img decoding=\"async\" class=\"aligncenter size-full wp-image-31336\" src=\"https:\/\/www.encomfast.com\/wp-content\/uploads\/2026\/01\/CF-WR301S\u8be6\u60c5\u9875_03.jpg\" alt=\"\" width=\"750\" height=\"957\" srcset=\"https:\/\/www.encomfast.com\/wp-content\/uploads\/2026\/01\/CF-WR301S\u8be6\u60c5\u9875_03.jpg 750w, https:\/\/www.encomfast.com\/wp-content\/uploads\/2026\/01\/CF-WR301S\u8be6\u60c5\u9875_03-235x300.jpg 235w, https:\/\/www.encomfast.com\/wp-content\/uploads\/2026\/01\/CF-WR301S\u8be6\u60c5\u9875_03-9x12.jpg 9w, https:\/\/www.encomfast.com\/wp-content\/uploads\/2026\/01\/CF-WR301S\u8be6\u60c5\u9875_03-600x766.jpg 600w\" sizes=\"(max-width: 750px) 100vw, 750px\" \/> <img loading=\"lazy\" decoding=\"async\" class=\"aligncenter size-full wp-image-31337\" src=\"https:\/\/www.encomfast.com\/wp-content\/uploads\/2026\/01\/CF-WR301S\u8be6\u60c5\u9875_04.jpg\" alt=\"\" width=\"750\" height=\"928\" srcset=\"https:\/\/www.encomfast.com\/wp-content\/uploads\/2026\/01\/CF-WR301S\u8be6\u60c5\u9875_04.jpg 750w, https:\/\/www.encomfast.com\/wp-content\/uploads\/2026\/01\/CF-WR301S\u8be6\u60c5\u9875_04-242x300.jpg 242w, https:\/\/www.encomfast.com\/wp-content\/uploads\/2026\/01\/CF-WR301S\u8be6\u60c5\u9875_04-10x12.jpg 10w, https:\/\/www.encomfast.com\/wp-content\/uploads\/2026\/01\/CF-WR301S\u8be6\u60c5\u9875_04-600x742.jpg 600w\" sizes=\"(max-width: 750px) 100vw, 750px\" \/> <img loading=\"lazy\" decoding=\"async\" class=\"aligncenter size-full wp-image-31338\" src=\"https:\/\/www.encomfast.com\/wp-content\/uploads\/2026\/01\/CF-WR301S\u8be6\u60c5\u9875_05.jpg\" alt=\"\" width=\"750\" height=\"1025\" srcset=\"https:\/\/www.encomfast.com\/wp-content\/uploads\/2026\/01\/CF-WR301S\u8be6\u60c5\u9875_05.jpg 750w, https:\/\/www.encomfast.com\/wp-content\/uploads\/2026\/01\/CF-WR301S\u8be6\u60c5\u9875_05-220x300.jpg 220w, https:\/\/www.encomfast.com\/wp-content\/uploads\/2026\/01\/CF-WR301S\u8be6\u60c5\u9875_05-9x12.jpg 9w, https:\/\/www.encomfast.com\/wp-content\/uploads\/2026\/01\/CF-WR301S\u8be6\u60c5\u9875_05-600x820.jpg 600w\" sizes=\"(max-width: 750px) 100vw, 750px\" \/> <img loading=\"lazy\" decoding=\"async\" class=\"aligncenter size-full wp-image-31339\" src=\"https:\/\/www.encomfast.com\/wp-content\/uploads\/2026\/01\/CF-WR301S\u8be6\u60c5\u9875_06.jpg\" alt=\"\" width=\"750\" height=\"1001\" srcset=\"https:\/\/www.encomfast.com\/wp-content\/uploads\/2026\/01\/CF-WR301S\u8be6\u60c5\u9875_06.jpg 750w, https:\/\/www.encomfast.com\/wp-content\/uploads\/2026\/01\/CF-WR301S\u8be6\u60c5\u9875_06-225x300.jpg 225w, https:\/\/www.encomfast.com\/wp-content\/uploads\/2026\/01\/CF-WR301S\u8be6\u60c5\u9875_06-9x12.jpg 9w, https:\/\/www.encomfast.com\/wp-content\/uploads\/2026\/01\/CF-WR301S\u8be6\u60c5\u9875_06-600x801.jpg 600w\" sizes=\"(max-width: 750px) 100vw, 750px\" \/> <img loading=\"lazy\" decoding=\"async\" class=\"aligncenter size-full wp-image-31340\" src=\"https:\/\/www.encomfast.com\/wp-content\/uploads\/2026\/01\/CF-WR301S\u8be6\u60c5\u9875_07.jpg\" alt=\"\" width=\"750\" height=\"1047\" srcset=\"https:\/\/www.encomfast.com\/wp-content\/uploads\/2026\/01\/CF-WR301S\u8be6\u60c5\u9875_07.jpg 750w, https:\/\/www.encomfast.com\/wp-content\/uploads\/2026\/01\/CF-WR301S\u8be6\u60c5\u9875_07-215x300.jpg 215w, https:\/\/www.encomfast.com\/wp-content\/uploads\/2026\/01\/CF-WR301S\u8be6\u60c5\u9875_07-734x1024.jpg 734w, https:\/\/www.encomfast.com\/wp-content\/uploads\/2026\/01\/CF-WR301S\u8be6\u60c5\u9875_07-9x12.jpg 9w, https:\/\/www.encomfast.com\/wp-content\/uploads\/2026\/01\/CF-WR301S\u8be6\u60c5\u9875_07-600x838.jpg 600w\" sizes=\"(max-width: 750px) 100vw, 750px\" \/> <img loading=\"lazy\" decoding=\"async\" class=\"aligncenter size-full wp-image-31341\" src=\"https:\/\/www.encomfast.com\/wp-content\/uploads\/2026\/01\/CF-WR301S\u8be6\u60c5\u9875_08.jpg\" alt=\"\" width=\"750\" height=\"1027\" srcset=\"https:\/\/www.encomfast.com\/wp-content\/uploads\/2026\/01\/CF-WR301S\u8be6\u60c5\u9875_08.jpg 750w, https:\/\/www.encomfast.com\/wp-content\/uploads\/2026\/01\/CF-WR301S\u8be6\u60c5\u9875_08-219x300.jpg 219w, https:\/\/www.encomfast.com\/wp-content\/uploads\/2026\/01\/CF-WR301S\u8be6\u60c5\u9875_08-748x1024.jpg 748w, https:\/\/www.encomfast.com\/wp-content\/uploads\/2026\/01\/CF-WR301S\u8be6\u60c5\u9875_08-9x12.jpg 9w, https:\/\/www.encomfast.com\/wp-content\/uploads\/2026\/01\/CF-WR301S\u8be6\u60c5\u9875_08-600x822.jpg 600w\" sizes=\"(max-width: 750px) 100vw, 750px\" \/> <img loading=\"lazy\" decoding=\"async\" class=\"aligncenter size-full wp-image-31342\" src=\"https:\/\/www.encomfast.com\/wp-content\/uploads\/2026\/01\/CF-WR301S\u8be6\u60c5\u9875_09.jpg\" alt=\"\" width=\"750\" height=\"841\" srcset=\"https:\/\/www.encomfast.com\/wp-content\/uploads\/2026\/01\/CF-WR301S\u8be6\u60c5\u9875_09.jpg 750w, https:\/\/www.encomfast.com\/wp-content\/uploads\/2026\/01\/CF-WR301S\u8be6\u60c5\u9875_09-268x300.jpg 268w, https:\/\/www.encomfast.com\/wp-content\/uploads\/2026\/01\/CF-WR301S\u8be6\u60c5\u9875_09-11x12.jpg 11w, https:\/\/www.encomfast.com\/wp-content\/uploads\/2026\/01\/CF-WR301S\u8be6\u60c5\u9875_09-600x673.jpg 600w\" sizes=\"(max-width: 750px) 100vw, 750px\" \/> <img loading=\"lazy\" decoding=\"async\" class=\"aligncenter size-full wp-image-31343\" src=\"https:\/\/www.encomfast.com\/wp-content\/uploads\/2026\/01\/CF-WR301S\u8be6\u60c5\u9875_10.jpg\" alt=\"\" width=\"750\" height=\"766\" srcset=\"https:\/\/www.encomfast.com\/wp-content\/uploads\/2026\/01\/CF-WR301S\u8be6\u60c5\u9875_10.jpg 750w, https:\/\/www.encomfast.com\/wp-content\/uploads\/2026\/01\/CF-WR301S\u8be6\u60c5\u9875_10-294x300.jpg 294w, https:\/\/www.encomfast.com\/wp-content\/uploads\/2026\/01\/CF-WR301S\u8be6\u60c5\u9875_10-12x12.jpg 12w, https:\/\/www.encomfast.com\/wp-content\/uploads\/2026\/01\/CF-WR301S\u8be6\u60c5\u9875_10-60x60.jpg 60w, https:\/\/www.encomfast.com\/wp-content\/uploads\/2026\/01\/CF-WR301S\u8be6\u60c5\u9875_10-600x613.jpg 600w\" sizes=\"(max-width: 750px) 100vw, 750px\" \/> <img loading=\"lazy\" decoding=\"async\" class=\"aligncenter size-full wp-image-31333\" src=\"https:\/\/www.encomfast.com\/wp-content\/uploads\/2026\/01\/CF-WR301S\u8be6\u60c5\u9875_11.jpg\" alt=\"\" width=\"750\" height=\"984\" srcset=\"https:\/\/www.encomfast.com\/wp-content\/uploads\/2026\/01\/CF-WR301S\u8be6\u60c5\u9875_11.jpg 750w, https:\/\/www.encomfast.com\/wp-content\/uploads\/2026\/01\/CF-WR301S\u8be6\u60c5\u9875_11-229x300.jpg 229w, https:\/\/www.encomfast.com\/wp-content\/uploads\/2026\/01\/CF-WR301S\u8be6\u60c5\u9875_11-9x12.jpg 9w, https:\/\/www.encomfast.com\/wp-content\/uploads\/2026\/01\/CF-WR301S\u8be6\u60c5\u9875_11-600x787.jpg 600w\" sizes=\"(max-width: 750px) 100vw, 750px\" \/><\/p>\t\t\t\t\t\t\t\t<\/div>\n\t\t\t\t<\/div>\n\t\t\t\t<\/div>\n\t\t<div class=\"elementor-element elementor-element-301720d3 e-con-full elementor-hidden-mobile e-flex lakit-col-width-auto-no e-container e-root-container elementor-top-section e-con e-parent\" data-id=\"301720d3\" data-element_type=\"container\" data-e-type=\"container\">\n\t\t<div class=\"elementor-element elementor-element-b1d4e5a e-con-full e-flex lakit-col-width-auto-no e-container e-con e-child\" data-id=\"b1d4e5a\" data-element_type=\"container\" data-e-type=\"container\" data-settings=\"{&quot;background_background&quot;:&quot;classic&quot;}\">\n\t\t\t\t<\/div>\n\t\t<div class=\"elementor-element elementor-element-15edd2bc e-con-full e-flex lakit-col-width-auto-no e-container e-con e-child\" data-id=\"15edd2bc\" data-element_type=\"container\" data-e-type=\"container\" data-settings=\"{&quot;background_background&quot;:&quot;classic&quot;}\">\n\t\t\t\t<div class=\"elementor-element elementor-element-78fbc60f elementor-widget elementor-widget-heading\" data-id=\"78fbc60f\" data-element_type=\"widget\" data-e-type=\"widget\" data-widget_type=\"heading.default\">\n\t\t\t\t<div class=\"elementor-widget-container\">\n\t\t\t\t\t<h1 class=\"elementor-heading-title elementor-size-default\">Lengva i\u0161pl\u0117sti 80\u33a1 \"WiFi\" apr\u0117pt\u012f, <br>\nPatenkinkite daugum\u0105 \u0161eimos poreiki\u0173<\/h1>\t\t\t\t<\/div>\n\t\t\t\t<\/div>\n\t\t\t\t<div class=\"elementor-element elementor-element-223c156d elementor-widget elementor-widget-text-editor\" data-id=\"223c156d\" data-element_type=\"widget\" data-e-type=\"widget\" data-widget_type=\"text-editor.default\">\n\t\t\t\t<div class=\"elementor-widget-container\">\n\t\t\t\t\t\t\t\t\t<p>Kai j\u016bs\u0173 namuose yra daugiau nei 70\u33a1, lengva patirti \"WiFi\" problem\u0173 naudojant tik vien\u0105 \"WiFi\" mar\u0161rutizatori\u0173.\u00a0<\/p><p>Prid\u0117j\u0119 \"COMFAST WiFi\" kartotuv\u0105 galite i\u0161pl\u0117sti papildom\u0105 80\u33a1 \"WiFi\" apr\u0117pt\u012f ir i\u0161spr\u0119sti savo nam\u0173 \"WiFi\" problemas.<\/p>\t\t\t\t\t\t\t\t<\/div>\n\t\t\t\t<\/div>\n\t\t\t\t<\/div>\n\t\t<div class=\"elementor-element elementor-element-4f8b9762 e-con-full e-flex lakit-col-width-auto-no e-container e-con e-child\" data-id=\"4f8b9762\" data-element_type=\"container\" data-e-type=\"container\" data-settings=\"{&quot;background_background&quot;:&quot;classic&quot;}\">\n\t\t\t\t<div class=\"elementor-element elementor-element-1a6e5f0c elementor-widget elementor-widget-heading\" data-id=\"1a6e5f0c\" data-element_type=\"widget\" data-e-type=\"widget\" data-widget_type=\"heading.default\">\n\t\t\t\t<div class=\"elementor-widget-container\">\n\t\t\t\t\t<h1 class=\"elementor-heading-title elementor-size-default\">Mini dydis<\/h1>\t\t\t\t<\/div>\n\t\t\t\t<\/div>\n\t\t\t\t<div class=\"elementor-element elementor-element-c1d9135 elementor-widget elementor-widget-text-editor\" data-id=\"c1d9135\" data-element_type=\"widget\" data-e-type=\"widget\" data-widget_type=\"text-editor.default\">\n\t\t\t\t<div class=\"elementor-widget-container\">\n\t\t\t\t\t\t\t\t\t<p>CF-WR301S yra mini dyd\u017eio belaidis kartotuvas, su juo nereikia<\/p><p>nereikia nerimauti, kad jis u\u017eims gretim\u0105 lizd\u0105.<\/p>\t\t\t\t\t\t\t\t<\/div>\n\t\t\t\t<\/div>\n\t\t\t\t<\/div>\n\t\t<div class=\"elementor-element elementor-element-43851ea4 e-con-full e-flex lakit-col-width-auto-no e-container e-con e-child\" data-id=\"43851ea4\" data-element_type=\"container\" data-e-type=\"container\" data-settings=\"{&quot;background_background&quot;:&quot;classic&quot;}\">\n\t\t\t\t<div class=\"elementor-element elementor-element-3da4c0df elementor-widget elementor-widget-heading\" data-id=\"3da4c0df\" data-element_type=\"widget\" data-e-type=\"widget\" data-widget_type=\"heading.default\">\n\t\t\t\t<div class=\"elementor-widget-container\">\n\t\t\t\t\t<h1 class=\"elementor-heading-title elementor-size-default\">300 Mbps greitas ir stabilus \"WiFi\" greitis<\/h1>\t\t\t\t<\/div>\n\t\t\t\t<\/div>\n\t\t\t\t<div class=\"elementor-element elementor-element-4e5e313b elementor-widget elementor-widget-text-editor\" data-id=\"4e5e313b\" data-element_type=\"widget\" data-e-type=\"widget\" data-widget_type=\"text-editor.default\">\n\t\t\t\t<div class=\"elementor-widget-container\">\n\t\t\t\t\t\t\t\t\t<p>300 Mbps belaidis perdavimas, automati\u0161kai parenkamas geresnis signalas, tod\u0117l gal\u0117site m\u0117gautis nuostabia \"WiFi\" patirtimi.<\/p>\t\t\t\t\t\t\t\t<\/div>\n\t\t\t\t<\/div>\n\t\t\t\t<\/div>\n\t\t<div class=\"elementor-element elementor-element-6047fd3c e-con-full e-flex lakit-col-width-auto-no e-container e-con e-child\" data-id=\"6047fd3c\" data-element_type=\"container\" data-e-type=\"container\" data-settings=\"{&quot;background_background&quot;:&quot;classic&quot;}\">\n\t\t\t\t<div class=\"elementor-element elementor-element-1fa2719d elementor-widget elementor-widget-heading\" data-id=\"1fa2719d\" data-element_type=\"widget\" data-e-type=\"widget\" data-widget_type=\"heading.default\">\n\t\t\t\t<div class=\"elementor-widget-container\">\n\t\t\t\t\t<h1 class=\"elementor-heading-title elementor-size-default\">Dvi antenos,\n\"WiFi\" signalas per sien\u0105<\/h1>\t\t\t\t<\/div>\n\t\t\t\t<\/div>\n\t\t\t\t<div class=\"elementor-element elementor-element-2b239e63 elementor-widget elementor-widget-text-editor\" data-id=\"2b239e63\" data-element_type=\"widget\" data-e-type=\"widget\" data-widget_type=\"text-editor.default\">\n\t\t\t\t<div class=\"elementor-widget-container\">\n\t\t\t\t\t\t\t\t\t<p>Optimizuojant atstumus tarp anten\u0173, suma\u017einami trukd\u017eiai tarp anten\u0173\u00a0<\/p><p>ir pagerinti \"WiFi\" signalo pri\u0117mimo jautrum\u0105.<\/p>\t\t\t\t\t\t\t\t<\/div>\n\t\t\t\t<\/div>\n\t\t\t\t<\/div>\n\t\t<div class=\"elementor-element elementor-element-30b88218 e-con-full e-flex lakit-col-width-auto-no e-container e-con e-child\" data-id=\"30b88218\" data-element_type=\"container\" data-e-type=\"container\" data-settings=\"{&quot;background_background&quot;:&quot;classic&quot;}\">\n\t\t\t\t<div class=\"elementor-element elementor-element-3317d82d elementor-widget elementor-widget-heading\" data-id=\"3317d82d\" data-element_type=\"widget\" data-e-type=\"widget\" data-widget_type=\"heading.default\">\n\t\t\t\t<div class=\"elementor-widget-container\">\n\t\t\t\t\t<h1 class=\"elementor-heading-title elementor-size-default\">Nereikia jungtis prie Ethernet tinklo\nKabelis, <br>Labai patogu!\n<\/h1>\t\t\t\t<\/div>\n\t\t\t\t<\/div>\n\t\t\t\t<div class=\"elementor-element elementor-element-23922df6 elementor-widget elementor-widget-text-editor\" data-id=\"23922df6\" data-element_type=\"widget\" data-e-type=\"widget\" data-widget_type=\"text-editor.default\">\n\t\t\t\t<div class=\"elementor-widget-container\">\n\t\t\t\t\t\t\t\t\t<p>Pa\u0161alinkite sud\u0117tingus tinklo kabelius ir sukurkite paprast\u0105 ir patogi\u0105 nam\u0173 aplink\u0105.<\/p>\t\t\t\t\t\t\t\t<\/div>\n\t\t\t\t<\/div>\n\t\t\t\t<\/div>\n\t\t<div class=\"elementor-element elementor-element-2eb7609a e-con-full e-flex lakit-col-width-auto-no e-container e-con e-child\" data-id=\"2eb7609a\" data-element_type=\"container\" data-e-type=\"container\" data-settings=\"{&quot;background_background&quot;:&quot;classic&quot;}\">\n\t\t\t\t<div class=\"elementor-element elementor-element-771234ea elementor-widget elementor-widget-heading\" data-id=\"771234ea\" data-element_type=\"widget\" data-e-type=\"widget\" data-widget_type=\"heading.default\">\n\t\t\t\t<div class=\"elementor-widget-container\">\n\t\t\t\t\t<h1 class=\"elementor-heading-title elementor-size-default\">Greitas \u0161ilumos i\u0161sklaidymas, darbas su sabalais<\/h1>\t\t\t\t<\/div>\n\t\t\t\t<\/div>\n\t\t\t\t<div class=\"elementor-element elementor-element-880f93c elementor-widget elementor-widget-text-editor\" data-id=\"880f93c\" data-element_type=\"widget\" data-e-type=\"widget\" data-widget_type=\"text-editor.default\">\n\t\t\t\t<div class=\"elementor-widget-container\">\n\t\t\t\t\t\t\t\t\t<p>\u0160ilumos i\u0161sklaidymo konstrukcija \u012frenginio \u0161one, kuri gali pad\u0117ti i\u0161vengti dali\u0173 sen\u0117jimo ir nestabilaus darbo.\u00a0<\/p><p>d\u0117l prasto \u0161ilumos i\u0161sklaidymo ir u\u017etikrina stabil\u0173 prietaiso veikim\u0105.<\/p>\t\t\t\t\t\t\t\t<\/div>\n\t\t\t\t<\/div>\n\t\t\t\t<\/div>\n\t\t<div class=\"elementor-element elementor-element-55d237cd e-con-full e-flex lakit-col-width-auto-no e-container e-con e-child\" data-id=\"55d237cd\" data-element_type=\"container\" data-e-type=\"container\" data-settings=\"{&quot;background_background&quot;:&quot;classic&quot;}\">\n\t\t\t\t<div class=\"elementor-element elementor-element-2f9cbcd4 elementor-widget elementor-widget-heading\" data-id=\"2f9cbcd4\" data-element_type=\"widget\" data-e-type=\"widget\" data-widget_type=\"heading.default\">\n\t\t\t\t<div class=\"elementor-widget-container\">\n\t\t\t\t\t<h1 class=\"elementor-heading-title elementor-size-default\">I\u0161manusis signalo indikatorius<\/h1>\t\t\t\t<\/div>\n\t\t\t\t<\/div>\n\t\t\t\t<div class=\"elementor-element elementor-element-5ee463f9 elementor-widget elementor-widget-text-editor\" data-id=\"5ee463f9\" data-element_type=\"widget\" data-e-type=\"widget\" data-widget_type=\"text-editor.default\">\n\t\t\t\t<div class=\"elementor-widget-container\">\n\t\t\t\t\t\t\t\t\t<p>Pagal signalo indikatoriaus spalv\u0105 galite pasirinkti geriausi\u0105 \"Wi-Fi\" ilgintuvo viet\u0105.<\/p>\t\t\t\t\t\t\t\t<\/div>\n\t\t\t\t<\/div>\n\t\t\t\t<\/div>\n\t\t\t\t<\/div>\n\t\t\t\t<\/div>\n\t\t\n    <div class=\"xs_social_share_widget xs_share_url after_content \t\tmain_content  wslu-style-1 wslu-share-box-shaped wslu-fill-colored wslu-none wslu-share-horizontal wslu-theme-font-no wslu-main_content\">\n\n\t\t\n        <ul>\n\t\t\t        <\/ul>\n    <\/div>","protected":false},"excerpt":{"rendered":"<p style=\"text-align: justify;\">CF-WR301S yra 300Mb\/s \"WiFi\" signalo stiprintuvas su dviem i\u0161orin\u0117mis antenomis, veiksmingai i\u0161ple\u010diantis mar\u0161rutizatoriaus apr\u0117pt\u012f iki 80 kvadratini\u0173 metr\u0173. Jis gerokai padidina \"WiFi\" skvarbos \u012f sien\u0105 galimybes, lengvai pa\u0161alina negyvas zonas svetain\u0117se, miegamuosiuose ir balkonuose ir u\u017etikrina vientis\u0105 viso namo apr\u0117pt\u012f, idealiai tinkan\u010di\u0105 transliacijoms, film\u0173 \u017ei\u016br\u0117jimui ir vaizdo skambu\u010diams.<\/p>\n<ul>\n<li>\n<p style=\"text-align: left;\">Perlamutro baltumo poliruota apdaila, eleganti\u0161ka ir universali<\/p>\n<\/li>\n<li style=\"text-align: left;\">\n<p>\u0160onin\u0117s ventiliacijos konstrukcija u\u017etikrina stabil\u0173 veikim\u0105<\/p>\n<\/li>\n<li style=\"text-align: left;\">\n<p>Dvi i\u0161orin\u0117s didelio stiprumo antenos stipriam ir stabiliam signalui u\u017etikrinti<\/p>\n<\/li>\n<li style=\"text-align: left;\">\n<p>I\u0161ple\u010dia belaid\u012f tinkl\u0105 iki 300 Mbps grei\u010diu<\/p>\n<\/li>\n<li style=\"text-align: left;\">\n<p>Efektyviai i\u0161ple\u010dia apr\u0117pt\u012f ir puikiai \u012fsiskverbia \u012f sien\u0105<\/p>\n<\/li>\n<li style=\"text-align: left;\">\n<p>I\u0161manusis tinklas palaiko kelis stabilius ry\u0161ius<\/p>\n<\/li>\n<li style=\"text-align: left;\">\n<p>Lengvas valdymas naudojant WPS suporavim\u0105 vienu prisilietimu<\/p>\n<\/li>\n<li style=\"text-align: left;\">\n<p>Atminties funkcija i\u0161saugo nustatymus praradus maitinim\u0105<\/p>\n<\/li>\n<li>\n<p style=\"text-align: left;\">I\u0161manusis indikatorius u\u017etikrina gr\u012f\u017etam\u0105j\u012f ry\u0161\u012f realiuoju laiku<\/p>\n<\/li>\n<\/ul>","protected":false},"featured_media":28117,"template":"","meta":{"_acf_changed":false,"postBodyCss":"","postBodyMargin":[],"postBodyPadding":[],"postBodyBackground":{"backgroundType":"classic","gradient":""},"_links_to":"","_links_to_target":""},"product_brand":[],"product_cat":[213],"product_tag":[738],"class_list":{"0":"post-28112","1":"product","2":"type-product","3":"status-publish","4":"has-post-thumbnail","6":"product_cat-pwr-repeater","7":"product_tag-cf-wr301s","9":"first","10":"instock","11":"shipping-taxable","12":"product-type-simple"},"acf":[],"_links":{"self":[{"href":"https:\/\/www.encomfast.com\/lt\/wp-json\/wp\/v2\/product\/28112","targetHints":{"allow":["GET"]}}],"collection":[{"href":"https:\/\/www.encomfast.com\/lt\/wp-json\/wp\/v2\/product"}],"about":[{"href":"https:\/\/www.encomfast.com\/lt\/wp-json\/wp\/v2\/types\/product"}],"version-history":[{"count":0,"href":"https:\/\/www.encomfast.com\/lt\/wp-json\/wp\/v2\/product\/28112\/revisions"}],"wp:featuredmedia":[{"embeddable":true,"href":"https:\/\/www.encomfast.com\/lt\/wp-json\/wp\/v2\/media\/28117"}],"wp:attachment":[{"href":"https:\/\/www.encomfast.com\/lt\/wp-json\/wp\/v2\/media?parent=28112"}],"wp:term":[{"taxonomy":"product_brand","embeddable":true,"href":"https:\/\/www.encomfast.com\/lt\/wp-json\/wp\/v2\/product_brand?post=28112"},{"taxonomy":"product_cat","embeddable":true,"href":"https:\/\/www.encomfast.com\/lt\/wp-json\/wp\/v2\/product_cat?post=28112"},{"taxonomy":"product_tag","embeddable":true,"href":"https:\/\/www.encomfast.com\/lt\/wp-json\/wp\/v2\/product_tag?post=28112"}],"curies":[{"name":"wp","href":"https:\/\/api.w.org\/{rel}","templated":true}]}}