{"id":17570,"date":"2025-11-18T08:14:58","date_gmt":"2025-11-18T08:14:58","guid":{"rendered":"https:\/\/comfast-20250731.com\/?post_type=product&#038;p=17570"},"modified":"2025-12-15T02:17:15","modified_gmt":"2025-12-15T02:17:15","slug":"%e8%af%a6%e6%83%85%e9%a1%b5%e5%ba%95%e9%83%a8%e6%96%87%e5%ad%97","status":"publish","type":"product","link":"https:\/\/www.encomfast.com\/pl\/produkt\/%e8%af%a6%e6%83%85%e9%a1%b5%e5%ba%95%e9%83%a8%e6%96%87%e5%ad%97\/","title":{"rendered":"\u8be6\u60c5\u9875\u5e95\u90e8\u6587\u5b57"},"content":{"rendered":"<div data-elementor-type=\"product-post\" data-elementor-id=\"17570\" class=\"elementor elementor-17570\" data-elementor-post-type=\"product\">\n\t\t\t\t<div class=\"elementor-element elementor-element-25489e5d e-flex e-con-boxed lakit-col-width-auto-no e-container e-root-container elementor-top-section e-con e-parent\" data-id=\"25489e5d\" data-element_type=\"container\" data-e-type=\"container\">\n\t\t\t\t\t<div class=\"e-con-inner\">\n\t\t\t\t<div class=\"elementor-element elementor-element-9fbfa90 elementor-widget elementor-widget-text-editor\" data-id=\"9fbfa90\" data-element_type=\"widget\" data-e-type=\"widget\" data-widget_type=\"text-editor.default\">\n\t\t\t\t<div class=\"elementor-widget-container\">\n\t\t\t\t\t\t\t\t\t<p><span style=\"font-family: helvetica, arial, sans-serif; font-size: 12px; color: #999999;\">*Zdj\u0119cia produkt\u00f3w i scenariusze demonstracyjne na tej stronie s\u0142u\u017c\u0105 wy\u0142\u0105cznie do cel\u00f3w ilustracyjnych i mog\u0105 nieznacznie r\u00f3\u017cni\u0107 si\u0119 od rzeczywistego produktu. W celu uzyskania dok\u0142adnych informacji nale\u017cy zapozna\u0107 si\u0119 z fizycznym produktem.<\/span><br \/><span style=\"font-family: helvetica, arial, sans-serif; font-size: 12px; color: #999999;\">*Dane na tej stronie s\u0105 warto\u015bciami teoretycznymi uzyskanymi z wewn\u0119trznego laboratorium COMFAST w okre\u015blonych warunkach testowych. Rzeczywiste wykorzystanie mo\u017ce si\u0119 r\u00f3\u017cni\u0107 ze wzgl\u0119du na r\u00f3\u017cnice w poszczeg\u00f3lnych produktach, wersjach oprogramowania, warunkach u\u017cytkowania i czynnikach \u015brodowiskowych. Aby uzyska\u0107 dok\u0142adn\u0105 reprezentacj\u0119, nale\u017cy odnie\u015b\u0107 si\u0119 do rzeczywistego u\u017cytkowania.<\/span><br \/><span style=\"font-family: helvetica, arial, sans-serif; font-size: 12px; color: #999999;\">*Aby zapewni\u0107 jak najdok\u0142adniejsze informacje o produkcie, specyfikacje i funkcje, COMFAST mo\u017ce okresowo dostosowywa\u0107 i zmienia\u0107 opisy tekstowe, efekty graficzne i inne tre\u015bci na tej stronie, aby zapewni\u0107 zgodno\u015b\u0107 z rzeczywist\u0105 wydajno\u015bci\u0105 produktu, specyfikacjami, opakowaniem i akcesoriami. Je\u015bli takie korekty lub zmiany oka\u017c\u0105 si\u0119 konieczne, nie zostaniemy o tym wcze\u015bniej powiadomieni.<\/span><\/p>\t\t\t\t\t\t\t\t<\/div>\n\t\t\t\t<\/div>\n\t\t\t\t\t<\/div>\n\t\t\t\t<\/div>\n\t\t\t\t<\/div>\n\t\t\n    <div class=\"xs_social_share_widget xs_share_url after_content \t\tmain_content  wslu-style-1 wslu-share-box-shaped wslu-fill-colored wslu-none wslu-share-horizontal wslu-theme-font-no wslu-main_content\">\n\n\t\t\n        <ul>\n\t\t\t        <\/ul>\n    <\/div>","protected":false},"excerpt":{"rendered":"<p>*The product images and demonstration scenarios on this page are for illustrative purposes only and may have slight differences from the actual product. Please refer to the physical product for accuracy.*The data on this page are theoretical values obtained from COMFAST&#8217;s internal laboratory under specific testing conditions. Actual usage may vary due to individual product [&hellip;]<\/p>","protected":false},"featured_media":0,"template":"","meta":{"_acf_changed":false,"postBodyCss":"","postBodyMargin":[],"postBodyPadding":[],"postBodyBackground":{"backgroundType":"classic","gradient":""},"_links_to":"","_links_to_target":""},"product_brand":[],"product_cat":[213],"product_tag":[],"class_list":{"0":"post-17570","1":"product","2":"type-product","3":"status-publish","5":"product_cat-pwr-repeater","7":"first","8":"instock","9":"shipping-taxable","10":"product-type-simple"},"acf":[],"_links":{"self":[{"href":"https:\/\/www.encomfast.com\/pl\/wp-json\/wp\/v2\/product\/17570","targetHints":{"allow":["GET"]}}],"collection":[{"href":"https:\/\/www.encomfast.com\/pl\/wp-json\/wp\/v2\/product"}],"about":[{"href":"https:\/\/www.encomfast.com\/pl\/wp-json\/wp\/v2\/types\/product"}],"version-history":[{"count":0,"href":"https:\/\/www.encomfast.com\/pl\/wp-json\/wp\/v2\/product\/17570\/revisions"}],"wp:attachment":[{"href":"https:\/\/www.encomfast.com\/pl\/wp-json\/wp\/v2\/media?parent=17570"}],"wp:term":[{"taxonomy":"product_brand","embeddable":true,"href":"https:\/\/www.encomfast.com\/pl\/wp-json\/wp\/v2\/product_brand?post=17570"},{"taxonomy":"product_cat","embeddable":true,"href":"https:\/\/www.encomfast.com\/pl\/wp-json\/wp\/v2\/product_cat?post=17570"},{"taxonomy":"product_tag","embeddable":true,"href":"https:\/\/www.encomfast.com\/pl\/wp-json\/wp\/v2\/product_tag?post=17570"}],"curies":[{"name":"wp","href":"https:\/\/api.w.org\/{rel}","templated":true}]}}