{"id":5137,"date":"2025-10-13T02:48:13","date_gmt":"2025-10-13T02:48:13","guid":{"rendered":"https:\/\/comfast-20250731.com\/?page_id=5137"},"modified":"2025-12-25T02:41:56","modified_gmt":"2025-12-25T02:41:56","slug":"warranty-terms","status":"publish","type":"page","link":"https:\/\/www.encomfast.com\/pt\/warranty-terms\/","title":{"rendered":"Termos da garantia"},"content":{"rendered":"<div data-elementor-type=\"wp-page\" data-elementor-id=\"5137\" class=\"elementor elementor-5137\" data-elementor-post-type=\"page\">\n\t\t\t\t<div class=\"elementor-element elementor-element-663c465 e-con-full e-flex lakit-col-width-auto-no e-container e-root-container elementor-top-section e-con e-parent\" data-id=\"663c465\" data-element_type=\"container\" data-e-type=\"container\" data-settings=\"{&quot;background_background&quot;:&quot;classic&quot;}\">\n\t\t<div class=\"elementor-element elementor-element-35be5b3 e-con-full e-flex lakit-col-width-auto-no e-container e-con e-child\" data-id=\"35be5b3\" data-element_type=\"container\" data-e-type=\"container\" data-settings=\"{&quot;background_background&quot;:&quot;classic&quot;}\">\n\t\t<div class=\"elementor-element elementor-element-ee4ffab e-con-full e-flex lakit-col-width-auto-no e-container e-con e-child\" data-id=\"ee4ffab\" data-element_type=\"container\" data-e-type=\"container\">\n\t\t\t\t<div class=\"elementor-element elementor-element-d6af96d elementor-widget elementor-widget-heading\" data-id=\"d6af96d\" data-element_type=\"widget\" data-e-type=\"widget\" data-widget_type=\"heading.default\">\n\t\t\t\t<div class=\"elementor-widget-container\">\n\t\t\t\t\t<h3 class=\"elementor-heading-title elementor-size-default\">Termos da garantia<\/h3>\t\t\t\t<\/div>\n\t\t\t\t<\/div>\n\t\t\t\t<\/div>\n\t\t\t\t<\/div>\n\t\t\t\t<\/div>\n\t\t<div class=\"elementor-element elementor-element-7b9d1ea0 e-con-full e-flex lakit-col-width-auto-no e-container e-con e-child\" data-id=\"7b9d1ea0\" data-element_type=\"container\" data-e-type=\"container\">\n\t\t\t\t<div class=\"elementor-element elementor-element-5ac5ff14 elementor-widget elementor-widget-html\" data-id=\"5ac5ff14\" data-element_type=\"widget\" data-e-type=\"widget\" data-widget_type=\"html.default\">\n\t\t\t\t<div class=\"elementor-widget-container\">\n\t\t\t\t\t<style>\r\n.nav-example {\r\n  padding: 15px 0;\r\n  font-size: 18px;\r\n  overflow: hidden; \/* \u9690\u85cf\u5bb9\u5668\u5916\u5185\u5bb9 *\/\r\n}\r\n\r\n\/* \u5bfc\u822a\u5bb9\u5668 - \u7528\u4e8e\u5b9e\u73b0\u6eda\u52a8 *\/\r\n.nav-container {\r\n  white-space: nowrap; \/* \u9632\u6b62\u5bfc\u822a\u9879\u6362\u884c *\/\r\n  overflow-x: auto; \/* \u5141\u8bb8\u6a2a\u5411\u6eda\u52a8 *\/\r\n  padding: 0 15px; \/* \u5de6\u53f3\u5185\u8fb9\u8ddd\uff0c\u907f\u514d\u8fb9\u7f18\u7d27\u8d34\u5c4f\u5e55 *\/\r\n  -webkit-overflow-scrolling: touch; \/* \u79fb\u52a8\u7aef\u5e73\u6ed1\u6eda\u52a8 *\/\r\n}\r\n\r\n\/* \u9690\u85cf\u6eda\u52a8\u6761\u4f46\u4fdd\u7559\u6eda\u52a8\u529f\u80fd *\/\r\n.nav-container::-webkit-scrollbar {\r\n  display: none;\r\n}\r\n.nav-container {\r\n  -ms-overflow-style: none; \/* IE\u548cEdge *\/\r\n  scrollbar-width: none; \/* Firefox *\/\r\n}\r\n\r\n\/* \u5bfc\u822a\u9879\u57fa\u7840\u6837\u5f0f *\/\r\n.nav-example a {\r\n  text-decoration: none;\r\n  color: #7F7F7F;\r\n  padding: 6px 0;\r\n  margin: 0 8px;\r\n  border-bottom: 2px solid transparent;\r\n  transition: all 0.3s ease;\r\n  display: inline-block; \/* \u786e\u4fdd\u70b9\u51fb\u533a\u57df\u5b8c\u6574 *\/\r\n}\r\n\r\n\/* \u6fc0\u6d3b\u72b6\u6001\u6837\u5f0f *\/\r\n.nav-example a.nav-active {\r\n  color: #ed6c00;\r\n  \/*border-bottom: 2px solid #ed6c00; *\/\r\n  \/* \u6fc0\u6d3b\u72b6\u6001\u4e5f\u663e\u793a\u4e0b\u5212\u7ebf\uff0c\u4fdd\u6301\u4e00\u81f4\u6027 *\/\r\n}\r\n\r\n\/* \u672a\u6fc0\u6d3b\u9879\u4ea4\u4e92\u6837\u5f0f *\/\r\n.nav-example a:not(.nav-active):hover {\r\n  color: #ed6c00;\r\n  \/*border-bottom: 2px solid #ed6c00;*\/\r\n}\r\n\r\n.nav-example a:not(.nav-active):active {\r\n  color: #ed6c00;\r\n  \/*border-bottom: 2px solid #ed6c00;*\/\r\n}\r\n\r\n\/* \u5206\u9694\u7ebf\u6837\u5f0f *\/\r\n.nav-example span {\r\n  color: #000;\r\n  margin: 0 12px;\r\n}\r\n\r\n\/* \u54cd\u5e94\u5f0f\u8c03\u6574 *\/\r\n@media (max-width: 768px) {\r\n  .nav-example {\r\n    font-size: 16px; \/* \u624b\u673a\u7aef\u7f29\u5c0f\u5b57\u4f53 *\/\r\n  }\r\n  \r\n  .nav-example a {\r\n    margin: 0 6px; \/* \u51cf\u5c0f\u624b\u673a\u7aef\u95f4\u8ddd *\/\r\n  }\r\n  \r\n  .nav-example span {\r\n    margin: 0 8px; \/* \u51cf\u5c0f\u5206\u9694\u7ebf\u95f4\u8ddd *\/\r\n  }\r\n}\r\n<\/style>\r\n\r\n<nav class=\"nav-example\">\r\n  <div class=\"nav-container\"> <!-- \u65b0\u589e\u6eda\u52a8\u5bb9\u5668 -->\r\n  <a href=\"\/pt\/warranty-terms\/\" class=\"nav-active\">Termos da garantia<\/a>\r\n  <span>|<\/span>\r\n  <a href=\"\/pt\/terms-of-use\/\">Termos de utiliza\u00e7\u00e3o<\/a>\r\n  <span>|<\/span>\r\n  <a href=\"\/pt\/announcement\/\" >An\u00fancio<\/a>\r\n <span>|<\/span>\r\n  <a href=\"\/pt\/repair-outlets\/\">Repara\u00e7\u00e3o de tomadas<\/a>\r\n    <!-- \u53ef\u4ee5\u7ee7\u7eed\u6dfb\u52a0\u66f4\u591a\u5bfc\u822a\u9879\uff0c\u624b\u673a\u7aef\u4f1a\u81ea\u52a8\u652f\u6301\u6eda\u52a8 -->\r\n  <\/div>\r\n<\/nav>\r\n\r\n<script>\r\nconst navItems = document.querySelectorAll('.nav-example a');\r\n\r\nnavItems.forEach(item => {\r\n  item.addEventListener('click', function(e) {\r\n    \/\/ \u5982\u9700\u9875\u9762\u8df3\u8f6c\u53ef\u4fdd\u7559\u9ed8\u8ba4\u884c\u4e3a\uff0c\u5220\u9664\u4e0b\u9762\u8fd9\u884c\r\n    \/\/ e.preventDefault();\r\n\r\n    navItems.forEach(link => {\r\n      link.classList.remove('nav-active');\r\n    });\r\n    this.classList.add('nav-active');\r\n  });\r\n});\r\n<\/script>\t\t\t\t<\/div>\n\t\t\t\t<\/div>\n\t\t\t\t<\/div>\n\t\t<div class=\"elementor-element elementor-element-85dce77 e-flex e-con-boxed lakit-col-width-auto-no e-container e-root-container elementor-top-section e-con e-parent\" data-id=\"85dce77\" data-element_type=\"container\" data-e-type=\"container\" data-settings=\"{&quot;background_background&quot;:&quot;classic&quot;}\">\n\t\t\t\t\t<div class=\"e-con-inner\">\n\t\t\t\t<div class=\"elementor-element elementor-element-c85cc2d elementor-widget elementor-widget-text-editor\" data-id=\"c85cc2d\" data-element_type=\"widget\" data-e-type=\"widget\" data-widget_type=\"text-editor.default\">\n\t\t\t\t<div class=\"elementor-widget-container\">\n\t\t\t\t\t\t\t\t\t<p><span style=\"font-size: 16px;\">\u00daltima atualiza\u00e7\u00e3o: 11 de setembro de 2025<\/span><\/p>\n<p>Operamos esta loja e este s\u00edtio Web, incluindo todas as informa\u00e7\u00f5es, conte\u00fados, funcionalidades, ferramentas, produtos e servi\u00e7os relacionados, para proporcionar ao utilizador, os nossos clientes, uma experi\u00eancia de compras selecionada (o \u201cServi\u00e7o\u201d).<br \/>Com a ajuda da Shopify, permitimos-lhe fornecer o Servi\u00e7o. A presente Pol\u00edtica de Privacidade descreve a forma como recolhemos, utilizamos e divulgamos os seus dados pessoais quando visita, utiliza ou efectua compras ou outras transac\u00e7\u00f5es atrav\u00e9s do Servi\u00e7o, ou quando comunica connosco. Se houver algum conflito entre os nossos Termos de Servi\u00e7o e esta Pol\u00edtica de Privacidade, esta Pol\u00edtica de Privacidade prevalecer\u00e1 no que diz respeito \u00e0 recolha, processamento e divulga\u00e7\u00e3o dos seus dados pessoais.<\/p>\n<p><br \/>Leia atentamente esta Pol\u00edtica de Privacidade. Ao utilizar e aceder ao Servi\u00e7o, o utilizador reconhece que leu esta Pol\u00edtica de Privacidade e compreende a forma como as suas informa\u00e7\u00f5es ser\u00e3o recolhidas, utilizadas e divulgadas, tal como descrito nesta Pol\u00edtica de Privacidade.<\/p>\t\t\t\t\t\t\t\t<\/div>\n\t\t\t\t<\/div>\n\t\t\t\t<div class=\"elementor-element elementor-element-f4f9f0b elementor-widget elementor-widget-heading\" data-id=\"f4f9f0b\" data-element_type=\"widget\" data-e-type=\"widget\" data-widget_type=\"heading.default\">\n\t\t\t\t<div class=\"elementor-widget-container\">\n\t\t\t\t\t<h2 class=\"elementor-heading-title elementor-size-default\">Informa\u00e7\u00f5es pessoais que recolhemos ou processamos<\/h2>\t\t\t\t<\/div>\n\t\t\t\t<\/div>\n\t\t\t\t<div class=\"elementor-element elementor-element-d31502d elementor-widget elementor-widget-text-editor\" data-id=\"d31502d\" data-element_type=\"widget\" data-e-type=\"widget\" data-widget_type=\"text-editor.default\">\n\t\t\t\t<div class=\"elementor-widget-container\">\n\t\t\t\t\t\t\t\t\t<p>Quando utilizamos o termo \u201cinforma\u00e7\u00f5es pessoais\u201d, referimo-nos a informa\u00e7\u00f5es que podem identificar o utilizador ou outras pessoas, ou que podem ser razoavelmente associadas ao utilizador ou a outras pessoas. As informa\u00e7\u00f5es pessoais n\u00e3o incluem informa\u00e7\u00f5es recolhidas anonimamente ou desidentificadas, ou seja, informa\u00e7\u00f5es que n\u00e3o podem identificar o utilizador ou ser razoavelmente associadas ao mesmo. Podemos recolher ou processar as seguintes categorias de informa\u00e7\u00f5es pessoais, incluindo infer\u00eancias retiradas dessas informa\u00e7\u00f5es, com base na forma como utiliza o Servi\u00e7o, no pa\u00eds ou regi\u00e3o onde se encontra e conforme permitido ou exigido pela legisla\u00e7\u00e3o aplic\u00e1vel:<\/p>\n<ul>\n<li data-start=\"0\" data-end=\"120\">\n<p data-start=\"2\" data-end=\"120\">As informa\u00e7\u00f5es de contacto incluem o seu nome, morada, morada de fatura\u00e7\u00e3o, morada de envio, n\u00famero de telefone e endere\u00e7o de correio eletr\u00f3nico.<\/p>\n<\/li>\n<li data-start=\"121\" data-end=\"350\">\n<p data-start=\"123\" data-end=\"350\">As informa\u00e7\u00f5es financeiras incluem n\u00fameros de cart\u00e3o de cr\u00e9dito, cart\u00e3o de d\u00e9bito e conta banc\u00e1ria, detalhes do cart\u00e3o de pagamento, informa\u00e7\u00f5es da conta financeira, detalhes da transa\u00e7\u00e3o, m\u00e9todos de pagamento, confirma\u00e7\u00e3o de pagamento e outras informa\u00e7\u00f5es de pagamento.<\/p>\n<\/li>\n<li data-start=\"351\" data-end=\"461\" data-is-last-node=\"\">\n<p data-start=\"353\" data-end=\"461\" data-is-last-node=\"\">As informa\u00e7\u00f5es da conta incluem o nome de utilizador, a palavra-passe, as perguntas de seguran\u00e7a, as prefer\u00eancias e as defini\u00e7\u00f5es gerais.<\/p>\n<\/li>\n<\/ul>\t\t\t\t\t\t\t\t<\/div>\n\t\t\t\t<\/div>\n\t\t\t\t\t<\/div>\n\t\t\t\t<\/div>\n\t\t\t\t<\/div>\n\t\t\n    <div class=\"xs_social_share_widget xs_share_url after_content \t\tmain_content  wslu-style-1 wslu-share-box-shaped wslu-fill-colored wslu-none wslu-share-horizontal wslu-theme-font-no wslu-main_content\">\n\n\t\t\n        <ul>\n\t\t\t        <\/ul>\n    <\/div>","protected":false},"excerpt":{"rendered":"<p>Warranty Terms Warranty Terms | Terms of Use | Announcement | Repair Outlet Last updated: September 11, 2025 We operate this store and website, including all related information, content, features, tools, products, and services, to provide you, our customers, with a curated shopping experience (the &#8220;Service&#8221;).Powered by Shopify, we enable you to provide the Service. [&hellip;]<\/p>","protected":false},"author":3,"featured_media":0,"parent":0,"menu_order":0,"comment_status":"closed","ping_status":"closed","template":"","meta":{"_acf_changed":false,"postBodyCss":"","postBodyMargin":[],"postBodyPadding":[],"postBodyBackground":{"backgroundType":"classic","gradient":""},"footnotes":"","_links_to":"","_links_to_target":""},"class_list":["post-5137","page","type-page","status-publish","hentry"],"acf":[],"_links":{"self":[{"href":"https:\/\/www.encomfast.com\/pt\/wp-json\/wp\/v2\/pages\/5137","targetHints":{"allow":["GET"]}}],"collection":[{"href":"https:\/\/www.encomfast.com\/pt\/wp-json\/wp\/v2\/pages"}],"about":[{"href":"https:\/\/www.encomfast.com\/pt\/wp-json\/wp\/v2\/types\/page"}],"author":[{"embeddable":true,"href":"https:\/\/www.encomfast.com\/pt\/wp-json\/wp\/v2\/users\/3"}],"replies":[{"embeddable":true,"href":"https:\/\/www.encomfast.com\/pt\/wp-json\/wp\/v2\/comments?post=5137"}],"version-history":[{"count":0,"href":"https:\/\/www.encomfast.com\/pt\/wp-json\/wp\/v2\/pages\/5137\/revisions"}],"wp:attachment":[{"href":"https:\/\/www.encomfast.com\/pt\/wp-json\/wp\/v2\/media?parent=5137"}],"curies":[{"name":"wp","href":"https:\/\/api.w.org\/{rel}","templated":true}]}}