{"id":18312,"date":"2025-11-19T06:05:06","date_gmt":"2025-11-19T06:05:06","guid":{"rendered":"https:\/\/comfast-20250731.com\/?post_type=product&#038;p=18312"},"modified":"2026-01-12T03:59:47","modified_gmt":"2026-01-12T03:59:47","slug":"150mbps-mini-usb-wireless-adapter-2","status":"publish","type":"product","link":"https:\/\/www.encomfast.com\/sv\/produkt\/150mbps-mini-usb-wireless-adapter-2\/","title":{"rendered":"150 Mbps mini USB tr\u00e5dl\u00f6s adapter"},"content":{"rendered":"<div data-elementor-type=\"product-post\" data-elementor-id=\"18312\" class=\"elementor elementor-18312\" data-elementor-post-type=\"product\">\n\t\t\t\t<div class=\"elementor-element elementor-element-6b6d8dc5 e-con-full elementor-hidden-desktop elementor-hidden-tablet e-flex lakit-col-width-auto-no e-container e-root-container elementor-top-section e-con e-parent\" data-id=\"6b6d8dc5\" data-element_type=\"container\" data-e-type=\"container\">\n\t\t\t\t<div class=\"elementor-element elementor-element-1a688721 elementor-widget elementor-widget-text-editor\" data-id=\"1a688721\" data-element_type=\"widget\" data-e-type=\"widget\" data-widget_type=\"text-editor.default\">\n\t\t\t\t<div class=\"elementor-widget-container\">\n\t\t\t\t\t\t\t\t\t<p><img fetchpriority=\"high\" decoding=\"async\" class=\"aligncenter size-full wp-image-30703\" src=\"https:\/\/www.encomfast.com\/wp-content\/uploads\/2025\/11\/CF-WU757F-V2-1.jpg\" alt=\"\" width=\"960\" height=\"868\" srcset=\"https:\/\/www.encomfast.com\/wp-content\/uploads\/2025\/11\/CF-WU757F-V2-1.jpg 960w, https:\/\/www.encomfast.com\/wp-content\/uploads\/2025\/11\/CF-WU757F-V2-1-300x271.jpg 300w, https:\/\/www.encomfast.com\/wp-content\/uploads\/2025\/11\/CF-WU757F-V2-1-768x694.jpg 768w, https:\/\/www.encomfast.com\/wp-content\/uploads\/2025\/11\/CF-WU757F-V2-1-13x12.jpg 13w, https:\/\/www.encomfast.com\/wp-content\/uploads\/2025\/11\/CF-WU757F-V2-1-600x543.jpg 600w\" sizes=\"(max-width: 960px) 100vw, 960px\" \/> <img decoding=\"async\" class=\"aligncenter size-full wp-image-30704\" src=\"https:\/\/www.encomfast.com\/wp-content\/uploads\/2025\/11\/CF-WU757F-V2-2.jpg\" alt=\"\" width=\"960\" height=\"741\" srcset=\"https:\/\/www.encomfast.com\/wp-content\/uploads\/2025\/11\/CF-WU757F-V2-2.jpg 960w, https:\/\/www.encomfast.com\/wp-content\/uploads\/2025\/11\/CF-WU757F-V2-2-300x232.jpg 300w, https:\/\/www.encomfast.com\/wp-content\/uploads\/2025\/11\/CF-WU757F-V2-2-768x593.jpg 768w, https:\/\/www.encomfast.com\/wp-content\/uploads\/2025\/11\/CF-WU757F-V2-2-16x12.jpg 16w, https:\/\/www.encomfast.com\/wp-content\/uploads\/2025\/11\/CF-WU757F-V2-2-600x463.jpg 600w\" sizes=\"(max-width: 960px) 100vw, 960px\" \/> <img decoding=\"async\" class=\"aligncenter size-full wp-image-30705\" src=\"https:\/\/www.encomfast.com\/wp-content\/uploads\/2025\/11\/CF-WU757F-V2-3.jpg\" alt=\"\" width=\"960\" height=\"1304\" srcset=\"https:\/\/www.encomfast.com\/wp-content\/uploads\/2025\/11\/CF-WU757F-V2-3.jpg 960w, https:\/\/www.encomfast.com\/wp-content\/uploads\/2025\/11\/CF-WU757F-V2-3-221x300.jpg 221w, https:\/\/www.encomfast.com\/wp-content\/uploads\/2025\/11\/CF-WU757F-V2-3-754x1024.jpg 754w, https:\/\/www.encomfast.com\/wp-content\/uploads\/2025\/11\/CF-WU757F-V2-3-768x1043.jpg 768w, https:\/\/www.encomfast.com\/wp-content\/uploads\/2025\/11\/CF-WU757F-V2-3-9x12.jpg 9w, https:\/\/www.encomfast.com\/wp-content\/uploads\/2025\/11\/CF-WU757F-V2-3-600x815.jpg 600w\" sizes=\"(max-width: 960px) 100vw, 960px\" \/> <img loading=\"lazy\" decoding=\"async\" class=\"aligncenter size-full wp-image-30706\" src=\"https:\/\/www.encomfast.com\/wp-content\/uploads\/2025\/11\/CF-WU757F-V2-4.jpg\" alt=\"\" width=\"960\" height=\"902\" srcset=\"https:\/\/www.encomfast.com\/wp-content\/uploads\/2025\/11\/CF-WU757F-V2-4.jpg 960w, https:\/\/www.encomfast.com\/wp-content\/uploads\/2025\/11\/CF-WU757F-V2-4-300x282.jpg 300w, https:\/\/www.encomfast.com\/wp-content\/uploads\/2025\/11\/CF-WU757F-V2-4-768x722.jpg 768w, https:\/\/www.encomfast.com\/wp-content\/uploads\/2025\/11\/CF-WU757F-V2-4-13x12.jpg 13w, https:\/\/www.encomfast.com\/wp-content\/uploads\/2025\/11\/CF-WU757F-V2-4-600x564.jpg 600w\" sizes=\"(max-width: 960px) 100vw, 960px\" \/> <img loading=\"lazy\" decoding=\"async\" class=\"aligncenter size-full wp-image-30707\" src=\"https:\/\/www.encomfast.com\/wp-content\/uploads\/2025\/11\/CF-WU757F-V2-5.jpg\" alt=\"\" width=\"960\" height=\"968\" srcset=\"https:\/\/www.encomfast.com\/wp-content\/uploads\/2025\/11\/CF-WU757F-V2-5.jpg 960w, https:\/\/www.encomfast.com\/wp-content\/uploads\/2025\/11\/CF-WU757F-V2-5-298x300.jpg 298w, https:\/\/www.encomfast.com\/wp-content\/uploads\/2025\/11\/CF-WU757F-V2-5-150x150.jpg 150w, https:\/\/www.encomfast.com\/wp-content\/uploads\/2025\/11\/CF-WU757F-V2-5-768x774.jpg 768w, https:\/\/www.encomfast.com\/wp-content\/uploads\/2025\/11\/CF-WU757F-V2-5-12x12.jpg 12w, https:\/\/www.encomfast.com\/wp-content\/uploads\/2025\/11\/CF-WU757F-V2-5-60x60.jpg 60w, https:\/\/www.encomfast.com\/wp-content\/uploads\/2025\/11\/CF-WU757F-V2-5-600x605.jpg 600w, https:\/\/www.encomfast.com\/wp-content\/uploads\/2025\/11\/CF-WU757F-V2-5-100x100.jpg 100w\" sizes=\"(max-width: 960px) 100vw, 960px\" \/> <img loading=\"lazy\" decoding=\"async\" class=\"aligncenter size-full wp-image-30708\" src=\"https:\/\/www.encomfast.com\/wp-content\/uploads\/2025\/11\/CF-WU757F-V2-6.jpg\" alt=\"\" width=\"960\" height=\"1616\" srcset=\"https:\/\/www.encomfast.com\/wp-content\/uploads\/2025\/11\/CF-WU757F-V2-6.jpg 960w, https:\/\/www.encomfast.com\/wp-content\/uploads\/2025\/11\/CF-WU757F-V2-6-178x300.jpg 178w, https:\/\/www.encomfast.com\/wp-content\/uploads\/2025\/11\/CF-WU757F-V2-6-608x1024.jpg 608w, https:\/\/www.encomfast.com\/wp-content\/uploads\/2025\/11\/CF-WU757F-V2-6-768x1293.jpg 768w, https:\/\/www.encomfast.com\/wp-content\/uploads\/2025\/11\/CF-WU757F-V2-6-912x1536.jpg 912w, https:\/\/www.encomfast.com\/wp-content\/uploads\/2025\/11\/CF-WU757F-V2-6-7x12.jpg 7w, https:\/\/www.encomfast.com\/wp-content\/uploads\/2025\/11\/CF-WU757F-V2-6-600x1010.jpg 600w\" sizes=\"(max-width: 960px) 100vw, 960px\" \/> <img loading=\"lazy\" decoding=\"async\" class=\"aligncenter size-full wp-image-30709\" src=\"https:\/\/www.encomfast.com\/wp-content\/uploads\/2025\/11\/CF-WU757F-V2-7.jpg\" alt=\"\" width=\"960\" height=\"1700\" srcset=\"https:\/\/www.encomfast.com\/wp-content\/uploads\/2025\/11\/CF-WU757F-V2-7.jpg 960w, https:\/\/www.encomfast.com\/wp-content\/uploads\/2025\/11\/CF-WU757F-V2-7-169x300.jpg 169w, https:\/\/www.encomfast.com\/wp-content\/uploads\/2025\/11\/CF-WU757F-V2-7-578x1024.jpg 578w, https:\/\/www.encomfast.com\/wp-content\/uploads\/2025\/11\/CF-WU757F-V2-7-768x1360.jpg 768w, https:\/\/www.encomfast.com\/wp-content\/uploads\/2025\/11\/CF-WU757F-V2-7-867x1536.jpg 867w, https:\/\/www.encomfast.com\/wp-content\/uploads\/2025\/11\/CF-WU757F-V2-7-7x12.jpg 7w, https:\/\/www.encomfast.com\/wp-content\/uploads\/2025\/11\/CF-WU757F-V2-7-600x1063.jpg 600w\" sizes=\"(max-width: 960px) 100vw, 960px\" \/> <img loading=\"lazy\" decoding=\"async\" class=\"aligncenter size-full wp-image-30702\" src=\"https:\/\/www.encomfast.com\/wp-content\/uploads\/2025\/11\/CF-WU757F-V2-8.jpg\" alt=\"\" width=\"960\" height=\"1360\" srcset=\"https:\/\/www.encomfast.com\/wp-content\/uploads\/2025\/11\/CF-WU757F-V2-8.jpg 960w, https:\/\/www.encomfast.com\/wp-content\/uploads\/2025\/11\/CF-WU757F-V2-8-212x300.jpg 212w, https:\/\/www.encomfast.com\/wp-content\/uploads\/2025\/11\/CF-WU757F-V2-8-723x1024.jpg 723w, https:\/\/www.encomfast.com\/wp-content\/uploads\/2025\/11\/CF-WU757F-V2-8-768x1088.jpg 768w, https:\/\/www.encomfast.com\/wp-content\/uploads\/2025\/11\/CF-WU757F-V2-8-8x12.jpg 8w, https:\/\/www.encomfast.com\/wp-content\/uploads\/2025\/11\/CF-WU757F-V2-8-600x850.jpg 600w\" sizes=\"(max-width: 960px) 100vw, 960px\" \/><\/p>\t\t\t\t\t\t\t\t<\/div>\n\t\t\t\t<\/div>\n\t\t\t\t<\/div>\n\t\t<div class=\"elementor-element elementor-element-d37cef3 e-con-full elementor-hidden-mobile e-flex lakit-col-width-auto-no e-container e-root-container elementor-top-section e-con e-parent\" data-id=\"d37cef3\" data-element_type=\"container\" data-e-type=\"container\">\n\t\t<div class=\"elementor-element elementor-element-4231b58f e-con-full e-flex lakit-col-width-auto-no e-container e-con e-child\" data-id=\"4231b58f\" data-element_type=\"container\" data-e-type=\"container\" data-settings=\"{&quot;background_background&quot;:&quot;classic&quot;}\">\n\t\t\t\t<\/div>\n\t\t<div class=\"elementor-element elementor-element-2d5342a2 e-con-full e-flex lakit-col-width-auto-no e-container e-con e-child\" data-id=\"2d5342a2\" data-element_type=\"container\" data-e-type=\"container\" data-settings=\"{&quot;background_background&quot;:&quot;classic&quot;}\">\n\t\t\t\t<\/div>\n\t\t<div class=\"elementor-element elementor-element-2ecb8317 e-con-full e-flex lakit-col-width-auto-no e-container e-con e-child\" data-id=\"2ecb8317\" data-element_type=\"container\" data-e-type=\"container\" data-settings=\"{&quot;background_background&quot;:&quot;classic&quot;}\">\n\t\t\t\t<div class=\"elementor-element elementor-element-6f01c1ca elementor-widget elementor-widget-heading\" data-id=\"6f01c1ca\" data-element_type=\"widget\" data-e-type=\"widget\" data-widget_type=\"heading.default\">\n\t\t\t\t<div class=\"elementor-widget-container\">\n\t\t\t\t\t<h1 class=\"elementor-heading-title elementor-size-default\">Uppgraderad version och originalversion<\/h1>\t\t\t\t<\/div>\n\t\t\t\t<\/div>\n\t\t\t\t<\/div>\n\t\t<div class=\"elementor-element elementor-element-56a0f8d5 e-con-full e-flex lakit-col-width-auto-no e-container e-con e-child\" data-id=\"56a0f8d5\" data-element_type=\"container\" data-e-type=\"container\" data-settings=\"{&quot;background_background&quot;:&quot;classic&quot;}\">\n\t\t\t\t<div class=\"elementor-element elementor-element-11e68d0a elementor-widget elementor-widget-heading\" data-id=\"11e68d0a\" data-element_type=\"widget\" data-e-type=\"widget\" data-widget_type=\"heading.default\">\n\t\t\t\t<div class=\"elementor-widget-container\">\n\t\t\t\t\t<h1 class=\"elementor-heading-title elementor-size-default\">Gratis f\u00f6rare och automatisk installation<\/h1>\t\t\t\t<\/div>\n\t\t\t\t<\/div>\n\t\t\t\t<div class=\"elementor-element elementor-element-664ba6c9 elementor-widget elementor-widget-text-editor\" data-id=\"664ba6c9\" data-element_type=\"widget\" data-e-type=\"widget\" data-widget_type=\"text-editor.default\">\n\t\t\t\t<div class=\"elementor-widget-container\">\n\t\t\t\t\t\t\t\t\t<p>CF-WU757F V2 \u00e4r uppdaterad baserat p\u00e5 traditionellt tr\u00e5dl\u00f6st n\u00e4tverkskort och utesluter komplex drivrutin.&nbsp;<\/p><p>Det \u00e4r ingen CD och ingen nedladdning. Du beh\u00f6ver bara plugga in och spela.<\/p>\t\t\t\t\t\t\t\t<\/div>\n\t\t\t\t<\/div>\n\t\t\t\t<\/div>\n\t\t<div class=\"elementor-element elementor-element-4d4969cc e-con-full e-flex lakit-col-width-auto-no e-container e-con e-child\" data-id=\"4d4969cc\" data-element_type=\"container\" data-e-type=\"container\" data-settings=\"{&quot;background_background&quot;:&quot;classic&quot;}\">\n\t\t\t\t<div class=\"elementor-element elementor-element-42e2eb29 elementor-widget elementor-widget-heading\" data-id=\"42e2eb29\" data-element_type=\"widget\" data-e-type=\"widget\" data-widget_type=\"heading.default\">\n\t\t\t\t<div class=\"elementor-widget-container\">\n\t\t\t\t\t<h1 class=\"elementor-heading-title elementor-size-default\">Kraftfull signal genom v\u00e4gg <\/h1>\t\t\t\t<\/div>\n\t\t\t\t<\/div>\n\t\t\t\t<\/div>\n\t\t<div class=\"elementor-element elementor-element-79eaf234 e-con-full e-flex lakit-col-width-auto-no e-container e-con e-child\" data-id=\"79eaf234\" data-element_type=\"container\" data-e-type=\"container\" data-settings=\"{&quot;background_background&quot;:&quot;classic&quot;}\">\n\t\t\t\t<div class=\"elementor-element elementor-element-1846284c elementor-widget elementor-widget-heading\" data-id=\"1846284c\" data-element_type=\"widget\" data-e-type=\"widget\" data-widget_type=\"heading.default\">\n\t\t\t\t<div class=\"elementor-widget-container\">\n\t\t\t\t\t<h1 class=\"elementor-heading-title elementor-size-default\">6dBi antenn och stark signal<\/h1>\t\t\t\t<\/div>\n\t\t\t\t<\/div>\n\t\t\t\t<div class=\"elementor-element elementor-element-64edf5bc elementor-widget elementor-widget-text-editor\" data-id=\"64edf5bc\" data-element_type=\"widget\" data-e-type=\"widget\" data-widget_type=\"text-editor.default\">\n\t\t\t\t<div class=\"elementor-widget-container\">\n\t\t\t\t\t\t\t\t\t<p>Den \u00e4r utrustad med en rundstr\u00e5lande 6dBi antenn i syrefri koppar med h\u00f6g renhet,&nbsp;<\/p><p>vilket ger \u00f6verl\u00e4gsen signalmottagning och s\u00e4ndningskapacitet f\u00f6r enheten.<\/p>\t\t\t\t\t\t\t\t<\/div>\n\t\t\t\t<\/div>\n\t\t\t\t<\/div>\n\t\t<div class=\"elementor-element elementor-element-b7d57b7 e-con-full e-flex lakit-col-width-auto-no e-container e-con e-child\" data-id=\"b7d57b7\" data-element_type=\"container\" data-e-type=\"container\" data-settings=\"{&quot;background_background&quot;:&quot;classic&quot;}\">\n\t\t\t\t<div class=\"elementor-element elementor-element-18cfd828 elementor-widget elementor-widget-heading\" data-id=\"18cfd828\" data-element_type=\"widget\" data-e-type=\"widget\" data-widget_type=\"heading.default\">\n\t\t\t\t<div class=\"elementor-widget-container\">\n\t\t\t\t\t<h1 class=\"elementor-heading-title elementor-size-default\">Flexibel USB-design<\/h1>\t\t\t\t<\/div>\n\t\t\t\t<\/div>\n\t\t\t\t<div class=\"elementor-element elementor-element-4db9e55 elementor-widget elementor-widget-text-editor\" data-id=\"4db9e55\" data-element_type=\"widget\" data-e-type=\"widget\" data-widget_type=\"text-editor.default\">\n\t\t\t\t<div class=\"elementor-widget-container\">\n\t\t\t\t\t\t\t\t\t<p>Den kan enkelt anv\u00e4ndas i den smala milj\u00f6n, vilket kan ge dig en starkare signal.<\/p>\t\t\t\t\t\t\t\t<\/div>\n\t\t\t\t<\/div>\n\t\t\t\t<\/div>\n\t\t<div class=\"elementor-element elementor-element-7eb92aab e-con-full e-flex lakit-col-width-auto-no e-container e-con e-child\" data-id=\"7eb92aab\" data-element_type=\"container\" data-e-type=\"container\" data-settings=\"{&quot;background_background&quot;:&quot;classic&quot;}\">\n\t\t\t\t<div class=\"elementor-element elementor-element-23919a18 elementor-widget elementor-widget-heading\" data-id=\"23919a18\" data-element_type=\"widget\" data-e-type=\"widget\" data-widget_type=\"heading.default\">\n\t\t\t\t<div class=\"elementor-widget-container\">\n\t\t\t\t\t<h1 class=\"elementor-heading-title elementor-size-default\">Multipel kompatibilitet <\/h1>\t\t\t\t<\/div>\n\t\t\t\t<\/div>\n\t\t\t\t<div class=\"elementor-element elementor-element-9908cac elementor-widget elementor-widget-text-editor\" data-id=\"9908cac\" data-element_type=\"widget\" data-e-type=\"widget\" data-widget_type=\"text-editor.default\">\n\t\t\t\t<div class=\"elementor-widget-container\">\n\t\t\t\t\t\t\t\t\t<p>CF-WU757F V2 st\u00f6der de flesta system p\u00e5 marknaden, t.ex.: winXP\/win7\/win8\/win8.1\/win10.<\/p>\t\t\t\t\t\t\t\t<\/div>\n\t\t\t\t<\/div>\n\t\t\t\t<\/div>\n\t\t<div class=\"elementor-element elementor-element-62d3c55 e-con-full e-flex lakit-col-width-auto-no e-container e-con e-child\" data-id=\"62d3c55\" data-element_type=\"container\" data-e-type=\"container\" data-settings=\"{&quot;background_background&quot;:&quot;classic&quot;}\">\n\t\t\t\t<div class=\"elementor-element elementor-element-3c62cf64 elementor-widget elementor-widget-heading\" data-id=\"3c62cf64\" data-element_type=\"widget\" data-e-type=\"widget\" data-widget_type=\"heading.default\">\n\t\t\t\t<div class=\"elementor-widget-container\">\n\t\t\t\t\t<h1 class=\"elementor-heading-title elementor-size-default\">WiFi-s\u00e4ndning <\/h1>\t\t\t\t<\/div>\n\t\t\t\t<\/div>\n\t\t\t\t<div class=\"elementor-element elementor-element-6115bf67 elementor-widget elementor-widget-text-editor\" data-id=\"6115bf67\" data-element_type=\"widget\" data-e-type=\"widget\" data-widget_type=\"text-editor.default\">\n\t\t\t\t<div class=\"elementor-widget-container\">\n\t\t\t\t\t\t\t\t\t<p>Om det inte finns n\u00e5gon router\/AP, s\u00e4tt i den tr\u00e5dl\u00f6sa adaptern i den dator som redan har ett n\u00e4tverk och st\u00e4ll in AP-l\u00e4get.&nbsp;<\/p><p>D\u00e5 kan mobiltelefonen och iPad dela WiFi fr\u00e5n datorn<\/p>\t\t\t\t\t\t\t\t<\/div>\n\t\t\t\t<\/div>\n\t\t\t\t<\/div>\n\t\t<div class=\"elementor-element elementor-element-280edad7 e-con-full e-flex lakit-col-width-auto-no e-container e-con e-child\" data-id=\"280edad7\" data-element_type=\"container\" data-e-type=\"container\" data-settings=\"{&quot;background_background&quot;:&quot;classic&quot;}\">\n\t\t\t\t<div class=\"elementor-element elementor-element-38147f91 elementor-widget elementor-widget-heading\" data-id=\"38147f91\" data-element_type=\"widget\" data-e-type=\"widget\" data-widget_type=\"heading.default\">\n\t\t\t\t<div class=\"elementor-widget-container\">\n\t\t\t\t\t<h1 class=\"elementor-heading-title elementor-size-default\">Funktion f\u00f6r WiFi-mottagning <\/h1>\t\t\t\t<\/div>\n\t\t\t\t<\/div>\n\t\t\t\t<div class=\"elementor-element elementor-element-23a74042 elementor-widget elementor-widget-text-editor\" data-id=\"23a74042\" data-element_type=\"widget\" data-e-type=\"widget\" data-widget_type=\"text-editor.default\">\n\t\t\t\t<div class=\"elementor-widget-container\">\n\t\t\t\t\t\t\t\t\t<p>Anslut CF-WU757F V2 till skrivbordet, s\u00e5 att den enkelt kan ta emot WiFi-signalen fr\u00e5n routern och surfa p\u00e5 internet<\/p>\t\t\t\t\t\t\t\t<\/div>\n\t\t\t\t<\/div>\n\t\t\t\t<\/div>\n\t\t\t\t<\/div>\n\t\t\t\t<\/div>\n\t\t\n    <div class=\"xs_social_share_widget xs_share_url after_content \t\tmain_content  wslu-style-1 wslu-share-box-shaped wslu-fill-colored wslu-none wslu-share-horizontal wslu-theme-font-no wslu-main_content\">\n\n\t\t\n        <ul>\n\t\t\t        <\/ul>\n    <\/div>","protected":false},"excerpt":{"rendered":"<p style=\"text-align: justify;\">CF-WU757FV2 har en 6dBi-antenn i syrefri koppar med h\u00f6g renhet, vilket ger stark signal\u00f6verf\u00f6ring, utm\u00e4rkt v\u00e4gggenomtr\u00e4ngning och stabil prestanda. Den st\u00f6der IEEE 802.11N-standarden med en maximal tr\u00e5dl\u00f6s hastighet p\u00e5 150 Mbps. Den inbyggda drivrutinen m\u00f6jligg\u00f6r plug-and-play-anv\u00e4ndning, och den externa antennen roterar 90\u00b0 fritt f\u00f6r optimal signalmottagning och signal\u00f6verf\u00f6ring.<\/p>\n<ul>\n<li>\n<p style=\"text-align: left;\">Tillverkad av importerat ABS-material, s\u00e4ker och milj\u00f6v\u00e4nlig<\/p>\n<\/li>\n<li style=\"text-align: left;\">\n<p>Tr\u00e5dl\u00f6s adapter utan drivrutiner f\u00f6r enkel anv\u00e4ndning<\/p>\n<\/li>\n<li style=\"text-align: left;\">\n<p>St\u00f6d f\u00f6r WEP\/WPA\/WPA2-kryptering<\/p>\n<\/li>\n<li style=\"text-align: left;\">\n<p>Extern 6dBi syrefri kopparantenn f\u00f6r starkare mottagning och v\u00e4gggenomtr\u00e4ngning<\/p>\n<\/li>\n<li style=\"text-align: left;\">\n<p>150 Mbps tr\u00e5dl\u00f6s \u00f6verf\u00f6ringshastighet<\/p>\n<\/li>\n<li style=\"text-align: left;\">\n<p>\u00d6verensst\u00e4mmer med IEEE 802.11b\/g\/n-standarder<\/p>\n<\/li>\n<li style=\"text-align: left;\">\n<p>Kompatibel med de vanligaste operativsystemen<\/p>\n<\/li>\n<li style=\"text-align: left;\">\n<p>Stabil och smidig tr\u00e5dl\u00f6s mottagning<\/p>\n<\/li>\n<li>\n<p style=\"text-align: left;\">Tr\u00e5dl\u00f6s \u00f6verf\u00f6ring f\u00f6r smartphones, surfplattor och andra enheter<\/p>\n<\/li>\n<\/ul>","protected":false},"featured_media":18332,"template":"","meta":{"_acf_changed":false,"postBodyCss":"","postBodyMargin":[],"postBodyPadding":[],"postBodyBackground":{"backgroundType":"classic","gradient":""},"_links_to":"","_links_to_target":""},"product_brand":[],"product_cat":[215,218],"product_tag":[654],"class_list":{"0":"post-18312","1":"product","2":"type-product","3":"status-publish","4":"has-post-thumbnail","6":"product_cat-wireless-adapter","7":"product_cat-usb-adapter","8":"product_tag-cf-wu757f-v2","10":"first","11":"instock","12":"shipping-taxable","13":"product-type-simple"},"acf":[],"_links":{"self":[{"href":"https:\/\/www.encomfast.com\/sv\/wp-json\/wp\/v2\/product\/18312","targetHints":{"allow":["GET"]}}],"collection":[{"href":"https:\/\/www.encomfast.com\/sv\/wp-json\/wp\/v2\/product"}],"about":[{"href":"https:\/\/www.encomfast.com\/sv\/wp-json\/wp\/v2\/types\/product"}],"version-history":[{"count":0,"href":"https:\/\/www.encomfast.com\/sv\/wp-json\/wp\/v2\/product\/18312\/revisions"}],"wp:featuredmedia":[{"embeddable":true,"href":"https:\/\/www.encomfast.com\/sv\/wp-json\/wp\/v2\/media\/18332"}],"wp:attachment":[{"href":"https:\/\/www.encomfast.com\/sv\/wp-json\/wp\/v2\/media?parent=18312"}],"wp:term":[{"taxonomy":"product_brand","embeddable":true,"href":"https:\/\/www.encomfast.com\/sv\/wp-json\/wp\/v2\/product_brand?post=18312"},{"taxonomy":"product_cat","embeddable":true,"href":"https:\/\/www.encomfast.com\/sv\/wp-json\/wp\/v2\/product_cat?post=18312"},{"taxonomy":"product_tag","embeddable":true,"href":"https:\/\/www.encomfast.com\/sv\/wp-json\/wp\/v2\/product_tag?post=18312"}],"curies":[{"name":"wp","href":"https:\/\/api.w.org\/{rel}","templated":true}]}}