{"id":18673,"date":"2025-11-19T07:34:00","date_gmt":"2025-11-19T07:34:00","guid":{"rendered":"https:\/\/comfast-20250731.com\/?post_type=product&#038;p=18673"},"modified":"2026-01-04T09:02:15","modified_gmt":"2026-01-04T09:02:15","slug":"150mbps-mini-usb-wireless-adapter-7","status":"publish","type":"product","link":"https:\/\/www.encomfast.com\/sv\/produkt\/150mbps-mini-usb-wireless-adapter-7\/","title":{"rendered":"150 Mbps Mini USB tr\u00e5dl\u00f6s adapter"},"content":{"rendered":"<div data-elementor-type=\"product-post\" data-elementor-id=\"18673\" class=\"elementor elementor-18673\" data-elementor-post-type=\"product\">\n\t\t\t\t<div class=\"elementor-element elementor-element-3ae04165 e-con-full elementor-hidden-desktop elementor-hidden-tablet e-flex lakit-col-width-auto-no e-container e-root-container elementor-top-section e-con e-parent\" data-id=\"3ae04165\" data-element_type=\"container\" data-e-type=\"container\" data-settings=\"{&quot;background_background&quot;:&quot;classic&quot;}\">\n\t\t\t\t<div class=\"elementor-element elementor-element-41c62fb elementor-widget__width-inherit elementor-widget elementor-widget-text-editor\" data-id=\"41c62fb\" data-element_type=\"widget\" data-e-type=\"widget\" data-widget_type=\"text-editor.default\">\n\t\t\t\t<div class=\"elementor-widget-container\">\n\t\t\t\t\t\t\t\t\t<p><img fetchpriority=\"high\" decoding=\"async\" class=\"aligncenter size-full wp-image-29715\" src=\"https:\/\/www.encomfast.com\/wp-content\/uploads\/2026\/01\/CF-WU816N-V2-1.jpg\" alt=\"\" width=\"990\" height=\"1476\" srcset=\"https:\/\/www.encomfast.com\/wp-content\/uploads\/2026\/01\/CF-WU816N-V2-1.jpg 990w, https:\/\/www.encomfast.com\/wp-content\/uploads\/2026\/01\/CF-WU816N-V2-1-201x300.jpg 201w, https:\/\/www.encomfast.com\/wp-content\/uploads\/2026\/01\/CF-WU816N-V2-1-687x1024.jpg 687w, https:\/\/www.encomfast.com\/wp-content\/uploads\/2026\/01\/CF-WU816N-V2-1-768x1145.jpg 768w, https:\/\/www.encomfast.com\/wp-content\/uploads\/2026\/01\/CF-WU816N-V2-1-8x12.jpg 8w, https:\/\/www.encomfast.com\/wp-content\/uploads\/2026\/01\/CF-WU816N-V2-1-600x895.jpg 600w\" sizes=\"(max-width: 990px) 100vw, 990px\" \/> <img decoding=\"async\" class=\"aligncenter size-full wp-image-29716\" src=\"https:\/\/www.encomfast.com\/wp-content\/uploads\/2026\/01\/CF-WU816N-V2-2.jpg\" alt=\"\" width=\"990\" height=\"1606\" srcset=\"https:\/\/www.encomfast.com\/wp-content\/uploads\/2026\/01\/CF-WU816N-V2-2.jpg 990w, https:\/\/www.encomfast.com\/wp-content\/uploads\/2026\/01\/CF-WU816N-V2-2-185x300.jpg 185w, https:\/\/www.encomfast.com\/wp-content\/uploads\/2026\/01\/CF-WU816N-V2-2-631x1024.jpg 631w, https:\/\/www.encomfast.com\/wp-content\/uploads\/2026\/01\/CF-WU816N-V2-2-768x1246.jpg 768w, https:\/\/www.encomfast.com\/wp-content\/uploads\/2026\/01\/CF-WU816N-V2-2-947x1536.jpg 947w, https:\/\/www.encomfast.com\/wp-content\/uploads\/2026\/01\/CF-WU816N-V2-2-7x12.jpg 7w, https:\/\/www.encomfast.com\/wp-content\/uploads\/2026\/01\/CF-WU816N-V2-2-600x973.jpg 600w\" sizes=\"(max-width: 990px) 100vw, 990px\" \/> <img decoding=\"async\" class=\"aligncenter size-full wp-image-29717\" src=\"https:\/\/www.encomfast.com\/wp-content\/uploads\/2026\/01\/CF-WU816N-V2-3.jpg\" alt=\"\" width=\"990\" height=\"1392\" srcset=\"https:\/\/www.encomfast.com\/wp-content\/uploads\/2026\/01\/CF-WU816N-V2-3.jpg 990w, https:\/\/www.encomfast.com\/wp-content\/uploads\/2026\/01\/CF-WU816N-V2-3-213x300.jpg 213w, https:\/\/www.encomfast.com\/wp-content\/uploads\/2026\/01\/CF-WU816N-V2-3-728x1024.jpg 728w, https:\/\/www.encomfast.com\/wp-content\/uploads\/2026\/01\/CF-WU816N-V2-3-768x1080.jpg 768w, https:\/\/www.encomfast.com\/wp-content\/uploads\/2026\/01\/CF-WU816N-V2-3-9x12.jpg 9w, https:\/\/www.encomfast.com\/wp-content\/uploads\/2026\/01\/CF-WU816N-V2-3-600x844.jpg 600w\" sizes=\"(max-width: 990px) 100vw, 990px\" \/> <img loading=\"lazy\" decoding=\"async\" class=\"aligncenter size-full wp-image-29718\" src=\"https:\/\/www.encomfast.com\/wp-content\/uploads\/2026\/01\/CF-WU816N-V2-4.jpg\" alt=\"\" width=\"990\" height=\"1513\" srcset=\"https:\/\/www.encomfast.com\/wp-content\/uploads\/2026\/01\/CF-WU816N-V2-4.jpg 990w, https:\/\/www.encomfast.com\/wp-content\/uploads\/2026\/01\/CF-WU816N-V2-4-196x300.jpg 196w, https:\/\/www.encomfast.com\/wp-content\/uploads\/2026\/01\/CF-WU816N-V2-4-670x1024.jpg 670w, https:\/\/www.encomfast.com\/wp-content\/uploads\/2026\/01\/CF-WU816N-V2-4-768x1174.jpg 768w, https:\/\/www.encomfast.com\/wp-content\/uploads\/2026\/01\/CF-WU816N-V2-4-8x12.jpg 8w, https:\/\/www.encomfast.com\/wp-content\/uploads\/2026\/01\/CF-WU816N-V2-4-600x917.jpg 600w\" sizes=\"(max-width: 990px) 100vw, 990px\" \/> <img loading=\"lazy\" decoding=\"async\" class=\"aligncenter size-full wp-image-29719\" src=\"https:\/\/www.encomfast.com\/wp-content\/uploads\/2026\/01\/CF-WU816N-V2-5.jpg\" alt=\"\" width=\"990\" height=\"1370\" srcset=\"https:\/\/www.encomfast.com\/wp-content\/uploads\/2026\/01\/CF-WU816N-V2-5.jpg 990w, https:\/\/www.encomfast.com\/wp-content\/uploads\/2026\/01\/CF-WU816N-V2-5-217x300.jpg 217w, https:\/\/www.encomfast.com\/wp-content\/uploads\/2026\/01\/CF-WU816N-V2-5-740x1024.jpg 740w, https:\/\/www.encomfast.com\/wp-content\/uploads\/2026\/01\/CF-WU816N-V2-5-768x1063.jpg 768w, https:\/\/www.encomfast.com\/wp-content\/uploads\/2026\/01\/CF-WU816N-V2-5-9x12.jpg 9w, https:\/\/www.encomfast.com\/wp-content\/uploads\/2026\/01\/CF-WU816N-V2-5-600x830.jpg 600w\" sizes=\"(max-width: 990px) 100vw, 990px\" \/> <img loading=\"lazy\" decoding=\"async\" class=\"aligncenter size-full wp-image-29720\" src=\"https:\/\/www.encomfast.com\/wp-content\/uploads\/2026\/01\/CF-WU816N-V2-6.jpg\" alt=\"\" width=\"990\" height=\"1165\" srcset=\"https:\/\/www.encomfast.com\/wp-content\/uploads\/2026\/01\/CF-WU816N-V2-6.jpg 990w, https:\/\/www.encomfast.com\/wp-content\/uploads\/2026\/01\/CF-WU816N-V2-6-255x300.jpg 255w, https:\/\/www.encomfast.com\/wp-content\/uploads\/2026\/01\/CF-WU816N-V2-6-870x1024.jpg 870w, https:\/\/www.encomfast.com\/wp-content\/uploads\/2026\/01\/CF-WU816N-V2-6-768x904.jpg 768w, https:\/\/www.encomfast.com\/wp-content\/uploads\/2026\/01\/CF-WU816N-V2-6-10x12.jpg 10w, https:\/\/www.encomfast.com\/wp-content\/uploads\/2026\/01\/CF-WU816N-V2-6-600x706.jpg 600w\" sizes=\"(max-width: 990px) 100vw, 990px\" \/> <img loading=\"lazy\" decoding=\"async\" class=\"aligncenter size-full wp-image-29721\" src=\"https:\/\/www.encomfast.com\/wp-content\/uploads\/2026\/01\/CF-WU816N-V2-7.jpg\" alt=\"\" width=\"990\" height=\"1304\" srcset=\"https:\/\/www.encomfast.com\/wp-content\/uploads\/2026\/01\/CF-WU816N-V2-7.jpg 990w, https:\/\/www.encomfast.com\/wp-content\/uploads\/2026\/01\/CF-WU816N-V2-7-228x300.jpg 228w, https:\/\/www.encomfast.com\/wp-content\/uploads\/2026\/01\/CF-WU816N-V2-7-777x1024.jpg 777w, https:\/\/www.encomfast.com\/wp-content\/uploads\/2026\/01\/CF-WU816N-V2-7-768x1012.jpg 768w, https:\/\/www.encomfast.com\/wp-content\/uploads\/2026\/01\/CF-WU816N-V2-7-9x12.jpg 9w, https:\/\/www.encomfast.com\/wp-content\/uploads\/2026\/01\/CF-WU816N-V2-7-600x790.jpg 600w\" sizes=\"(max-width: 990px) 100vw, 990px\" \/> <img loading=\"lazy\" decoding=\"async\" class=\"aligncenter size-full wp-image-29714\" src=\"https:\/\/www.encomfast.com\/wp-content\/uploads\/2026\/01\/CF-WU816N-V2-8.jpg\" alt=\"\" width=\"990\" height=\"1398\" srcset=\"https:\/\/www.encomfast.com\/wp-content\/uploads\/2026\/01\/CF-WU816N-V2-8.jpg 990w, https:\/\/www.encomfast.com\/wp-content\/uploads\/2026\/01\/CF-WU816N-V2-8-212x300.jpg 212w, https:\/\/www.encomfast.com\/wp-content\/uploads\/2026\/01\/CF-WU816N-V2-8-725x1024.jpg 725w, https:\/\/www.encomfast.com\/wp-content\/uploads\/2026\/01\/CF-WU816N-V2-8-768x1085.jpg 768w, https:\/\/www.encomfast.com\/wp-content\/uploads\/2026\/01\/CF-WU816N-V2-8-8x12.jpg 8w, https:\/\/www.encomfast.com\/wp-content\/uploads\/2026\/01\/CF-WU816N-V2-8-600x847.jpg 600w\" sizes=\"(max-width: 990px) 100vw, 990px\" \/><\/p>\t\t\t\t\t\t\t\t<\/div>\n\t\t\t\t<\/div>\n\t\t\t\t<\/div>\n\t\t<div class=\"elementor-element elementor-element-7f23e7c3 e-con-full elementor-hidden-mobile e-flex lakit-col-width-auto-no e-container e-root-container elementor-top-section e-con e-parent\" data-id=\"7f23e7c3\" data-element_type=\"container\" data-e-type=\"container\">\n\t\t<div class=\"elementor-element elementor-element-4da35b32 e-con-full e-flex lakit-col-width-auto-no e-container e-con e-child\" data-id=\"4da35b32\" data-element_type=\"container\" data-e-type=\"container\" data-settings=\"{&quot;background_background&quot;:&quot;classic&quot;}\">\n\t\t\t\t<\/div>\n\t\t<div class=\"elementor-element elementor-element-4551a649 e-con-full e-flex lakit-col-width-auto-no e-container e-con e-child\" data-id=\"4551a649\" data-element_type=\"container\" data-e-type=\"container\" data-settings=\"{&quot;background_background&quot;:&quot;classic&quot;}\">\n\t\t\t\t<div class=\"elementor-element elementor-element-20fc8e11 elementor-widget elementor-widget-heading\" data-id=\"20fc8e11\" data-element_type=\"widget\" data-e-type=\"widget\" data-widget_type=\"heading.default\">\n\t\t\t\t<div class=\"elementor-widget-container\">\n\t\t\t\t\t<h1 class=\"elementor-heading-title elementor-size-default\">Plugga in och spela\nMer bekymmersfri<\/h1>\t\t\t\t<\/div>\n\t\t\t\t<\/div>\n\t\t\t\t<div class=\"elementor-element elementor-element-61c4836d elementor-widget elementor-widget-text-editor\" data-id=\"61c4836d\" data-element_type=\"widget\" data-e-type=\"widget\" data-widget_type=\"text-editor.default\">\n\t\t\t\t<div class=\"elementor-widget-container\">\n\t\t\t\t\t\t\t\t\t<p>CF-WU816N V2 Inbyggd drivrutin, automatisk installation<\/p>\t\t\t\t\t\t\t\t<\/div>\n\t\t\t\t<\/div>\n\t\t\t\t<\/div>\n\t\t<div class=\"elementor-element elementor-element-a3072fe e-con-full e-flex lakit-col-width-auto-no e-container e-con e-child\" data-id=\"a3072fe\" data-element_type=\"container\" data-e-type=\"container\" data-settings=\"{&quot;background_background&quot;:&quot;classic&quot;}\">\n\t\t\t\t<div class=\"elementor-element elementor-element-743cba7 elementor-widget elementor-widget-heading\" data-id=\"743cba7\" data-element_type=\"widget\" data-e-type=\"widget\" data-widget_type=\"heading.default\">\n\t\t\t\t<div class=\"elementor-widget-container\">\n\t\t\t\t\t<h1 class=\"elementor-heading-title elementor-size-default\">Mini b\u00e4rbar i tumstorlek<\/h1>\t\t\t\t<\/div>\n\t\t\t\t<\/div>\n\t\t\t\t<div class=\"elementor-element elementor-element-2a224df elementor-widget elementor-widget-text-editor\" data-id=\"2a224df\" data-element_type=\"widget\" data-e-type=\"widget\" data-widget_type=\"text-editor.default\">\n\t\t\t\t<div class=\"elementor-widget-container\">\n\t\t\t\t\t\t\t\t\t<p>Utseendet \u00e4r uts\u00f6kt och kompakt, och du kan knappast k\u00e4nna dess existens n\u00e4r du ansluter den till datorn,&nbsp;<\/p>\n<p>Den tar inte upp f\u00f6r mycket utrymme och \u00e4r bekv\u00e4mare att b\u00e4ra med sig<\/p>\t\t\t\t\t\t\t\t<\/div>\n\t\t\t\t<\/div>\n\t\t\t\t<\/div>\n\t\t<div class=\"elementor-element elementor-element-2d389035 e-con-full e-flex lakit-col-width-auto-no e-container e-con e-child\" data-id=\"2d389035\" data-element_type=\"container\" data-e-type=\"container\" data-settings=\"{&quot;background_background&quot;:&quot;classic&quot;}\">\n\t\t\t\t<div class=\"elementor-element elementor-element-3fd1f0b5 elementor-widget elementor-widget-heading\" data-id=\"3fd1f0b5\" data-element_type=\"widget\" data-e-type=\"widget\" data-widget_type=\"heading.default\">\n\t\t\t\t<div class=\"elementor-widget-container\">\n\t\t\t\t\t<h1 class=\"elementor-heading-title elementor-size-default\">Effektiv \u3001 S\u00e4kerhet \u3001 H\u00e5llbar<\/h1>\t\t\t\t<\/div>\n\t\t\t\t<\/div>\n\t\t\t\t<div class=\"elementor-element elementor-element-33f9bf4b elementor-widget elementor-widget-text-editor\" data-id=\"33f9bf4b\" data-element_type=\"widget\" data-e-type=\"widget\" data-widget_type=\"text-editor.default\">\n\t\t\t\t<div class=\"elementor-widget-container\">\n\t\t\t\t\t\t\t\t\t<p>CF-WU816N V2 anv\u00e4nder tr\u00e5dl\u00f6s 11N-teknik och den tr\u00e5dl\u00f6sa \u00f6verf\u00f6ringshastigheten n\u00e5r 150 Mbps\u3002\u00a0<\/p>\n<p>Antennen \u00e4r inbyggd i ett kraftfullt chip och har fels\u00f6kts speciellt f\u00f6r att effektivt f\u00f6rb\u00e4ttra h\u00f6g tr\u00e5dl\u00f6s\u00a0<\/p>\n<p>mottagningsf\u00f6rm\u00e5ga f\u00f6r signaler, vilket f\u00f6rb\u00e4ttrar stabiliteten hos tr\u00e5dl\u00f6sa signaler.<\/p>\t\t\t\t\t\t\t\t<\/div>\n\t\t\t\t<\/div>\n\t\t\t\t<\/div>\n\t\t<div class=\"elementor-element elementor-element-29238787 e-con-full e-flex lakit-col-width-auto-no e-container e-con e-child\" data-id=\"29238787\" data-element_type=\"container\" data-e-type=\"container\" data-settings=\"{&quot;background_background&quot;:&quot;classic&quot;}\">\n\t\t\t\t<div class=\"elementor-element elementor-element-700ba858 elementor-widget elementor-widget-heading\" data-id=\"700ba858\" data-element_type=\"widget\" data-e-type=\"widget\" data-widget_type=\"heading.default\">\n\t\t\t\t<div class=\"elementor-widget-container\">\n\t\t\t\t\t<h1 class=\"elementor-heading-title elementor-size-default\">Mer s\u00e4ker<\/h1>\t\t\t\t<\/div>\n\t\t\t\t<\/div>\n\t\t\t\t<div class=\"elementor-element elementor-element-607c2121 elementor-widget elementor-widget-text-editor\" data-id=\"607c2121\" data-element_type=\"widget\" data-e-type=\"widget\" data-widget_type=\"text-editor.default\">\n\t\t\t\t<div class=\"elementor-widget-container\">\n\t\t\t\t\t\t\t\t\t<p>St\u00f6d f\u00f6r WPA-PSK\/WPA2-PSK, WPA\/WPA2-s\u00e4kerhetsmekanism och WEP-kryptering,&nbsp;<\/p><p>Skydda s\u00e4kerheten i tr\u00e5dl\u00f6sa n\u00e4tverk p\u00e5 ett helt\u00e4ckande s\u00e4tt.<\/p>\t\t\t\t\t\t\t\t<\/div>\n\t\t\t\t<\/div>\n\t\t\t\t<\/div>\n\t\t<div class=\"elementor-element elementor-element-70e5a8a e-con-full e-flex lakit-col-width-auto-no e-container e-con e-child\" data-id=\"70e5a8a\" data-element_type=\"container\" data-e-type=\"container\" data-settings=\"{&quot;background_background&quot;:&quot;classic&quot;}\">\n\t\t\t\t<div class=\"elementor-element elementor-element-f10b6d9 elementor-widget elementor-widget-heading\" data-id=\"f10b6d9\" data-element_type=\"widget\" data-e-type=\"widget\" data-widget_type=\"heading.default\">\n\t\t\t\t<div class=\"elementor-widget-container\">\n\t\t\t\t\t<h1 class=\"elementor-heading-title elementor-size-default\">Mer h\u00e5llbar<\/h1>\t\t\t\t<\/div>\n\t\t\t\t<\/div>\n\t\t\t\t<div class=\"elementor-element elementor-element-49e1819 elementor-widget elementor-widget-text-editor\" data-id=\"49e1819\" data-element_type=\"widget\" data-e-type=\"widget\" data-widget_type=\"text-editor.default\">\n\t\t\t\t<div class=\"elementor-widget-container\">\n\t\t\t\t\t\t\t\t\t<p>CF-WU816N V2 USB-gr\u00e4nssnittet anv\u00e4nder nickelpl\u00e4tering,\u00a0<\/p>\n<p>som \u00e4r fast och h\u00e5llbart,S\u00e4kerst\u00e4ll att n\u00e4tverkskortet fortfarande uppr\u00e4tth\u00e5ller utm\u00e4rkt\u00a0<\/p>\n<p>prestanda efter flera in- och urkopplingar<\/p>\t\t\t\t\t\t\t\t<\/div>\n\t\t\t\t<\/div>\n\t\t\t\t<\/div>\n\t\t<div class=\"elementor-element elementor-element-9fd5d07 e-con-full e-flex lakit-col-width-auto-no e-container e-con e-child\" data-id=\"9fd5d07\" data-element_type=\"container\" data-e-type=\"container\" data-settings=\"{&quot;background_background&quot;:&quot;classic&quot;}\">\n\t\t\t\t<div class=\"elementor-element elementor-element-e4bfc50 elementor-widget elementor-widget-heading\" data-id=\"e4bfc50\" data-element_type=\"widget\" data-e-type=\"widget\" data-widget_type=\"heading.default\">\n\t\t\t\t<div class=\"elementor-widget-container\">\n\t\t\t\t\t<h1 class=\"elementor-heading-title elementor-size-default\">Kompatibel med\nflera system<\/h1>\t\t\t\t<\/div>\n\t\t\t\t<\/div>\n\t\t\t\t<div class=\"elementor-element elementor-element-a1ad61b elementor-widget elementor-widget-text-editor\" data-id=\"a1ad61b\" data-element_type=\"widget\" data-e-type=\"widget\" data-widget_type=\"text-editor.default\">\n\t\t\t\t<div class=\"elementor-widget-container\">\n\t\t\t\t\t\t\t\t\t<p>Windows 8 \/ 8.1 \/ 10 (32bit \u3001 64bit) \/ 11 (64bit)<\/p>\t\t\t\t\t\t\t\t<\/div>\n\t\t\t\t<\/div>\n\t\t\t\t<\/div>\n\t\t\t\t<\/div>\n\t\t\t\t<\/div>\n\t\t\n    <div class=\"xs_social_share_widget xs_share_url after_content \t\tmain_content  wslu-style-1 wslu-share-box-shaped wslu-fill-colored wslu-none wslu-share-horizontal wslu-theme-font-no wslu-main_content\">\n\n\t\t\n        <ul>\n\t\t\t        <\/ul>\n    <\/div>","protected":false},"excerpt":{"rendered":"<p style=\"text-align: justify;\">CF-WU816N V2 \u00e4r en drivrutinsfri tr\u00e5dl\u00f6s mini-USB-adapter med en ultrakompakt design och en rostfri nickelpl\u00e4terad USB-kontakt. Den st\u00f6der 2,4G WiFi-mottagning, uppfyller IEEE802.11b\/g\/n-standarderna och ger enkel plug-and-play-installation. Den \u00e4r kompatibel med olika Windows-operativsystem och \u00e4r idealisk f\u00f6r tr\u00e5dl\u00f6s internet\u00e5tkomst p\u00e5 skrivbordet.<\/p>\n<ul>\n<li>\n<p style=\"text-align: left;\">Myntstorlek, ergonomisk halkskyddad design<\/p>\n<\/li>\n<li style=\"text-align: left;\">\n<p>Nickelpl\u00e4terad USB-kontakt f\u00f6r h\u00e5llbarhet och rostbest\u00e4ndighet<\/p>\n<\/li>\n<li style=\"text-align: left;\">\n<p>150 Mbps tr\u00e5dl\u00f6s \u00f6verf\u00f6ringshastighet<\/p>\n<\/li>\n<li style=\"text-align: left;\">\n<p>2,4 GHz frekvensband, utm\u00e4rkt signaldiffraktion<\/p>\n<\/li>\n<li style=\"text-align: left;\">\n<p>Inbyggt intelligent antennsystem f\u00f6r h\u00e5rdvara<\/p>\n<\/li>\n<li style=\"text-align: left;\">\n<p>\u00d6verensst\u00e4mmer med IEEE802.11b\/g\/n tr\u00e5dl\u00f6sa standarder<\/p>\n<\/li>\n<li style=\"text-align: left;\">\n<p>Kompatibel med de vanligaste operativsystemen<\/p>\n<\/li>\n<li style=\"text-align: left;\">\n<p>Energieffektiv design med l\u00e5g effekt<\/p>\n<\/li>\n<li>\n<p style=\"text-align: left;\">Funktion f\u00f6r WiFi-mottagning, inget behov av Ethernet-kablar p\u00e5 station\u00e4ra datorer<\/p>\n<\/li>\n<\/ul>","protected":false},"featured_media":23345,"template":"","meta":{"_acf_changed":false,"postBodyCss":"","postBodyMargin":[],"postBodyPadding":[],"postBodyBackground":{"backgroundType":"classic","gradient":""},"_links_to":"","_links_to_target":""},"product_brand":[],"product_cat":[215,218],"product_tag":[671],"class_list":{"0":"post-18673","1":"product","2":"type-product","3":"status-publish","4":"has-post-thumbnail","6":"product_cat-wireless-adapter","7":"product_cat-usb-adapter","8":"product_tag-cf-wu816n-v2","10":"first","11":"instock","12":"shipping-taxable","13":"product-type-simple"},"acf":[],"_links":{"self":[{"href":"https:\/\/www.encomfast.com\/sv\/wp-json\/wp\/v2\/product\/18673","targetHints":{"allow":["GET"]}}],"collection":[{"href":"https:\/\/www.encomfast.com\/sv\/wp-json\/wp\/v2\/product"}],"about":[{"href":"https:\/\/www.encomfast.com\/sv\/wp-json\/wp\/v2\/types\/product"}],"version-history":[{"count":0,"href":"https:\/\/www.encomfast.com\/sv\/wp-json\/wp\/v2\/product\/18673\/revisions"}],"wp:featuredmedia":[{"embeddable":true,"href":"https:\/\/www.encomfast.com\/sv\/wp-json\/wp\/v2\/media\/23345"}],"wp:attachment":[{"href":"https:\/\/www.encomfast.com\/sv\/wp-json\/wp\/v2\/media?parent=18673"}],"wp:term":[{"taxonomy":"product_brand","embeddable":true,"href":"https:\/\/www.encomfast.com\/sv\/wp-json\/wp\/v2\/product_brand?post=18673"},{"taxonomy":"product_cat","embeddable":true,"href":"https:\/\/www.encomfast.com\/sv\/wp-json\/wp\/v2\/product_cat?post=18673"},{"taxonomy":"product_tag","embeddable":true,"href":"https:\/\/www.encomfast.com\/sv\/wp-json\/wp\/v2\/product_tag?post=18673"}],"curies":[{"name":"wp","href":"https:\/\/api.w.org\/{rel}","templated":true}]}}