{"id":18692,"date":"2025-11-19T07:38:18","date_gmt":"2025-11-19T07:38:18","guid":{"rendered":"https:\/\/comfast-20250731.com\/?post_type=product&#038;p=18692"},"modified":"2026-01-09T08:22:33","modified_gmt":"2026-01-09T08:22:33","slug":"150mbps-mini-usb-wireless-adapter-8","status":"publish","type":"product","link":"https:\/\/www.encomfast.com\/sv\/produkt\/150mbps-mini-usb-wireless-adapter-8\/","title":{"rendered":"150 Mbps Mini USB tr\u00e5dl\u00f6s adapter"},"content":{"rendered":"<div data-elementor-type=\"product-post\" data-elementor-id=\"18692\" class=\"elementor elementor-18692\" data-elementor-post-type=\"product\">\n\t\t\t\t<div class=\"elementor-element elementor-element-17d39d1a e-con-full elementor-hidden-desktop elementor-hidden-tablet e-flex lakit-col-width-auto-no e-container e-root-container elementor-top-section e-con e-parent\" data-id=\"17d39d1a\" data-element_type=\"container\" data-e-type=\"container\">\n\t\t\t\t<div class=\"elementor-element elementor-element-4d73b525 elementor-widget elementor-widget-text-editor\" data-id=\"4d73b525\" data-element_type=\"widget\" data-e-type=\"widget\" data-widget_type=\"text-editor.default\">\n\t\t\t\t<div class=\"elementor-widget-container\">\n\t\t\t\t\t\t\t\t\t<p><img fetchpriority=\"high\" decoding=\"async\" class=\"aligncenter size-full wp-image-30401\" src=\"https:\/\/www.encomfast.com\/wp-content\/uploads\/2026\/01\/CF-WU817N\u82f1\u6587_01.jpg\" alt=\"\" width=\"990\" height=\"1387\" srcset=\"https:\/\/www.encomfast.com\/wp-content\/uploads\/2026\/01\/CF-WU817N\u82f1\u6587_01.jpg 990w, https:\/\/www.encomfast.com\/wp-content\/uploads\/2026\/01\/CF-WU817N\u82f1\u6587_01-214x300.jpg 214w, https:\/\/www.encomfast.com\/wp-content\/uploads\/2026\/01\/CF-WU817N\u82f1\u6587_01-731x1024.jpg 731w, https:\/\/www.encomfast.com\/wp-content\/uploads\/2026\/01\/CF-WU817N\u82f1\u6587_01-768x1076.jpg 768w, https:\/\/www.encomfast.com\/wp-content\/uploads\/2026\/01\/CF-WU817N\u82f1\u6587_01-9x12.jpg 9w, https:\/\/www.encomfast.com\/wp-content\/uploads\/2026\/01\/CF-WU817N\u82f1\u6587_01-600x841.jpg 600w\" sizes=\"(max-width: 990px) 100vw, 990px\" \/> <img decoding=\"async\" class=\"aligncenter size-full wp-image-30402\" src=\"https:\/\/www.encomfast.com\/wp-content\/uploads\/2026\/01\/CF-WU817N\u82f1\u6587_02.jpg\" alt=\"\" width=\"990\" height=\"1476\" srcset=\"https:\/\/www.encomfast.com\/wp-content\/uploads\/2026\/01\/CF-WU817N\u82f1\u6587_02.jpg 990w, https:\/\/www.encomfast.com\/wp-content\/uploads\/2026\/01\/CF-WU817N\u82f1\u6587_02-201x300.jpg 201w, https:\/\/www.encomfast.com\/wp-content\/uploads\/2026\/01\/CF-WU817N\u82f1\u6587_02-687x1024.jpg 687w, https:\/\/www.encomfast.com\/wp-content\/uploads\/2026\/01\/CF-WU817N\u82f1\u6587_02-768x1145.jpg 768w, https:\/\/www.encomfast.com\/wp-content\/uploads\/2026\/01\/CF-WU817N\u82f1\u6587_02-8x12.jpg 8w, https:\/\/www.encomfast.com\/wp-content\/uploads\/2026\/01\/CF-WU817N\u82f1\u6587_02-600x895.jpg 600w\" sizes=\"(max-width: 990px) 100vw, 990px\" \/> <img decoding=\"async\" class=\"aligncenter size-full wp-image-30403\" src=\"https:\/\/www.encomfast.com\/wp-content\/uploads\/2026\/01\/CF-WU817N\u82f1\u6587_03.jpg\" alt=\"\" width=\"990\" height=\"1224\" srcset=\"https:\/\/www.encomfast.com\/wp-content\/uploads\/2026\/01\/CF-WU817N\u82f1\u6587_03.jpg 990w, https:\/\/www.encomfast.com\/wp-content\/uploads\/2026\/01\/CF-WU817N\u82f1\u6587_03-243x300.jpg 243w, https:\/\/www.encomfast.com\/wp-content\/uploads\/2026\/01\/CF-WU817N\u82f1\u6587_03-828x1024.jpg 828w, https:\/\/www.encomfast.com\/wp-content\/uploads\/2026\/01\/CF-WU817N\u82f1\u6587_03-768x950.jpg 768w, https:\/\/www.encomfast.com\/wp-content\/uploads\/2026\/01\/CF-WU817N\u82f1\u6587_03-10x12.jpg 10w, https:\/\/www.encomfast.com\/wp-content\/uploads\/2026\/01\/CF-WU817N\u82f1\u6587_03-600x742.jpg 600w\" sizes=\"(max-width: 990px) 100vw, 990px\" \/> <img loading=\"lazy\" decoding=\"async\" class=\"aligncenter size-full wp-image-30404\" src=\"https:\/\/www.encomfast.com\/wp-content\/uploads\/2026\/01\/CF-WU817N\u82f1\u6587_04.jpg\" alt=\"\" width=\"990\" height=\"886\" srcset=\"https:\/\/www.encomfast.com\/wp-content\/uploads\/2026\/01\/CF-WU817N\u82f1\u6587_04.jpg 990w, https:\/\/www.encomfast.com\/wp-content\/uploads\/2026\/01\/CF-WU817N\u82f1\u6587_04-300x268.jpg 300w, https:\/\/www.encomfast.com\/wp-content\/uploads\/2026\/01\/CF-WU817N\u82f1\u6587_04-768x687.jpg 768w, https:\/\/www.encomfast.com\/wp-content\/uploads\/2026\/01\/CF-WU817N\u82f1\u6587_04-13x12.jpg 13w, https:\/\/www.encomfast.com\/wp-content\/uploads\/2026\/01\/CF-WU817N\u82f1\u6587_04-600x537.jpg 600w\" sizes=\"(max-width: 990px) 100vw, 990px\" \/> <img loading=\"lazy\" decoding=\"async\" class=\"aligncenter size-full wp-image-30405\" src=\"https:\/\/www.encomfast.com\/wp-content\/uploads\/2026\/01\/CF-WU817N\u82f1\u6587_05.jpg\" alt=\"\" width=\"990\" height=\"1652\" srcset=\"https:\/\/www.encomfast.com\/wp-content\/uploads\/2026\/01\/CF-WU817N\u82f1\u6587_05.jpg 990w, https:\/\/www.encomfast.com\/wp-content\/uploads\/2026\/01\/CF-WU817N\u82f1\u6587_05-180x300.jpg 180w, https:\/\/www.encomfast.com\/wp-content\/uploads\/2026\/01\/CF-WU817N\u82f1\u6587_05-614x1024.jpg 614w, https:\/\/www.encomfast.com\/wp-content\/uploads\/2026\/01\/CF-WU817N\u82f1\u6587_05-768x1282.jpg 768w, https:\/\/www.encomfast.com\/wp-content\/uploads\/2026\/01\/CF-WU817N\u82f1\u6587_05-920x1536.jpg 920w, https:\/\/www.encomfast.com\/wp-content\/uploads\/2026\/01\/CF-WU817N\u82f1\u6587_05-7x12.jpg 7w, https:\/\/www.encomfast.com\/wp-content\/uploads\/2026\/01\/CF-WU817N\u82f1\u6587_05-600x1001.jpg 600w\" sizes=\"(max-width: 990px) 100vw, 990px\" \/> <img loading=\"lazy\" decoding=\"async\" class=\"aligncenter size-full wp-image-30406\" src=\"https:\/\/www.encomfast.com\/wp-content\/uploads\/2026\/01\/CF-WU817N\u82f1\u6587_06.jpg\" alt=\"\" width=\"990\" height=\"1818\" srcset=\"https:\/\/www.encomfast.com\/wp-content\/uploads\/2026\/01\/CF-WU817N\u82f1\u6587_06.jpg 990w, https:\/\/www.encomfast.com\/wp-content\/uploads\/2026\/01\/CF-WU817N\u82f1\u6587_06-163x300.jpg 163w, https:\/\/www.encomfast.com\/wp-content\/uploads\/2026\/01\/CF-WU817N\u82f1\u6587_06-558x1024.jpg 558w, https:\/\/www.encomfast.com\/wp-content\/uploads\/2026\/01\/CF-WU817N\u82f1\u6587_06-768x1410.jpg 768w, https:\/\/www.encomfast.com\/wp-content\/uploads\/2026\/01\/CF-WU817N\u82f1\u6587_06-836x1536.jpg 836w, https:\/\/www.encomfast.com\/wp-content\/uploads\/2026\/01\/CF-WU817N\u82f1\u6587_06-7x12.jpg 7w, https:\/\/www.encomfast.com\/wp-content\/uploads\/2026\/01\/CF-WU817N\u82f1\u6587_06-600x1102.jpg 600w\" sizes=\"(max-width: 990px) 100vw, 990px\" \/> <img loading=\"lazy\" decoding=\"async\" class=\"aligncenter size-full wp-image-30407\" src=\"https:\/\/www.encomfast.com\/wp-content\/uploads\/2026\/01\/CF-WU817N\u82f1\u6587_07.jpg\" alt=\"\" width=\"990\" height=\"1513\" srcset=\"https:\/\/www.encomfast.com\/wp-content\/uploads\/2026\/01\/CF-WU817N\u82f1\u6587_07.jpg 990w, https:\/\/www.encomfast.com\/wp-content\/uploads\/2026\/01\/CF-WU817N\u82f1\u6587_07-196x300.jpg 196w, https:\/\/www.encomfast.com\/wp-content\/uploads\/2026\/01\/CF-WU817N\u82f1\u6587_07-670x1024.jpg 670w, https:\/\/www.encomfast.com\/wp-content\/uploads\/2026\/01\/CF-WU817N\u82f1\u6587_07-768x1174.jpg 768w, https:\/\/www.encomfast.com\/wp-content\/uploads\/2026\/01\/CF-WU817N\u82f1\u6587_07-8x12.jpg 8w, https:\/\/www.encomfast.com\/wp-content\/uploads\/2026\/01\/CF-WU817N\u82f1\u6587_07-600x917.jpg 600w\" sizes=\"(max-width: 990px) 100vw, 990px\" \/> <img loading=\"lazy\" decoding=\"async\" class=\"aligncenter size-full wp-image-30408\" src=\"https:\/\/www.encomfast.com\/wp-content\/uploads\/2026\/01\/CF-WU817N\u82f1\u6587_08.jpg\" alt=\"\" width=\"990\" height=\"1526\" srcset=\"https:\/\/www.encomfast.com\/wp-content\/uploads\/2026\/01\/CF-WU817N\u82f1\u6587_08.jpg 990w, https:\/\/www.encomfast.com\/wp-content\/uploads\/2026\/01\/CF-WU817N\u82f1\u6587_08-195x300.jpg 195w, https:\/\/www.encomfast.com\/wp-content\/uploads\/2026\/01\/CF-WU817N\u82f1\u6587_08-664x1024.jpg 664w, https:\/\/www.encomfast.com\/wp-content\/uploads\/2026\/01\/CF-WU817N\u82f1\u6587_08-768x1184.jpg 768w, https:\/\/www.encomfast.com\/wp-content\/uploads\/2026\/01\/CF-WU817N\u82f1\u6587_08-8x12.jpg 8w, https:\/\/www.encomfast.com\/wp-content\/uploads\/2026\/01\/CF-WU817N\u82f1\u6587_08-600x925.jpg 600w\" sizes=\"(max-width: 990px) 100vw, 990px\" \/> <img loading=\"lazy\" decoding=\"async\" class=\"aligncenter size-full wp-image-30409\" src=\"https:\/\/www.encomfast.com\/wp-content\/uploads\/2026\/01\/CF-WU817N\u82f1\u6587_09.jpg\" alt=\"\" width=\"990\" height=\"1354\" srcset=\"https:\/\/www.encomfast.com\/wp-content\/uploads\/2026\/01\/CF-WU817N\u82f1\u6587_09.jpg 990w, https:\/\/www.encomfast.com\/wp-content\/uploads\/2026\/01\/CF-WU817N\u82f1\u6587_09-219x300.jpg 219w, https:\/\/www.encomfast.com\/wp-content\/uploads\/2026\/01\/CF-WU817N\u82f1\u6587_09-749x1024.jpg 749w, https:\/\/www.encomfast.com\/wp-content\/uploads\/2026\/01\/CF-WU817N\u82f1\u6587_09-768x1050.jpg 768w, https:\/\/www.encomfast.com\/wp-content\/uploads\/2026\/01\/CF-WU817N\u82f1\u6587_09-9x12.jpg 9w, https:\/\/www.encomfast.com\/wp-content\/uploads\/2026\/01\/CF-WU817N\u82f1\u6587_09-600x821.jpg 600w\" sizes=\"(max-width: 990px) 100vw, 990px\" \/> <img loading=\"lazy\" decoding=\"async\" class=\"aligncenter size-full wp-image-30410\" src=\"https:\/\/www.encomfast.com\/wp-content\/uploads\/2026\/01\/CF-WU817N\u82f1\u6587_10.jpg\" alt=\"\" width=\"990\" height=\"603\" srcset=\"https:\/\/www.encomfast.com\/wp-content\/uploads\/2026\/01\/CF-WU817N\u82f1\u6587_10.jpg 990w, https:\/\/www.encomfast.com\/wp-content\/uploads\/2026\/01\/CF-WU817N\u82f1\u6587_10-300x183.jpg 300w, https:\/\/www.encomfast.com\/wp-content\/uploads\/2026\/01\/CF-WU817N\u82f1\u6587_10-768x468.jpg 768w, https:\/\/www.encomfast.com\/wp-content\/uploads\/2026\/01\/CF-WU817N\u82f1\u6587_10-18x12.jpg 18w, https:\/\/www.encomfast.com\/wp-content\/uploads\/2026\/01\/CF-WU817N\u82f1\u6587_10-600x365.jpg 600w\" sizes=\"(max-width: 990px) 100vw, 990px\" \/><\/p>\t\t\t\t\t\t\t\t<\/div>\n\t\t\t\t<\/div>\n\t\t\t\t<\/div>\n\t\t<div class=\"elementor-element elementor-element-6f69ad96 e-con-full elementor-hidden-mobile e-flex lakit-col-width-auto-no e-container e-root-container elementor-top-section e-con e-parent\" data-id=\"6f69ad96\" data-element_type=\"container\" data-e-type=\"container\">\n\t\t<div class=\"elementor-element elementor-element-5fb5ad28 e-con-full e-flex lakit-col-width-auto-no e-container e-con e-child\" data-id=\"5fb5ad28\" data-element_type=\"container\" data-e-type=\"container\" data-settings=\"{&quot;background_background&quot;:&quot;classic&quot;}\">\n\t\t\t\t<\/div>\n\t\t<div class=\"elementor-element elementor-element-6d3ec98d e-con-full e-flex lakit-col-width-auto-no e-container e-con e-child\" data-id=\"6d3ec98d\" data-element_type=\"container\" data-e-type=\"container\" data-settings=\"{&quot;background_background&quot;:&quot;classic&quot;}\">\n\t\t\t\t<div class=\"elementor-element elementor-element-55deab2d elementor-widget elementor-widget-heading\" data-id=\"55deab2d\" data-element_type=\"widget\" data-e-type=\"widget\" data-widget_type=\"heading.default\">\n\t\t\t\t<div class=\"elementor-widget-container\">\n\t\t\t\t\t<h1 class=\"elementor-heading-title elementor-size-default\">Plugga in och spela\nMer problemfri<\/h1>\t\t\t\t<\/div>\n\t\t\t\t<\/div>\n\t\t\t\t<div class=\"elementor-element elementor-element-5b78b651 elementor-widget elementor-widget-text-editor\" data-id=\"5b78b651\" data-element_type=\"widget\" data-e-type=\"widget\" data-widget_type=\"text-editor.default\">\n\t\t\t\t<div class=\"elementor-widget-container\">\n\t\t\t\t\t\t\t\t\t<p>Enheten levereras med en inbyggd drivrutin f\u00f6r tr\u00e5dl\u00f6st n\u00e4tverkskort som installeras automatiskt n\u00e4r den ansluts till&nbsp;<\/p><p>din dator. (Om du beh\u00f6ver h\u00e4mta och installera drivrutinen hoppar du \u00f6ver det h\u00e4r steget eftersom du kommer att f\u00e5 instruktioner om att packa upp den).&nbsp;<\/p><p>Obs: Vissa datorer kan blockera installationen av drivrutinen. F\u00f6r att forts\u00e4tta, \u00f6ppna Min dator och v\u00e4lj CD-ROM-enheten.<\/p>\t\t\t\t\t\t\t\t<\/div>\n\t\t\t\t<\/div>\n\t\t\t\t<\/div>\n\t\t<div class=\"elementor-element elementor-element-1cbfa72b e-con-full e-flex lakit-col-width-auto-no e-container e-con e-child\" data-id=\"1cbfa72b\" data-element_type=\"container\" data-e-type=\"container\" data-settings=\"{&quot;background_background&quot;:&quot;classic&quot;}\">\n\t\t\t\t<div class=\"elementor-element elementor-element-dc86c48 elementor-widget elementor-widget-heading\" data-id=\"dc86c48\" data-element_type=\"widget\" data-e-type=\"widget\" data-widget_type=\"heading.default\">\n\t\t\t\t<div class=\"elementor-widget-container\">\n\t\t\t\t\t<h1 class=\"elementor-heading-title elementor-size-default\">WiFi mottagning\nEnkel tillg\u00e5ng till internet<\/h1>\t\t\t\t<\/div>\n\t\t\t\t<\/div>\n\t\t\t\t<div class=\"elementor-element elementor-element-3c2ff702 elementor-widget elementor-widget-text-editor\" data-id=\"3c2ff702\" data-element_type=\"widget\" data-e-type=\"widget\" data-widget_type=\"text-editor.default\">\n\t\t\t\t<div class=\"elementor-widget-container\">\n\t\t\t\t\t\t\t\t\t<p>S\u00e4tt bara i CF-WU817N i din station\u00e4ra eller b\u00e4rbara dator f\u00f6r att f\u00e5 tillg\u00e5ng till tr\u00e5dl\u00f6st internet,&nbsp;<\/p><p>eliminerar besv\u00e4ret med kabeldragning.<\/p>\t\t\t\t\t\t\t\t<\/div>\n\t\t\t\t<\/div>\n\t\t\t\t<\/div>\n\t\t<div class=\"elementor-element elementor-element-8a09076 e-con-full e-flex lakit-col-width-auto-no e-container e-con e-child\" data-id=\"8a09076\" data-element_type=\"container\" data-e-type=\"container\" data-settings=\"{&quot;background_background&quot;:&quot;classic&quot;}\">\n\t\t\t\t<\/div>\n\t\t<div class=\"elementor-element elementor-element-1d4531b6 e-con-full e-flex lakit-col-width-auto-no e-container e-con e-child\" data-id=\"1d4531b6\" data-element_type=\"container\" data-e-type=\"container\" data-settings=\"{&quot;background_background&quot;:&quot;classic&quot;}\">\n\t\t\t\t<div class=\"elementor-element elementor-element-12f72ea5 elementor-widget elementor-widget-heading\" data-id=\"12f72ea5\" data-element_type=\"widget\" data-e-type=\"widget\" data-widget_type=\"heading.default\">\n\t\t\t\t<div class=\"elementor-widget-container\">\n\t\t\t\t\t<h1 class=\"elementor-heading-title elementor-size-default\">St\u00f6der emulering av\nen \u00e5tkomstpunkt\nDelad Wi-Fi<\/h1>\t\t\t\t<\/div>\n\t\t\t\t<\/div>\n\t\t\t\t<div class=\"elementor-element elementor-element-4f5857eb elementor-widget elementor-widget-text-editor\" data-id=\"4f5857eb\" data-element_type=\"widget\" data-e-type=\"widget\" data-widget_type=\"text-editor.default\">\n\t\t\t\t<div class=\"elementor-widget-container\">\n\t\t\t\t\t\t\t\t\t<p>Utan router eller accesspunkt \u00e4r det bara att ansluta n\u00e4tverksadaptern till en ansluten enhet f\u00f6r att omedelbart dela WiFi.&nbsp;<\/p><p>Du beh\u00f6ver inte l\u00e4ngre oroa dig f\u00f6r mobildataanv\u00e4ndningen.<\/p>\t\t\t\t\t\t\t\t<\/div>\n\t\t\t\t<\/div>\n\t\t\t\t<\/div>\n\t\t<div class=\"elementor-element elementor-element-1a81cc9b e-con-full e-flex lakit-col-width-auto-no e-container e-con e-child\" data-id=\"1a81cc9b\" data-element_type=\"container\" data-e-type=\"container\" data-settings=\"{&quot;background_background&quot;:&quot;classic&quot;}\">\n\t\t\t\t<div class=\"elementor-element elementor-element-60bf3657 elementor-widget elementor-widget-heading\" data-id=\"60bf3657\" data-element_type=\"widget\" data-e-type=\"widget\" data-widget_type=\"heading.default\">\n\t\t\t\t<div class=\"elementor-widget-container\">\n\t\t\t\t\t<h1 class=\"elementor-heading-title elementor-size-default\">11N-teknik\n150 Mbps h\u00f6g hastighet\n<\/h1>\t\t\t\t<\/div>\n\t\t\t\t<\/div>\n\t\t\t\t<div class=\"elementor-element elementor-element-2eb30555 elementor-widget elementor-widget-text-editor\" data-id=\"2eb30555\" data-element_type=\"widget\" data-e-type=\"widget\" data-widget_type=\"text-editor.default\">\n\t\t\t\t<div class=\"elementor-widget-container\">\n\t\t\t\t\t\t\t\t\t<p>CF-WU817N anv\u00e4nder den tr\u00e5dl\u00f6sa 11n-tekniken och levererar tr\u00e5dl\u00f6sa \u00f6verf\u00f6ringshastigheter p\u00e5 upp till 150 Mbps.\u00a0<\/p>\n<p>Detta m\u00f6jligg\u00f6r smidigare LAN-data\u00f6verf\u00f6ringar och mer flytande videostreaming, direkts\u00e4ndningar och spelupplevelser.<\/p>\t\t\t\t\t\t\t\t<\/div>\n\t\t\t\t<\/div>\n\t\t\t\t<\/div>\n\t\t<div class=\"elementor-element elementor-element-4d24d8f8 e-con-full e-flex lakit-col-width-auto-no e-container e-con e-child\" data-id=\"4d24d8f8\" data-element_type=\"container\" data-e-type=\"container\" data-settings=\"{&quot;background_background&quot;:&quot;classic&quot;}\">\n\t\t\t\t<div class=\"elementor-element elementor-element-37622465 elementor-widget elementor-widget-heading\" data-id=\"37622465\" data-element_type=\"widget\" data-e-type=\"widget\" data-widget_type=\"heading.default\">\n\t\t\t\t<div class=\"elementor-widget-container\">\n\t\t\t\t\t<h1 class=\"elementor-heading-title elementor-size-default\">Robust gr\u00e4nssnitt\nT\u00e5l <br>upprepad\nins\u00e4ttning och borttagning<\/h1>\t\t\t\t<\/div>\n\t\t\t\t<\/div>\n\t\t\t\t<div class=\"elementor-element elementor-element-14fa38f5 elementor-widget elementor-widget-text-editor\" data-id=\"14fa38f5\" data-element_type=\"widget\" data-e-type=\"widget\" data-widget_type=\"text-editor.default\">\n\t\t\t\t<div class=\"elementor-widget-container\">\n\t\t\t\t\t\t\t\t\t<p>USB-gr\u00e4nssnittet CF-WU817N har en nickelpl\u00e4terad yta f\u00f6r \u00f6kad h\u00e5llbarhet,\u00a0<\/p>\n<p>s\u00e4kerst\u00e4ller att n\u00e4tverkskortet bibeh\u00e5ller optimal prestanda \u00e4ven efter upprepad inkoppling och urkoppling.<\/p>\t\t\t\t\t\t\t\t<\/div>\n\t\t\t\t<\/div>\n\t\t\t\t<\/div>\n\t\t\t\t<\/div>\n\t\t\t\t<\/div>\n\t\t\n    <div class=\"xs_social_share_widget xs_share_url after_content \t\tmain_content  wslu-style-1 wslu-share-box-shaped wslu-fill-colored wslu-none wslu-share-horizontal wslu-theme-font-no wslu-main_content\">\n\n\t\t\n        <ul>\n\t\t\t        <\/ul>\n    <\/div>","protected":false},"excerpt":{"rendered":"<p style=\"text-align: justify;\">CF-WU817N \u00e4r en tr\u00e5dl\u00f6s USB-miniadapter utan drivrutiner som st\u00f6der den tr\u00e5dl\u00f6sa hastigheten 150 Mbps 11N och ger stabil WiFi-mottagning p\u00e5 2,4 GHz. Den kompakta och b\u00e4rbara designen har en nickelpl\u00e4terad USB-kontakt f\u00f6r att f\u00f6rhindra rost, med drivrutinsfri plug-and-play-installation, vilket g\u00f6r den idealisk f\u00f6r tr\u00e5dl\u00f6sa anslutningar p\u00e5 skrivbordet och smidiga r\u00f6st-, video- och spelupplevelser.<\/p>\n<ul>\n<li style=\"text-align: left;\">\n<p>Drivrutinsfri installation f\u00f6r enkel anv\u00e4ndning<\/p>\n<\/li>\n<li style=\"text-align: left;\">\n<p>150 Mbps tr\u00e5dl\u00f6s \u00f6verf\u00f6ringshastighet<\/p>\n<\/li>\n<li style=\"text-align: left;\">\n<p>2,4 GHz huvudfrekvens f\u00f6r god kompatibilitet<\/p>\n<\/li>\n<li style=\"text-align: left;\">\n<p>\u00d6verensst\u00e4mmer med IEEE 802.11b\/g\/n tr\u00e5dl\u00f6sa standarder<\/p>\n<\/li>\n<li style=\"text-align: left;\">\n<p>Kompatibel med de vanligaste operativsystemen<\/p>\n<\/li>\n<li style=\"text-align: left;\">\n<p>Nickelpl\u00e4terad USB-kontakt, h\u00e5llbar<\/p>\n<\/li>\n<li style=\"text-align: left;\">\n<p>CCA teknik f\u00f6r detektering av fria kanaler<\/p>\n<\/li>\n<li style=\"text-align: left;\">\n<p>S\u00e4ker kryptering f\u00f6r s\u00e4ker anv\u00e4ndning<\/p>\n<\/li>\n<li style=\"text-align: left;\">\n<p>Energieffektiv design med l\u00e5g effekt<\/p>\n<\/li>\n<li style=\"text-align: left;\">\n<p>Funktion f\u00f6r tr\u00e5dl\u00f6s mottagning<\/p>\n<\/li>\n<\/ul>","protected":false},"featured_media":20973,"template":"","meta":{"_acf_changed":false,"postBodyCss":"","postBodyMargin":[],"postBodyPadding":[],"postBodyBackground":{"backgroundType":"classic","gradient":""},"_links_to":"","_links_to_target":""},"product_brand":[],"product_cat":[215,218],"product_tag":[672],"class_list":{"0":"post-18692","1":"product","2":"type-product","3":"status-publish","4":"has-post-thumbnail","6":"product_cat-wireless-adapter","7":"product_cat-usb-adapter","8":"product_tag-cf-wu817n","10":"first","11":"instock","12":"shipping-taxable","13":"product-type-simple"},"acf":[],"_links":{"self":[{"href":"https:\/\/www.encomfast.com\/sv\/wp-json\/wp\/v2\/product\/18692","targetHints":{"allow":["GET"]}}],"collection":[{"href":"https:\/\/www.encomfast.com\/sv\/wp-json\/wp\/v2\/product"}],"about":[{"href":"https:\/\/www.encomfast.com\/sv\/wp-json\/wp\/v2\/types\/product"}],"version-history":[{"count":0,"href":"https:\/\/www.encomfast.com\/sv\/wp-json\/wp\/v2\/product\/18692\/revisions"}],"wp:featuredmedia":[{"embeddable":true,"href":"https:\/\/www.encomfast.com\/sv\/wp-json\/wp\/v2\/media\/20973"}],"wp:attachment":[{"href":"https:\/\/www.encomfast.com\/sv\/wp-json\/wp\/v2\/media?parent=18692"}],"wp:term":[{"taxonomy":"product_brand","embeddable":true,"href":"https:\/\/www.encomfast.com\/sv\/wp-json\/wp\/v2\/product_brand?post=18692"},{"taxonomy":"product_cat","embeddable":true,"href":"https:\/\/www.encomfast.com\/sv\/wp-json\/wp\/v2\/product_cat?post=18692"},{"taxonomy":"product_tag","embeddable":true,"href":"https:\/\/www.encomfast.com\/sv\/wp-json\/wp\/v2\/product_tag?post=18692"}],"curies":[{"name":"wp","href":"https:\/\/api.w.org\/{rel}","templated":true}]}}