{"id":21219,"date":"2025-11-30T06:34:11","date_gmt":"2025-11-30T06:34:11","guid":{"rendered":"https:\/\/www.encomfast.com\/?post_type=product&#038;p=21219"},"modified":"2025-12-16T09:48:37","modified_gmt":"2025-12-16T09:48:37","slug":"wifi6-2700mbps-wireless-repeater","status":"publish","type":"product","link":"https:\/\/www.encomfast.com\/sv\/produkt\/wifi6-2700mbps-wireless-repeater\/","title":{"rendered":"WiFi6 2700Mbps tr\u00e5dl\u00f6s repeater"},"content":{"rendered":"<div data-elementor-type=\"product-post\" data-elementor-id=\"21219\" class=\"elementor elementor-21219\" data-elementor-post-type=\"product\">\n\t\t\t\t<div class=\"elementor-element elementor-element-f59f230 e-flex e-con-boxed lakit-col-width-auto-no e-container e-root-container elementor-top-section e-con e-parent\" data-id=\"f59f230\" data-element_type=\"container\" data-e-type=\"container\">\n\t\t\t\t\t<div class=\"e-con-inner\">\n\t\t\t\t\t<\/div>\n\t\t\t\t<\/div>\n\t\t<div class=\"elementor-element elementor-element-41a95612 e-con-full elementor-hidden-mobile e-flex lakit-col-width-auto-no e-container e-root-container elementor-top-section e-con e-parent\" data-id=\"41a95612\" data-element_type=\"container\" data-e-type=\"container\">\n\t\t<div class=\"elementor-element elementor-element-5bac89c7 e-con-full e-flex lakit-col-width-auto-no e-container e-con e-child\" data-id=\"5bac89c7\" data-element_type=\"container\" data-e-type=\"container\" data-settings=\"{&quot;background_background&quot;:&quot;classic&quot;}\">\n\t\t\t\t<\/div>\n\t\t<div class=\"elementor-element elementor-element-7949a311 e-con-full e-flex lakit-col-width-auto-no e-container e-con e-child\" data-id=\"7949a311\" data-element_type=\"container\" data-e-type=\"container\" data-settings=\"{&quot;background_background&quot;:&quot;classic&quot;}\">\n\t\t\t\t<div class=\"elementor-element elementor-element-3f6555b0 elementor-widget elementor-widget-heading\" data-id=\"3f6555b0\" data-element_type=\"widget\" data-e-type=\"widget\" data-widget_type=\"heading.default\">\n\t\t\t\t<div class=\"elementor-widget-container\">\n\t\t\t\t\t<h1 class=\"elementor-heading-title elementor-size-default\">Speciellt utformad f\u00f6r expansion<br>\nUtformad f\u00f6r tr\u00e5dl\u00f6s t\u00e4ckning<\/h1>\t\t\t\t<\/div>\n\t\t\t\t<\/div>\n\t\t\t\t<div class=\"elementor-element elementor-element-ca7616d elementor-widget elementor-widget-text-editor\" data-id=\"ca7616d\" data-element_type=\"widget\" data-e-type=\"widget\" data-widget_type=\"text-editor.default\">\n\t\t\t\t<div class=\"elementor-widget-container\">\n\t\t\t\t\t\t\t\t\t<p>Fyll luckan i routerns t\u00e4ckning och fyll enkelt hela husets signal<\/p>\t\t\t\t\t\t\t\t<\/div>\n\t\t\t\t<\/div>\n\t\t\t\t<\/div>\n\t\t<div class=\"elementor-element elementor-element-1ac8092a e-con-full e-flex lakit-col-width-auto-no e-container e-con e-child\" data-id=\"1ac8092a\" data-element_type=\"container\" data-e-type=\"container\" data-settings=\"{&quot;background_background&quot;:&quot;classic&quot;}\">\n\t\t\t\t<div class=\"elementor-element elementor-element-15c9e2c2 elementor-widget elementor-widget-heading\" data-id=\"15c9e2c2\" data-element_type=\"widget\" data-e-type=\"widget\" data-widget_type=\"heading.default\">\n\t\t\t\t<div class=\"elementor-widget-container\">\n\t\t\t\t\t<h1 class=\"elementor-heading-title elementor-size-default\">Stark expansionsstyrka<br>\nNjut av den fulla utsikten \u00f6ver hela arenan<\/h1>\t\t\t\t<\/div>\n\t\t\t\t<\/div>\n\t\t\t\t<div class=\"elementor-element elementor-element-9e3b898 elementor-widget elementor-widget-text-editor\" data-id=\"9e3b898\" data-element_type=\"widget\" data-e-type=\"widget\" data-widget_type=\"text-editor.default\">\n\t\t\t\t<div class=\"elementor-widget-container\">\n\t\t\t\t\t\t\t\t\t<p>CF-XR187 samarbetar med WiFi 6-routern i hemmet f\u00f6r snabb expansion\u00a0<\/p>\n<p>tr\u00e5dl\u00f6sa signaler \uff0c Enkelt \u00f6vervinna sm\u00e4rtpunkten d\u00e4r en enda\u00a0<\/p>\n<p>router \u00e4r sv\u00e5rt att uppn\u00e5 full hust\u00e4ckning<\/p>\t\t\t\t\t\t\t\t<\/div>\n\t\t\t\t<\/div>\n\t\t\t\t<\/div>\n\t\t<div class=\"elementor-element elementor-element-7de2e53d e-con-full e-flex lakit-col-width-auto-no e-container e-con e-child\" data-id=\"7de2e53d\" data-element_type=\"container\" data-e-type=\"container\" data-settings=\"{&quot;background_background&quot;:&quot;classic&quot;}\">\n\t\t\t\t<div class=\"elementor-element elementor-element-7b03a0be elementor-widget elementor-widget-heading\" data-id=\"7b03a0be\" data-element_type=\"widget\" data-e-type=\"widget\" data-widget_type=\"heading.default\">\n\t\t\t\t<div class=\"elementor-widget-container\">\n\t\t\t\t\t<h1 class=\"elementor-heading-title elementor-size-default\">Ledande inom WiFi 6 <br>\nprestandan \u00e4r fullt utnyttjad<\/h1>\t\t\t\t<\/div>\n\t\t\t\t<\/div>\n\t\t\t\t<div class=\"elementor-element elementor-element-23109ca elementor-widget elementor-widget-text-editor\" data-id=\"23109ca\" data-element_type=\"widget\" data-e-type=\"widget\" data-widget_type=\"text-editor.default\">\n\t\t\t\t<div class=\"elementor-widget-container\">\n\t\t\t\t\t\t\t\t\t<p>Utrustad med det banbrytande WiFi6-protokollet och djupt kompatibel med WiFi6-routrar,\u00a0<\/p>\n<p>Uppgraderingen av den underliggande tekniken ger en stark expansionsdynamik.\u00a0<\/p>\n<p>Inte bara uppn\u00e5r den signalpenetrationsf\u00f6rm\u00e5ga \uff0c Leapfrog-f\u00f6rb\u00e4ttring,\u00a0<\/p>\n<p>f\u00f6rlitar sig p\u00e5 l\u00e5g latens och anti-interferens\u00f6verf\u00f6ringsegenskaper f\u00f6r att g\u00f6ra varje g\u00e5ng \uff0c<\/p>\n<p>Anslutningarna \u00e4r stabila som en klippa, vilket inneb\u00e4r ett fullst\u00e4ndigt farv\u00e4l till signalernas blinda fl\u00e4ckar<\/p>\t\t\t\t\t\t\t\t<\/div>\n\t\t\t\t<\/div>\n\t\t\t\t<\/div>\n\t\t<div class=\"elementor-element elementor-element-2bb20c82 e-con-full e-flex lakit-col-width-auto-no e-container e-con e-child\" data-id=\"2bb20c82\" data-element_type=\"container\" data-e-type=\"container\" data-settings=\"{&quot;background_background&quot;:&quot;classic&quot;}\">\n\t\t\t\t<div class=\"elementor-element elementor-element-53f79654 elementor-widget elementor-widget-heading\" data-id=\"53f79654\" data-element_type=\"widget\" data-e-type=\"widget\" data-widget_type=\"heading.default\">\n\t\t\t\t<div class=\"elementor-widget-container\">\n\t\t\t\t\t<h1 class=\"elementor-heading-title elementor-size-default\">Synkronisering med dubbla band 2700 Mbps<br>\nO\u00e4ndlig expansion med h\u00f6g hastighet<\/h1>\t\t\t\t<\/div>\n\t\t\t\t<\/div>\n\t\t\t\t<div class=\"elementor-element elementor-element-76b5af42 elementor-widget elementor-widget-text-editor\" data-id=\"76b5af42\" data-element_type=\"widget\" data-e-type=\"widget\" data-widget_type=\"text-editor.default\">\n\t\t\t\t<div class=\"elementor-widget-container\">\n\t\t\t\t\t\t\t\t\t<p>Utrustad med banbrytande WiFi6-protokoll, djupt kompatibel med WiFi6-routrar\u00a0<\/p>\n<p>Uppgraderingen av den underliggande tekniken ger en stark expansionsdynamik.\u00a0<\/p>\n<p>Inte bara uppn\u00e5r den signalpenetrationsf\u00f6rm\u00e5ga \uff0c<\/p>\n<p>Leapfrog-f\u00f6rb\u00e4ttring som f\u00f6rlitar sig p\u00e5 l\u00e5g latens och anti-interferens\u00f6verf\u00f6ringsegenskaper f\u00f6r att g\u00f6ra varje g\u00e5ng \uff0c<\/p>\n<p>Anslutningarna \u00e4r stabila som en klippa, vilket inneb\u00e4r ett fullst\u00e4ndigt farv\u00e4l till blinda fl\u00e4ckar i signalerna.<\/p>\t\t\t\t\t\t\t\t<\/div>\n\t\t\t\t<\/div>\n\t\t\t\t<\/div>\n\t\t<div class=\"elementor-element elementor-element-33c9aa5b e-con-full e-flex lakit-col-width-auto-no e-container e-con e-child\" data-id=\"33c9aa5b\" data-element_type=\"container\" data-e-type=\"container\" data-settings=\"{&quot;background_background&quot;:&quot;classic&quot;}\">\n\t\t\t\t<div class=\"elementor-element elementor-element-b68db42 elementor-widget elementor-widget-heading\" data-id=\"b68db42\" data-element_type=\"widget\" data-e-type=\"widget\" data-widget_type=\"heading.default\">\n\t\t\t\t<div class=\"elementor-widget-container\">\n\t\t\t\t\t<h1 class=\"elementor-heading-title elementor-size-default\">160MHz h\u00f6g bandbredd<br>\nErfarenhet av uppgradering<\/h1>\t\t\t\t<\/div>\n\t\t\t\t<\/div>\n\t\t\t\t<div class=\"elementor-element elementor-element-d141b9d elementor-widget elementor-widget-text-editor\" data-id=\"d141b9d\" data-element_type=\"widget\" data-e-type=\"widget\" data-widget_type=\"text-editor.default\">\n\t\t\t\t<div class=\"elementor-widget-container\">\n\t\t\t\t\t\t\t\t\t<p>St\u00f6der en stor bandbredd p\u00e5 160 MHz, vilket f\u00f6rdubblar bandbredden p\u00e5 80 MHz f\u00f6r WiFi5 direkt,<\/p>\n<p>En bredare signalkanal f\u00f6rmedlar och frig\u00f6r bredbandsprestanda p\u00e5 ett effektivt s\u00e4tt<\/p>\n<p>G\u00f6r signalutbyggnaden kraftfullare och n\u00e4tverket mer fantastiskt<\/p>\t\t\t\t\t\t\t\t<\/div>\n\t\t\t\t<\/div>\n\t\t\t\t<\/div>\n\t\t<div class=\"elementor-element elementor-element-1830ce98 e-con-full e-flex lakit-col-width-auto-no e-container e-con e-child\" data-id=\"1830ce98\" data-element_type=\"container\" data-e-type=\"container\" data-settings=\"{&quot;background_background&quot;:&quot;classic&quot;}\">\n\t\t\t\t<div class=\"elementor-element elementor-element-cef837a elementor-widget elementor-widget-heading\" data-id=\"cef837a\" data-element_type=\"widget\" data-e-type=\"widget\" data-widget_type=\"heading.default\">\n\t\t\t\t<div class=\"elementor-widget-container\">\n\t\t\t\t\t<h1 class=\"elementor-heading-title elementor-size-default\">Tre h\u00f6gpresterande RTL-chip<br>\nStabil drift utan fr\u00e5nkoppling<\/h1>\t\t\t\t<\/div>\n\t\t\t\t<\/div>\n\t\t\t\t<div class=\"elementor-element elementor-element-14efdf40 elementor-widget elementor-widget-text-editor\" data-id=\"14efdf40\" data-element_type=\"widget\" data-e-type=\"widget\" data-widget_type=\"text-editor.default\">\n\t\t\t\t<div class=\"elementor-widget-container\">\n\t\t\t\t\t\t\t\t\t<p>H\u00f6gpresterande RTL-l\u00f6sning med tre k\u00e4rnor f\u00f6rb\u00e4ttrar avsev\u00e4rt databehandlingskapaciteten och \u00f6verf\u00f6ringseffektiviteten \uff0c.<\/p>\n<p>Enheten k\u00f6rs mer stabilt med l\u00e4gre str\u00f6mf\u00f6rbrukning, vilket visar chipets kraftfulla kapacitet,Escort signalutvidgning<\/p>\t\t\t\t\t\t\t\t<\/div>\n\t\t\t\t<\/div>\n\t\t\t\t<\/div>\n\t\t<div class=\"elementor-element elementor-element-2bde2b98 e-con-full e-flex lakit-col-width-auto-no e-container e-con e-child\" data-id=\"2bde2b98\" data-element_type=\"container\" data-e-type=\"container\" data-settings=\"{&quot;background_background&quot;:&quot;classic&quot;}\">\n\t\t\t\t<div class=\"elementor-element elementor-element-35a815f3 elementor-widget elementor-widget-heading\" data-id=\"35a815f3\" data-element_type=\"widget\" data-e-type=\"widget\" data-widget_type=\"heading.default\">\n\t\t\t\t<div class=\"elementor-widget-container\">\n\t\t\t\t\t<h1 class=\"elementor-heading-title elementor-size-default\">Hardcore quad-antenn<br>\nSignalt\u00e4ckning utan d\u00f6da vinklar<\/h1>\t\t\t\t<\/div>\n\t\t\t\t<\/div>\n\t\t\t\t<div class=\"elementor-element elementor-element-24b86813 elementor-widget elementor-widget-text-editor\" data-id=\"24b86813\" data-element_type=\"widget\" data-e-type=\"widget\" data-widget_type=\"text-editor.default\">\n\t\t\t\t<div class=\"elementor-widget-container\">\n\t\t\t\t\t\t\t\t\t<p>Utrustad med fyra 5dBi-antenner med h\u00f6g f\u00f6rst\u00e4rkning och tillverkad av innovativt h\u00f6gkvalitativt PCB-material \uff0c<\/p>\n<p>Vetenskaplig antennlayout och justerbar vinkel f\u00f6rb\u00e4ttrar signal\u00f6verf\u00f6ring och mottagningsk\u00e4nslighet,\u00a0<\/p>\n<p>M\u00f6jligg\u00f6r tydlig mottagning och stabil s\u00e4ndning \u00e4ven i omr\u00e5den med svag signal<\/p>\t\t\t\t\t\t\t\t<\/div>\n\t\t\t\t<\/div>\n\t\t\t\t<\/div>\n\t\t<div class=\"elementor-element elementor-element-7474e43b e-con-full e-flex lakit-col-width-auto-no e-container e-con e-child\" data-id=\"7474e43b\" data-element_type=\"container\" data-e-type=\"container\" data-settings=\"{&quot;background_background&quot;:&quot;classic&quot;}\">\n\t\t\t\t<div class=\"elementor-element elementor-element-7e9d0aa2 elementor-widget elementor-widget-heading\" data-id=\"7e9d0aa2\" data-element_type=\"widget\" data-e-type=\"widget\" data-widget_type=\"heading.default\">\n\t\t\t\t<div class=\"elementor-widget-container\">\n\t\t\t\t\t<h1 class=\"elementor-heading-title elementor-size-default\">MU-MIMO+OFDMA<br>\nSamtidig \u00f6verf\u00f6ring \u00f6ver flera enheter<br>\nUnderh\u00e5llning och kontor b\u00f6r inte st\u00f6ra varandra<\/h1>\t\t\t\t<\/div>\n\t\t\t\t<\/div>\n\t\t\t\t<div class=\"elementor-element elementor-element-32d3a96b elementor-widget elementor-widget-text-editor\" data-id=\"32d3a96b\" data-element_type=\"widget\" data-e-type=\"widget\" data-widget_type=\"text-editor.default\">\n\t\t\t\t<div class=\"elementor-widget-container\">\n\t\t\t\t\t\t\t\t\t<p>Den starka kombinationen av MU-MIMO och OFDMA-teknik kan slutf\u00f6ras i en \u00f6verf\u00f6ring \uff0c<\/p>\n<p>Att skicka data fr\u00e5n flera enheter f\u00f6rb\u00e4ttrar \u00f6verf\u00f6ringseffektiviteten avsev\u00e4rt och minskar effektivt n\u00e4tbelastningen \uff0c<\/p>\n<p>N\u00e4tverkslatens m\u00f6jligg\u00f6r verkligen parallell anv\u00e4ndning av flera anv\u00e4ndare utan st\u00f6rningar, vilket g\u00f6r att varje enhet kan fungera oberoende \uff0c<\/p>\n<p>Alla kan njuta av en smidig och s\u00f6ml\u00f6s internetuppkoppling<\/p>\t\t\t\t\t\t\t\t<\/div>\n\t\t\t\t<\/div>\n\t\t\t\t<\/div>\n\t\t<div class=\"elementor-element elementor-element-6ef3f8f6 e-con-full e-flex lakit-col-width-auto-no e-container e-con e-child\" data-id=\"6ef3f8f6\" data-element_type=\"container\" data-e-type=\"container\" data-settings=\"{&quot;background_background&quot;:&quot;classic&quot;}\">\n\t\t\t\t<div class=\"elementor-element elementor-element-21750056 elementor-widget elementor-widget-heading\" data-id=\"21750056\" data-element_type=\"widget\" data-e-type=\"widget\" data-widget_type=\"heading.default\">\n\t\t\t\t<div class=\"elementor-widget-container\">\n\t\t\t\t\t<h1 class=\"elementor-heading-title elementor-size-default\">St\u00f6d f\u00f6r Gigabit-port<br>\nNjut av ett h\u00f6ghastighetsn\u00e4tverk<\/h1>\t\t\t\t<\/div>\n\t\t\t\t<\/div>\n\t\t\t\t<div class=\"elementor-element elementor-element-5fc5c7af elementor-widget elementor-widget-text-editor\" data-id=\"5fc5c7af\" data-element_type=\"widget\" data-e-type=\"widget\" data-widget_type=\"text-editor.default\">\n\t\t\t\t<div class=\"elementor-widget-container\">\n\t\t\t\t\t\t\t\t\t<p>Utrustad med gigabitportar, som enkelt matchar h\u00f6ghastighetsbehoven f\u00f6r bredbandsuppgraderingar \uff0c<\/p>\n<p>St\u00f6der b\u00e5de tr\u00e5dl\u00f6sa och tr\u00e5dbundna anslutningsmetoder, vilket g\u00f6r WiFi-utbyggnaden mer bekv\u00e4m<\/p>\t\t\t\t\t\t\t\t<\/div>\n\t\t\t\t<\/div>\n\t\t\t\t<\/div>\n\t\t<div class=\"elementor-element elementor-element-2807bd31 e-con-full e-flex lakit-col-width-auto-no e-container e-con e-child\" data-id=\"2807bd31\" data-element_type=\"container\" data-e-type=\"container\" data-settings=\"{&quot;background_background&quot;:&quot;classic&quot;}\">\n\t\t\t\t<div class=\"elementor-element elementor-element-18cbc6f4 elementor-widget elementor-widget-heading\" data-id=\"18cbc6f4\" data-element_type=\"widget\" data-e-type=\"widget\" data-widget_type=\"heading.default\">\n\t\t\t\t<div class=\"elementor-widget-container\">\n\t\t\t\t\t<h1 class=\"elementor-heading-title elementor-size-default\">Plug and play-minnes\u00f6verf\u00f6ring<\/h1>\t\t\t\t<\/div>\n\t\t\t\t<\/div>\n\t\t\t\t<div class=\"elementor-element elementor-element-39fe072b elementor-widget elementor-widget-text-editor\" data-id=\"39fe072b\" data-element_type=\"widget\" data-e-type=\"widget\" data-widget_type=\"text-editor.default\">\n\t\t\t\t<div class=\"elementor-widget-container\">\n\t\t\t\t\t\t\t\t\t<p>Ingen extra str\u00f6madapter kr\u00e4vs, s\u00e5 l\u00e4nge det finns ett uttag kan den enkelt aktiveras,\u00a0<\/p>\n<p>Inbyggd kraftfull minnesfunktion som automatiskt sparar n\u00e4tverkskonfigurationen n\u00e4r du \u00e4ndrar anv\u00e4ndningsplats,\u00a0<\/p>\n<p>plug and play-anslutning kr\u00e4ver inte upprepade inst\u00e4llningar<\/p>\t\t\t\t\t\t\t\t<\/div>\n\t\t\t\t<\/div>\n\t\t\t\t<\/div>\n\t\t<div class=\"elementor-element elementor-element-c0c9bf9 e-con-full e-flex lakit-col-width-auto-no e-container e-con e-child\" data-id=\"c0c9bf9\" data-element_type=\"container\" data-e-type=\"container\" data-settings=\"{&quot;background_background&quot;:&quot;classic&quot;}\">\n\t\t\t\t<div class=\"elementor-element elementor-element-7ed8e3e elementor-widget elementor-widget-heading\" data-id=\"7ed8e3e\" data-element_type=\"widget\" data-e-type=\"widget\" data-widget_type=\"heading.default\">\n\t\t\t\t<div class=\"elementor-widget-container\">\n\t\t\t\t\t<h1 class=\"elementor-heading-title elementor-size-default\">Flera l\u00e4gen g\u00e4ller <br>\nf\u00f6r m\u00e5nga scener<\/h1>\t\t\t\t<\/div>\n\t\t\t\t<\/div>\n\t\t\t\t<\/div>\n\t\t<div class=\"elementor-element elementor-element-d9ee11f e-con-full e-flex lakit-col-width-auto-no e-container e-con e-child\" data-id=\"d9ee11f\" data-element_type=\"container\" data-e-type=\"container\" data-settings=\"{&quot;background_background&quot;:&quot;classic&quot;}\">\n\t\t\t\t<\/div>\n\t\t<div class=\"elementor-element elementor-element-c25614b e-con-full e-flex lakit-col-width-auto-no e-container e-con e-child\" data-id=\"c25614b\" data-element_type=\"container\" data-e-type=\"container\" data-settings=\"{&quot;background_background&quot;:&quot;classic&quot;}\">\n\t\t\t\t<div class=\"elementor-element elementor-element-db5def9 elementor-widget elementor-widget-heading\" data-id=\"db5def9\" data-element_type=\"widget\" data-e-type=\"widget\" data-widget_type=\"heading.default\">\n\t\t\t\t<div class=\"elementor-widget-container\">\n\t\t\t\t\t<h1 class=\"elementor-heading-title elementor-size-default\">Effektiv design f\u00f6r v\u00e4rmeavledning<br>\nN\u00e4tverksexpansionen \u00e4r mer stabil<\/h1>\t\t\t\t<\/div>\n\t\t\t\t<\/div>\n\t\t\t\t<div class=\"elementor-element elementor-element-7499dad elementor-widget elementor-widget-text-editor\" data-id=\"7499dad\" data-element_type=\"widget\" data-e-type=\"widget\" data-widget_type=\"text-editor.default\">\n\t\t\t\t<div class=\"elementor-widget-container\">\n\t\t\t\t\t\t\t\t\t<p>Den exakta placeringen av v\u00e4rmeavledningsh\u00e5len p\u00e5 kroppen skapar en vetenskapligt effektiv\u00a0<\/p>\n<p>luftfl\u00f6descirkulationskanal, undviker effektivt enhetens f\u00f6rdr\u00f6jning orsakad av d\u00e5lig v\u00e4rmeavledning,\u00a0<\/p>\n<p>N\u00e4tverksutbyggnaden f\u00f6rblir stabil och smidig hela tiden<\/p>\t\t\t\t\t\t\t\t<\/div>\n\t\t\t\t<\/div>\n\t\t\t\t<\/div>\n\t\t<div class=\"elementor-element elementor-element-66dc2cd e-con-full e-flex lakit-col-width-auto-no e-container e-con e-child\" data-id=\"66dc2cd\" data-element_type=\"container\" data-e-type=\"container\" data-settings=\"{&quot;background_background&quot;:&quot;classic&quot;}\">\n\t\t\t\t<div class=\"elementor-element elementor-element-b0e46aa elementor-widget elementor-widget-heading\" data-id=\"b0e46aa\" data-element_type=\"widget\" data-e-type=\"widget\" data-widget_type=\"heading.default\">\n\t\t\t\t<div class=\"elementor-widget-container\">\n\t\t\t\t\t<h1 class=\"elementor-heading-title elementor-size-default\">S\u00e4ker kryptering utan bekymmer <br>\nfri anv\u00e4ndning av internet<\/h1>\t\t\t\t<\/div>\n\t\t\t\t<\/div>\n\t\t\t\t<div class=\"elementor-element elementor-element-fb8be85 elementor-widget elementor-widget-text-editor\" data-id=\"fb8be85\" data-element_type=\"widget\" data-e-type=\"widget\" data-widget_type=\"text-editor.default\">\n\t\t\t\t<div class=\"elementor-widget-container\">\n\t\t\t\t\t\t\t\t\t<p>Utrustad med avancerat WPA3-krypteringsprotokoll som skapar flera s\u00e4kerhetsbarri\u00e4rer,\u00a0<\/p>\n<p>Kryptering lager f\u00f6r lager fr\u00e5n data\u00f6verf\u00f6ring till enhets\u00e5tkomst, vilket effektivt motverkar n\u00e4tverksattacker Intr\u00e5ng\u00a0<\/p>\n<p>och risker f\u00f6r informationsl\u00e4ckage<\/p>\t\t\t\t\t\t\t\t<\/div>\n\t\t\t\t<\/div>\n\t\t\t\t<\/div>\n\t\t\t\t<\/div>\n\t\t\t\t<\/div>\n\t\t\n    <div class=\"xs_social_share_widget xs_share_url after_content \t\tmain_content  wslu-style-1 wslu-share-box-shaped wslu-fill-colored wslu-none wslu-share-horizontal wslu-theme-font-no wslu-main_content\">\n\n\t\t\n        <ul>\n\t\t\t        <\/ul>\n    <\/div>","protected":false},"excerpt":{"rendered":"<p style=\"text-align: justify;\">CF-XR187 \u00e4r en WiFi6 tr\u00e5dl\u00f6s extender som \u00e4r utformad f\u00f6r att passa s\u00f6ml\u00f6st med din router och leverera ut\u00f6kade hastigheter p\u00e5 upp till 2700 Mbps. Dess fyra roterbara antenner med h\u00f6g f\u00f6rst\u00e4rkning och Gigabit Ethernet-port f\u00f6rb\u00e4ttrar v\u00e4gggenomtr\u00e4ngning och anslutningsflexibilitet, vilket effektivt eliminerar d\u00f6da zoner i stora hem som villor. Med enkel installation och flera smarta driftl\u00e4gen \u00e4r det ett p\u00e5litligt val f\u00f6r att uppn\u00e5 s\u00f6ml\u00f6s, h\u00f6ghastighetst\u00e4ckning i hela hemmet.<\/p>\n<ul>\n<li style=\"text-align: left;\">\n<p>Ren vit fyrkantig kropp som sm\u00e4lter in i alla hemmilj\u00f6er<\/p>\n<\/li>\n<li style=\"text-align: left;\">\n<p>Gigabit Ethernet-port p\u00e5 undersidan f\u00f6r flexibel expansion<\/p>\n<\/li>\n<li style=\"text-align: left;\">\n<p>Fyra roterbara antenner med h\u00f6g f\u00f6rst\u00e4rkning f\u00f6r optimal signal<\/p>\n<\/li>\n<li style=\"text-align: left;\">\n<p>Importerat ABS-material av h\u00f6g kvalitet, robust och v\u00e4rmet\u00e5ligt<\/p>\n<\/li>\n<li style=\"text-align: left;\">\n<p>Effektiv kylning ger stabil och l\u00e5ngvarig drift<\/p>\n<\/li>\n<li style=\"text-align: left;\">\n<p>Tydliga statuslampor f\u00f6r enkel \u00f6vervakning i realtid<\/p>\n<\/li>\n<li style=\"text-align: left;\">\n<p>N\u00e4sta generations WiFi6 dual-band-teknik f\u00f6r stabil uppkoppling<\/p>\n<\/li>\n<li style=\"text-align: left;\">\n<p>Ger ut\u00f6kade tr\u00e5dl\u00f6sa hastigheter p\u00e5 upp till 2700 Mbps<\/p>\n<\/li>\n<li style=\"text-align: left;\">\n<p>St\u00f6djer tre smarta l\u00e4gen: Repeater, router och AP<\/p>\n<\/li>\n<\/ul>","protected":false},"featured_media":21270,"template":"","meta":{"_acf_changed":false,"postBodyCss":"","postBodyMargin":[],"postBodyPadding":[],"postBodyBackground":{"backgroundType":"classic","gradient":""},"_links_to":"","_links_to_target":""},"product_brand":[],"product_cat":[172,213],"product_tag":[702],"class_list":{"0":"post-21219","1":"product","2":"type-product","3":"status-publish","4":"has-post-thumbnail","6":"product_cat-wireless-repeater","7":"product_cat-pwr-repeater","8":"product_tag-cf-xr187","10":"first","11":"instock","12":"shipping-taxable","13":"product-type-simple"},"acf":[],"_links":{"self":[{"href":"https:\/\/www.encomfast.com\/sv\/wp-json\/wp\/v2\/product\/21219","targetHints":{"allow":["GET"]}}],"collection":[{"href":"https:\/\/www.encomfast.com\/sv\/wp-json\/wp\/v2\/product"}],"about":[{"href":"https:\/\/www.encomfast.com\/sv\/wp-json\/wp\/v2\/types\/product"}],"version-history":[{"count":0,"href":"https:\/\/www.encomfast.com\/sv\/wp-json\/wp\/v2\/product\/21219\/revisions"}],"wp:featuredmedia":[{"embeddable":true,"href":"https:\/\/www.encomfast.com\/sv\/wp-json\/wp\/v2\/media\/21270"}],"wp:attachment":[{"href":"https:\/\/www.encomfast.com\/sv\/wp-json\/wp\/v2\/media?parent=21219"}],"wp:term":[{"taxonomy":"product_brand","embeddable":true,"href":"https:\/\/www.encomfast.com\/sv\/wp-json\/wp\/v2\/product_brand?post=21219"},{"taxonomy":"product_cat","embeddable":true,"href":"https:\/\/www.encomfast.com\/sv\/wp-json\/wp\/v2\/product_cat?post=21219"},{"taxonomy":"product_tag","embeddable":true,"href":"https:\/\/www.encomfast.com\/sv\/wp-json\/wp\/v2\/product_tag?post=21219"}],"curies":[{"name":"wp","href":"https:\/\/api.w.org\/{rel}","templated":true}]}}