{"id":5137,"date":"2025-10-13T02:48:13","date_gmt":"2025-10-13T02:48:13","guid":{"rendered":"https:\/\/comfast-20250731.com\/?page_id=5137"},"modified":"2025-12-25T02:41:56","modified_gmt":"2025-12-25T02:41:56","slug":"warranty-terms","status":"publish","type":"page","link":"https:\/\/www.encomfast.com\/tr\/warranty-terms\/","title":{"rendered":"Garanti Ko\u015fullar\u0131"},"content":{"rendered":"<div data-elementor-type=\"wp-page\" data-elementor-id=\"5137\" class=\"elementor elementor-5137\" data-elementor-post-type=\"page\">\n\t\t\t\t<div class=\"elementor-element elementor-element-663c465 e-con-full e-flex lakit-col-width-auto-no e-container e-root-container elementor-top-section e-con e-parent\" data-id=\"663c465\" data-element_type=\"container\" data-e-type=\"container\" data-settings=\"{&quot;background_background&quot;:&quot;classic&quot;}\">\n\t\t<div class=\"elementor-element elementor-element-35be5b3 e-con-full e-flex lakit-col-width-auto-no e-container e-con e-child\" data-id=\"35be5b3\" data-element_type=\"container\" data-e-type=\"container\" data-settings=\"{&quot;background_background&quot;:&quot;classic&quot;}\">\n\t\t<div class=\"elementor-element elementor-element-ee4ffab e-con-full e-flex lakit-col-width-auto-no e-container e-con e-child\" data-id=\"ee4ffab\" data-element_type=\"container\" data-e-type=\"container\">\n\t\t\t\t<div class=\"elementor-element elementor-element-d6af96d elementor-widget elementor-widget-heading\" data-id=\"d6af96d\" data-element_type=\"widget\" data-e-type=\"widget\" data-widget_type=\"heading.default\">\n\t\t\t\t<div class=\"elementor-widget-container\">\n\t\t\t\t\t<h3 class=\"elementor-heading-title elementor-size-default\">Garanti Ko\u015fullar\u0131<\/h3>\t\t\t\t<\/div>\n\t\t\t\t<\/div>\n\t\t\t\t<\/div>\n\t\t\t\t<\/div>\n\t\t\t\t<\/div>\n\t\t<div class=\"elementor-element elementor-element-7b9d1ea0 e-con-full e-flex lakit-col-width-auto-no e-container e-con e-child\" data-id=\"7b9d1ea0\" data-element_type=\"container\" data-e-type=\"container\">\n\t\t\t\t<div class=\"elementor-element elementor-element-5ac5ff14 elementor-widget elementor-widget-html\" data-id=\"5ac5ff14\" data-element_type=\"widget\" data-e-type=\"widget\" data-widget_type=\"html.default\">\n\t\t\t\t<div class=\"elementor-widget-container\">\n\t\t\t\t\t<style>\r\n.nav-example {\r\n  padding: 15px 0;\r\n  font-size: 18px;\r\n  overflow: hidden; \/* \u9690\u85cf\u5bb9\u5668\u5916\u5185\u5bb9 *\/\r\n}\r\n\r\n\/* \u5bfc\u822a\u5bb9\u5668 - \u7528\u4e8e\u5b9e\u73b0\u6eda\u52a8 *\/\r\n.nav-container {\r\n  white-space: nowrap; \/* \u9632\u6b62\u5bfc\u822a\u9879\u6362\u884c *\/\r\n  overflow-x: auto; \/* \u5141\u8bb8\u6a2a\u5411\u6eda\u52a8 *\/\r\n  padding: 0 15px; \/* \u5de6\u53f3\u5185\u8fb9\u8ddd\uff0c\u907f\u514d\u8fb9\u7f18\u7d27\u8d34\u5c4f\u5e55 *\/\r\n  -webkit-overflow-scrolling: touch; \/* \u79fb\u52a8\u7aef\u5e73\u6ed1\u6eda\u52a8 *\/\r\n}\r\n\r\n\/* \u9690\u85cf\u6eda\u52a8\u6761\u4f46\u4fdd\u7559\u6eda\u52a8\u529f\u80fd *\/\r\n.nav-container::-webkit-scrollbar {\r\n  display: none;\r\n}\r\n.nav-container {\r\n  -ms-overflow-style: none; \/* IE\u548cEdge *\/\r\n  scrollbar-width: none; \/* Firefox *\/\r\n}\r\n\r\n\/* \u5bfc\u822a\u9879\u57fa\u7840\u6837\u5f0f *\/\r\n.nav-example a {\r\n  text-decoration: none;\r\n  color: #7F7F7F;\r\n  padding: 6px 0;\r\n  margin: 0 8px;\r\n  border-bottom: 2px solid transparent;\r\n  transition: all 0.3s ease;\r\n  display: inline-block; \/* \u786e\u4fdd\u70b9\u51fb\u533a\u57df\u5b8c\u6574 *\/\r\n}\r\n\r\n\/* \u6fc0\u6d3b\u72b6\u6001\u6837\u5f0f *\/\r\n.nav-example a.nav-active {\r\n  color: #ed6c00;\r\n  \/*border-bottom: 2px solid #ed6c00; *\/\r\n  \/* \u6fc0\u6d3b\u72b6\u6001\u4e5f\u663e\u793a\u4e0b\u5212\u7ebf\uff0c\u4fdd\u6301\u4e00\u81f4\u6027 *\/\r\n}\r\n\r\n\/* \u672a\u6fc0\u6d3b\u9879\u4ea4\u4e92\u6837\u5f0f *\/\r\n.nav-example a:not(.nav-active):hover {\r\n  color: #ed6c00;\r\n  \/*border-bottom: 2px solid #ed6c00;*\/\r\n}\r\n\r\n.nav-example a:not(.nav-active):active {\r\n  color: #ed6c00;\r\n  \/*border-bottom: 2px solid #ed6c00;*\/\r\n}\r\n\r\n\/* \u5206\u9694\u7ebf\u6837\u5f0f *\/\r\n.nav-example span {\r\n  color: #000;\r\n  margin: 0 12px;\r\n}\r\n\r\n\/* \u54cd\u5e94\u5f0f\u8c03\u6574 *\/\r\n@media (max-width: 768px) {\r\n  .nav-example {\r\n    font-size: 16px; \/* \u624b\u673a\u7aef\u7f29\u5c0f\u5b57\u4f53 *\/\r\n  }\r\n  \r\n  .nav-example a {\r\n    margin: 0 6px; \/* \u51cf\u5c0f\u624b\u673a\u7aef\u95f4\u8ddd *\/\r\n  }\r\n  \r\n  .nav-example span {\r\n    margin: 0 8px; \/* \u51cf\u5c0f\u5206\u9694\u7ebf\u95f4\u8ddd *\/\r\n  }\r\n}\r\n<\/style>\r\n\r\n<nav class=\"nav-example\">\r\n  <div class=\"nav-container\"> <!-- \u65b0\u589e\u6eda\u52a8\u5bb9\u5668 -->\r\n  <a href=\"\/tr\/warranty-terms\/\" class=\"nav-active\">Garanti Ko\u015fullar\u0131<\/a>\r\n  <span>|<\/span>\r\n  <a href=\"\/tr\/terms-of-use\/\">Kullan\u0131m Ko\u015fullar\u0131<\/a>\r\n  <span>|<\/span>\r\n  <a href=\"\/tr\/announcement\/\" >Duyuru<\/a>\r\n <span>|<\/span>\r\n  <a href=\"\/tr\/repair-outlets\/\">Onar\u0131m \u00c7\u0131k\u0131\u015f\u0131<\/a>\r\n    <!-- \u53ef\u4ee5\u7ee7\u7eed\u6dfb\u52a0\u66f4\u591a\u5bfc\u822a\u9879\uff0c\u624b\u673a\u7aef\u4f1a\u81ea\u52a8\u652f\u6301\u6eda\u52a8 -->\r\n  <\/div>\r\n<\/nav>\r\n\r\n<script>\r\nconst navItems = document.querySelectorAll('.nav-example a');\r\n\r\nnavItems.forEach(item => {\r\n  item.addEventListener('click', function(e) {\r\n    \/\/ \u5982\u9700\u9875\u9762\u8df3\u8f6c\u53ef\u4fdd\u7559\u9ed8\u8ba4\u884c\u4e3a\uff0c\u5220\u9664\u4e0b\u9762\u8fd9\u884c\r\n    \/\/ e.preventDefault();\r\n\r\n    navItems.forEach(link => {\r\n      link.classList.remove('nav-active');\r\n    });\r\n    this.classList.add('nav-active');\r\n  });\r\n});\r\n<\/script>\t\t\t\t<\/div>\n\t\t\t\t<\/div>\n\t\t\t\t<\/div>\n\t\t<div class=\"elementor-element elementor-element-85dce77 e-flex e-con-boxed lakit-col-width-auto-no e-container e-root-container elementor-top-section e-con e-parent\" data-id=\"85dce77\" data-element_type=\"container\" data-e-type=\"container\" data-settings=\"{&quot;background_background&quot;:&quot;classic&quot;}\">\n\t\t\t\t\t<div class=\"e-con-inner\">\n\t\t\t\t<div class=\"elementor-element elementor-element-c85cc2d elementor-widget elementor-widget-text-editor\" data-id=\"c85cc2d\" data-element_type=\"widget\" data-e-type=\"widget\" data-widget_type=\"text-editor.default\">\n\t\t\t\t<div class=\"elementor-widget-container\">\n\t\t\t\t\t\t\t\t\t<p><span style=\"font-size: 16px;\">Son g\u00fcncelleme 11 Eyl\u00fcl 2025<\/span><\/p>\n<p>Bu ma\u011fazay\u0131 ve web sitesini, ilgili t\u00fcm bilgiler, i\u00e7erikler, \u00f6zellikler, ara\u00e7lar, \u00fcr\u00fcnler ve hizmetler dahil olmak \u00fczere, siz m\u00fc\u015fterilerimize \u00f6zel bir al\u0131\u015fveri\u015f deneyimi (\u201cHizmet\u201d) sunmak i\u00e7in i\u015fletiyoruz.<br \/>Shopify taraf\u0131ndan desteklenen Hizmet'i sunman\u0131z\u0131 sa\u011flar\u0131z. Bu Gizlilik Politikas\u0131, Hizmet'i ziyaret etti\u011finizde, kulland\u0131\u011f\u0131n\u0131zda veya Hizmet \u00fczerinden sat\u0131n alma ya da di\u011fer i\u015flemleri ger\u00e7ekle\u015ftirdi\u011finizde veya bizimle ba\u015fka bir \u015fekilde ileti\u015fim kurdu\u011funuzda ki\u015fisel bilgilerinizi nas\u0131l toplad\u0131\u011f\u0131m\u0131z\u0131, kulland\u0131\u011f\u0131m\u0131z\u0131 ve if\u015fa etti\u011fimizi a\u00e7\u0131klar. Hizmet \u015eartlar\u0131m\u0131z ile bu Gizlilik Politikas\u0131 aras\u0131nda herhangi bir \u00e7eli\u015fki olmas\u0131 halinde, ki\u015fisel bilgilerinizin toplanmas\u0131, i\u015flenmesi ve if\u015fa edilmesiyle ilgili olarak bu Gizlilik Politikas\u0131 ge\u00e7erli olacakt\u0131r.<\/p>\n<p><br \/>L\u00fctfen bu Gizlilik Politikas\u0131n\u0131 dikkatlice okuyunuz. Hizmeti kullanarak ve Hizmete eri\u015ferek, bu Gizlilik Politikas\u0131n\u0131 okudu\u011funuzu ve bilgilerinizin bu Gizlilik Politikas\u0131nda a\u00e7\u0131kland\u0131\u011f\u0131 \u015fekilde nas\u0131l toplanaca\u011f\u0131n\u0131, kullan\u0131laca\u011f\u0131n\u0131 ve if\u015fa edilece\u011fini anlad\u0131\u011f\u0131n\u0131z\u0131 kabul edersiniz.<\/p>\t\t\t\t\t\t\t\t<\/div>\n\t\t\t\t<\/div>\n\t\t\t\t<div class=\"elementor-element elementor-element-f4f9f0b elementor-widget elementor-widget-heading\" data-id=\"f4f9f0b\" data-element_type=\"widget\" data-e-type=\"widget\" data-widget_type=\"heading.default\">\n\t\t\t\t<div class=\"elementor-widget-container\">\n\t\t\t\t\t<h2 class=\"elementor-heading-title elementor-size-default\">Toplad\u0131\u011f\u0131m\u0131z veya \u0130\u015fledi\u011fimiz Ki\u015fisel Bilgiler<\/h2>\t\t\t\t<\/div>\n\t\t\t\t<\/div>\n\t\t\t\t<div class=\"elementor-element elementor-element-d31502d elementor-widget elementor-widget-text-editor\" data-id=\"d31502d\" data-element_type=\"widget\" data-e-type=\"widget\" data-widget_type=\"text-editor.default\">\n\t\t\t\t<div class=\"elementor-widget-container\">\n\t\t\t\t\t\t\t\t\t<p>\u201cKi\u015fisel bilgiler\u201d terimini kulland\u0131\u011f\u0131m\u0131zda, sizi veya ba\u015fkalar\u0131n\u0131 tan\u0131mlayabilecek veya sizinle veya ba\u015fkalar\u0131yla makul bir \u015fekilde ili\u015fkilendirilebilecek bilgileri kastediyoruz. Ki\u015fisel bilgiler, anonim olarak toplanan veya kimliksizle\u015ftirilmi\u015f bilgileri, yani sizi tan\u0131mlayamayan veya makul olarak sizinle ili\u015fkilendirilemeyen bilgileri i\u00e7ermez. Hizmeti nas\u0131l kulland\u0131\u011f\u0131n\u0131za, bulundu\u011funuz \u00fclke veya b\u00f6lgeye ba\u011fl\u0131 olarak ve y\u00fcr\u00fcrl\u00fckteki yasalar\u0131n izin verdi\u011fi veya gerektirdi\u011fi \u015fekilde, bu bilgilerden yap\u0131lan \u00e7\u0131kar\u0131mlar da dahil olmak \u00fczere a\u015fa\u011f\u0131daki ki\u015fisel bilgi kategorilerini toplayabilir veya i\u015fleyebiliriz:<\/p>\n<ul>\n<li data-start=\"0\" data-end=\"120\">\n<p data-start=\"2\" data-end=\"120\">\u0130leti\u015fim bilgileri ad\u0131n\u0131z\u0131, adresinizi, fatura adresinizi, sevkiyat adresinizi, telefon numaran\u0131z\u0131 ve e-posta adresinizi i\u00e7erir.<\/p>\n<\/li>\n<li data-start=\"121\" data-end=\"350\">\n<p data-start=\"123\" data-end=\"350\">Finansal bilgiler kredi kart\u0131, banka kart\u0131 ve banka hesap numaralar\u0131n\u0131, \u00f6deme kart\u0131 ayr\u0131nt\u0131lar\u0131n\u0131, finansal hesap bilgilerini, i\u015flem ayr\u0131nt\u0131lar\u0131n\u0131, \u00f6deme y\u00f6ntemlerini, \u00f6deme onay\u0131n\u0131 ve di\u011fer \u00f6deme bilgilerini i\u00e7erir.<\/p>\n<\/li>\n<li data-start=\"351\" data-end=\"461\" data-is-last-node=\"\">\n<p data-start=\"353\" data-end=\"461\" data-is-last-node=\"\">Hesap bilgileri kullan\u0131c\u0131 ad\u0131n\u0131z\u0131, \u015fifrenizi, g\u00fcvenlik sorular\u0131n\u0131z\u0131, tercihlerinizi ve genel ayarlar\u0131n\u0131z\u0131 i\u00e7erir.<\/p>\n<\/li>\n<\/ul>\t\t\t\t\t\t\t\t<\/div>\n\t\t\t\t<\/div>\n\t\t\t\t\t<\/div>\n\t\t\t\t<\/div>\n\t\t\t\t<\/div>\n\t\t\n    <div class=\"xs_social_share_widget xs_share_url after_content \t\tmain_content  wslu-style-1 wslu-share-box-shaped wslu-fill-colored wslu-none wslu-share-horizontal wslu-theme-font-no wslu-main_content\">\n\n\t\t\n        <ul>\n\t\t\t        <\/ul>\n    <\/div>","protected":false},"excerpt":{"rendered":"<p>Warranty Terms Warranty Terms | Terms of Use | Announcement | Repair Outlet Last updated: September 11, 2025 We operate this store and website, including all related information, content, features, tools, products, and services, to provide you, our customers, with a curated shopping experience (the &#8220;Service&#8221;).Powered by Shopify, we enable you to provide the Service. [&hellip;]<\/p>","protected":false},"author":3,"featured_media":0,"parent":0,"menu_order":0,"comment_status":"closed","ping_status":"closed","template":"","meta":{"_acf_changed":false,"postBodyCss":"","postBodyMargin":[],"postBodyPadding":[],"postBodyBackground":{"backgroundType":"classic","gradient":""},"footnotes":"","_links_to":"","_links_to_target":""},"class_list":["post-5137","page","type-page","status-publish","hentry"],"acf":[],"_links":{"self":[{"href":"https:\/\/www.encomfast.com\/tr\/wp-json\/wp\/v2\/pages\/5137","targetHints":{"allow":["GET"]}}],"collection":[{"href":"https:\/\/www.encomfast.com\/tr\/wp-json\/wp\/v2\/pages"}],"about":[{"href":"https:\/\/www.encomfast.com\/tr\/wp-json\/wp\/v2\/types\/page"}],"author":[{"embeddable":true,"href":"https:\/\/www.encomfast.com\/tr\/wp-json\/wp\/v2\/users\/3"}],"replies":[{"embeddable":true,"href":"https:\/\/www.encomfast.com\/tr\/wp-json\/wp\/v2\/comments?post=5137"}],"version-history":[{"count":0,"href":"https:\/\/www.encomfast.com\/tr\/wp-json\/wp\/v2\/pages\/5137\/revisions"}],"wp:attachment":[{"href":"https:\/\/www.encomfast.com\/tr\/wp-json\/wp\/v2\/media?parent=5137"}],"curies":[{"name":"wp","href":"https:\/\/api.w.org\/{rel}","templated":true}]}}