{"id":7101,"date":"2025-10-28T05:48:22","date_gmt":"2025-10-28T05:48:22","guid":{"rendered":"https:\/\/comfast-20250731.com\/?page_id=7101"},"modified":"2025-12-25T02:43:54","modified_gmt":"2025-12-25T02:43:54","slug":"terms-of-use","status":"publish","type":"page","link":"https:\/\/www.encomfast.com\/tr\/terms-of-use\/","title":{"rendered":"Kullan\u0131m Ko\u015fullar\u0131"},"content":{"rendered":"<div data-elementor-type=\"wp-page\" data-elementor-id=\"7101\" class=\"elementor elementor-7101\" data-elementor-post-type=\"page\">\n\t\t\t\t<div class=\"elementor-element elementor-element-2888591 e-con-full e-flex lakit-col-width-auto-no e-container e-root-container elementor-top-section e-con e-parent\" data-id=\"2888591\" data-element_type=\"container\" data-e-type=\"container\" data-settings=\"{&quot;background_background&quot;:&quot;classic&quot;}\">\n\t\t<div class=\"elementor-element elementor-element-f7d9e58 e-con-full e-flex lakit-col-width-auto-no e-container e-con e-child\" data-id=\"f7d9e58\" data-element_type=\"container\" data-e-type=\"container\" data-settings=\"{&quot;background_background&quot;:&quot;classic&quot;}\">\n\t\t<div class=\"elementor-element elementor-element-688c463 e-con-full e-flex lakit-col-width-auto-no e-container e-con e-child\" data-id=\"688c463\" data-element_type=\"container\" data-e-type=\"container\">\n\t\t\t\t<div class=\"elementor-element elementor-element-676c0b9 elementor-widget elementor-widget-heading\" data-id=\"676c0b9\" data-element_type=\"widget\" data-e-type=\"widget\" data-widget_type=\"heading.default\">\n\t\t\t\t<div class=\"elementor-widget-container\">\n\t\t\t\t\t<h3 class=\"elementor-heading-title elementor-size-default\">Kullan\u0131m Ko\u015fullar\u0131<\/h3>\t\t\t\t<\/div>\n\t\t\t\t<\/div>\n\t\t\t\t<\/div>\n\t\t\t\t<\/div>\n\t\t\t\t<\/div>\n\t\t<div class=\"elementor-element elementor-element-597fa211 e-con-full e-flex lakit-col-width-auto-no e-container e-con e-child\" data-id=\"597fa211\" data-element_type=\"container\" data-e-type=\"container\">\n\t\t\t\t<div class=\"elementor-element elementor-element-3d9f664f elementor-widget elementor-widget-html\" data-id=\"3d9f664f\" data-element_type=\"widget\" data-e-type=\"widget\" data-widget_type=\"html.default\">\n\t\t\t\t<div class=\"elementor-widget-container\">\n\t\t\t\t\t<style>\r\n.nav-example {\r\n  padding: 15px 0;\r\n  font-size: 18px;\r\n  overflow: hidden; \/* \u9690\u85cf\u5bb9\u5668\u5916\u5185\u5bb9 *\/\r\n}\r\n\r\n\/* \u5bfc\u822a\u5bb9\u5668 - \u7528\u4e8e\u5b9e\u73b0\u6eda\u52a8 *\/\r\n.nav-container {\r\n  white-space: nowrap; \/* \u9632\u6b62\u5bfc\u822a\u9879\u6362\u884c *\/\r\n  overflow-x: auto; \/* \u5141\u8bb8\u6a2a\u5411\u6eda\u52a8 *\/\r\n  padding: 0 15px; \/* \u5de6\u53f3\u5185\u8fb9\u8ddd\uff0c\u907f\u514d\u8fb9\u7f18\u7d27\u8d34\u5c4f\u5e55 *\/\r\n  -webkit-overflow-scrolling: touch; \/* \u79fb\u52a8\u7aef\u5e73\u6ed1\u6eda\u52a8 *\/\r\n}\r\n\r\n\/* \u9690\u85cf\u6eda\u52a8\u6761\u4f46\u4fdd\u7559\u6eda\u52a8\u529f\u80fd *\/\r\n.nav-container::-webkit-scrollbar {\r\n  display: none;\r\n}\r\n.nav-container {\r\n  -ms-overflow-style: none; \/* IE\u548cEdge *\/\r\n  scrollbar-width: none; \/* Firefox *\/\r\n}\r\n\r\n\/* \u5bfc\u822a\u9879\u57fa\u7840\u6837\u5f0f *\/\r\n.nav-example a {\r\n  text-decoration: none;\r\n  color: #7F7F7F;\r\n  padding: 6px 0;\r\n  margin: 0 8px;\r\n  border-bottom: 2px solid transparent;\r\n  transition: all 0.3s ease;\r\n  display: inline-block; \/* \u786e\u4fdd\u70b9\u51fb\u533a\u57df\u5b8c\u6574 *\/\r\n}\r\n\r\n\/* \u6fc0\u6d3b\u72b6\u6001\u6837\u5f0f *\/\r\n.nav-example a.nav-active {\r\n  color: #ed6c00;\r\n  \/*border-bottom: 2px solid #ed6c00; *\/\r\n  \/* \u6fc0\u6d3b\u72b6\u6001\u4e5f\u663e\u793a\u4e0b\u5212\u7ebf\uff0c\u4fdd\u6301\u4e00\u81f4\u6027 *\/\r\n}\r\n\r\n\/* \u672a\u6fc0\u6d3b\u9879\u4ea4\u4e92\u6837\u5f0f *\/\r\n.nav-example a:not(.nav-active):hover {\r\n  color: #ed6c00;\r\n  \/*border-bottom: 2px solid #ed6c00;*\/\r\n}\r\n\r\n.nav-example a:not(.nav-active):active {\r\n  color: #ed6c00;\r\n  \/*border-bottom: 2px solid #ed6c00;*\/\r\n}\r\n\r\n\/* \u5206\u9694\u7ebf\u6837\u5f0f *\/\r\n.nav-example span {\r\n  color: #000;\r\n  margin: 0 12px;\r\n}\r\n\r\n\/* \u54cd\u5e94\u5f0f\u8c03\u6574 *\/\r\n@media (max-width: 768px) {\r\n  .nav-example {\r\n    font-size: 16px; \/* \u624b\u673a\u7aef\u7f29\u5c0f\u5b57\u4f53 *\/\r\n  }\r\n  \r\n  .nav-example a {\r\n    margin: 0 6px; \/* \u51cf\u5c0f\u624b\u673a\u7aef\u95f4\u8ddd *\/\r\n  }\r\n  \r\n  .nav-example span {\r\n    margin: 0 8px; \/* \u51cf\u5c0f\u5206\u9694\u7ebf\u95f4\u8ddd *\/\r\n  }\r\n}\r\n<\/style>\r\n\r\n<nav class=\"nav-example\">\r\n  <div class=\"nav-container\"> <!-- \u65b0\u589e\u6eda\u52a8\u5bb9\u5668 -->\r\n  <a href=\"\/tr\/warranty-terms\/\">Garanti Ko\u015fullar\u0131<\/a>\r\n  <span>|<\/span>\r\n  <a href=\"\/tr\/terms-of-use\/\" class=\"nav-active\">Kullan\u0131m Ko\u015fullar\u0131<\/a>\r\n  <span>|<\/span>\r\n  <a href=\"\/tr\/announcement\/\" >Duyuru<\/a>\r\n <span>|<\/span>\r\n  <a href=\"\/tr\/repair-outlets\/\">Onar\u0131m \u00c7\u0131k\u0131\u015f\u0131<\/a>\r\n    <!-- \u53ef\u4ee5\u7ee7\u7eed\u6dfb\u52a0\u66f4\u591a\u5bfc\u822a\u9879\uff0c\u624b\u673a\u7aef\u4f1a\u81ea\u52a8\u652f\u6301\u6eda\u52a8 -->\r\n  <\/div>\r\n<\/nav>\r\n\r\n<script>\r\nconst navItems = document.querySelectorAll('.nav-example a');\r\n\r\nnavItems.forEach(item => {\r\n  item.addEventListener('click', function(e) {\r\n    \/\/ \u5982\u9700\u9875\u9762\u8df3\u8f6c\u53ef\u4fdd\u7559\u9ed8\u8ba4\u884c\u4e3a\uff0c\u5220\u9664\u4e0b\u9762\u8fd9\u884c\r\n    \/\/ e.preventDefault();\r\n\r\n    navItems.forEach(link => {\r\n      link.classList.remove('nav-active');\r\n    });\r\n    this.classList.add('nav-active');\r\n  });\r\n});\r\n<\/script>\t\t\t\t<\/div>\n\t\t\t\t<\/div>\n\t\t\t\t<\/div>\n\t\t<div class=\"elementor-element elementor-element-85dce77 e-flex e-con-boxed lakit-col-width-auto-no e-container e-root-container elementor-top-section e-con e-parent\" data-id=\"85dce77\" data-element_type=\"container\" data-e-type=\"container\" data-settings=\"{&quot;background_background&quot;:&quot;classic&quot;}\">\n\t\t\t\t\t<div class=\"e-con-inner\">\n\t\t\t\t<div class=\"elementor-element elementor-element-c85cc2d elementor-widget elementor-widget-text-editor\" data-id=\"c85cc2d\" data-element_type=\"widget\" data-e-type=\"widget\" data-widget_type=\"text-editor.default\">\n\t\t\t\t<div class=\"elementor-widget-container\">\n\t\t\t\t\t\t\t\t\t<p>Sihai Zhonglian'\u0131n resmi web sitesine ho\u015f geldiniz! Web sitemize eri\u015ferek ve sitemizi kullanarak, a\u015fa\u011f\u0131daki h\u00fck\u00fcm ve ko\u015fullar\u0131 kabul etmi\u015f olursunuz. Hizmetlerimizi kullanmadan \u00f6nce l\u00fctfen bu \u015fartlar\u0131 dikkatlice okuyun.<\/p>\t\t\t\t\t\t\t\t<\/div>\n\t\t\t\t<\/div>\n\t\t\t\t<div class=\"elementor-element elementor-element-f4f9f0b elementor-widget elementor-widget-heading\" data-id=\"f4f9f0b\" data-element_type=\"widget\" data-e-type=\"widget\" data-widget_type=\"heading.default\">\n\t\t\t\t<div class=\"elementor-widget-container\">\n\t\t\t\t\t<h1 class=\"elementor-heading-title elementor-size-default\">1. Giri\u015f<\/h1>\t\t\t\t<\/div>\n\t\t\t\t<\/div>\n\t\t\t\t<div class=\"elementor-element elementor-element-d31502d elementor-widget elementor-widget-text-editor\" data-id=\"d31502d\" data-element_type=\"widget\" data-e-type=\"widget\" data-widget_type=\"text-editor.default\">\n\t\t\t\t<div class=\"elementor-widget-container\">\n\t\t\t\t\t\t\t\t\t<p>Temmuz 2009'da kurulan Sihai Zhonglian, ba\u011f\u0131ms\u0131z ara\u015ft\u0131rma ve geli\u015ftirme, \u00fcretim, sat\u0131\u015f ve OEM \/ ODM hizmetlerini entegre eden, d\u00fcnya \u00e7ap\u0131nda tan\u0131nan bir a\u011f ileti\u015fim ekipman\u0131 tedarik\u00e7isidir. \u00dcr\u00fcn yelpazemiz, kablosuz a\u011f kartlar\u0131, y\u00f6nlendiriciler, eri\u015fim noktalar\u0131, anahtarlar ve daha fazlas\u0131 dahil olmak \u00fczere \u00e7e\u015fitli kablosuz a\u011f ekipmanlar\u0131n\u0131 kapsar. Web sitemizi kullanarak, y\u00fcksek performansl\u0131, son teknoloji \u00fcr\u00fcnler sa\u011flama misyonumuzu kabul etmi\u015f olursunuz.<\/p>\t\t\t\t\t\t\t\t<\/div>\n\t\t\t\t<\/div>\n\t\t\t\t<div class=\"elementor-element elementor-element-2463ec9 elementor-widget elementor-widget-heading\" data-id=\"2463ec9\" data-element_type=\"widget\" data-e-type=\"widget\" data-widget_type=\"heading.default\">\n\t\t\t\t<div class=\"elementor-widget-container\">\n\t\t\t\t\t<h2 class=\"elementor-heading-title elementor-size-default\">2. Web Sitesi Kullan\u0131m\u0131<\/h2>\t\t\t\t<\/div>\n\t\t\t\t<\/div>\n\t\t\t\t<div class=\"elementor-element elementor-element-b0d088c elementor-widget elementor-widget-text-editor\" data-id=\"b0d088c\" data-element_type=\"widget\" data-e-type=\"widget\" data-widget_type=\"text-editor.default\">\n\t\t\t\t<div class=\"elementor-widget-container\">\n\t\t\t\t\t\t\t\t\t<p data-start=\"811\" data-end=\"888\">Bu web sitesine eri\u015ferek a\u015fa\u011f\u0131daki ko\u015fullara uymay\u0131 kabul etmi\u015f olursunuz:<\/p>\n<ul data-start=\"890\" data-end=\"1372\">\n<li data-start=\"890\" data-end=\"1017\">\n<p data-start=\"892\" data-end=\"1017\">Hesab\u0131n\u0131z\u0131n gizlili\u011fini korumaktan ve hesab\u0131n\u0131z alt\u0131nda ger\u00e7ekle\u015fen t\u00fcm faaliyetlerden siz sorumlusunuz.<\/p>\n<\/li>\n<li data-start=\"1018\" data-end=\"1260\">\n<p data-start=\"1020\" data-end=\"1260\">Web sitesini, yetkisiz eri\u015fim, veri kaz\u0131ma veya web sitesinin i\u015flevselli\u011fini bozabilecek veya itibar\u0131na zarar verebilecek k\u00f6t\u00fc niyetli faaliyetler dahil ancak bunlarla s\u0131n\u0131rl\u0131 olmamak \u00fczere herhangi bir yasa d\u0131\u015f\u0131 veya yasaklanm\u0131\u015f faaliyet i\u00e7in kullanmamay\u0131 kabul edersiniz.<\/p>\n<\/li>\n<li data-start=\"1261\" data-end=\"1372\">\n<p data-start=\"1263\" data-end=\"1372\">Bir hesap olu\u015ftururken veya sat\u0131n alma i\u015flemi yaparken do\u011fru, eksiksiz ve g\u00fcncel bilgiler vermelisiniz.<\/p>\n<\/li>\n<\/ul>\t\t\t\t\t\t\t\t<\/div>\n\t\t\t\t<\/div>\n\t\t\t\t<div class=\"elementor-element elementor-element-166d390 elementor-widget elementor-widget-heading\" data-id=\"166d390\" data-element_type=\"widget\" data-e-type=\"widget\" data-widget_type=\"heading.default\">\n\t\t\t\t<div class=\"elementor-widget-container\">\n\t\t\t\t\t<h2 class=\"elementor-heading-title elementor-size-default\">3. \u00dcr\u00fcn Bilgileri ve Bulunabilirli\u011fi<\/h2>\t\t\t\t<\/div>\n\t\t\t\t<\/div>\n\t\t\t\t<div class=\"elementor-element elementor-element-613ae6d elementor-widget elementor-widget-text-editor\" data-id=\"613ae6d\" data-element_type=\"widget\" data-e-type=\"widget\" data-widget_type=\"text-editor.default\">\n\t\t\t\t<div class=\"elementor-widget-container\">\n\t\t\t\t\t\t\t\t\t<ul>\n<li data-start=\"1423\" data-end=\"1708\">\n<p data-start=\"1425\" data-end=\"1708\">Sihai Zhonglian, \u00fcr\u00fcnlerimizin \u00f6zellikleri, teknik \u00f6zellikleri ve fiyatland\u0131rmas\u0131 hakk\u0131nda ayr\u0131nt\u0131l\u0131 bilgi sa\u011flar. T\u00fcm bilgilerin do\u011frulu\u011funu sa\u011flamaya \u00e7al\u0131\u015fsak da, yaz\u0131m hatalar\u0131 veya teknik hatalar olabilir ve \u00fcr\u00fcn mevcudiyeti \u00f6nceden haber verilmeksizin de\u011fi\u015ftirilebilir.<\/p>\n<\/li>\n<li data-start=\"1709\" data-end=\"1907\">\n<p data-start=\"1711\" data-end=\"1907\">Sihai Zhonglian'a ba\u011fl\u0131 bir marka olan COMFRST \u00fcr\u00fcn grubu k\u00fcresel olarak sat\u0131lmakta ve 100'den fazla \u00fclke ve b\u00f6lgede da\u011f\u0131t\u0131lan kablosuz a\u011f kartlar\u0131, kablosuz tekrarlay\u0131c\u0131lar, y\u00f6nlendiriciler ve daha fazlas\u0131n\u0131 i\u00e7ermektedir.<\/p>\n<\/li>\n<\/ul>\t\t\t\t\t\t\t\t<\/div>\n\t\t\t\t<\/div>\n\t\t\t\t<div class=\"elementor-element elementor-element-f477ecd elementor-widget elementor-widget-heading\" data-id=\"f477ecd\" data-element_type=\"widget\" data-e-type=\"widget\" data-widget_type=\"heading.default\">\n\t\t\t\t<div class=\"elementor-widget-container\">\n\t\t\t\t\t<h2 class=\"elementor-heading-title elementor-size-default\">4. Fikri M\u00fclkiyet<\/h2>\t\t\t\t<\/div>\n\t\t\t\t<\/div>\n\t\t\t\t<div class=\"elementor-element elementor-element-20e1871 elementor-widget elementor-widget-text-editor\" data-id=\"20e1871\" data-element_type=\"widget\" data-e-type=\"widget\" data-widget_type=\"text-editor.default\">\n\t\t\t\t<div class=\"elementor-widget-container\">\n\t\t\t\t\t\t\t\t\t<ul>\n<li data-start=\"1943\" data-end=\"2177\">\n<p data-start=\"1945\" data-end=\"2177\">Metin, resim, logo, ticari marka, yaz\u0131l\u0131m ve tasar\u0131m dahil olmak \u00fczere bu web sitesindeki t\u00fcm i\u00e7erik Sihai Zhonglian veya ortaklar\u0131n\u0131n m\u00fclkiyetindedir ve uluslararas\u0131 telif hakk\u0131, ticari marka ve fikri m\u00fclkiyet yasalar\u0131 taraf\u0131ndan korunmaktad\u0131r.<\/p>\n<\/li>\n<li data-start=\"2178\" data-end=\"2310\">\n<p data-start=\"2180\" data-end=\"2310\">Sihai Zhonglian'\u0131n \u00f6nceden yaz\u0131l\u0131 izni olmadan web sitesinin i\u00e7eri\u011finin herhangi bir b\u00f6l\u00fcm\u00fcn\u00fc kopyalayamaz, de\u011fi\u015ftiremez, da\u011f\u0131tamaz veya kullanamazs\u0131n\u0131z.<\/p>\n<\/li>\n<\/ul>\t\t\t\t\t\t\t\t<\/div>\n\t\t\t\t<\/div>\n\t\t\t\t<div class=\"elementor-element elementor-element-8a8ffc2 elementor-widget elementor-widget-heading\" data-id=\"8a8ffc2\" data-element_type=\"widget\" data-e-type=\"widget\" data-widget_type=\"heading.default\">\n\t\t\t\t<div class=\"elementor-widget-container\">\n\t\t\t\t\t<h2 class=\"elementor-heading-title elementor-size-default\">5. \u00dcr\u00fcn Sertifikalar\u0131 ve Patentler<\/h2>\t\t\t\t<\/div>\n\t\t\t\t<\/div>\n\t\t\t\t<div class=\"elementor-element elementor-element-ef4f4af elementor-widget elementor-widget-text-editor\" data-id=\"ef4f4af\" data-element_type=\"widget\" data-e-type=\"widget\" data-widget_type=\"text-editor.default\">\n\t\t\t\t<div class=\"elementor-widget-container\">\n\t\t\t\t\t\t\t\t\t<ul data-start=\"2359\" data-end=\"2596\">\n<li data-start=\"2359\" data-end=\"2499\">\n<p data-start=\"2361\" data-end=\"2499\">Sihai Zhonglian, \u00e7e\u015fitli \u00fclkelerden ISO 9001: 2015, CCC, SRRC, AB CE, ROHS, FCC, KC, TELEC, PSE ve IC gibi sertifikalara sahiptir.<\/p>\n<\/li>\n<li data-start=\"2500\" data-end=\"2596\">\n<p data-start=\"2502\" data-end=\"2596\">Ayr\u0131ca patentler ve yaz\u0131l\u0131m telif haklar\u0131 da dahil olmak \u00fczere 900'den fazla fikri m\u00fclkiyet hakk\u0131na sahibiz.<\/p>\n<\/li>\n<\/ul>\t\t\t\t\t\t\t\t<\/div>\n\t\t\t\t<\/div>\n\t\t\t\t<div class=\"elementor-element elementor-element-1ad9ec9 elementor-widget elementor-widget-heading\" data-id=\"1ad9ec9\" data-element_type=\"widget\" data-e-type=\"widget\" data-widget_type=\"heading.default\">\n\t\t\t\t<div class=\"elementor-widget-container\">\n\t\t\t\t\t<h2 class=\"elementor-heading-title elementor-size-default\">6. Sorumlulu\u011fun S\u0131n\u0131rland\u0131r\u0131lmas\u0131<\/h2>\t\t\t\t<\/div>\n\t\t\t\t<\/div>\n\t\t\t\t<div class=\"elementor-element elementor-element-c2fb97d elementor-widget elementor-widget-text-editor\" data-id=\"c2fb97d\" data-element_type=\"widget\" data-e-type=\"widget\" data-widget_type=\"text-editor.default\">\n\t\t\t\t<div class=\"elementor-widget-container\">\n\t\t\t\t\t\t\t\t\t<ul>\n<li data-start=\"2634\" data-end=\"2852\">\n<p data-start=\"2636\" data-end=\"2852\">Sihai Zhonglian, sundu\u011fumuz \u00fcr\u00fcn ve hizmetlerin en y\u00fcksek kalite standartlar\u0131n\u0131 kar\u015f\u0131lamas\u0131n\u0131 sa\u011flamak i\u00e7in \u00e7aba g\u00f6stermektedir. Ancak, web sitemizin her zaman kesintisiz, hatas\u0131z veya g\u00fcvenli olaca\u011f\u0131n\u0131 garanti etmiyoruz.<\/p>\n<\/li>\n<li data-start=\"2853\" data-end=\"3021\">\n<p data-start=\"2855\" data-end=\"3021\">Dolayl\u0131, ar\u0131zi veya sonu\u00e7 olarak ortaya \u00e7\u0131kan zararlar da dahil olmak \u00fczere, web sitemizi, \u00fcr\u00fcnlerimizi veya hizmetlerimizi kullan\u0131m\u0131n\u0131zdaki herhangi bir kay\u0131p, hasar veya kesintiden sorumlu de\u011filiz.<\/p>\n<\/li>\n<\/ul>\t\t\t\t\t\t\t\t<\/div>\n\t\t\t\t<\/div>\n\t\t\t\t<div class=\"elementor-element elementor-element-9c824e8 elementor-widget elementor-widget-heading\" data-id=\"9c824e8\" data-element_type=\"widget\" data-e-type=\"widget\" data-widget_type=\"heading.default\">\n\t\t\t\t<div class=\"elementor-widget-container\">\n\t\t\t\t\t<h2 class=\"elementor-heading-title elementor-size-default\">7. Gizlilik Politikas\u0131<\/h2>\t\t\t\t<\/div>\n\t\t\t\t<\/div>\n\t\t\t\t<div class=\"elementor-element elementor-element-70b555a elementor-widget elementor-widget-text-editor\" data-id=\"70b555a\" data-element_type=\"widget\" data-e-type=\"widget\" data-widget_type=\"text-editor.default\">\n\t\t\t\t<div class=\"elementor-widget-container\">\n\t\t\t\t\t\t\t\t\t<p>Sihai Zhonglian gizlili\u011finizi korumay\u0131 taahh\u00fct eder. Web sitemizde sa\u011flad\u0131\u011f\u0131n\u0131z t\u00fcm ki\u015fisel bilgiler Gizlilik Politikam\u0131za uygun olarak kullan\u0131lacakt\u0131r. Verilerinizi nas\u0131l toplad\u0131\u011f\u0131m\u0131z\u0131, kulland\u0131\u011f\u0131m\u0131z\u0131 ve korudu\u011fumuzu anlamak i\u00e7in Gizlilik Politikam\u0131z\u0131 okuman\u0131z\u0131 \u00f6neririz.<\/p>\t\t\t\t\t\t\t\t<\/div>\n\t\t\t\t<\/div>\n\t\t\t\t<div class=\"elementor-element elementor-element-0ebb274 elementor-widget elementor-widget-heading\" data-id=\"0ebb274\" data-element_type=\"widget\" data-e-type=\"widget\" data-widget_type=\"heading.default\">\n\t\t\t\t<div class=\"elementor-widget-container\">\n\t\t\t\t\t<h2 class=\"elementor-heading-title elementor-size-default\">8. \u015eartlarda Yap\u0131lan De\u011fi\u015fiklikler<\/h2>\t\t\t\t<\/div>\n\t\t\t\t<\/div>\n\t\t\t\t<div class=\"elementor-element elementor-element-1b44b5d elementor-widget elementor-widget-text-editor\" data-id=\"1b44b5d\" data-element_type=\"widget\" data-e-type=\"widget\" data-widget_type=\"text-editor.default\">\n\t\t\t\t<div class=\"elementor-widget-container\">\n\t\t\t\t\t\t\t\t\t<p>Sihai Zhonglian, bu Kullan\u0131m Ko\u015fullar\u0131n\u0131 istedi\u011fi zaman de\u011fi\u015ftirme hakk\u0131n\u0131 sakl\u0131 tutar. Herhangi bir de\u011fi\u015fiklik bu sayfada yay\u0131nlanacakt\u0131r ve bu t\u00fcr de\u011fi\u015fikliklerden sonra web sitemizi kullanmaya devam ederek, revize edilmi\u015f \u015fartlar\u0131 kabul etmi\u015f olursunuz.<\/p>\t\t\t\t\t\t\t\t<\/div>\n\t\t\t\t<\/div>\n\t\t\t\t<div class=\"elementor-element elementor-element-dc492e8 elementor-widget elementor-widget-heading\" data-id=\"dc492e8\" data-element_type=\"widget\" data-e-type=\"widget\" data-widget_type=\"heading.default\">\n\t\t\t\t<div class=\"elementor-widget-container\">\n\t\t\t\t\t<h2 class=\"elementor-heading-title elementor-size-default\">9. Ge\u00e7erli Kanun<\/h2>\t\t\t\t<\/div>\n\t\t\t\t<\/div>\n\t\t\t\t<div class=\"elementor-element elementor-element-693a311 elementor-widget elementor-widget-text-editor\" data-id=\"693a311\" data-element_type=\"widget\" data-e-type=\"widget\" data-widget_type=\"text-editor.default\">\n\t\t\t\t<div class=\"elementor-widget-container\">\n\t\t\t\t\t\t\t\t\t<p>Bu Kullan\u0131m Ko\u015fullar\u0131, \u00c7in Halk Cumhuriyeti yasalar\u0131na g\u00f6re y\u00f6netilir ve yorumlan\u0131r. Bu \u015fartlardan kaynaklanan her t\u00fcrl\u00fc ihtilaf Shenzhen, Guangdong, \u00c7in'in yetkili mahkemelerinde \u00e7\u00f6z\u00fclecektir.<\/p>\t\t\t\t\t\t\t\t<\/div>\n\t\t\t\t<\/div>\n\t\t\t\t<div class=\"elementor-element elementor-element-a09a558 elementor-widget elementor-widget-heading\" data-id=\"a09a558\" data-element_type=\"widget\" data-e-type=\"widget\" data-widget_type=\"heading.default\">\n\t\t\t\t<div class=\"elementor-widget-container\">\n\t\t\t\t\t<h2 class=\"elementor-heading-title elementor-size-default\">10. Bize Ula\u015f\u0131n<\/h2>\t\t\t\t<\/div>\n\t\t\t\t<\/div>\n\t\t\t\t<div class=\"elementor-element elementor-element-4679cc0 elementor-widget elementor-widget-text-editor\" data-id=\"4679cc0\" data-element_type=\"widget\" data-e-type=\"widget\" data-widget_type=\"text-editor.default\">\n\t\t\t\t<div class=\"elementor-widget-container\">\n\t\t\t\t\t\t\t\t\t<p>Bu Kullan\u0131m Ko\u015fullar\u0131 veya di\u011fer sorular\u0131n\u0131zla ilgili herhangi bir sorunuz veya endi\u015feniz varsa, l\u00fctfen web sitemizde verilen ileti\u015fim bilgileri arac\u0131l\u0131\u011f\u0131yla bizimle ileti\u015fime ge\u00e7mekten \u00e7ekinmeyin.<\/p>\t\t\t\t\t\t\t\t<\/div>\n\t\t\t\t<\/div>\n\t\t\t\t\t<\/div>\n\t\t\t\t<\/div>\n\t\t\t\t<\/div>\n\t\t\n    <div class=\"xs_social_share_widget xs_share_url after_content \t\tmain_content  wslu-style-1 wslu-share-box-shaped wslu-fill-colored wslu-none wslu-share-horizontal wslu-theme-font-no wslu-main_content\">\n\n\t\t\n        <ul>\n\t\t\t        <\/ul>\n    <\/div>","protected":false},"excerpt":{"rendered":"<p>Terms Of Use Warranty Terms | Terms of Use | Announcement | Repair Outlet Welcome to the official website of Sihai Zhonglian! By accessing and using our website, you agree to the following terms and conditions. Please read these terms carefully before using our services. 1. Introduction Sihai Zhonglian, established in July 2009, is a [&hellip;]<\/p>","protected":false},"author":3,"featured_media":0,"parent":0,"menu_order":0,"comment_status":"closed","ping_status":"closed","template":"","meta":{"_acf_changed":false,"postBodyCss":"","postBodyMargin":[],"postBodyPadding":[],"postBodyBackground":{"backgroundType":"classic","gradient":""},"footnotes":"","_links_to":"","_links_to_target":""},"class_list":["post-7101","page","type-page","status-publish","hentry"],"acf":[],"_links":{"self":[{"href":"https:\/\/www.encomfast.com\/tr\/wp-json\/wp\/v2\/pages\/7101","targetHints":{"allow":["GET"]}}],"collection":[{"href":"https:\/\/www.encomfast.com\/tr\/wp-json\/wp\/v2\/pages"}],"about":[{"href":"https:\/\/www.encomfast.com\/tr\/wp-json\/wp\/v2\/types\/page"}],"author":[{"embeddable":true,"href":"https:\/\/www.encomfast.com\/tr\/wp-json\/wp\/v2\/users\/3"}],"replies":[{"embeddable":true,"href":"https:\/\/www.encomfast.com\/tr\/wp-json\/wp\/v2\/comments?post=7101"}],"version-history":[{"count":0,"href":"https:\/\/www.encomfast.com\/tr\/wp-json\/wp\/v2\/pages\/7101\/revisions"}],"wp:attachment":[{"href":"https:\/\/www.encomfast.com\/tr\/wp-json\/wp\/v2\/media?parent=7101"}],"curies":[{"name":"wp","href":"https:\/\/api.w.org\/{rel}","templated":true}]}}