{"id":17570,"date":"2025-11-18T08:14:58","date_gmt":"2025-11-18T08:14:58","guid":{"rendered":"https:\/\/comfast-20250731.com\/?post_type=product&#038;p=17570"},"modified":"2025-12-15T02:17:15","modified_gmt":"2025-12-15T02:17:15","slug":"%e8%af%a6%e6%83%85%e9%a1%b5%e5%ba%95%e9%83%a8%e6%96%87%e5%ad%97","status":"publish","type":"product","link":"https:\/\/www.encomfast.com\/tr\/urun\/%e8%af%a6%e6%83%85%e9%a1%b5%e5%ba%95%e9%83%a8%e6%96%87%e5%ad%97\/","title":{"rendered":"\u8be6\u60c5\u9875\u5e95\u90e8\u6587\u5b57"},"content":{"rendered":"<div data-elementor-type=\"product-post\" data-elementor-id=\"17570\" class=\"elementor elementor-17570\" data-elementor-post-type=\"product\">\n\t\t\t\t<div class=\"elementor-element elementor-element-25489e5d e-flex e-con-boxed lakit-col-width-auto-no e-container e-root-container elementor-top-section e-con e-parent\" data-id=\"25489e5d\" data-element_type=\"container\" data-e-type=\"container\">\n\t\t\t\t\t<div class=\"e-con-inner\">\n\t\t\t\t<div class=\"elementor-element elementor-element-9fbfa90 elementor-widget elementor-widget-text-editor\" data-id=\"9fbfa90\" data-element_type=\"widget\" data-e-type=\"widget\" data-widget_type=\"text-editor.default\">\n\t\t\t\t<div class=\"elementor-widget-container\">\n\t\t\t\t\t\t\t\t\t<p><span style=\"font-family: helvetica, arial, sans-serif; font-size: 12px; color: #999999;\">*Bu sayfadaki \u00fcr\u00fcn g\u00f6rselleri ve tan\u0131t\u0131m senaryolar\u0131 yaln\u0131zca a\u00e7\u0131klama ama\u00e7l\u0131d\u0131r ve ger\u00e7ek \u00fcr\u00fcnden k\u00fc\u00e7\u00fck farkl\u0131l\u0131klar g\u00f6sterebilir. L\u00fctfen do\u011fruluk i\u00e7in fiziksel \u00fcr\u00fcne bak\u0131n.<\/span><br \/><span style=\"font-family: helvetica, arial, sans-serif; font-size: 12px; color: #999999;\">*Bu sayfadaki veriler, COMFAST'\u0131n dahili laboratuvar\u0131ndan belirli test ko\u015fullar\u0131 alt\u0131nda elde edilen teorik de\u011ferlerdir. Ger\u00e7ek kullan\u0131m, bireysel \u00fcr\u00fcn farkl\u0131l\u0131klar\u0131, yaz\u0131l\u0131m s\u00fcr\u00fcmleri, kullan\u0131m ko\u015fullar\u0131 ve \u00e7evresel fakt\u00f6rler nedeniyle de\u011fi\u015fiklik g\u00f6sterebilir. Do\u011fru g\u00f6sterim i\u00e7in l\u00fctfen ger\u00e7ek d\u00fcnya kullan\u0131m\u0131na bak\u0131n.<\/span><br \/><span style=\"font-family: helvetica, arial, sans-serif; font-size: 12px; color: #999999;\">*M\u00fcmk\u00fcn oldu\u011funca do\u011fru \u00fcr\u00fcn bilgileri, teknik \u00f6zellikler ve \u00f6zellikler sa\u011flamak i\u00e7in COMFAST, ger\u00e7ek \u00fcr\u00fcn performans\u0131, teknik \u00f6zellikler, ambalaj ve aksesuarlarla uyumlulu\u011fu sa\u011flamak i\u00e7in bu sayfadaki metin a\u00e7\u0131klamalar\u0131n\u0131, g\u00f6r\u00fcnt\u00fc efektlerini ve di\u011fer i\u00e7eri\u011fi periyodik olarak ayarlayabilir ve revize edebilir. Bu t\u00fcr ayarlamalar\u0131n veya revizyonlar\u0131n gerekli olmas\u0131 halinde, \u00f6nceden bildirimde bulunulmayacakt\u0131r.<\/span><\/p>\t\t\t\t\t\t\t\t<\/div>\n\t\t\t\t<\/div>\n\t\t\t\t\t<\/div>\n\t\t\t\t<\/div>\n\t\t\t\t<\/div>\n\t\t\n    <div class=\"xs_social_share_widget xs_share_url after_content \t\tmain_content  wslu-style-1 wslu-share-box-shaped wslu-fill-colored wslu-none wslu-share-horizontal wslu-theme-font-no wslu-main_content\">\n\n\t\t\n        <ul>\n\t\t\t        <\/ul>\n    <\/div>","protected":false},"excerpt":{"rendered":"<p>*The product images and demonstration scenarios on this page are for illustrative purposes only and may have slight differences from the actual product. Please refer to the physical product for accuracy.*The data on this page are theoretical values obtained from COMFAST&#8217;s internal laboratory under specific testing conditions. Actual usage may vary due to individual product [&hellip;]<\/p>","protected":false},"featured_media":0,"template":"","meta":{"_acf_changed":false,"postBodyCss":"","postBodyMargin":[],"postBodyPadding":[],"postBodyBackground":{"backgroundType":"classic","gradient":""},"_links_to":"","_links_to_target":""},"product_brand":[],"product_cat":[213],"product_tag":[],"class_list":{"0":"post-17570","1":"product","2":"type-product","3":"status-publish","5":"product_cat-pwr-repeater","7":"first","8":"instock","9":"shipping-taxable","10":"product-type-simple"},"acf":[],"_links":{"self":[{"href":"https:\/\/www.encomfast.com\/tr\/wp-json\/wp\/v2\/product\/17570","targetHints":{"allow":["GET"]}}],"collection":[{"href":"https:\/\/www.encomfast.com\/tr\/wp-json\/wp\/v2\/product"}],"about":[{"href":"https:\/\/www.encomfast.com\/tr\/wp-json\/wp\/v2\/types\/product"}],"version-history":[{"count":0,"href":"https:\/\/www.encomfast.com\/tr\/wp-json\/wp\/v2\/product\/17570\/revisions"}],"wp:attachment":[{"href":"https:\/\/www.encomfast.com\/tr\/wp-json\/wp\/v2\/media?parent=17570"}],"wp:term":[{"taxonomy":"product_brand","embeddable":true,"href":"https:\/\/www.encomfast.com\/tr\/wp-json\/wp\/v2\/product_brand?post=17570"},{"taxonomy":"product_cat","embeddable":true,"href":"https:\/\/www.encomfast.com\/tr\/wp-json\/wp\/v2\/product_cat?post=17570"},{"taxonomy":"product_tag","embeddable":true,"href":"https:\/\/www.encomfast.com\/tr\/wp-json\/wp\/v2\/product_tag?post=17570"}],"curies":[{"name":"wp","href":"https:\/\/api.w.org\/{rel}","templated":true}]}}