{"id":18630,"date":"2025-11-28T07:22:10","date_gmt":"2025-11-28T07:22:10","guid":{"rendered":"https:\/\/comfast-20250731.com\/?post_type=product&#038;p=18630"},"modified":"2025-12-25T09:58:03","modified_gmt":"2025-12-25T09:58:03","slug":"150mbps-mini-usb-wireless-adapter-5","status":"publish","type":"product","link":"https:\/\/www.encomfast.com\/tr\/urun\/150mbps-mini-usb-wireless-adapter-5\/","title":{"rendered":"150Mbps Mini USB Kablosuz Adapt\u00f6r"},"content":{"rendered":"<div data-elementor-type=\"product-post\" data-elementor-id=\"18630\" class=\"elementor elementor-18630\" data-elementor-post-type=\"product\">\n\t\t\t\t<div class=\"elementor-element elementor-element-342e71e5 e-con-full elementor-hidden-desktop elementor-hidden-tablet e-flex lakit-col-width-auto-no e-container e-root-container elementor-top-section e-con e-parent\" data-id=\"342e71e5\" data-element_type=\"container\" data-e-type=\"container\">\n\t\t\t\t<div class=\"elementor-element elementor-element-2cc18c6 elementor-widget__width-inherit elementor-widget elementor-widget-text-editor\" data-id=\"2cc18c6\" data-element_type=\"widget\" data-e-type=\"widget\" data-widget_type=\"text-editor.default\">\n\t\t\t\t<div class=\"elementor-widget-container\">\n\t\t\t\t\t\t\t\t\t<p><img fetchpriority=\"high\" decoding=\"async\" class=\"aligncenter size-full wp-image-22250\" src=\"https:\/\/www.encomfast.com\/wp-content\/uploads\/2025\/12\/CF-WU815N\u82f1\u6587\u8be6\u60c5_01.jpg\" alt=\"\" width=\"960\" height=\"671\" srcset=\"https:\/\/www.encomfast.com\/wp-content\/uploads\/2025\/12\/CF-WU815N\u82f1\u6587\u8be6\u60c5_01.jpg 960w, https:\/\/www.encomfast.com\/wp-content\/uploads\/2025\/12\/CF-WU815N\u82f1\u6587\u8be6\u60c5_01-600x419.jpg 600w, https:\/\/www.encomfast.com\/wp-content\/uploads\/2025\/12\/CF-WU815N\u82f1\u6587\u8be6\u60c5_01-300x210.jpg 300w, https:\/\/www.encomfast.com\/wp-content\/uploads\/2025\/12\/CF-WU815N\u82f1\u6587\u8be6\u60c5_01-768x537.jpg 768w, https:\/\/www.encomfast.com\/wp-content\/uploads\/2025\/12\/CF-WU815N\u82f1\u6587\u8be6\u60c5_01-18x12.jpg 18w\" sizes=\"(max-width: 960px) 100vw, 960px\" \/> <img decoding=\"async\" class=\"aligncenter size-full wp-image-22251\" src=\"https:\/\/www.encomfast.com\/wp-content\/uploads\/2025\/12\/CF-WU815N\u82f1\u6587\u8be6\u60c5_02.jpg\" alt=\"\" width=\"960\" height=\"631\" srcset=\"https:\/\/www.encomfast.com\/wp-content\/uploads\/2025\/12\/CF-WU815N\u82f1\u6587\u8be6\u60c5_02.jpg 960w, https:\/\/www.encomfast.com\/wp-content\/uploads\/2025\/12\/CF-WU815N\u82f1\u6587\u8be6\u60c5_02-600x394.jpg 600w, https:\/\/www.encomfast.com\/wp-content\/uploads\/2025\/12\/CF-WU815N\u82f1\u6587\u8be6\u60c5_02-300x197.jpg 300w, https:\/\/www.encomfast.com\/wp-content\/uploads\/2025\/12\/CF-WU815N\u82f1\u6587\u8be6\u60c5_02-768x505.jpg 768w, https:\/\/www.encomfast.com\/wp-content\/uploads\/2025\/12\/CF-WU815N\u82f1\u6587\u8be6\u60c5_02-18x12.jpg 18w\" sizes=\"(max-width: 960px) 100vw, 960px\" \/> <img decoding=\"async\" class=\"aligncenter size-full wp-image-22252\" src=\"https:\/\/www.encomfast.com\/wp-content\/uploads\/2025\/12\/CF-WU815N\u82f1\u6587\u8be6\u60c5_03.jpg\" alt=\"\" width=\"960\" height=\"1094\" srcset=\"https:\/\/www.encomfast.com\/wp-content\/uploads\/2025\/12\/CF-WU815N\u82f1\u6587\u8be6\u60c5_03.jpg 960w, https:\/\/www.encomfast.com\/wp-content\/uploads\/2025\/12\/CF-WU815N\u82f1\u6587\u8be6\u60c5_03-600x684.jpg 600w, https:\/\/www.encomfast.com\/wp-content\/uploads\/2025\/12\/CF-WU815N\u82f1\u6587\u8be6\u60c5_03-263x300.jpg 263w, https:\/\/www.encomfast.com\/wp-content\/uploads\/2025\/12\/CF-WU815N\u82f1\u6587\u8be6\u60c5_03-899x1024.jpg 899w, https:\/\/www.encomfast.com\/wp-content\/uploads\/2025\/12\/CF-WU815N\u82f1\u6587\u8be6\u60c5_03-768x875.jpg 768w, https:\/\/www.encomfast.com\/wp-content\/uploads\/2025\/12\/CF-WU815N\u82f1\u6587\u8be6\u60c5_03-11x12.jpg 11w\" sizes=\"(max-width: 960px) 100vw, 960px\" \/> <img loading=\"lazy\" decoding=\"async\" class=\"aligncenter size-full wp-image-22253\" src=\"https:\/\/www.encomfast.com\/wp-content\/uploads\/2025\/12\/CF-WU815N\u82f1\u6587\u8be6\u60c5_04.jpg\" alt=\"\" width=\"960\" height=\"1060\" srcset=\"https:\/\/www.encomfast.com\/wp-content\/uploads\/2025\/12\/CF-WU815N\u82f1\u6587\u8be6\u60c5_04.jpg 960w, https:\/\/www.encomfast.com\/wp-content\/uploads\/2025\/12\/CF-WU815N\u82f1\u6587\u8be6\u60c5_04-600x663.jpg 600w, https:\/\/www.encomfast.com\/wp-content\/uploads\/2025\/12\/CF-WU815N\u82f1\u6587\u8be6\u60c5_04-272x300.jpg 272w, https:\/\/www.encomfast.com\/wp-content\/uploads\/2025\/12\/CF-WU815N\u82f1\u6587\u8be6\u60c5_04-927x1024.jpg 927w, https:\/\/www.encomfast.com\/wp-content\/uploads\/2025\/12\/CF-WU815N\u82f1\u6587\u8be6\u60c5_04-768x848.jpg 768w, https:\/\/www.encomfast.com\/wp-content\/uploads\/2025\/12\/CF-WU815N\u82f1\u6587\u8be6\u60c5_04-11x12.jpg 11w\" sizes=\"(max-width: 960px) 100vw, 960px\" \/> <img loading=\"lazy\" decoding=\"async\" class=\"aligncenter size-full wp-image-22254\" src=\"https:\/\/www.encomfast.com\/wp-content\/uploads\/2025\/12\/CF-WU815N\u82f1\u6587\u8be6\u60c5_05.jpg\" alt=\"\" width=\"960\" height=\"754\" srcset=\"https:\/\/www.encomfast.com\/wp-content\/uploads\/2025\/12\/CF-WU815N\u82f1\u6587\u8be6\u60c5_05.jpg 960w, https:\/\/www.encomfast.com\/wp-content\/uploads\/2025\/12\/CF-WU815N\u82f1\u6587\u8be6\u60c5_05-600x471.jpg 600w, https:\/\/www.encomfast.com\/wp-content\/uploads\/2025\/12\/CF-WU815N\u82f1\u6587\u8be6\u60c5_05-300x236.jpg 300w, https:\/\/www.encomfast.com\/wp-content\/uploads\/2025\/12\/CF-WU815N\u82f1\u6587\u8be6\u60c5_05-768x603.jpg 768w, https:\/\/www.encomfast.com\/wp-content\/uploads\/2025\/12\/CF-WU815N\u82f1\u6587\u8be6\u60c5_05-15x12.jpg 15w\" sizes=\"(max-width: 960px) 100vw, 960px\" \/> <img loading=\"lazy\" decoding=\"async\" class=\"aligncenter size-full wp-image-22255\" src=\"https:\/\/www.encomfast.com\/wp-content\/uploads\/2025\/12\/CF-WU815N\u82f1\u6587\u8be6\u60c5_06.jpg\" alt=\"\" width=\"960\" height=\"710\" srcset=\"https:\/\/www.encomfast.com\/wp-content\/uploads\/2025\/12\/CF-WU815N\u82f1\u6587\u8be6\u60c5_06.jpg 960w, https:\/\/www.encomfast.com\/wp-content\/uploads\/2025\/12\/CF-WU815N\u82f1\u6587\u8be6\u60c5_06-600x444.jpg 600w, https:\/\/www.encomfast.com\/wp-content\/uploads\/2025\/12\/CF-WU815N\u82f1\u6587\u8be6\u60c5_06-300x222.jpg 300w, https:\/\/www.encomfast.com\/wp-content\/uploads\/2025\/12\/CF-WU815N\u82f1\u6587\u8be6\u60c5_06-768x568.jpg 768w, https:\/\/www.encomfast.com\/wp-content\/uploads\/2025\/12\/CF-WU815N\u82f1\u6587\u8be6\u60c5_06-16x12.jpg 16w\" sizes=\"(max-width: 960px) 100vw, 960px\" \/> <img loading=\"lazy\" decoding=\"async\" class=\"aligncenter size-full wp-image-22256\" src=\"https:\/\/www.encomfast.com\/wp-content\/uploads\/2025\/12\/CF-WU815N\u82f1\u6587\u8be6\u60c5_07.jpg\" alt=\"\" width=\"960\" height=\"720\" srcset=\"https:\/\/www.encomfast.com\/wp-content\/uploads\/2025\/12\/CF-WU815N\u82f1\u6587\u8be6\u60c5_07.jpg 960w, https:\/\/www.encomfast.com\/wp-content\/uploads\/2025\/12\/CF-WU815N\u82f1\u6587\u8be6\u60c5_07-600x450.jpg 600w, https:\/\/www.encomfast.com\/wp-content\/uploads\/2025\/12\/CF-WU815N\u82f1\u6587\u8be6\u60c5_07-300x225.jpg 300w, https:\/\/www.encomfast.com\/wp-content\/uploads\/2025\/12\/CF-WU815N\u82f1\u6587\u8be6\u60c5_07-768x576.jpg 768w, https:\/\/www.encomfast.com\/wp-content\/uploads\/2025\/12\/CF-WU815N\u82f1\u6587\u8be6\u60c5_07-16x12.jpg 16w\" sizes=\"(max-width: 960px) 100vw, 960px\" \/> <img loading=\"lazy\" decoding=\"async\" class=\"aligncenter size-full wp-image-22257\" src=\"https:\/\/www.encomfast.com\/wp-content\/uploads\/2025\/12\/CF-WU815N\u82f1\u6587\u8be6\u60c5_08.jpg\" alt=\"\" width=\"960\" height=\"813\" srcset=\"https:\/\/www.encomfast.com\/wp-content\/uploads\/2025\/12\/CF-WU815N\u82f1\u6587\u8be6\u60c5_08.jpg 960w, https:\/\/www.encomfast.com\/wp-content\/uploads\/2025\/12\/CF-WU815N\u82f1\u6587\u8be6\u60c5_08-600x508.jpg 600w, https:\/\/www.encomfast.com\/wp-content\/uploads\/2025\/12\/CF-WU815N\u82f1\u6587\u8be6\u60c5_08-300x254.jpg 300w, https:\/\/www.encomfast.com\/wp-content\/uploads\/2025\/12\/CF-WU815N\u82f1\u6587\u8be6\u60c5_08-768x650.jpg 768w, https:\/\/www.encomfast.com\/wp-content\/uploads\/2025\/12\/CF-WU815N\u82f1\u6587\u8be6\u60c5_08-14x12.jpg 14w\" sizes=\"(max-width: 960px) 100vw, 960px\" \/> <img loading=\"lazy\" decoding=\"async\" class=\"aligncenter size-full wp-image-22258\" src=\"https:\/\/www.encomfast.com\/wp-content\/uploads\/2025\/12\/CF-WU815N\u82f1\u6587\u8be6\u60c5_09.jpg\" alt=\"\" width=\"960\" height=\"725\" srcset=\"https:\/\/www.encomfast.com\/wp-content\/uploads\/2025\/12\/CF-WU815N\u82f1\u6587\u8be6\u60c5_09.jpg 960w, https:\/\/www.encomfast.com\/wp-content\/uploads\/2025\/12\/CF-WU815N\u82f1\u6587\u8be6\u60c5_09-600x453.jpg 600w, https:\/\/www.encomfast.com\/wp-content\/uploads\/2025\/12\/CF-WU815N\u82f1\u6587\u8be6\u60c5_09-300x227.jpg 300w, https:\/\/www.encomfast.com\/wp-content\/uploads\/2025\/12\/CF-WU815N\u82f1\u6587\u8be6\u60c5_09-768x580.jpg 768w, https:\/\/www.encomfast.com\/wp-content\/uploads\/2025\/12\/CF-WU815N\u82f1\u6587\u8be6\u60c5_09-16x12.jpg 16w\" sizes=\"(max-width: 960px) 100vw, 960px\" \/> <img loading=\"lazy\" decoding=\"async\" class=\"aligncenter size-full wp-image-22259\" src=\"https:\/\/www.encomfast.com\/wp-content\/uploads\/2025\/12\/CF-WU815N\u82f1\u6587\u8be6\u60c5_10.jpg\" alt=\"\" width=\"960\" height=\"914\" srcset=\"https:\/\/www.encomfast.com\/wp-content\/uploads\/2025\/12\/CF-WU815N\u82f1\u6587\u8be6\u60c5_10.jpg 960w, https:\/\/www.encomfast.com\/wp-content\/uploads\/2025\/12\/CF-WU815N\u82f1\u6587\u8be6\u60c5_10-600x571.jpg 600w, https:\/\/www.encomfast.com\/wp-content\/uploads\/2025\/12\/CF-WU815N\u82f1\u6587\u8be6\u60c5_10-300x286.jpg 300w, https:\/\/www.encomfast.com\/wp-content\/uploads\/2025\/12\/CF-WU815N\u82f1\u6587\u8be6\u60c5_10-768x731.jpg 768w, https:\/\/www.encomfast.com\/wp-content\/uploads\/2025\/12\/CF-WU815N\u82f1\u6587\u8be6\u60c5_10-13x12.jpg 13w\" sizes=\"(max-width: 960px) 100vw, 960px\" \/> <img loading=\"lazy\" decoding=\"async\" class=\"aligncenter size-full wp-image-22260\" src=\"https:\/\/www.encomfast.com\/wp-content\/uploads\/2025\/12\/CF-WU815N\u82f1\u6587\u8be6\u60c5_11.jpg\" alt=\"\" width=\"960\" height=\"675\" srcset=\"https:\/\/www.encomfast.com\/wp-content\/uploads\/2025\/12\/CF-WU815N\u82f1\u6587\u8be6\u60c5_11.jpg 960w, https:\/\/www.encomfast.com\/wp-content\/uploads\/2025\/12\/CF-WU815N\u82f1\u6587\u8be6\u60c5_11-600x422.jpg 600w, https:\/\/www.encomfast.com\/wp-content\/uploads\/2025\/12\/CF-WU815N\u82f1\u6587\u8be6\u60c5_11-300x211.jpg 300w, https:\/\/www.encomfast.com\/wp-content\/uploads\/2025\/12\/CF-WU815N\u82f1\u6587\u8be6\u60c5_11-768x540.jpg 768w, https:\/\/www.encomfast.com\/wp-content\/uploads\/2025\/12\/CF-WU815N\u82f1\u6587\u8be6\u60c5_11-18x12.jpg 18w\" sizes=\"(max-width: 960px) 100vw, 960px\" \/><\/p>\t\t\t\t\t\t\t\t<\/div>\n\t\t\t\t<\/div>\n\t\t\t\t<\/div>\n\t\t<div class=\"elementor-element elementor-element-7152b2fe e-con-full elementor-hidden-mobile e-flex lakit-col-width-auto-no e-container e-root-container elementor-top-section e-con e-parent\" data-id=\"7152b2fe\" data-element_type=\"container\" data-e-type=\"container\">\n\t\t<div class=\"elementor-element elementor-element-254f9791 e-con-full e-flex lakit-col-width-auto-no e-container e-con e-child\" data-id=\"254f9791\" data-element_type=\"container\" data-e-type=\"container\" data-settings=\"{&quot;background_background&quot;:&quot;classic&quot;}\">\n\t\t\t\t<\/div>\n\t\t<div class=\"elementor-element elementor-element-5b9f968 e-con-full e-flex lakit-col-width-auto-no e-container e-con e-child\" data-id=\"5b9f968\" data-element_type=\"container\" data-e-type=\"container\" data-settings=\"{&quot;background_background&quot;:&quot;classic&quot;}\">\n\t\t\t\t<\/div>\n\t\t<div class=\"elementor-element elementor-element-43d2225 e-con-full e-flex lakit-col-width-auto-no e-container e-con e-child\" data-id=\"43d2225\" data-element_type=\"container\" data-e-type=\"container\" data-settings=\"{&quot;background_background&quot;:&quot;classic&quot;}\">\n\t\t\t\t<div class=\"elementor-element elementor-element-ecdb384 elementor-widget elementor-widget-heading\" data-id=\"ecdb384\" data-element_type=\"widget\" data-e-type=\"widget\" data-widget_type=\"heading.default\">\n\t\t\t\t<div class=\"elementor-widget-container\">\n\t\t\t\t\t<h1 class=\"elementor-heading-title elementor-size-default\">Mini K\u00fc\u00e7\u00fck G\u00f6vde Tasar\u0131m\u0131<\/h1>\t\t\t\t<\/div>\n\t\t\t\t<\/div>\n\t\t\t\t<div class=\"elementor-element elementor-element-28f47d0 elementor-widget elementor-widget-text-editor\" data-id=\"28f47d0\" data-element_type=\"widget\" data-e-type=\"widget\" data-widget_type=\"text-editor.default\">\n\t\t\t\t<div class=\"elementor-widget-container\">\n\t\t\t\t\t\t\t\t\t<p>CF-WU815N m\u00fckemmel bir i\u015f\u00e7ili\u011fe sahiptir. Ayr\u0131ca \u00e7evre dostu ABS malzemeden \u00fcretilmi\u015ftir,\u00a0<\/p>\n<p>Bu da g\u00f6vdeyi koruyabilir ve daha zarif g\u00f6r\u00fcnmesini sa\u011flayabilir.<\/p>\t\t\t\t\t\t\t\t<\/div>\n\t\t\t\t<\/div>\n\t\t\t\t<\/div>\n\t\t<div class=\"elementor-element elementor-element-2d297fb e-con-full e-flex lakit-col-width-auto-no e-container e-con e-child\" data-id=\"2d297fb\" data-element_type=\"container\" data-e-type=\"container\" data-settings=\"{&quot;background_background&quot;:&quot;classic&quot;}\">\n\t\t\t\t<div class=\"elementor-element elementor-element-d73a7fd elementor-widget elementor-widget-heading\" data-id=\"d73a7fd\" data-element_type=\"widget\" data-e-type=\"widget\" data-widget_type=\"heading.default\">\n\t\t\t\t<div class=\"elementor-widget-container\">\n\t\t\t\t\t<h1 class=\"elementor-heading-title elementor-size-default\">\u00dccretsiz S\u00fcr\u00fcc\u00fc ve Otomatik Kurulum<\/h1>\t\t\t\t<\/div>\n\t\t\t\t<\/div>\n\t\t\t\t<div class=\"elementor-element elementor-element-70dc076 elementor-widget elementor-widget-text-editor\" data-id=\"70dc076\" data-element_type=\"widget\" data-e-type=\"widget\" data-widget_type=\"text-editor.default\">\n\t\t\t\t<div class=\"elementor-widget-container\">\n\t\t\t\t\t\t\t\t\t<p>CF-WU815N dahili kablosuz s\u00fcr\u00fcc\u00fcye sahiptir. CD'ye ve indirmeye gerek yoktur.\u00a0<\/p>\n<p>Tek yapman\u0131z gereken takmak ve \u00e7al\u0131\u015ft\u0131rmak.<\/p>\t\t\t\t\t\t\t\t<\/div>\n\t\t\t\t<\/div>\n\t\t\t\t<\/div>\n\t\t<div class=\"elementor-element elementor-element-d288635 e-con-full e-flex lakit-col-width-auto-no e-container e-con e-child\" data-id=\"d288635\" data-element_type=\"container\" data-e-type=\"container\" data-settings=\"{&quot;background_background&quot;:&quot;classic&quot;}\">\n\t\t\t\t<\/div>\n\t\t<div class=\"elementor-element elementor-element-f50145a e-con-full e-flex lakit-col-width-auto-no e-container e-con e-child\" data-id=\"f50145a\" data-element_type=\"container\" data-e-type=\"container\" data-settings=\"{&quot;background_background&quot;:&quot;classic&quot;}\">\n\t\t\t\t<div class=\"elementor-element elementor-element-2ee8e21 elementor-widget elementor-widget-heading\" data-id=\"2ee8e21\" data-element_type=\"widget\" data-e-type=\"widget\" data-widget_type=\"heading.default\">\n\t\t\t\t<div class=\"elementor-widget-container\">\n\t\t\t\t\t<h1 class=\"elementor-heading-title elementor-size-default\">WiFi Al\u0131m\u0131 <\/h1>\t\t\t\t<\/div>\n\t\t\t\t<\/div>\n\t\t\t\t<div class=\"elementor-element elementor-element-6a6ebb6 elementor-widget elementor-widget-text-editor\" data-id=\"6a6ebb6\" data-element_type=\"widget\" data-e-type=\"widget\" data-widget_type=\"text-editor.default\">\n\t\t\t\t<div class=\"elementor-widget-container\">\n\t\t\t\t\t\t\t\t\t<p>Masa\u00fcst\u00fc bilgisayar\u0131n WiFi sinyalini kolayca almas\u0131n\u0131 sa\u011flayabilir ve WiFi kalitesi kablolu a\u011f ile ayn\u0131d\u0131r<\/p>\t\t\t\t\t\t\t\t<\/div>\n\t\t\t\t<\/div>\n\t\t\t\t<\/div>\n\t\t<div class=\"elementor-element elementor-element-f48a2e2 e-con-full e-flex lakit-col-width-auto-no e-container e-con e-child\" data-id=\"f48a2e2\" data-element_type=\"container\" data-e-type=\"container\" data-settings=\"{&quot;background_background&quot;:&quot;classic&quot;}\">\n\t\t\t\t<div class=\"elementor-element elementor-element-8e83aad elementor-widget elementor-widget-heading\" data-id=\"8e83aad\" data-element_type=\"widget\" data-e-type=\"widget\" data-widget_type=\"heading.default\">\n\t\t\t\t<div class=\"elementor-widget-container\">\n\t\t\t\t\t<h1 class=\"elementor-heading-title elementor-size-default\">WiFi \u0130letimi<\/h1>\t\t\t\t<\/div>\n\t\t\t\t<\/div>\n\t\t\t\t<div class=\"elementor-element elementor-element-5d03624 elementor-widget elementor-widget-text-editor\" data-id=\"5d03624\" data-element_type=\"widget\" data-e-type=\"widget\" data-widget_type=\"text-editor.default\">\n\t\t\t\t<div class=\"elementor-widget-container\">\n\t\t\t\t\t\t\t\t\t<p>CF-WU815N'yi a\u011f\u0131 olan diz\u00fcst\u00fc bilgisayara tak\u0131n. B\u00f6ylece etraftaki t\u00fcm insanlar WiFi sinyaline sahip olabilir.<\/p>\t\t\t\t\t\t\t\t<\/div>\n\t\t\t\t<\/div>\n\t\t\t\t<\/div>\n\t\t<div class=\"elementor-element elementor-element-a55039d e-con-full e-flex lakit-col-width-auto-no e-container e-con e-child\" data-id=\"a55039d\" data-element_type=\"container\" data-e-type=\"container\" data-settings=\"{&quot;background_background&quot;:&quot;classic&quot;}\">\n\t\t\t\t<div class=\"elementor-element elementor-element-849d7e1 elementor-widget elementor-widget-heading\" data-id=\"849d7e1\" data-element_type=\"widget\" data-e-type=\"widget\" data-widget_type=\"heading.default\">\n\t\t\t\t<div class=\"elementor-widget-container\">\n\t\t\t\t\t<h1 class=\"elementor-heading-title elementor-size-default\">Yumu\u015fak AP \u0130\u015flevi<\/h1>\t\t\t\t<\/div>\n\t\t\t\t<\/div>\n\t\t\t\t<div class=\"elementor-element elementor-element-b34a3d2 elementor-widget elementor-widget-text-editor\" data-id=\"b34a3d2\" data-element_type=\"widget\" data-e-type=\"widget\" data-widget_type=\"text-editor.default\">\n\t\t\t\t<div class=\"elementor-widget-container\">\n\t\t\t\t\t\t\t\t\t<p>CF-WU815N'yi a\u011f\u0131 olan diz\u00fcst\u00fc bilgisayara tak\u0131n. O zaman etraftaki t\u00fcm insanlar\u00a0<\/p>\n<p>WiFi i\u015fareti Y\u00f6nlendirici\/AP yoksa, CF-WU815N'yi a\u011fa sahip cihazlara tak\u0131n\u00a0<\/p>\n<p>zaten varsa, WiFi'yi di\u011fer cihazlarla payla\u015fabilir ve video izlemenin keyfini \u00e7\u0131karabilirsiniz,\u00a0<\/p>\n<p>m\u00fczik dinlemek, oyun oynamak, al\u0131\u015fveri\u015f yapmak vb.<\/p>\t\t\t\t\t\t\t\t<\/div>\n\t\t\t\t<\/div>\n\t\t\t\t<\/div>\n\t\t<div class=\"elementor-element elementor-element-16d8450 e-con-full e-flex lakit-col-width-auto-no e-container e-con e-child\" data-id=\"16d8450\" data-element_type=\"container\" data-e-type=\"container\" data-settings=\"{&quot;background_background&quot;:&quot;classic&quot;}\">\n\t\t\t\t<div class=\"elementor-element elementor-element-01d6cc2 elementor-widget elementor-widget-heading\" data-id=\"01d6cc2\" data-element_type=\"widget\" data-e-type=\"widget\" data-widget_type=\"heading.default\">\n\t\t\t\t<div class=\"elementor-widget-container\">\n\t\t\t\t\t<h1 class=\"elementor-heading-title elementor-size-default\">G\u00fcvenlik \u015eifrelemesini Destekleyin<\/h1>\t\t\t\t<\/div>\n\t\t\t\t<\/div>\n\t\t\t\t<div class=\"elementor-element elementor-element-ce3f0fb elementor-widget elementor-widget-text-editor\" data-id=\"ce3f0fb\" data-element_type=\"widget\" data-e-type=\"widget\" data-widget_type=\"text-editor.default\">\n\t\t\t\t<div class=\"elementor-widget-container\">\n\t\t\t\t\t\t\t\t\t<p>CF-WU815N, a\u011f\u0131n\u0131z\u0131 daha g\u00fcvenli hale getirebilecek WPA-PSK\/WPA2-PSK, WPA\/WPA2 ve WEP \u015fifrelemesini destekler.<\/p>\t\t\t\t\t\t\t\t<\/div>\n\t\t\t\t<\/div>\n\t\t\t\t<\/div>\n\t\t<div class=\"elementor-element elementor-element-effad22 e-con-full e-flex lakit-col-width-auto-no e-container e-con e-child\" data-id=\"effad22\" data-element_type=\"container\" data-e-type=\"container\" data-settings=\"{&quot;background_background&quot;:&quot;classic&quot;}\">\n\t\t\t\t<div class=\"elementor-element elementor-element-b1b55c5 elementor-widget elementor-widget-heading\" data-id=\"b1b55c5\" data-element_type=\"widget\" data-e-type=\"widget\" data-widget_type=\"heading.default\">\n\t\t\t\t<div class=\"elementor-widget-container\">\n\t\t\t\t\t<h1 class=\"elementor-heading-title elementor-size-default\">Ne gibi avantajlar sa\u011flayabilir? <br>CF-WU815N i\u00e7in size ne getirdi?<\/h1>\t\t\t\t<\/div>\n\t\t\t\t<\/div>\n\t\t\t\t<\/div>\n\t\t\t\t<\/div>\n\t\t\t\t<\/div>\n\t\t\n    <div class=\"xs_social_share_widget xs_share_url after_content \t\tmain_content  wslu-style-1 wslu-share-box-shaped wslu-fill-colored wslu-none wslu-share-horizontal wslu-theme-font-no wslu-main_content\">\n\n\t\t\n        <ul>\n\t\t\t        <\/ul>\n    <\/div>","protected":false},"excerpt":{"rendered":"<p style=\"text-align: justify;\">CF-WU815N, 150Mbps'ye kadar h\u0131zlara sahip 11n kablosuz teknolojisini kullanarak verimli veri aktar\u0131m\u0131 ve daha ak\u0131c\u0131 ses, video, ak\u0131\u015f ve oyun deneyimi sa\u011flar. IEEE 802.11b\/g\/n standartlar\u0131yla uyumludur ve WiFi, WLAN ve CMCC gibi 2.4GHz kablosuz sinyalleri destekleyerek istikrarl\u0131 performans ve sorunsuz, g\u00fcvenilir bir kullan\u0131c\u0131 deneyimi sunar.<\/p>\n<ul>\n<li data-start=\"90\" data-end=\"155\">\n<p style=\"text-align: left;\">Bozuk para boyutunda ultra mini tasar\u0131m, tak ve \u00e7al\u0131\u015ft\u0131r, ta\u015f\u0131mas\u0131 kolay<\/p>\n<\/li>\n<li style=\"text-align: left;\" data-start=\"158\" data-end=\"236\">\n<p>Paslanmaya kar\u015f\u0131 diren\u00e7 ve daha fazla dayan\u0131kl\u0131l\u0131k i\u00e7in nikel kaplama USB konekt\u00f6r\u00fc<\/p>\n<\/li>\n<li style=\"text-align: left;\" data-start=\"239\" data-end=\"309\">\n<p>Ergonomik kaymaz tasar\u0131ma sahip birinci s\u0131n\u0131f ithal ABS g\u00f6vde<\/p>\n<\/li>\n<li style=\"text-align: left;\" data-start=\"312\" data-end=\"376\">\n<p>\u0130stikrarl\u0131 performans i\u00e7in Realtek yonga seti \u00e7\u00f6z\u00fcm\u00fc<\/p>\n<\/li>\n<li style=\"text-align: left;\" data-start=\"379\" data-end=\"422\">\n<p>150 Mbps kablosuz iletim h\u0131z\u0131<\/p>\n<\/li>\n<li style=\"text-align: left;\" data-start=\"425\" data-end=\"476\">\n<p>Dahili ak\u0131ll\u0131 donan\u0131m anten sistemi<\/p>\n<\/li>\n<li style=\"text-align: left;\" data-start=\"479\" data-end=\"586\">\n<p>IEEE 802.11 b\/g\/n kablosuz standartlar\u0131 ile uyumlu<\/p>\n<\/li>\n<li style=\"text-align: left;\" data-start=\"589\" data-end=\"638\">\n<p>\u00c7evre dostu, d\u00fc\u015f\u00fck g\u00fc\u00e7 t\u00fcketimli tasar\u0131m<\/p>\n<\/li>\n<li data-start=\"641\" data-end=\"695\">\n<p style=\"text-align: left;\">H\u0131zl\u0131 ve kolay kurulum i\u00e7in s\u00fcr\u00fcc\u00fcs\u00fcz kurulum<\/p>\n<\/li>\n<\/ul>","protected":false},"featured_media":22280,"template":"","meta":{"_acf_changed":false,"postBodyCss":"","postBodyMargin":[],"postBodyPadding":[],"postBodyBackground":{"backgroundType":"classic","gradient":""},"_links_to":"","_links_to_target":""},"product_brand":[],"product_cat":[215,218],"product_tag":[669],"class_list":{"0":"post-18630","1":"product","2":"type-product","3":"status-publish","4":"has-post-thumbnail","6":"product_cat-wireless-adapter","7":"product_cat-usb-adapter","8":"product_tag-cf-wu815n","10":"first","11":"instock","12":"shipping-taxable","13":"product-type-simple"},"acf":[],"_links":{"self":[{"href":"https:\/\/www.encomfast.com\/tr\/wp-json\/wp\/v2\/product\/18630","targetHints":{"allow":["GET"]}}],"collection":[{"href":"https:\/\/www.encomfast.com\/tr\/wp-json\/wp\/v2\/product"}],"about":[{"href":"https:\/\/www.encomfast.com\/tr\/wp-json\/wp\/v2\/types\/product"}],"version-history":[{"count":0,"href":"https:\/\/www.encomfast.com\/tr\/wp-json\/wp\/v2\/product\/18630\/revisions"}],"wp:featuredmedia":[{"embeddable":true,"href":"https:\/\/www.encomfast.com\/tr\/wp-json\/wp\/v2\/media\/22280"}],"wp:attachment":[{"href":"https:\/\/www.encomfast.com\/tr\/wp-json\/wp\/v2\/media?parent=18630"}],"wp:term":[{"taxonomy":"product_brand","embeddable":true,"href":"https:\/\/www.encomfast.com\/tr\/wp-json\/wp\/v2\/product_brand?post=18630"},{"taxonomy":"product_cat","embeddable":true,"href":"https:\/\/www.encomfast.com\/tr\/wp-json\/wp\/v2\/product_cat?post=18630"},{"taxonomy":"product_tag","embeddable":true,"href":"https:\/\/www.encomfast.com\/tr\/wp-json\/wp\/v2\/product_tag?post=18630"}],"curies":[{"name":"wp","href":"https:\/\/api.w.org\/{rel}","templated":true}]}}