{"id":21219,"date":"2025-11-30T06:34:11","date_gmt":"2025-11-30T06:34:11","guid":{"rendered":"https:\/\/www.encomfast.com\/?post_type=product&#038;p=21219"},"modified":"2025-12-16T09:48:37","modified_gmt":"2025-12-16T09:48:37","slug":"wifi6-2700mbps-wireless-repeater","status":"publish","type":"product","link":"https:\/\/www.encomfast.com\/tr\/urun\/wifi6-2700mbps-wireless-repeater\/","title":{"rendered":"WiFi6 2700Mbps Kablosuz Tekrarlay\u0131c\u0131"},"content":{"rendered":"<div data-elementor-type=\"product-post\" data-elementor-id=\"21219\" class=\"elementor elementor-21219\" data-elementor-post-type=\"product\">\n\t\t\t\t<div class=\"elementor-element elementor-element-f59f230 e-flex e-con-boxed lakit-col-width-auto-no e-container e-root-container elementor-top-section e-con e-parent\" data-id=\"f59f230\" data-element_type=\"container\" data-e-type=\"container\">\n\t\t\t\t\t<div class=\"e-con-inner\">\n\t\t\t\t\t<\/div>\n\t\t\t\t<\/div>\n\t\t<div class=\"elementor-element elementor-element-41a95612 e-con-full elementor-hidden-mobile e-flex lakit-col-width-auto-no e-container e-root-container elementor-top-section e-con e-parent\" data-id=\"41a95612\" data-element_type=\"container\" data-e-type=\"container\">\n\t\t<div class=\"elementor-element elementor-element-5bac89c7 e-con-full e-flex lakit-col-width-auto-no e-container e-con e-child\" data-id=\"5bac89c7\" data-element_type=\"container\" data-e-type=\"container\" data-settings=\"{&quot;background_background&quot;:&quot;classic&quot;}\">\n\t\t\t\t<\/div>\n\t\t<div class=\"elementor-element elementor-element-7949a311 e-con-full e-flex lakit-col-width-auto-no e-container e-con e-child\" data-id=\"7949a311\" data-element_type=\"container\" data-e-type=\"container\" data-settings=\"{&quot;background_background&quot;:&quot;classic&quot;}\">\n\t\t\t\t<div class=\"elementor-element elementor-element-3f6555b0 elementor-widget elementor-widget-heading\" data-id=\"3f6555b0\" data-element_type=\"widget\" data-e-type=\"widget\" data-widget_type=\"heading.default\">\n\t\t\t\t<div class=\"elementor-widget-container\">\n\t\t\t\t\t<h1 class=\"elementor-heading-title elementor-size-default\">Geni\u015fleme i\u00e7in \u00f6zel olarak tasarlanm\u0131\u015ft\u0131r<br>\nKablosuz kapsama alan\u0131 i\u00e7in tasarland\u0131<\/h1>\t\t\t\t<\/div>\n\t\t\t\t<\/div>\n\t\t\t\t<div class=\"elementor-element elementor-element-ca7616d elementor-widget elementor-widget-text-editor\" data-id=\"ca7616d\" data-element_type=\"widget\" data-e-type=\"widget\" data-widget_type=\"text-editor.default\">\n\t\t\t\t<div class=\"elementor-widget-container\">\n\t\t\t\t\t\t\t\t\t<p>Y\u00f6nlendirici kapsama alan\u0131ndaki bo\u015flu\u011fu doldurun ve t\u00fcm ev sinyalini kolayca doldurun<\/p>\t\t\t\t\t\t\t\t<\/div>\n\t\t\t\t<\/div>\n\t\t\t\t<\/div>\n\t\t<div class=\"elementor-element elementor-element-1ac8092a e-con-full e-flex lakit-col-width-auto-no e-container e-con e-child\" data-id=\"1ac8092a\" data-element_type=\"container\" data-e-type=\"container\" data-settings=\"{&quot;background_background&quot;:&quot;classic&quot;}\">\n\t\t\t\t<div class=\"elementor-element elementor-element-15c9e2c2 elementor-widget elementor-widget-heading\" data-id=\"15c9e2c2\" data-element_type=\"widget\" data-e-type=\"widget\" data-widget_type=\"heading.default\">\n\t\t\t\t<div class=\"elementor-widget-container\">\n\t\t\t\t\t<h1 class=\"elementor-heading-title elementor-size-default\">G\u00fc\u00e7l\u00fc genle\u015fme mukavemeti<br>\nT\u00fcm mekan\u0131n tam manzaras\u0131n\u0131n keyfini \u00e7\u0131kar\u0131n<\/h1>\t\t\t\t<\/div>\n\t\t\t\t<\/div>\n\t\t\t\t<div class=\"elementor-element elementor-element-9e3b898 elementor-widget elementor-widget-text-editor\" data-id=\"9e3b898\" data-element_type=\"widget\" data-e-type=\"widget\" data-widget_type=\"text-editor.default\">\n\t\t\t\t<div class=\"elementor-widget-container\">\n\t\t\t\t\t\t\t\t\t<p>CF-XR187, h\u0131zla geni\u015flemek i\u00e7in ev WiFi 6 y\u00f6nlendiricisi ile i\u015fbirli\u011fi yapar\u00a0<\/p>\n<p>kablosuz sinyaller \uff0c Tek bir kablosuz sinyalin\u00a0<\/p>\n<p>y\u00f6nlendiricinin t\u00fcm evi kapsamas\u0131 zordur<\/p>\t\t\t\t\t\t\t\t<\/div>\n\t\t\t\t<\/div>\n\t\t\t\t<\/div>\n\t\t<div class=\"elementor-element elementor-element-7de2e53d e-con-full e-flex lakit-col-width-auto-no e-container e-con e-child\" data-id=\"7de2e53d\" data-element_type=\"container\" data-e-type=\"container\" data-settings=\"{&quot;background_background&quot;:&quot;classic&quot;}\">\n\t\t\t\t<div class=\"elementor-element elementor-element-7b03a0be elementor-widget elementor-widget-heading\" data-id=\"7b03a0be\" data-element_type=\"widget\" data-e-type=\"widget\" data-widget_type=\"heading.default\">\n\t\t\t\t<div class=\"elementor-widget-container\">\n\t\t\t\t\t<h1 class=\"elementor-heading-title elementor-size-default\">\u00d6nc\u00fc u\u00e7 WiFi 6 <br>\nperformans tam olarak kullan\u0131l\u0131r<\/h1>\t\t\t\t<\/div>\n\t\t\t\t<\/div>\n\t\t\t\t<div class=\"elementor-element elementor-element-23109ca elementor-widget elementor-widget-text-editor\" data-id=\"23109ca\" data-element_type=\"widget\" data-e-type=\"widget\" data-widget_type=\"text-editor.default\">\n\t\t\t\t<div class=\"elementor-widget-container\">\n\t\t\t\t\t\t\t\t\t<p>Son teknoloji WiFi6 protokol\u00fc ile donat\u0131lm\u0131\u015ft\u0131r ve WiFi6 y\u00f6nlendiricilerle son derece uyumludur,\u00a0<\/p>\n<p>Temel teknolojinin y\u00fckseltilmesi g\u00fc\u00e7l\u00fc bir geni\u015fleme ivmesi ortaya \u00e7\u0131karmaktad\u0131r.\u00a0<\/p>\n<p>Sadece sinyal penetrasyon kapasitesine ula\u015fmakla kalmaz \uff0c Leapfrog iyile\u015ftirmesi,\u00a0<\/p>\n<p>d\u00fc\u015f\u00fck gecikme s\u00fcresi ve parazit \u00f6nleyici iletim \u00f6zelliklerine g\u00fcvenerek her seferinde \uff0c<\/p>\n<p>Ba\u011flant\u0131lar bir kaya kadar sa\u011flamd\u0131r, sinyal k\u00f6r noktalar\u0131na tamamen veda eder<\/p>\t\t\t\t\t\t\t\t<\/div>\n\t\t\t\t<\/div>\n\t\t\t\t<\/div>\n\t\t<div class=\"elementor-element elementor-element-2bb20c82 e-con-full e-flex lakit-col-width-auto-no e-container e-con e-child\" data-id=\"2bb20c82\" data-element_type=\"container\" data-e-type=\"container\" data-settings=\"{&quot;background_background&quot;:&quot;classic&quot;}\">\n\t\t\t\t<div class=\"elementor-element elementor-element-53f79654 elementor-widget elementor-widget-heading\" data-id=\"53f79654\" data-element_type=\"widget\" data-e-type=\"widget\" data-widget_type=\"heading.default\">\n\t\t\t\t<div class=\"elementor-widget-container\">\n\t\t\t\t\t<h1 class=\"elementor-heading-title elementor-size-default\">\u00c7ift bant senkronizasyon 2700Mbps<br>\nSonsuz y\u00fcksek h\u0131zl\u0131 geni\u015fleme<\/h1>\t\t\t\t<\/div>\n\t\t\t\t<\/div>\n\t\t\t\t<div class=\"elementor-element elementor-element-76b5af42 elementor-widget elementor-widget-text-editor\" data-id=\"76b5af42\" data-element_type=\"widget\" data-e-type=\"widget\" data-widget_type=\"text-editor.default\">\n\t\t\t\t<div class=\"elementor-widget-container\">\n\t\t\t\t\t\t\t\t\t<p>Son teknoloji WiFi6 protokol\u00fc ile donat\u0131lm\u0131\u015ft\u0131r, WiFi6 y\u00f6nlendiricilerle derinlemesine uyumludur \uff0c\u00a0<\/p>\n<p>Temel teknolojinin y\u00fckseltilmesi g\u00fc\u00e7l\u00fc bir geni\u015fleme ivmesi ortaya \u00e7\u0131karmaktad\u0131r.\u00a0<\/p>\n<p>Sadece sinyal penetrasyon kabiliyetine ula\u015fmakla kalmaz \uff0c<\/p>\n<p>Her seferinde d\u00fc\u015f\u00fck gecikme s\u00fcresi ve parazit \u00f6nleyici iletim \u00f6zelliklerine dayanan birdirbir iyile\u015ftirmesi \uff0c<\/p>\n<p>Ba\u011flant\u0131lar bir kaya kadar sa\u011flam ve sinyal k\u00f6r noktalar\u0131na tamamen veda ediyor.<\/p>\t\t\t\t\t\t\t\t<\/div>\n\t\t\t\t<\/div>\n\t\t\t\t<\/div>\n\t\t<div class=\"elementor-element elementor-element-33c9aa5b e-con-full e-flex lakit-col-width-auto-no e-container e-con e-child\" data-id=\"33c9aa5b\" data-element_type=\"container\" data-e-type=\"container\" data-settings=\"{&quot;background_background&quot;:&quot;classic&quot;}\">\n\t\t\t\t<div class=\"elementor-element elementor-element-b68db42 elementor-widget elementor-widget-heading\" data-id=\"b68db42\" data-element_type=\"widget\" data-e-type=\"widget\" data-widget_type=\"heading.default\">\n\t\t\t\t<div class=\"elementor-widget-container\">\n\t\t\t\t\t<h1 class=\"elementor-heading-title elementor-size-default\">160MHz y\u00fcksek bant geni\u015fli\u011fi<br>\nY\u00fckseltme Deneyimi<\/h1>\t\t\t\t<\/div>\n\t\t\t\t<\/div>\n\t\t\t\t<div class=\"elementor-element elementor-element-d141b9d elementor-widget elementor-widget-text-editor\" data-id=\"d141b9d\" data-element_type=\"widget\" data-e-type=\"widget\" data-widget_type=\"text-editor.default\">\n\t\t\t\t<div class=\"elementor-widget-container\">\n\t\t\t\t\t\t\t\t\t<p>WiFi5'in 80MHz bant geni\u015fli\u011fini do\u011frudan ikiye katlayarak 160MHz'lik geni\u015f bir bant geni\u015fli\u011fini destekler,<\/p>\n<p>Daha geni\u015f bir sinyal kanal\u0131, geni\u015f bant performans\u0131n\u0131 verimli bir \u015fekilde aktar\u0131r ve serbest b\u0131rak\u0131r<\/p>\n<p>Sinyal geni\u015flemesini daha g\u00fc\u00e7l\u00fc ve a\u011f\u0131 daha harika hale getirin<\/p>\t\t\t\t\t\t\t\t<\/div>\n\t\t\t\t<\/div>\n\t\t\t\t<\/div>\n\t\t<div class=\"elementor-element elementor-element-1830ce98 e-con-full e-flex lakit-col-width-auto-no e-container e-con e-child\" data-id=\"1830ce98\" data-element_type=\"container\" data-e-type=\"container\" data-settings=\"{&quot;background_background&quot;:&quot;classic&quot;}\">\n\t\t\t\t<div class=\"elementor-element elementor-element-cef837a elementor-widget elementor-widget-heading\" data-id=\"cef837a\" data-element_type=\"widget\" data-e-type=\"widget\" data-widget_type=\"heading.default\">\n\t\t\t\t<div class=\"elementor-widget-container\">\n\t\t\t\t\t<h1 class=\"elementor-heading-title elementor-size-default\">\u00dc\u00e7 adet RTL y\u00fcksek performansl\u0131 \u00e7ip<br>\nBa\u011flant\u0131 kesilmeden kararl\u0131 \u00e7al\u0131\u015fma<\/h1>\t\t\t\t<\/div>\n\t\t\t\t<\/div>\n\t\t\t\t<div class=\"elementor-element elementor-element-14efdf40 elementor-widget elementor-widget-text-editor\" data-id=\"14efdf40\" data-element_type=\"widget\" data-e-type=\"widget\" data-widget_type=\"text-editor.default\">\n\t\t\t\t<div class=\"elementor-widget-container\">\n\t\t\t\t\t\t\t\t\t<p>Y\u00fcksek performansl\u0131 RTL \u00fc\u00e7 \u00e7ekirdekli \u00e7\u00f6z\u00fcm, veri i\u015fleme kapasitesini ve iletim verimlili\u011fini \u00f6nemli \u00f6l\u00e7\u00fcde art\u0131r\u0131r \uff0c<\/p>\n<p>Cihaz daha d\u00fc\u015f\u00fck g\u00fc\u00e7 t\u00fcketimi ile daha istikrarl\u0131 bir \u015fekilde \u00e7al\u0131\u015farak \u00e7ipin g\u00fc\u00e7l\u00fc yeteneklerini sergiliyor,Escort sinyal geni\u015fletme<\/p>\t\t\t\t\t\t\t\t<\/div>\n\t\t\t\t<\/div>\n\t\t\t\t<\/div>\n\t\t<div class=\"elementor-element elementor-element-2bde2b98 e-con-full e-flex lakit-col-width-auto-no e-container e-con e-child\" data-id=\"2bde2b98\" data-element_type=\"container\" data-e-type=\"container\" data-settings=\"{&quot;background_background&quot;:&quot;classic&quot;}\">\n\t\t\t\t<div class=\"elementor-element elementor-element-35a815f3 elementor-widget elementor-widget-heading\" data-id=\"35a815f3\" data-element_type=\"widget\" data-e-type=\"widget\" data-widget_type=\"heading.default\">\n\t\t\t\t<div class=\"elementor-widget-container\">\n\t\t\t\t\t<h1 class=\"elementor-heading-title elementor-size-default\">Hardcore d\u00f6rtl\u00fc anten<br>\nK\u00f6r noktalar olmadan sinyal kapsama alan\u0131<\/h1>\t\t\t\t<\/div>\n\t\t\t\t<\/div>\n\t\t\t\t<div class=\"elementor-element elementor-element-24b86813 elementor-widget elementor-widget-text-editor\" data-id=\"24b86813\" data-element_type=\"widget\" data-e-type=\"widget\" data-widget_type=\"text-editor.default\">\n\t\t\t\t<div class=\"elementor-widget-container\">\n\t\t\t\t\t\t\t\t\t<p>D\u00f6rt adet 5dBi y\u00fcksek kazan\u00e7l\u0131 anten ile donat\u0131lm\u0131\u015ft\u0131r ve yenilik\u00e7i y\u00fcksek kaliteli PCB malzemeden yap\u0131lm\u0131\u015ft\u0131r \uff0c<\/p>\n<p>Bilimsel anten d\u00fczeni ve ayarlanabilir a\u00e7\u0131, sinyal iletimini ve al\u0131m hassasiyetini art\u0131r\u0131r,\u00a0<\/p>\n<p>Zay\u0131f sinyal alanlar\u0131nda bile net al\u0131m ve istikrarl\u0131 iletim sa\u011flar<\/p>\t\t\t\t\t\t\t\t<\/div>\n\t\t\t\t<\/div>\n\t\t\t\t<\/div>\n\t\t<div class=\"elementor-element elementor-element-7474e43b e-con-full e-flex lakit-col-width-auto-no e-container e-con e-child\" data-id=\"7474e43b\" data-element_type=\"container\" data-e-type=\"container\" data-settings=\"{&quot;background_background&quot;:&quot;classic&quot;}\">\n\t\t\t\t<div class=\"elementor-element elementor-element-7e9d0aa2 elementor-widget elementor-widget-heading\" data-id=\"7e9d0aa2\" data-element_type=\"widget\" data-e-type=\"widget\" data-widget_type=\"heading.default\">\n\t\t\t\t<div class=\"elementor-widget-container\">\n\t\t\t\t\t<h1 class=\"elementor-heading-title elementor-size-default\">MU-MIMO+OFDMA<br>\nBirden fazla cihaz \u00fczerinden e\u015fzamanl\u0131 iletim<br>\nE\u011flence ve ofis birbirine kar\u0131\u015fmamal\u0131<\/h1>\t\t\t\t<\/div>\n\t\t\t\t<\/div>\n\t\t\t\t<div class=\"elementor-element elementor-element-32d3a96b elementor-widget elementor-widget-text-editor\" data-id=\"32d3a96b\" data-element_type=\"widget\" data-e-type=\"widget\" data-widget_type=\"text-editor.default\">\n\t\t\t\t<div class=\"elementor-widget-container\">\n\t\t\t\t\t\t\t\t\t<p>MU-MIMO ve OFDMA teknolojisinin g\u00fc\u00e7l\u00fc kombinasyonu tek bir iletimde tamamlanabilir \uff0c<\/p>\n<p>Birden fazla cihazdan veri g\u00f6ndermek, iletim verimlili\u011fini \u00f6nemli \u00f6l\u00e7\u00fcde art\u0131r\u0131r ve a\u011f t\u0131kan\u0131kl\u0131\u011f\u0131n\u0131 etkili bir \u015fekilde azalt\u0131r \uff0c<\/p>\n<p>A\u011f gecikmesi, parazit olmadan \u00e7ok kullan\u0131c\u0131l\u0131 paralel kullan\u0131m\u0131 ger\u00e7ekten m\u00fcmk\u00fcn k\u0131lar ve her cihaz\u0131n ba\u011f\u0131ms\u0131z olarak \u00e7al\u0131\u015fmas\u0131na izin verir \uff0c<\/p>\n<p>Herkes sorunsuz ve kesintisiz internet ba\u011flant\u0131s\u0131n\u0131n keyfini \u00e7\u0131karabilir<\/p>\t\t\t\t\t\t\t\t<\/div>\n\t\t\t\t<\/div>\n\t\t\t\t<\/div>\n\t\t<div class=\"elementor-element elementor-element-6ef3f8f6 e-con-full e-flex lakit-col-width-auto-no e-container e-con e-child\" data-id=\"6ef3f8f6\" data-element_type=\"container\" data-e-type=\"container\" data-settings=\"{&quot;background_background&quot;:&quot;classic&quot;}\">\n\t\t\t\t<div class=\"elementor-element elementor-element-21750056 elementor-widget elementor-widget-heading\" data-id=\"21750056\" data-element_type=\"widget\" data-e-type=\"widget\" data-widget_type=\"heading.default\">\n\t\t\t\t<div class=\"elementor-widget-container\">\n\t\t\t\t\t<h1 class=\"elementor-heading-title elementor-size-default\">Gigabit ba\u011flant\u0131 noktas\u0131 deste\u011fi<br>\nY\u00fcksek h\u0131zl\u0131 bir a\u011f\u0131n keyfini \u00e7\u0131kar\u0131n<\/h1>\t\t\t\t<\/div>\n\t\t\t\t<\/div>\n\t\t\t\t<div class=\"elementor-element elementor-element-5fc5c7af elementor-widget elementor-widget-text-editor\" data-id=\"5fc5c7af\" data-element_type=\"widget\" data-e-type=\"widget\" data-widget_type=\"text-editor.default\">\n\t\t\t\t<div class=\"elementor-widget-container\">\n\t\t\t\t\t\t\t\t\t<p>Geni\u015f bant y\u00fckseltmelerinin y\u00fcksek h\u0131z ihtiya\u00e7lar\u0131n\u0131 kolayca kar\u015f\u0131layan gigabit ba\u011flant\u0131 noktalar\u0131 ile donat\u0131lm\u0131\u015ft\u0131r \uff0c<\/p>\n<p>Hem kablosuz hem de kablolu ba\u011flant\u0131 y\u00f6ntemlerini destekleyerek WiFi geni\u015fletmeyi daha kolay hale getirir<\/p>\t\t\t\t\t\t\t\t<\/div>\n\t\t\t\t<\/div>\n\t\t\t\t<\/div>\n\t\t<div class=\"elementor-element elementor-element-2807bd31 e-con-full e-flex lakit-col-width-auto-no e-container e-con e-child\" data-id=\"2807bd31\" data-element_type=\"container\" data-e-type=\"container\" data-settings=\"{&quot;background_background&quot;:&quot;classic&quot;}\">\n\t\t\t\t<div class=\"elementor-element elementor-element-18cbc6f4 elementor-widget elementor-widget-heading\" data-id=\"18cbc6f4\" data-element_type=\"widget\" data-e-type=\"widget\" data-widget_type=\"heading.default\">\n\t\t\t\t<div class=\"elementor-widget-container\">\n\t\t\t\t\t<h1 class=\"elementor-heading-title elementor-size-default\">Tak ve \u00e7al\u0131\u015ft\u0131r bellek aktar\u0131m\u0131<\/h1>\t\t\t\t<\/div>\n\t\t\t\t<\/div>\n\t\t\t\t<div class=\"elementor-element elementor-element-39fe072b elementor-widget elementor-widget-text-editor\" data-id=\"39fe072b\" data-element_type=\"widget\" data-e-type=\"widget\" data-widget_type=\"text-editor.default\">\n\t\t\t\t<div class=\"elementor-widget-container\">\n\t\t\t\t\t\t\t\t\t<p>Ek bir g\u00fc\u00e7 adapt\u00f6r\u00fcne gerek yoktur, priz oldu\u011fu s\u00fcrece kolayca etkinle\u015ftirilebilir,\u00a0<\/p>\n<p>Dahili g\u00fc\u00e7l\u00fc haf\u0131za fonksiyonu, kullan\u0131m alan\u0131n\u0131 de\u011fi\u015ftirirken a\u011f yap\u0131land\u0131rmas\u0131n\u0131 otomatik olarak kaydeder,\u00a0<\/p>\n<p>tak ve \u00e7al\u0131\u015ft\u0131r ba\u011flant\u0131 tekrarlanan ayarlar gerektirmez<\/p>\t\t\t\t\t\t\t\t<\/div>\n\t\t\t\t<\/div>\n\t\t\t\t<\/div>\n\t\t<div class=\"elementor-element elementor-element-c0c9bf9 e-con-full e-flex lakit-col-width-auto-no e-container e-con e-child\" data-id=\"c0c9bf9\" data-element_type=\"container\" data-e-type=\"container\" data-settings=\"{&quot;background_background&quot;:&quot;classic&quot;}\">\n\t\t\t\t<div class=\"elementor-element elementor-element-7ed8e3e elementor-widget elementor-widget-heading\" data-id=\"7ed8e3e\" data-element_type=\"widget\" data-e-type=\"widget\" data-widget_type=\"heading.default\">\n\t\t\t\t<div class=\"elementor-widget-container\">\n\t\t\t\t\t<h1 class=\"elementor-heading-title elementor-size-default\">\u00c7oklu modlar ge\u00e7erlidir <br>\nbir\u00e7ok sahne i\u00e7in<\/h1>\t\t\t\t<\/div>\n\t\t\t\t<\/div>\n\t\t\t\t<\/div>\n\t\t<div class=\"elementor-element elementor-element-d9ee11f e-con-full e-flex lakit-col-width-auto-no e-container e-con e-child\" data-id=\"d9ee11f\" data-element_type=\"container\" data-e-type=\"container\" data-settings=\"{&quot;background_background&quot;:&quot;classic&quot;}\">\n\t\t\t\t<\/div>\n\t\t<div class=\"elementor-element elementor-element-c25614b e-con-full e-flex lakit-col-width-auto-no e-container e-con e-child\" data-id=\"c25614b\" data-element_type=\"container\" data-e-type=\"container\" data-settings=\"{&quot;background_background&quot;:&quot;classic&quot;}\">\n\t\t\t\t<div class=\"elementor-element elementor-element-db5def9 elementor-widget elementor-widget-heading\" data-id=\"db5def9\" data-element_type=\"widget\" data-e-type=\"widget\" data-widget_type=\"heading.default\">\n\t\t\t\t<div class=\"elementor-widget-container\">\n\t\t\t\t\t<h1 class=\"elementor-heading-title elementor-size-default\">Verimli \u0131s\u0131 da\u011f\u0131t\u0131m\u0131 tasar\u0131m\u0131<br>\nA\u011f geni\u015flemesi daha istikrarl\u0131d\u0131r<\/h1>\t\t\t\t<\/div>\n\t\t\t\t<\/div>\n\t\t\t\t<div class=\"elementor-element elementor-element-7499dad elementor-widget elementor-widget-text-editor\" data-id=\"7499dad\" data-element_type=\"widget\" data-e-type=\"widget\" data-widget_type=\"text-editor.default\">\n\t\t\t\t<div class=\"elementor-widget-container\">\n\t\t\t\t\t\t\t\t\t<p>G\u00f6vde \u00fczerindeki \u0131s\u0131 da\u011f\u0131tma deliklerinin hassas bir \u015fekilde d\u00fczenlenmesi, bilimsel olarak verimli bir\u00a0<\/p>\n<p>hava ak\u0131\u015f\u0131 sirk\u00fclasyon kanal\u0131, zay\u0131f \u0131s\u0131 da\u011f\u0131l\u0131m\u0131n\u0131n neden oldu\u011fu cihaz gecikmesini etkili bir \u015fekilde \u00f6nler,\u00a0<\/p>\n<p>A\u011f geni\u015flemesi her zaman istikrarl\u0131 ve sorunsuz kal\u0131r<\/p>\t\t\t\t\t\t\t\t<\/div>\n\t\t\t\t<\/div>\n\t\t\t\t<\/div>\n\t\t<div class=\"elementor-element elementor-element-66dc2cd e-con-full e-flex lakit-col-width-auto-no e-container e-con e-child\" data-id=\"66dc2cd\" data-element_type=\"container\" data-e-type=\"container\" data-settings=\"{&quot;background_background&quot;:&quot;classic&quot;}\">\n\t\t\t\t<div class=\"elementor-element elementor-element-b0e46aa elementor-widget elementor-widget-heading\" data-id=\"b0e46aa\" data-element_type=\"widget\" data-e-type=\"widget\" data-widget_type=\"heading.default\">\n\t\t\t\t<div class=\"elementor-widget-container\">\n\t\t\t\t\t<h1 class=\"elementor-heading-title elementor-size-default\">Endi\u015fe ile g\u00fcvenli \u015fifreleme <br>\n\u00fccretsiz internet kullan\u0131m\u0131<\/h1>\t\t\t\t<\/div>\n\t\t\t\t<\/div>\n\t\t\t\t<div class=\"elementor-element elementor-element-fb8be85 elementor-widget elementor-widget-text-editor\" data-id=\"fb8be85\" data-element_type=\"widget\" data-e-type=\"widget\" data-widget_type=\"text-editor.default\">\n\t\t\t\t<div class=\"elementor-widget-container\">\n\t\t\t\t\t\t\t\t\t<p>Geli\u015fmi\u015f WPA3 \u015fifreleme protokol\u00fc ile donat\u0131lm\u0131\u015f, \u00e7oklu g\u00fcvenlik koruma bariyerleri olu\u015fturun,\u00a0<\/p>\n<p>Veri iletiminden cihaz eri\u015fimine kadar katman katman \u015fifreleme, a\u011f sald\u0131r\u0131lar\u0131na etkili bir \u015fekilde direnme \u0130zinsiz Giri\u015f\u00a0<\/p>\n<p>ve Bilgi S\u0131z\u0131nt\u0131s\u0131 Riskleri<\/p>\t\t\t\t\t\t\t\t<\/div>\n\t\t\t\t<\/div>\n\t\t\t\t<\/div>\n\t\t\t\t<\/div>\n\t\t\t\t<\/div>\n\t\t\n    <div class=\"xs_social_share_widget xs_share_url after_content \t\tmain_content  wslu-style-1 wslu-share-box-shaped wslu-fill-colored wslu-none wslu-share-horizontal wslu-theme-font-no wslu-main_content\">\n\n\t\t\n        <ul>\n\t\t\t        <\/ul>\n    <\/div>","protected":false},"excerpt":{"rendered":"<p style=\"text-align: justify;\">CF-XR187, y\u00f6nlendiricinizle sorunsuz bir \u015fekilde e\u015fle\u015fecek \u015fekilde tasarlanm\u0131\u015f bir WiFi6 kablosuz geni\u015fleticidir ve 2700Mbps'ye kadar geni\u015fletilmi\u015f h\u0131zlar sunar. D\u00f6rt adet y\u00fcksek kazan\u00e7l\u0131 d\u00f6nd\u00fcr\u00fclebilir anteni ve Gigabit Ethernet ba\u011flant\u0131 noktas\u0131, duvar penetrasyonunu ve ba\u011flant\u0131 esnekli\u011fini art\u0131rarak villalar gibi b\u00fcy\u00fck evlerdeki \u00f6l\u00fc b\u00f6lgeleri etkili bir \u015fekilde ortadan kald\u0131r\u0131r. Kolay kurulum ve \u00e7oklu ak\u0131ll\u0131 \u00e7al\u0131\u015fma modlar\u0131 ile kesintisiz, y\u00fcksek h\u0131zl\u0131 t\u00fcm ev kapsama alan\u0131 elde etmek i\u00e7in g\u00fcvenilir bir se\u00e7imdir.<\/p>\n<ul>\n<li style=\"text-align: left;\">\n<p>Saf beyaz kare g\u00f6vde her t\u00fcrl\u00fc ev ortam\u0131na uyum sa\u011flar<\/p>\n<\/li>\n<li style=\"text-align: left;\">\n<p>Esnek geni\u015fletme i\u00e7in alt Gigabit Ethernet ba\u011flant\u0131 noktas\u0131<\/p>\n<\/li>\n<li style=\"text-align: left;\">\n<p>Optimum sinyal i\u00e7in d\u00f6rt adet y\u00fcksek kazan\u00e7l\u0131 d\u00f6nd\u00fcr\u00fclebilir anten<\/p>\n<\/li>\n<li style=\"text-align: left;\">\n<p>Kaliteli ithal ABS malzeme, sa\u011flam ve \u0131s\u0131ya dayan\u0131kl\u0131<\/p>\n<\/li>\n<li style=\"text-align: left;\">\n<p>Verimli so\u011futma tasar\u0131m\u0131 istikrarl\u0131 ve uzun s\u00fcreli \u00e7al\u0131\u015fma sa\u011flar<\/p>\n<\/li>\n<li style=\"text-align: left;\">\n<p>Kolay ger\u00e7ek zamanl\u0131 izleme i\u00e7in net durum g\u00f6sterge \u0131\u015f\u0131klar\u0131<\/p>\n<\/li>\n<li style=\"text-align: left;\">\n<p>\u0130stikrarl\u0131 ba\u011flant\u0131 i\u00e7in yeni nesil WiFi6 \u00e7ift bant teknolojisi<\/p>\n<\/li>\n<li style=\"text-align: left;\">\n<p>2700Mbps'ye kadar geni\u015fletilmi\u015f kablosuz h\u0131zlar\u0131 sunar<\/p>\n<\/li>\n<li style=\"text-align: left;\">\n<p>\u00dc\u00e7 ak\u0131ll\u0131 modu destekler: Tekrarlay\u0131c\u0131, Y\u00f6nlendirici ve AP<\/p>\n<\/li>\n<\/ul>","protected":false},"featured_media":21270,"template":"","meta":{"_acf_changed":false,"postBodyCss":"","postBodyMargin":[],"postBodyPadding":[],"postBodyBackground":{"backgroundType":"classic","gradient":""},"_links_to":"","_links_to_target":""},"product_brand":[],"product_cat":[172,213],"product_tag":[702],"class_list":{"0":"post-21219","1":"product","2":"type-product","3":"status-publish","4":"has-post-thumbnail","6":"product_cat-wireless-repeater","7":"product_cat-pwr-repeater","8":"product_tag-cf-xr187","10":"first","11":"instock","12":"shipping-taxable","13":"product-type-simple"},"acf":[],"_links":{"self":[{"href":"https:\/\/www.encomfast.com\/tr\/wp-json\/wp\/v2\/product\/21219","targetHints":{"allow":["GET"]}}],"collection":[{"href":"https:\/\/www.encomfast.com\/tr\/wp-json\/wp\/v2\/product"}],"about":[{"href":"https:\/\/www.encomfast.com\/tr\/wp-json\/wp\/v2\/types\/product"}],"version-history":[{"count":0,"href":"https:\/\/www.encomfast.com\/tr\/wp-json\/wp\/v2\/product\/21219\/revisions"}],"wp:featuredmedia":[{"embeddable":true,"href":"https:\/\/www.encomfast.com\/tr\/wp-json\/wp\/v2\/media\/21270"}],"wp:attachment":[{"href":"https:\/\/www.encomfast.com\/tr\/wp-json\/wp\/v2\/media?parent=21219"}],"wp:term":[{"taxonomy":"product_brand","embeddable":true,"href":"https:\/\/www.encomfast.com\/tr\/wp-json\/wp\/v2\/product_brand?post=21219"},{"taxonomy":"product_cat","embeddable":true,"href":"https:\/\/www.encomfast.com\/tr\/wp-json\/wp\/v2\/product_cat?post=21219"},{"taxonomy":"product_tag","embeddable":true,"href":"https:\/\/www.encomfast.com\/tr\/wp-json\/wp\/v2\/product_tag?post=21219"}],"curies":[{"name":"wp","href":"https:\/\/api.w.org\/{rel}","templated":true}]}}